{"id":2,"date":"2010-12-15T16:10:21","date_gmt":"2010-12-15T16:10:21","guid":{"rendered":"http:\/\/blog.radiofabrik.at\/hosisalzburg\/?page_id=2"},"modified":"2011-02-06T15:07:52","modified_gmt":"2011-02-06T15:07:52","slug":"about","status":"publish","type":"page","link":"https:\/\/blog.radiofabrik.at\/WarmUp\/about\/","title":{"rendered":"About"},"content":{"rendered":"<p><a href=\"https:\/\/blog.radiofabrik.at\/WarmUp\/files\/2010\/12\/LogoWarmUP.jpg\"><img loading=\"lazy\" decoding=\"async\" class=\"alignleft size-full wp-image-17\" src=\"https:\/\/blog.radiofabrik.at\/WarmUp\/files\/2010\/12\/LogoWarmUP.jpg\" alt=\"\" width=\"173\" height=\"168\" \/><\/a><\/p>\n<p>WarmUP ist die queere Frequenz der HOSI Salzburg. Live on air begr\u00fc\u00dfen dich die SendungsmacherInnen Irene, Susi und Gernot aus dem Studio der Radiofabrik Salzburg. Bei Diskussionen und Interviews erf\u00e4hrst du alles rund um das SchwuLesBische und transidente Leben. Studiog\u00e4ste erz\u00e4hlen aus dem N\u00e4hk\u00e4stchen und K\u00fcnstler performen live. Wir blicken auch in die Welt der Heteros und beleuchten ihren Umgang mit Homosexualit\u00e4t. Mit dem Newsticker und Eventreminder bist du immer auf dem neuesten Stand und auch musikalisch gibt\u2019s ordentlich was auf die Ohren.<\/p>\n<p>Wie alle Aktivit\u00e4ten der HOSI Salzburg, ist auch WarmUP zum mitmachen gedacht. Deine Ideen als H\u00f6rer sind gefragt und wir freuen uns auf deinen Beitrag. Du erreichst uns via E-Mail auf warmup@hosi.or.at.<\/p>\n","protected":false},"excerpt":{"rendered":"<p>WarmUP ist die queere Frequenz der HOSI Salzburg. Live on air begr\u00fc\u00dfen dich die SendungsmacherInnen Irene, Susi und Gernot aus dem Studio der Radiofabrik Salzburg. Bei Diskussionen und Interviews erf\u00e4hrst du alles rund um das SchwuLesBische und transidente Leben. Studiog\u00e4ste &hellip; <a href=\"https:\/\/blog.radiofabrik.at\/WarmUp\/about\/\">Weiterlesen <span class=\"meta-nav\">&rarr;<\/span><\/a><\/p>\n","protected":false},"author":209,"featured_media":0,"parent":0,"menu_order":0,"comment_status":"open","ping_status":"open","template":"","meta":{"footnotes":""},"class_list":["post-2","page","type-page","status-publish","hentry"],"_links":{"self":[{"href":"https:\/\/blog.radiofabrik.at\/WarmUp\/wp-json\/wp\/v2\/pages\/2","targetHints":{"allow":["GET"]}}],"collection":[{"href":"https:\/\/blog.radiofabrik.at\/WarmUp\/wp-json\/wp\/v2\/pages"}],"about":[{"href":"https:\/\/blog.radiofabrik.at\/WarmUp\/wp-json\/wp\/v2\/types\/page"}],"author":[{"embeddable":true,"href":"https:\/\/blog.radiofabrik.at\/WarmUp\/wp-json\/wp\/v2\/users\/209"}],"replies":[{"embeddable":true,"href":"https:\/\/blog.radiofabrik.at\/WarmUp\/wp-json\/wp\/v2\/comments?post=2"}],"version-history":[{"count":2,"href":"https:\/\/blog.radiofabrik.at\/WarmUp\/wp-json\/wp\/v2\/pages\/2\/revisions"}],"predecessor-version":[{"id":18,"href":"https:\/\/blog.radiofabrik.at\/WarmUp\/wp-json\/wp\/v2\/pages\/2\/revisions\/18"}],"wp:attachment":[{"href":"https:\/\/blog.radiofabrik.at\/WarmUp\/wp-json\/wp\/v2\/media?parent=2"}],"curies":[{"name":"wp","href":"https:\/\/api.w.org\/{rel}","templated":true}]}}