{"id":2,"date":"2009-01-15T19:02:48","date_gmt":"2009-01-15T18:02:48","guid":{"rendered":""},"modified":"2016-04-05T15:27:39","modified_gmt":"2016-04-05T14:27:39","slug":"about","status":"publish","type":"page","link":"https:\/\/blog.radiofabrik.at\/artarium\/about\/","title":{"rendered":"Norbert K.Hund"},"content":{"rendered":"<p><a href=\"https:\/\/blog.radiofabrik.at\/artarium\/files\/2009\/01\/norbert_seite.jpg\"><img loading=\"lazy\" decoding=\"async\" class=\"alignnone size-medium wp-image-44\" src=\"https:\/\/blog.radiofabrik.at\/artarium\/files\/2009\/01\/norbert_seite-300x270.jpg\" alt=\"\" width=\"300\" height=\"270\" srcset=\"https:\/\/blog.radiofabrik.at\/artarium\/files\/2009\/01\/norbert_seite-300x270.jpg 300w, https:\/\/blog.radiofabrik.at\/artarium\/files\/2009\/01\/norbert_seite-1024x922.jpg 1024w, https:\/\/blog.radiofabrik.at\/artarium\/files\/2009\/01\/norbert_seite.jpg 1510w\" sizes=\"auto, (max-width: 300px) 100vw, 300px\" \/><\/a><\/p>\n<p>Seit Herbst 07 <strong>das etwas andere Kunnst-Biotop<\/strong> in der Radiofabrik und seit Anfang 09 daselbst &#8222;im Schatten der Mozartkugel&#8220; als Artarium unterwegs.<\/p>\n<p><strong>Immer auf der Suche<\/strong> nach neuen G\u00e4st_innen, Themen und Gestaltungsformen&#8230; \u00a0 \u00a0 \u00a0 Woher ich das hab? &#8211; <strong>Beim Hupfn eintreten!<\/strong><\/p>\n<p>Hochfrequente <strong>Wortwetz- und Mundwerksmeister <\/strong>zwischen Live-Unmoderation und Poesie-Performance. Psychodelikate Audiocollagenkunst, stimmungsexzessive H\u00f6rweltendramaturgie, subversiver Seelenstriptease, \u00a0souver\u00e4n unversichertes Urgef\u00fchlstheater&#8230;<\/p>\n<p>Ab- und hintergr\u00fcndige Neu- und Nettigkeiten aus der wundersamen Welt des Artarium, seinen G\u00e4stinnen und H\u00f6rerichen. Denkanst\u00f6\u00dfige Reflexionen \u00fcber neue Ideen und alte H\u00fcte. <strong>Prefrontal Cortex Off. Amygdala Revisited!<\/strong> &#8211; In diesem &#8222;Unsinn&#8220; zeig ich euch hier gern immer wieder mal einen tieferen&#8230;<\/p>\n<p><strong>Kunnst mi eigntlich gern hom!<\/strong><\/p>\n<p><strong>KUNNST ?<\/strong><\/p>\n<p><strong>Das ist und bleibt hier die Antwort.<\/strong><\/p>\n<p>Auch nach 3 Jahren im Schatten der Mozartkugel und \u00fcber 100 Ausgaben des etwas anderen Kunst-Biotops haben wir noch lange nicht genug! Das \u00dcberleben des Kreativen kann nur durch fortw\u00e4hrende Neugier und st\u00e4ndiges <strong>Aufbrechen zu immer wieder \u201canderen\u201d Ufern<\/strong> gelingen. In diesem Sinne k\u00f6nnt ihr euch weiterhin auf unsere Ver\u00e4nderung verlassen und allerhand \u00dcberraschungen erwarten.<\/p>\n<p><strong>Ein Widerspruch in sich selbst?<\/strong><\/p>\n<p>Eher das angewandte Paradoxon, auch unter wechselnden Bedingungen dem Grundkonzept der Sendung treu zu bleiben, n\u00e4mlich <strong>Experimentierlabor, Freizone und Kreativreaktor<\/strong> zu sein. Mit Ideen zu spielen, Themen auszuprobieren, Konstellationen wechseln und Perspektiven entwickeln. Ein selbstbestimmtes Schutzgebiet f\u00fcr das Au\u00dfergew\u00f6hnliche, Individualistische und \u00dcberdurchschnittliche \u2013 inmitten von Nutzbarkeitszwang und Verwertungsdiktat, Menschenverunstaltungsanstalt und Menschenvernichtungsmaschine.<\/p>\n<p><strong>ARTARIUM eben \u2013 was sonnst?<\/strong><\/p>\n<p><strong>KUNNST!<\/strong><\/p>\n<p>&nbsp;<\/p>\n<p>&nbsp;<\/p>\n","protected":false},"excerpt":{"rendered":"<p>Seit Herbst 07 das etwas andere Kunnst-Biotop in der Radiofabrik und seit Anfang 09 daselbst &#8222;im Schatten der Mozartkugel&#8220; als Artarium unterwegs. Immer auf der Suche nach neuen G\u00e4st_innen, Themen und Gestaltungsformen&#8230; \u00a0 \u00a0 \u00a0 Woher ich das hab? &#8211; &hellip; <a href=\"https:\/\/blog.radiofabrik.at\/artarium\/about\/\">Weiterlesen <span class=\"meta-nav\">&rarr;<\/span><\/a><\/p>\n","protected":false},"author":5,"featured_media":0,"parent":0,"menu_order":0,"comment_status":"open","ping_status":"open","template":"","meta":{"footnotes":""},"class_list":["post-2","page","type-page","status-publish","hentry"],"aioseo_notices":[],"_links":{"self":[{"href":"https:\/\/blog.radiofabrik.at\/artarium\/wp-json\/wp\/v2\/pages\/2","targetHints":{"allow":["GET"]}}],"collection":[{"href":"https:\/\/blog.radiofabrik.at\/artarium\/wp-json\/wp\/v2\/pages"}],"about":[{"href":"https:\/\/blog.radiofabrik.at\/artarium\/wp-json\/wp\/v2\/types\/page"}],"author":[{"embeddable":true,"href":"https:\/\/blog.radiofabrik.at\/artarium\/wp-json\/wp\/v2\/users\/5"}],"replies":[{"embeddable":true,"href":"https:\/\/blog.radiofabrik.at\/artarium\/wp-json\/wp\/v2\/comments?post=2"}],"version-history":[{"count":0,"href":"https:\/\/blog.radiofabrik.at\/artarium\/wp-json\/wp\/v2\/pages\/2\/revisions"}],"wp:attachment":[{"href":"https:\/\/blog.radiofabrik.at\/artarium\/wp-json\/wp\/v2\/media?parent=2"}],"curies":[{"name":"wp","href":"https:\/\/api.w.org\/{rel}","templated":true}]}}