{"id":204,"date":"2010-05-12T19:47:34","date_gmt":"2010-05-12T18:47:34","guid":{"rendered":"http:\/\/blog.radiofabrik.at\/artarium\/?page_id=204"},"modified":"2017-12-28T19:13:26","modified_gmt":"2017-12-28T18:13:26","slug":"about-artarium","status":"publish","type":"page","link":"https:\/\/blog.radiofabrik.at\/artarium\/about-artarium\/","title":{"rendered":"About Artarium"},"content":{"rendered":"<h2><strong>ARTARIUM &#8211; das etwas andere Kunnst-Biotop &#8211; die RADIOSENDUNG<\/strong><\/h2>\n<p><strong>ZU H\u00d6REN jeden Sonntag um 17:06 Uhr <\/strong>(au\u00dfer am 1. Sonntag des Monats)\u00a0<strong>im Gro\u00dfraum Salzburg auf 107,5 und 97,3 MHz <\/strong>sowie auf <strong>98,6 MHz<\/strong> im <strong>CableLink (Salzburg AG) &#8211; <\/strong><strong>WIEDERHOLUNG <\/strong>der aktuellen Sendung <strong>am darauf folgenden<\/strong><strong> Montag<\/strong> um <strong>14:06 Uhr<\/strong><\/p>\n<p><strong>UND auch \u00fcberall sonst via <a href=\"http:\/\/radiofabrik.at\/rafab_stream_low.m3u\">LIVESTREAM<\/a><\/strong><strong> sowie als <a href=\"http:\/\/cba.fro.at\/series\/614\">Podcast\/Download<\/a> via CBA.<\/strong><\/p>\n<p><strong><a href=\"https:\/\/blog.radiofabrik.at\/artarium\/files\/2010\/05\/SchmutzEngelRadio1-001.jpg\"><img loading=\"lazy\" decoding=\"async\" class=\"alignleft size-medium wp-image-2121\" src=\"https:\/\/blog.radiofabrik.at\/artarium\/files\/2010\/05\/SchmutzEngelRadio1-001-300x225.jpg\" alt=\"\" width=\"300\" height=\"225\" srcset=\"https:\/\/blog.radiofabrik.at\/artarium\/files\/2010\/05\/SchmutzEngelRadio1-001-300x225.jpg 300w, https:\/\/blog.radiofabrik.at\/artarium\/files\/2010\/05\/SchmutzEngelRadio1-001-1024x768.jpg 1024w, https:\/\/blog.radiofabrik.at\/artarium\/files\/2010\/05\/SchmutzEngelRadio1-001.jpg 1600w\" sizes=\"auto, (max-width: 300px) 100vw, 300px\" \/><\/a>WORK IN PROGRESS &#8211; LIVE <\/strong>und somit stets <strong>voller \u00dcberraschungen<\/strong> f\u00fcr alle Beteiligten<\/p>\n<p>Seit <strong>M\u00e4rz 2007<\/strong> auf Sendung &#8211; und seit <strong>November 2007<\/strong> unter Mitwirkung von <strong>Norbert K.Hund<\/strong> als <strong>\u201cdas etwas andere Kunnstbiotop\u201d<\/strong>\u00a0h\u00f6r- und erlebbar, widmet sich das Format w\u00f6chentlich allen nur erdenklichen Aspekten von <strong>Kunnst-<\/strong> (im Sinn von \u201ck\u00f6nntest\u201d) <strong>aus\u00fcbung<\/strong>, (\u00dcber-) <strong>Lebenskultur<\/strong>\u00a0sowie\u00a0<strong>experimenteller Grenzerforschung<\/strong>.<\/p>\n<p><strong>Kostprobe: <a href=\"https:\/\/blog.radiofabrik.at\/artarium\/files\/2010\/05\/Kunstbiotop-94-kurz-gut.mp3\">KunnstBiotop.mp3<\/a><\/strong><\/p>\n<h2><strong>Das artarium Konzept 2009 &#8211; Die Momentaufnahme und ihre Vorgeschichte<\/strong><\/h2>\n<div id=\"attachment_231\" style=\"width: 310px\" class=\"wp-caption alignleft\"><a href=\"https:\/\/blog.radiofabrik.at\/artarium\/files\/2010\/05\/Radiofabrik-2-08-029.jpg\"><img loading=\"lazy\" decoding=\"async\" aria-describedby=\"caption-attachment-231\" class=\"size-medium wp-image-231 \" src=\"https:\/\/blog.radiofabrik.at\/artarium\/files\/2010\/05\/Radiofabrik-2-08-029-300x225.jpg\" alt=\"\" width=\"300\" height=\"225\" srcset=\"https:\/\/blog.radiofabrik.at\/artarium\/files\/2010\/05\/Radiofabrik-2-08-029-300x225.jpg 300w, https:\/\/blog.radiofabrik.at\/artarium\/files\/2010\/05\/Radiofabrik-2-08-029-1024x768.jpg 1024w, https:\/\/blog.radiofabrik.at\/artarium\/files\/2010\/05\/Radiofabrik-2-08-029.jpg 1600w\" sizes=\"auto, (max-width: 300px) 100vw, 300px\" \/><\/a><p id=\"caption-attachment-231\" class=\"wp-caption-text\">Peter.W. &amp; Norbert K.Hund Live 2008<\/p><\/div>\n<p>Die Sendungsreihe <strong>Artarium<\/strong> wurde im M\u00e4rz 2007 vom Multitalent <a href=\"http:\/\/de.wikipedia.org\/wiki\/Benutzer:Deb%C3%A4r\"><strong>Peter.W.<\/strong><\/a> begr\u00fcndet, um ganz im Wortsinn <strong>&#8222;Raum f\u00fcr Kunst&#8220;<\/strong> zu schaffen, f\u00fcr all das vielf\u00e4ltige, jedoch oft weitgehend unbemerkte kreative Schaffen in Salzburg &#8211; jenseits von <strong>Mainstream und Mozartkugel&#8230;<\/strong><\/p>\n<p>Aus dem schmerzlichen Erleben einer regelrechten <strong>&#8222;Kunstflucht&#8220;<\/strong> &#8211; speziell von jungen Kunstschaffenden &#8211; aus dieser Stadt, in der eine fast schon radikale Vermarktung das Kulturleben bestimmt, sollte \u00fcber das Kommunale B\u00fcrgerInnenradio <strong>eine B\u00fchne<\/strong> f\u00fcr alle hier trotzdem sch\u00f6pferisch t\u00e4tigen Menschen und ihre Projekte er\u00f6ffnet werden.<\/p>\n<p>In diesem Biotop diverser K\u00fcnste tauchte zum Ende des ersten Jahres der Autor, Jugendarbeiter und Konzeptk\u00fcnstler <strong>Norbert K.Hund<\/strong> auf und <strong>erweiterte die Grundidee<\/strong> um den Aspekt generationen\u00fcbergreifenden Livedialogs. Seither schreiben wir <strong>&#8222;Kunnst&#8220; mit zwei &#8222;n&#8220;<\/strong> als dialektische M\u00f6glichkeitsform <strong>im Sinne von &#8222;k\u00f6nntest&#8220;.<\/strong><\/p>\n<div id=\"attachment_239\" style=\"width: 310px\" class=\"wp-caption alignleft\"><a href=\"https:\/\/blog.radiofabrik.at\/artarium\/files\/2010\/05\/Radioschorsch-10.jpg\"><img loading=\"lazy\" decoding=\"async\" aria-describedby=\"caption-attachment-239\" class=\"size-medium wp-image-239\" src=\"https:\/\/blog.radiofabrik.at\/artarium\/files\/2010\/05\/Radioschorsch-10-300x199.jpg\" alt=\"\" width=\"300\" height=\"199\" srcset=\"https:\/\/blog.radiofabrik.at\/artarium\/files\/2010\/05\/Radioschorsch-10-300x199.jpg 300w, https:\/\/blog.radiofabrik.at\/artarium\/files\/2010\/05\/Radioschorsch-10.jpg 1024w\" sizes=\"auto, (max-width: 300px) 100vw, 300px\" \/><\/a><p id=\"caption-attachment-239\" class=\"wp-caption-text\">Radioschorsch 08 &#8211; Beste Sendung zum Thema &#8222;10 Jahre Radiofabrik&#8220;<\/p><\/div>\n<p>Im Mittelpunkt der Sendung stehen somit auch Themen wie Gleichberechtigung, Jugendpolitik, Psychologie und Zeitgeschichte. In Zusammenarbeit mit <strong>Mark Ulrich, Lukas Gruber<\/strong> und <strong>Julian Schaber<\/strong> entstand so eine eigene Form des Erlebnisradios, welches <strong>Audiocollage, Livedialog, Musik und Reportage<\/strong> zum Zweck inspirierenden Weiterdenkens verkn\u00fcpft.<\/p>\n<p>Zusammenfassend ist <strong>Artarium eine Ermutigung<\/strong> zum authentischen Eigenen \u2013 auch und gerade in der aktuellen Auseinandersetzung mit der globalen Kommerzialisierung von jeglichem Kunst- und Kulturschaffen. Informativ &#8211; vor allem zwischen den Zeilen \u2013 <strong>atmosph\u00e4risch, emotional<\/strong> und nat\u00fcrlich <strong>immer unvollst\u00e4ndig<\/strong>.<\/p>\n<p>Was br\u00e4chte uns sonst zu neuen Sichtweisen?<\/p>\n<p>In der Sendung <strong><a href=\"http:\/\/cba.fro.at\/show.php?lang=de&amp;eintrag_id=12145\">Streichelinstrumente<\/a><\/strong> vom 22. 2. 09 ist es zum Beispiel recht gut gelungen, eine spannende Erlebniswelt ins Studio zu holen &#8211; und im Gespr\u00e4ch dar\u00fcber sowie mit Musik dazu f\u00fcr unsere H\u00f6rerInnen anregend nachvollziehbar zu machen. Belehrt, belabert und beworben werdet ihr anderswo eh andauernd \u2013 bei uns k\u00f6nnt ihr <strong>mitf\u00fchlen, mitleben<\/strong> \u2013 und wenn ihr wollt \u2013 auch <strong>mitmachen&#8230;<\/strong><\/p>\n<div id=\"attachment_289\" style=\"width: 310px\" class=\"wp-caption alignleft\"><a href=\"https:\/\/blog.radiofabrik.at\/artarium\/files\/2010\/05\/Workshop-Discussion.jpg\"><img loading=\"lazy\" decoding=\"async\" aria-describedby=\"caption-attachment-289\" class=\"size-medium wp-image-289\" src=\"https:\/\/blog.radiofabrik.at\/artarium\/files\/2010\/05\/Workshop-Discussion-300x199.jpg\" alt=\"\" width=\"300\" height=\"199\" srcset=\"https:\/\/blog.radiofabrik.at\/artarium\/files\/2010\/05\/Workshop-Discussion-300x199.jpg 300w, https:\/\/blog.radiofabrik.at\/artarium\/files\/2010\/05\/Workshop-Discussion.jpg 1024w\" sizes=\"auto, (max-width: 300px) 100vw, 300px\" \/><\/a><p id=\"caption-attachment-289\" class=\"wp-caption-text\">Civilmedia Workshop<\/p><\/div>\n<p>Die Unterlagen zu unserem interaktiven <strong><a href=\"http:\/\/wiki.civilmedia.eu\/index.php\/Livedialog_im_Biotop_(Norbert_K._Hund%2C_Mark_Ulrich)\">Workshop<\/a> (Was ist ein Artarium?)<\/strong> im Rahmen der <a href=\"http:\/\/wiki.civilmedia.eu\/index.php\/Archive_2008\"><strong>Civilmedia 08<\/strong><\/a> k\u00f6nnt ihr hier als <strong>PDF in <a href=\"https:\/\/blog.radiofabrik.at\/artarium\/files\/2010\/05\/artarium_workshop08_deutsch.pdf\">deutsch<\/a> oder <a href=\"https:\/\/blog.radiofabrik.at\/artarium\/files\/2010\/05\/artarium_workshop08_english.pdf\">englisch<\/a><\/strong> downloaden.<\/p>\n<p>Ham wir mal wieder was gelernt-<a href=\"https:\/\/blog.radiofabrik.at\/artarium\/files\/2010\/05\/was-gelernt-192.mp3\">Jingle.mp3<\/a> von Peter.W.<\/p>\n<p>&nbsp;<\/p>\n<p>&nbsp;<\/p>\n","protected":false},"excerpt":{"rendered":"<p>ARTARIUM &#8211; das etwas andere Kunnst-Biotop &#8211; die RADIOSENDUNG ZU H\u00d6REN jeden Sonntag um 17:06 Uhr (au\u00dfer am 1. Sonntag des Monats)\u00a0im Gro\u00dfraum Salzburg auf 107,5 und 97,3 MHz sowie auf 98,6 MHz im CableLink (Salzburg AG) &#8211; WIEDERHOLUNG der &hellip; <a href=\"https:\/\/blog.radiofabrik.at\/artarium\/about-artarium\/\">Weiterlesen <span class=\"meta-nav\">&rarr;<\/span><\/a><\/p>\n","protected":false},"author":5,"featured_media":0,"parent":0,"menu_order":0,"comment_status":"open","ping_status":"open","template":"","meta":{"footnotes":""},"class_list":["post-204","page","type-page","status-publish","hentry"],"aioseo_notices":[],"_links":{"self":[{"href":"https:\/\/blog.radiofabrik.at\/artarium\/wp-json\/wp\/v2\/pages\/204","targetHints":{"allow":["GET"]}}],"collection":[{"href":"https:\/\/blog.radiofabrik.at\/artarium\/wp-json\/wp\/v2\/pages"}],"about":[{"href":"https:\/\/blog.radiofabrik.at\/artarium\/wp-json\/wp\/v2\/types\/page"}],"author":[{"embeddable":true,"href":"https:\/\/blog.radiofabrik.at\/artarium\/wp-json\/wp\/v2\/users\/5"}],"replies":[{"embeddable":true,"href":"https:\/\/blog.radiofabrik.at\/artarium\/wp-json\/wp\/v2\/comments?post=204"}],"version-history":[{"count":0,"href":"https:\/\/blog.radiofabrik.at\/artarium\/wp-json\/wp\/v2\/pages\/204\/revisions"}],"wp:attachment":[{"href":"https:\/\/blog.radiofabrik.at\/artarium\/wp-json\/wp\/v2\/media?parent=204"}],"curies":[{"name":"wp","href":"https:\/\/api.w.org\/{rel}","templated":true}]}}