{"id":15,"date":"2015-09-17T09:41:53","date_gmt":"2015-09-17T09:41:53","guid":{"rendered":"http:\/\/blog.radiofabrik.at\/asilikeit\/?page_id=15"},"modified":"2015-09-17T09:48:26","modified_gmt":"2015-09-17T09:48:26","slug":"as-i-like-it","status":"publish","type":"page","link":"https:\/\/blog.radiofabrik.at\/asilikeit\/as-i-like-it\/","title":{"rendered":"As I Like It"},"content":{"rendered":"<h4><a href=\"http:\/\/blog.radiofabrik.at\/asilikeit\/files\/2015\/09\/Studiobild-RK.jpg\"><img loading=\"lazy\" decoding=\"async\" class=\"alignnone  wp-image-19\" src=\"http:\/\/blog.radiofabrik.at\/asilikeit\/files\/2015\/09\/Studiobild-RK-300x201.jpg\" alt=\"Studiobild RK\" width=\"230\" height=\"157\" \/><\/a><\/h4>\n<p>&nbsp;<\/p>\n<h4><strong>Gute Musik, selten gespielt und geh\u00f6rt<\/strong><\/h4>\n<p class=\"bodytext\">Was ist eigentlich gute Musik?<\/p>\n<p class=\"bodytext\">F\u00fcr mich ist das Musik aus allen Zeitr\u00e4umen, von heute bis zur\u00fcck ins Barock und manchmal noch weiter, von Klassik bis Pop und Voixmusik. Musik, die kleine oder gro\u00dfe Besonderheiten aufweist, sei es im Text, der Instrumentierung, den Stimmen oder auch einfach nur der Herkunft. Musik, die in Erinnerung bleibt und Erinnerungen wachruft. Musik, die G\u00e4nsehaut hervorruft, wenn man sie h\u00f6rt und Lust darauf macht, sie immer wieder zu h\u00f6ren.<\/p>\n<p class=\"bodytext\">In der Sendung pr\u00e4sentiere ich &#8222;meine&#8220; gute Musik manchmal nach Themen oder Anl\u00e4ssen geordnet, manches Mal quer durch Abrahams Musikkessel, garniert mit Erz\u00e4hlenswertem, wenn es etwas zu erz\u00e4hlen gibt. Manchmal mit Hintergrundinformationen, manches Mal einfach nur zum Reinh\u00f6ren. F\u00fcr H\u00f6rerinnen und H\u00f6rer, die nicht auf einen Musikstil fixiert, sondern neugierig auf Vieles sind.<\/p>\n<p class=\"bodytext\"><b>Sendezeit:<\/b>\u00a0jeden 2. und 4. Freitag im Monat ab 15\u00a0Uhr<br \/>\n<b>Link:<\/b>\u00a0<a class=\"internal-link\" title=\"Opens internal link in current window\" href=\"http:\/\/www.radiofabrik.at\/programm0\/sendungenvona-z\/programm0\/sendungenvona-z\/as-i-like-it-classic.html\">http:\/\/www.radiofabrik.at\/programm0\/sendungenvona-z\/as-i-like-it-classic.html<\/a><\/p>\n","protected":false},"excerpt":{"rendered":"<p>&nbsp; Gute Musik, selten gespielt und geh\u00f6rt Was ist eigentlich gute Musik? F\u00fcr mich ist das Musik aus allen Zeitr\u00e4umen, von heute bis zur\u00fcck ins Barock und manchmal noch weiter, von Klassik bis Pop und Voixmusik. Musik, die kleine oder &hellip; <a href=\"https:\/\/blog.radiofabrik.at\/asilikeit\/as-i-like-it\/\">Weiterlesen <span class=\"meta-nav\">&rarr;<\/span><\/a><\/p>\n","protected":false},"author":707,"featured_media":0,"parent":0,"menu_order":0,"comment_status":"closed","ping_status":"closed","template":"","meta":{"footnotes":""},"class_list":["post-15","page","type-page","status-publish","hentry"],"_links":{"self":[{"href":"https:\/\/blog.radiofabrik.at\/asilikeit\/wp-json\/wp\/v2\/pages\/15","targetHints":{"allow":["GET"]}}],"collection":[{"href":"https:\/\/blog.radiofabrik.at\/asilikeit\/wp-json\/wp\/v2\/pages"}],"about":[{"href":"https:\/\/blog.radiofabrik.at\/asilikeit\/wp-json\/wp\/v2\/types\/page"}],"author":[{"embeddable":true,"href":"https:\/\/blog.radiofabrik.at\/asilikeit\/wp-json\/wp\/v2\/users\/707"}],"replies":[{"embeddable":true,"href":"https:\/\/blog.radiofabrik.at\/asilikeit\/wp-json\/wp\/v2\/comments?post=15"}],"version-history":[{"count":3,"href":"https:\/\/blog.radiofabrik.at\/asilikeit\/wp-json\/wp\/v2\/pages\/15\/revisions"}],"predecessor-version":[{"id":23,"href":"https:\/\/blog.radiofabrik.at\/asilikeit\/wp-json\/wp\/v2\/pages\/15\/revisions\/23"}],"wp:attachment":[{"href":"https:\/\/blog.radiofabrik.at\/asilikeit\/wp-json\/wp\/v2\/media?parent=15"}],"curies":[{"name":"wp","href":"https:\/\/api.w.org\/{rel}","templated":true}]}}