{"id":2,"date":"2015-09-11T11:18:20","date_gmt":"2015-09-11T11:18:20","guid":{"rendered":"http:\/\/blog.radiofabrik.at\/asilikeit\/?page_id=2"},"modified":"2015-09-17T09:35:32","modified_gmt":"2015-09-17T09:35:32","slug":"sample-page","status":"publish","type":"page","link":"https:\/\/blog.radiofabrik.at\/asilikeit\/sample-page\/","title":{"rendered":"\u00dcber mich"},"content":{"rendered":"<p><a href=\"http:\/\/blog.radiofabrik.at\/asilikeit\/files\/2015\/09\/Reinhard_Kober.jpg\"><img loading=\"lazy\" decoding=\"async\" class=\"alignnone size-medium wp-image-12\" src=\"http:\/\/blog.radiofabrik.at\/asilikeit\/files\/2015\/09\/Reinhard_Kober-234x300.jpg\" alt=\"Reinhard_Kober\" width=\"234\" height=\"300\" srcset=\"https:\/\/blog.radiofabrik.at\/asilikeit\/files\/2015\/09\/Reinhard_Kober-234x300.jpg 234w, https:\/\/blog.radiofabrik.at\/asilikeit\/files\/2015\/09\/Reinhard_Kober-799x1024.jpg 799w, https:\/\/blog.radiofabrik.at\/asilikeit\/files\/2015\/09\/Reinhard_Kober.jpg 958w\" sizes=\"auto, (max-width: 234px) 100vw, 234px\" \/><\/a><\/p>\n<p><strong>Mein Name ist Reinhard Kober, bin Jahrgang 1951, wohne in der Stadt Salzburg und bin seit Mitte 2013 Radiofabrikant.\u00a0<\/strong><\/p>\n<p><strong>Ich spiele -wegen fehlendem Talent &#8211; leider kein Musikinstrument, bin aber trotzdem ein gro\u00dfer Freund von Musik aus allen Richtungen. Angefangen von &#8222;Alter Musik&#8220; bis herauf in\u00a0die Neuzeit. Nat\u00fcrlich gef\u00e4llt mir nicht alles, schon gar nicht die volkst\u00fcmelnde Musik, echte alte Volksmusik oder die neue Volxmusik hingegen schon.\u00a0<\/strong><\/p>\n<p><strong>In meinen beiden Musikreihen versuche ich Musik zu spielen, die man nicht nicht permanent h\u00f6rt oder die wegen der L\u00e4nge der St\u00fccke normalerweise nicht oder nur selten gesendet wird. Und dabei hoffe ich, den Geschmack meiner H\u00f6rer zu treffen oder Anregungen zu geben, ungewohnteren Kl\u00e4ngen nachzusp\u00fcren. Und das zusammen mit Hintergrundinformationen oder auch Stellungnahmen zu aktuellen Themen.\u00a0<\/strong><\/p>\n<p><strong>Manches Mal hat die Sendung ein besonderes Thema oder nimmt Bezug auf ein bestimmtes Datum und wieder ein anderes Mal geht es sozusagen quer durch den &#8222;Musikgarten&#8220;.\u00a0<\/strong><\/p>\n<p><strong>Nach M\u00f6glichkeit mache ich alle meine Sendungen live, weil ich als Radioh\u00f6rer die Unmittelbarkeit sch\u00e4tze. Wenn sich manchmal ein Fehler einschleicht, dann geh\u00f6rt das eben dazu und personifiziert\u00a0die Sendung.<\/strong><\/p>\n<p><strong>F\u00fcr Anregungen, W\u00fcnsche und Kritik &#8211; egal ob positiv oder negativ &#8211; bin ich\u00a0sehr dankbar und freue mich \u00fcber R\u00fcckmeldungen jeglicher Art, sei es \u00fcber einen Kommentar auf dieser Seite, per Email an die Radiofabrik oder \u00fcber den\u00a0<\/strong><b>Studioachat bei der Livesendung.\u00a0<\/b><\/p>\n<p><strong>Nun genug der Erkl\u00e4rungen. Ich freue mich, wenn ich Sie als H\u00f6rer in einer meiner Sendungen begr\u00fc\u00dfen darf und hoffe, dass Sie Gefallen daran finden.<\/strong><\/p>\n<p><strong>Ihr Reinhard Kober<\/strong><\/p>\n","protected":false},"excerpt":{"rendered":"<p>Mein Name ist Reinhard Kober, bin Jahrgang 1951, wohne in der Stadt Salzburg und bin seit Mitte 2013 Radiofabrikant.\u00a0 Ich spiele -wegen fehlendem Talent &#8211; leider kein Musikinstrument, bin aber trotzdem ein gro\u00dfer Freund von Musik aus allen Richtungen. Angefangen &hellip; <a href=\"https:\/\/blog.radiofabrik.at\/asilikeit\/sample-page\/\">Weiterlesen <span class=\"meta-nav\">&rarr;<\/span><\/a><\/p>\n","protected":false},"author":707,"featured_media":0,"parent":0,"menu_order":0,"comment_status":"open","ping_status":"open","template":"","meta":{"footnotes":""},"class_list":["post-2","page","type-page","status-publish","hentry"],"_links":{"self":[{"href":"https:\/\/blog.radiofabrik.at\/asilikeit\/wp-json\/wp\/v2\/pages\/2","targetHints":{"allow":["GET"]}}],"collection":[{"href":"https:\/\/blog.radiofabrik.at\/asilikeit\/wp-json\/wp\/v2\/pages"}],"about":[{"href":"https:\/\/blog.radiofabrik.at\/asilikeit\/wp-json\/wp\/v2\/types\/page"}],"author":[{"embeddable":true,"href":"https:\/\/blog.radiofabrik.at\/asilikeit\/wp-json\/wp\/v2\/users\/707"}],"replies":[{"embeddable":true,"href":"https:\/\/blog.radiofabrik.at\/asilikeit\/wp-json\/wp\/v2\/comments?post=2"}],"version-history":[{"count":3,"href":"https:\/\/blog.radiofabrik.at\/asilikeit\/wp-json\/wp\/v2\/pages\/2\/revisions"}],"predecessor-version":[{"id":14,"href":"https:\/\/blog.radiofabrik.at\/asilikeit\/wp-json\/wp\/v2\/pages\/2\/revisions\/14"}],"wp:attachment":[{"href":"https:\/\/blog.radiofabrik.at\/asilikeit\/wp-json\/wp\/v2\/media?parent=2"}],"curies":[{"name":"wp","href":"https:\/\/api.w.org\/{rel}","templated":true}]}}