{"id":29,"date":"2012-12-04T10:57:01","date_gmt":"2012-12-04T10:57:01","guid":{"rendered":"http:\/\/blog.radiofabrik.at\/bgzaunergasse\/?page_id=29"},"modified":"2012-12-05T12:17:08","modified_gmt":"2012-12-05T12:17:08","slug":"online-shopping","status":"publish","type":"page","link":"https:\/\/blog.radiofabrik.at\/bgzaunergasse\/online-shopping\/","title":{"rendered":"ONLINE SHOPPING"},"content":{"rendered":"<figure style=\"width: 300px\" class=\"wp-caption alignleft\"><a href=\"http:\/\/blog.radiofabrik.at\/bgzaunergasse\/files\/2012\/12\/P10709091.jpg\"><img loading=\"lazy\" decoding=\"async\" src=\"http:\/\/blog.radiofabrik.at\/bgzaunergasse\/files\/2012\/12\/P10709091-300x225.jpg\" alt=\"\" width=\"300\" height=\"225\" \/><\/a><figcaption class=\"wp-caption-text\">Das Team beim Einsprechen im Studio<\/figcaption><\/figure>\n<figure style=\"width: 300px\" class=\"wp-caption alignleft\"><a href=\"http:\/\/blog.radiofabrik.at\/bgzaunergasse\/files\/2012\/12\/P1070910.jpg\"><img loading=\"lazy\" decoding=\"async\" src=\"http:\/\/blog.radiofabrik.at\/bgzaunergasse\/files\/2012\/12\/P1070910-300x225.jpg\" alt=\"Leon beim Audioschnitt mit Audacity\" width=\"300\" height=\"225\" \/><\/a><figcaption class=\"wp-caption-text\">Leon beim Audioschnitt mit Audacity<\/figcaption><\/figure>\n<p>Am Anfang war uns noch nicht ganz klar, was wir denn in unser Podcast einbauen sollten. Ein kurzes Brainstorming beseitigte diese Unsicherheiten und f\u00fchrte uns dann zum unten dargestellten Plan.<\/p>\n<p>Sp\u00e4ter mussten wir verschiedene Interviews teils zuhause, teils auf der Stra\u00dfe f\u00fchren. Diese konnten wir sp\u00e4ter am Computer mit ein paar Studioaufnahmen und zus\u00e4tzlichen Ger\u00e4uschen zu einem fertigen Podcast zusammenschneiden, was sich aufgrund der vielen Pausen, \u00c4hms und Versprecher als nicht ganz so einfach erwies.<br \/>\nTrotz allem hat uns dieser Workshop Spa\u00df gemacht und wir haben dabei einiges gelernt!<\/p>\n<figure style=\"width: 225px\" class=\"wp-caption alignright\"><a href=\"http:\/\/blog.radiofabrik.at\/bgzaunergasse\/files\/2012\/12\/P1070911-e1354627515949.jpg\"><img loading=\"lazy\" decoding=\"async\" class=\" \" src=\"http:\/\/blog.radiofabrik.at\/bgzaunergasse\/files\/2012\/12\/P1070911-e1354627515949-225x300.jpg\" alt=\"Der Aufbau unseres Podcasts\" width=\"225\" height=\"300\" \/><\/a><figcaption class=\"wp-caption-text\">Der Aufbau unseres Podcasts<\/figcaption><\/figure>\n<p>&nbsp;<\/p>\n<p>PODCAST ANH\u00d6REN:<\/p>\n","protected":false},"excerpt":{"rendered":"<p>Am Anfang war uns noch nicht ganz klar, was wir denn in unser Podcast einbauen sollten. Ein kurzes Brainstorming beseitigte diese Unsicherheiten und f\u00fchrte uns dann zum unten dargestellten Plan. Sp\u00e4ter mussten wir verschiedene Interviews teils zuhause, teils auf der Stra\u00dfe f\u00fchren. Diese konnten wir sp\u00e4ter am Computer mit ein paar Studioaufnahmen und zus\u00e4tzlichen Ger\u00e4uschen &hellip; <\/p>\n<p class=\"link-more\"><a href=\"https:\/\/blog.radiofabrik.at\/bgzaunergasse\/online-shopping\/\" class=\"more-link\"><span class=\"screen-reader-text\">\u201eONLINE SHOPPING\u201c <\/span>weiterlesen<\/a><\/p>\n","protected":false},"author":4,"featured_media":0,"parent":0,"menu_order":0,"comment_status":"open","ping_status":"open","template":"","meta":{"footnotes":""},"class_list":["post-29","page","type-page","status-publish","hentry"],"_links":{"self":[{"href":"https:\/\/blog.radiofabrik.at\/bgzaunergasse\/wp-json\/wp\/v2\/pages\/29","targetHints":{"allow":["GET"]}}],"collection":[{"href":"https:\/\/blog.radiofabrik.at\/bgzaunergasse\/wp-json\/wp\/v2\/pages"}],"about":[{"href":"https:\/\/blog.radiofabrik.at\/bgzaunergasse\/wp-json\/wp\/v2\/types\/page"}],"author":[{"embeddable":true,"href":"https:\/\/blog.radiofabrik.at\/bgzaunergasse\/wp-json\/wp\/v2\/users\/4"}],"replies":[{"embeddable":true,"href":"https:\/\/blog.radiofabrik.at\/bgzaunergasse\/wp-json\/wp\/v2\/comments?post=29"}],"version-history":[{"count":16,"href":"https:\/\/blog.radiofabrik.at\/bgzaunergasse\/wp-json\/wp\/v2\/pages\/29\/revisions"}],"predecessor-version":[{"id":55,"href":"https:\/\/blog.radiofabrik.at\/bgzaunergasse\/wp-json\/wp\/v2\/pages\/29\/revisions\/55"}],"wp:attachment":[{"href":"https:\/\/blog.radiofabrik.at\/bgzaunergasse\/wp-json\/wp\/v2\/media?parent=29"}],"curies":[{"name":"wp","href":"https:\/\/api.w.org\/{rel}","templated":true}]}}