{"id":28,"date":"2012-06-26T14:57:07","date_gmt":"2012-06-26T14:57:07","guid":{"rendered":"http:\/\/blog.radiofabrik.at\/crossmedia\/?page_id=28"},"modified":"2012-06-29T10:38:55","modified_gmt":"2012-06-29T10:38:55","slug":"cba-upload","status":"publish","type":"page","link":"https:\/\/blog.radiofabrik.at\/crossmedia\/cba-upload\/","title":{"rendered":"Cultural Broadcasting Archive"},"content":{"rendered":"<p>Das Cultural Broadcasting Archive, kurz\u00a0<a href=\"http:\/\/cba.fro.at\">CBA<\/a>\u00a0stellt Beitr\u00e4ge verschiedener freier Radiostationen in \u00d6sterreich und Deutschland zum Download und Nachh\u00f6ren zur Verf\u00fcgung.<\/p>\n<p><strong>Dateien hochladen<\/strong><\/p>\n<p>1. Logge dich auf der Seite des\u00a0<a href=\"http:\/\/cba.fro.at\">Cultural Broadcast Archives<\/a>\u00a0mit dem Login, dass du von der Programmkoordination erhalten hast ein.<\/p>\n<p>2. Du befindest dich auf der \u00dcbersichtsseite. In der oberen Men\u00fcleiste klickst du auf den Reiter\u00a0<strong>Datei hochladen<\/strong>. W\u00e4hle die entsprechende Datei aus und lade sie damit auf den CBA Server.<\/p>\n<p>3. \u00a0Gib deiner Datei einen\u00a0<strong>aussagekr\u00e4ftigen Namen<\/strong>\u00a0und bestimme welche Bedingungen f\u00fcr die Weiterverwendung du stellen m\u00f6chtest.\u00a0<strong>Alle \u00c4nderungen speichern<\/strong>.<\/p>\n<p>4. Bevor dein Material \u00f6ffentlich eingesehen werden kann, klickst du im Reiter\u00a0<strong>Beitrag ver\u00f6ffentlichen<\/strong>\u00a0auf &#8222;ver\u00f6ffentlichen&#8220;. Im Anschluss wirst du nach weiteren\u00a0<strong>Informationen<\/strong>\u00a0wie z.B. &#8222;Thema&#8220;, &#8222;Sprache&#8220; und &#8222;Produktionsdatum&#8220; deiner Datei gefragt. Fertig!<\/p>\n<p>Weitere Informationen zum Upload auf der CBA findest du\u00a0<a href=\"http:\/\/cba.fro.at\/wp-content\/uploads\/handbuch.pdf\">hier<\/a>.<br \/>\nEinige <a href=\"http:\/\/cba.fro.at\/stations\/5\">Sendereihen der Radiofabrik<\/a>. zum Nachh\u00f6ren.<\/p>\n","protected":false},"excerpt":{"rendered":"<p>Das Cultural Broadcasting Archive, kurz\u00a0CBA\u00a0stellt Beitr\u00e4ge verschiedener freier Radiostationen in \u00d6sterreich und Deutschland zum Download und Nachh\u00f6ren zur Verf\u00fcgung. Dateien hochladen 1. Logge dich auf der Seite des\u00a0Cultural Broadcast Archives\u00a0mit dem Login, dass du von der Programmkoordination erhalten hast ein. &hellip; <a href=\"https:\/\/blog.radiofabrik.at\/crossmedia\/cba-upload\/\">Weiterlesen <span class=\"meta-nav\">&rarr;<\/span><\/a><\/p>\n","protected":false},"author":1,"featured_media":0,"parent":0,"menu_order":0,"comment_status":"closed","ping_status":"open","template":"","meta":{"footnotes":""},"class_list":["post-28","page","type-page","status-publish","hentry"],"_links":{"self":[{"href":"https:\/\/blog.radiofabrik.at\/crossmedia\/wp-json\/wp\/v2\/pages\/28","targetHints":{"allow":["GET"]}}],"collection":[{"href":"https:\/\/blog.radiofabrik.at\/crossmedia\/wp-json\/wp\/v2\/pages"}],"about":[{"href":"https:\/\/blog.radiofabrik.at\/crossmedia\/wp-json\/wp\/v2\/types\/page"}],"author":[{"embeddable":true,"href":"https:\/\/blog.radiofabrik.at\/crossmedia\/wp-json\/wp\/v2\/users\/1"}],"replies":[{"embeddable":true,"href":"https:\/\/blog.radiofabrik.at\/crossmedia\/wp-json\/wp\/v2\/comments?post=28"}],"version-history":[{"count":10,"href":"https:\/\/blog.radiofabrik.at\/crossmedia\/wp-json\/wp\/v2\/pages\/28\/revisions"}],"predecessor-version":[{"id":77,"href":"https:\/\/blog.radiofabrik.at\/crossmedia\/wp-json\/wp\/v2\/pages\/28\/revisions\/77"}],"wp:attachment":[{"href":"https:\/\/blog.radiofabrik.at\/crossmedia\/wp-json\/wp\/v2\/media?parent=28"}],"curies":[{"name":"wp","href":"https:\/\/api.w.org\/{rel}","templated":true}]}}