{"id":32,"date":"2012-06-27T15:05:50","date_gmt":"2012-06-27T15:05:50","guid":{"rendered":"http:\/\/blog.radiofabrik.at\/crossmedia\/?page_id=32"},"modified":"2012-06-29T10:13:00","modified_gmt":"2012-06-29T10:13:00","slug":"social-media","status":"publish","type":"page","link":"https:\/\/blog.radiofabrik.at\/crossmedia\/social-media\/","title":{"rendered":"Twitter, Facebook &#038; Co."},"content":{"rendered":"<p>Auch andere Social Media Angebote eignen sich zur Verbreitung deiner Beitr\u00e4ge &#8211; Wenn nicht direkt, dann um Deine H\u00f6rer \u00fcber Inhalte, Sendetermine, etc. zu informieren.<\/p>\n<p>Gerade <a href=\"http:\/\/twitter.com\/\">Twitter<\/a> und <a href=\"http:\/\/facebook.com\">Facebook<\/a> sind f\u00fcr Sendungspromotion wie gemacht. Kurze Statusmeldungen mit Eckdaten (z.B. wann, welches Thema, wer ist zu Gast) reichen h\u00e4ufig schon um deine Freunde und Follower auf den Geschmack zu bringen. Auch w\u00e4hrend und nach der Sendung kannst du \u00fcber deine Social Media Netzwerke n\u00fctzliche Infos verbreiten (Wo gibt&#8217;s die Sendung zum Nachh\u00f6ren? Wann ist die n\u00e4chste Sendung)\u00a0und Feedback einholen.<\/p>\n<p><a href=\"http:\/\/flickr.com\">Flickr<\/a> und <a href=\"http:\/\/youtube.com\">Youtube<\/a> sind Plattformen um &#8222;Behind the Scenes&#8220; Material, \u00e4hnlich wie im Blog, zu verwerten.<\/p>\n","protected":false},"excerpt":{"rendered":"<p>Auch andere Social Media Angebote eignen sich zur Verbreitung deiner Beitr\u00e4ge &#8211; Wenn nicht direkt, dann um Deine H\u00f6rer \u00fcber Inhalte, Sendetermine, etc. zu informieren. Gerade Twitter und Facebook sind f\u00fcr Sendungspromotion wie gemacht. Kurze Statusmeldungen mit Eckdaten (z.B. wann, &hellip; <a href=\"https:\/\/blog.radiofabrik.at\/crossmedia\/social-media\/\">Weiterlesen <span class=\"meta-nav\">&rarr;<\/span><\/a><\/p>\n","protected":false},"author":334,"featured_media":0,"parent":0,"menu_order":0,"comment_status":"closed","ping_status":"open","template":"","meta":{"footnotes":""},"class_list":["post-32","page","type-page","status-publish","hentry"],"_links":{"self":[{"href":"https:\/\/blog.radiofabrik.at\/crossmedia\/wp-json\/wp\/v2\/pages\/32","targetHints":{"allow":["GET"]}}],"collection":[{"href":"https:\/\/blog.radiofabrik.at\/crossmedia\/wp-json\/wp\/v2\/pages"}],"about":[{"href":"https:\/\/blog.radiofabrik.at\/crossmedia\/wp-json\/wp\/v2\/types\/page"}],"author":[{"embeddable":true,"href":"https:\/\/blog.radiofabrik.at\/crossmedia\/wp-json\/wp\/v2\/users\/334"}],"replies":[{"embeddable":true,"href":"https:\/\/blog.radiofabrik.at\/crossmedia\/wp-json\/wp\/v2\/comments?post=32"}],"version-history":[{"count":3,"href":"https:\/\/blog.radiofabrik.at\/crossmedia\/wp-json\/wp\/v2\/pages\/32\/revisions"}],"predecessor-version":[{"id":76,"href":"https:\/\/blog.radiofabrik.at\/crossmedia\/wp-json\/wp\/v2\/pages\/32\/revisions\/76"}],"wp:attachment":[{"href":"https:\/\/blog.radiofabrik.at\/crossmedia\/wp-json\/wp\/v2\/media?parent=32"}],"curies":[{"name":"wp","href":"https:\/\/api.w.org\/{rel}","templated":true}]}}