{"id":2,"date":"2016-08-26T09:24:21","date_gmt":"2016-08-26T09:24:21","guid":{"rendered":"http:\/\/blog.radiofabrik.at\/engelsgefluester\/?page_id=2"},"modified":"2017-05-01T17:16:40","modified_gmt":"2017-05-01T17:16:40","slug":"sample-page","status":"publish","type":"page","link":"https:\/\/blog.radiofabrik.at\/engelsgefluester\/sample-page\/","title":{"rendered":"\u00dcber"},"content":{"rendered":"<p><em>&#8222;Die Ausgeburten ihres Kopfes sind ihnen \u00fcber den Kopf gewachsen&#8220; (Friedrich Engels)<\/em><\/p>\n<p class=\"bodytext\">In der Sendung &#8222;Engelsgefl\u00fcster&#8220; unterhalten sich die Moderatoren Ruth und Stefan\u00a0kritisch \u00fcber Ph\u00e4nomene der Esoterik.<\/p>\n<p>Allerdings sehen wir Esoterik nicht nur als kurioses Randph\u00e4nomen der Gesellschaft, sondern wir fragen uns: Wieso sind esoterische Praktiken und Denkweisen so erfolgreich in gerade dieser Gesellschaft der Gegenwart, die doch eigentlich als besonders rational und wissenschaftlich gilt?<\/p>\n<p>Um das zu verstehen muss man auch einen kritischen Blick auf die Gesellschaft, die esoterische Ph\u00e4nomene hervorbringt werfen.<\/p>\n<p>Welche Funktion erf\u00fcllt die Esoterik in der Gesellschaft in der wir leben?<\/p>\n<p><b>Sendezeit:<\/b> Jeden 1. Dienstag im Monat ab 20 Uhr<\/p>\n","protected":false},"excerpt":{"rendered":"<p>&#8222;Die Ausgeburten ihres Kopfes sind ihnen \u00fcber den Kopf gewachsen&#8220; (Friedrich Engels) In der Sendung &#8222;Engelsgefl\u00fcster&#8220; unterhalten sich die Moderatoren Ruth und Stefan\u00a0kritisch \u00fcber Ph\u00e4nomene der Esoterik. Allerdings sehen wir Esoterik nicht nur als kurioses Randph\u00e4nomen der Gesellschaft, sondern wir &hellip; <a href=\"https:\/\/blog.radiofabrik.at\/engelsgefluester\/sample-page\/\">Weiterlesen <span class=\"meta-nav\">&rarr;<\/span><\/a><\/p>\n","protected":false},"author":727,"featured_media":0,"parent":0,"menu_order":0,"comment_status":"closed","ping_status":"open","template":"","meta":{"footnotes":""},"class_list":["post-2","page","type-page","status-publish","hentry"],"_links":{"self":[{"href":"https:\/\/blog.radiofabrik.at\/engelsgefluester\/wp-json\/wp\/v2\/pages\/2","targetHints":{"allow":["GET"]}}],"collection":[{"href":"https:\/\/blog.radiofabrik.at\/engelsgefluester\/wp-json\/wp\/v2\/pages"}],"about":[{"href":"https:\/\/blog.radiofabrik.at\/engelsgefluester\/wp-json\/wp\/v2\/types\/page"}],"author":[{"embeddable":true,"href":"https:\/\/blog.radiofabrik.at\/engelsgefluester\/wp-json\/wp\/v2\/users\/727"}],"replies":[{"embeddable":true,"href":"https:\/\/blog.radiofabrik.at\/engelsgefluester\/wp-json\/wp\/v2\/comments?post=2"}],"version-history":[{"count":3,"href":"https:\/\/blog.radiofabrik.at\/engelsgefluester\/wp-json\/wp\/v2\/pages\/2\/revisions"}],"predecessor-version":[{"id":126,"href":"https:\/\/blog.radiofabrik.at\/engelsgefluester\/wp-json\/wp\/v2\/pages\/2\/revisions\/126"}],"wp:attachment":[{"href":"https:\/\/blog.radiofabrik.at\/engelsgefluester\/wp-json\/wp\/v2\/media?parent=2"}],"curies":[{"name":"wp","href":"https:\/\/api.w.org\/{rel}","templated":true}]}}