{"id":2,"date":"2009-10-19T15:34:19","date_gmt":"2009-10-19T13:34:19","guid":{"rendered":""},"modified":"2013-02-22T23:29:19","modified_gmt":"2013-02-22T22:29:19","slug":"about","status":"publish","type":"page","link":"https:\/\/blog.radiofabrik.at\/fraunowak\/about\/","title":{"rendered":"About Frau Nowaks Transorientalischer Musikexpress"},"content":{"rendered":"<p><a href=\"http:\/\/blog.radiofabrik.at\/fraunowak\/files\/2009\/10\/musiker.jpg\"><img loading=\"lazy\" decoding=\"async\" class=\"alignleft size-medium wp-image-612\" alt=\"\" src=\"http:\/\/blog.radiofabrik.at\/fraunowak\/files\/2009\/10\/musiker-196x300.jpg\" width=\"196\" height=\"300\" srcset=\"https:\/\/blog.radiofabrik.at\/fraunowak\/files\/2009\/10\/musiker-196x300.jpg 196w, https:\/\/blog.radiofabrik.at\/fraunowak\/files\/2009\/10\/musiker.jpg 500w\" sizes=\"auto, (max-width: 196px) 100vw, 196px\" \/><\/a><\/p>\n<p>Je weiter man gen Osten f\u00e4hrt desto mehr kommt man wieder in den Westen.<br \/>\nWenn einer eine Reise um den Erdball tut gibt es viel zu entdecken und so einige \u00dcberraschungen, auf die man sto\u00dfen kann &#8211; wenn man einen gro\u00dfen Bogen macht um althergebrachte Vorstellungen \u00fcber den dunklen Osten, sich einfach treiben l\u00e4sst mit dem Strom von Kl\u00e4ngen, hinabtaucht in internationale Subkulturen und hinaufsteigt zu musikalischen Sternen. World Music liegt voll im Trend. Doch davon handelt diese Sendung NICHT! Der Transorientalische Musikexpress ist garantiert Ethnokitschfreie Zone und pr\u00e4sentiert freshe Beats und zum sterben sch\u00f6ne Melodien fernab aller Orientklischees.<\/p>\n<p>Kontakt: rosanowak@gmx.at<\/p>\n","protected":false},"excerpt":{"rendered":"<p>Je weiter man gen Osten f\u00e4hrt desto mehr kommt man wieder in den Westen. Wenn einer eine Reise um den Erdball tut gibt es viel zu entdecken und so einige \u00dcberraschungen, auf die man sto\u00dfen kann &#8211; wenn man einen &hellip; <a href=\"https:\/\/blog.radiofabrik.at\/fraunowak\/about\/\">Weiterlesen <span class=\"meta-nav\">&rarr;<\/span><\/a><\/p>\n","protected":false},"author":79,"featured_media":0,"parent":0,"menu_order":0,"comment_status":"open","ping_status":"open","template":"sidebar-page.php","meta":{"footnotes":""},"class_list":["post-2","page","type-page","status-publish","hentry"],"_links":{"self":[{"href":"https:\/\/blog.radiofabrik.at\/fraunowak\/wp-json\/wp\/v2\/pages\/2","targetHints":{"allow":["GET"]}}],"collection":[{"href":"https:\/\/blog.radiofabrik.at\/fraunowak\/wp-json\/wp\/v2\/pages"}],"about":[{"href":"https:\/\/blog.radiofabrik.at\/fraunowak\/wp-json\/wp\/v2\/types\/page"}],"author":[{"embeddable":true,"href":"https:\/\/blog.radiofabrik.at\/fraunowak\/wp-json\/wp\/v2\/users\/79"}],"replies":[{"embeddable":true,"href":"https:\/\/blog.radiofabrik.at\/fraunowak\/wp-json\/wp\/v2\/comments?post=2"}],"version-history":[{"count":9,"href":"https:\/\/blog.radiofabrik.at\/fraunowak\/wp-json\/wp\/v2\/pages\/2\/revisions"}],"predecessor-version":[{"id":34,"href":"https:\/\/blog.radiofabrik.at\/fraunowak\/wp-json\/wp\/v2\/pages\/2\/revisions\/34"}],"wp:attachment":[{"href":"https:\/\/blog.radiofabrik.at\/fraunowak\/wp-json\/wp\/v2\/media?parent=2"}],"curies":[{"name":"wp","href":"https:\/\/api.w.org\/{rel}","templated":true}]}}