{"id":41,"date":"2009-01-29T11:03:02","date_gmt":"2009-01-29T10:03:02","guid":{"rendered":"http:\/\/www.hoermahnmal.eu\/?page_id=41"},"modified":"2009-01-29T11:03:02","modified_gmt":"2009-01-29T10:03:02","slug":"kontakt","status":"publish","type":"page","link":"https:\/\/blog.radiofabrik.at\/hoermahnmal\/kontakt\/","title":{"rendered":"PROJEKT"},"content":{"rendered":"<div class=\"entry\">\n<p>Sinti und Roma sind einer Opfergruppe des NS-Regimes an, dessen Schicksal von der \u00d6ffentlichkeit \u00fcber Jahrzehnte hinweg ignoriert oder auch geleugnet wurde. Sinti und Roma galten in der Rassenideologie des Nationalsozialismus als \u201cminderwertig\u201d. \u201eDie Zigeuner\u201c als Opfer des Holocaust sind im \u00f6ffentlichen Bewusstsein jedoch nicht so stark verankert. Sinti und Roma gelten daher oft als \u201edie vergessenen Opfer.<\/p>\n<p>Bereits 1931 begann die SS mit der Erfassung und \u201eErforschung\u201c der \u201eZigeuner\u201c. Nach Beginn des Zweiten Weltkriegs durften Sinti und Roma auf Anordnung von Heinrich Himmler ab Mitte Oktober 1939 ihre Wohnsitze nicht mehr verlassen. Die gro\u00dfe Mehrheit der deutschen und \u00f6sterreichischen Sinti und Roma wurde in Lagern interniert, um sie sp\u00e4ter zu deportieren.Von den rund 40.000 deutschen und \u00f6sterreichischen Sinti und Roma wurden \u00fcber 25.000 ermordet. Insgesamt fielen gesch\u00e4tzte 220.000 bis 500.000 Sinti und Roma dem Rassenwahn der Nationalsozialisten und dem an ihnen systematisch geplanten V\u00f6lkermord zum Opfer.<\/p><\/div>\n<p>Das Projekt \u201eNiemals Vergessen &#8211; Ein H\u00f6rmahnmal\u201c wird von der Radiofabrik Salzburg und Radio Corax in Halle in Zusammenarbeit mit weiteren informellen Partnern wie z.B. Schulen, der Gedenkst\u00e4tte \u201eRoter Ochse\u201c in Halle, Studio West, ARGEkultur, Dachverband Salzburger Kulturst\u00e4tten und dem Salzburger Personen-Komitee Stolpersteine durchgef\u00fchrt.<\/p>\n<h4><a href=\"http:\/\/www.radiofabrik.at\" target=\"_blank\">RADIOFABRIK<\/a><\/h4>\n<p>Verein freier Rundfunk Salzburg, Josef-Preis-Allee 16, 5020 Salzburg, \u00d6sterreich<\/p>\n<p>Kontakt: Alf Altendorf , office@radiofabrik.at ,++43-(0)662-842961<\/p>\n<h4><a href=\"http:\/\/www.radiocorax.de\" target=\"_blank\">RADIO CORAX<\/a><\/h4>\n<p>Unterberg 11, 06108 Halle\/Saale, Deutschland<\/p>\n<p>Kontakt: buero@radiocorax.de, ++49-(0)3 45- 4 70 07 45<\/p>\n<p><a href=\"http:\/\/cms.radiocorax.de\/index.php?option=com_content&amp;task=view&amp;id=2916&amp;Itemid=1\" target=\"_blank\">Thomas Kupfer, der Projektleiter bei Radio Corax, verstarb am 2. August 2009 p\u00f6tzlich und ohne Vorzeichen<\/a><\/p>\n<p>Projektbezogene Anfragen bitten wir Sie deshalb an office@radiofabrik.at zu schicken.<\/p>\n<h4>Das Projekt wird unterst\u00fctzt von:<\/h4>\n<p>Europ\u00e4ische Union (Programm:\u00a0Europa f\u00fcr B\u00fcrgerInnen und B\u00fcrger, Aktion 4: Aktive Europ\u00e4ische Erinnerung).<\/p>\n<p>Nationalfond der Republik \u00d6sterreich.<\/p>\n<p>Land Salzburg.<\/p>\n","protected":false},"excerpt":{"rendered":"<p>Sinti und Roma sind einer Opfergruppe des NS-Regimes an, dessen Schicksal von der \u00d6ffentlichkeit \u00fcber Jahrzehnte hinweg ignoriert oder auch geleugnet wurde. Sinti und Roma galten in der Rassenideologie des Nationalsozialismus als \u201cminderwertig\u201d. \u201eDie Zigeuner\u201c als Opfer des Holocaust sind &hellip; <a href=\"https:\/\/blog.radiofabrik.at\/hoermahnmal\/kontakt\/\">Weiterlesen <span class=\"meta-nav\">&rarr;<\/span><\/a><\/p>\n","protected":false},"author":2,"featured_media":0,"parent":0,"menu_order":6,"comment_status":"open","ping_status":"open","template":"","meta":{"footnotes":""},"class_list":["post-41","page","type-page","status-publish","hentry"],"_links":{"self":[{"href":"https:\/\/blog.radiofabrik.at\/hoermahnmal\/wp-json\/wp\/v2\/pages\/41","targetHints":{"allow":["GET"]}}],"collection":[{"href":"https:\/\/blog.radiofabrik.at\/hoermahnmal\/wp-json\/wp\/v2\/pages"}],"about":[{"href":"https:\/\/blog.radiofabrik.at\/hoermahnmal\/wp-json\/wp\/v2\/types\/page"}],"author":[{"embeddable":true,"href":"https:\/\/blog.radiofabrik.at\/hoermahnmal\/wp-json\/wp\/v2\/users\/2"}],"replies":[{"embeddable":true,"href":"https:\/\/blog.radiofabrik.at\/hoermahnmal\/wp-json\/wp\/v2\/comments?post=41"}],"version-history":[{"count":0,"href":"https:\/\/blog.radiofabrik.at\/hoermahnmal\/wp-json\/wp\/v2\/pages\/41\/revisions"}],"wp:attachment":[{"href":"https:\/\/blog.radiofabrik.at\/hoermahnmal\/wp-json\/wp\/v2\/media?parent=41"}],"curies":[{"name":"wp","href":"https:\/\/api.w.org\/{rel}","templated":true}]}}