{"id":2,"date":"2014-06-12T12:38:40","date_gmt":"2014-06-12T12:38:40","guid":{"rendered":"http:\/\/blog.radiofabrik.at\/hunderunde\/?page_id=2"},"modified":"2018-02-10T23:10:55","modified_gmt":"2018-02-10T23:10:55","slug":"sample-page","status":"publish","type":"page","link":"https:\/\/blog.radiofabrik.at\/hunderunde\/sample-page\/","title":{"rendered":"Hunderunde Blog"},"content":{"rendered":"<h3>Herzlich willkommen zum Hunderunde Blog.<\/h3>\n<figure id=\"attachment_77\" aria-describedby=\"caption-attachment-77\" style=\"width: 300px\" class=\"wp-caption alignleft\"><a href=\"https:\/\/blog.radiofabrik.at\/hunderunde\/files\/2014\/09\/karinstudio.jpg\"><img loading=\"lazy\" decoding=\"async\" class=\"wp-image-77 size-medium\" src=\"https:\/\/blog.radiofabrik.at\/hunderunde\/files\/2014\/09\/karinstudio-300x300.jpg\" alt=\"Karin im Studio\" width=\"300\" height=\"300\" srcset=\"https:\/\/blog.radiofabrik.at\/hunderunde\/files\/2014\/09\/karinstudio-300x300.jpg 300w, https:\/\/blog.radiofabrik.at\/hunderunde\/files\/2014\/09\/karinstudio-150x150.jpg 150w, https:\/\/blog.radiofabrik.at\/hunderunde\/files\/2014\/09\/karinstudio-1024x1024.jpg 1024w\" sizes=\"auto, (max-width: 300px) 100vw, 300px\" \/><\/a><figcaption id=\"caption-attachment-77\" class=\"wp-caption-text\">Im Studio der Radiofabrik<\/figcaption><\/figure>\n<p>Dieser Blog ist entstanden, um rund um die Radiosendung &#8222;Hunderunde &#8211; Gespr\u00e4che und Gedanken \u00fcber Hunde und Menschen&#8220; die M\u00f6glichkeit zu bieten, Sie \u00fcber die Radiosendungen, die Themen und die G\u00e4ste auf dem Laufenden zu halten. Und um Ihnen, falls Sie keine Gelegenheit hatten, p\u00fcnktlich Ihr Radio einzuschalten, die M\u00f6glichkeit zum Nachh\u00f6ren zu geben.<\/p>\n<h3>Hunderunde Servicebox<\/h3>\n<p>In der Hunderunde Servicebox geben wir Ihnen Literatur und Webbtipps, weisen Sie auf Veranstaltungen und anderes Interessante hin.<\/p>\n<h3>Auf den Hund gekommen<\/h3>\n<p>ist die Hunderunde auch musikalisch.\u00a0 Ob Hunde im Titel des Liedes, im Namen der Band oder des K\u00fcnstlers, ob f\u00fcr Hunde, \u00fcber Hunde geschrieben oder ob die K\u00fcnstler einen besonderen Bezug zu Hunden haben &#8211; irgendeine Verbindung gibt es immer.<\/p>\n<h4><strong>Sendung anh\u00f6ren:<\/strong><\/h4>\n<p>Live auf der <a href=\"http:\/\/www.radiofabrik.at\" target=\"_blank\">Radiofabrik<\/a> 107,5 oder per <a href=\"http:\/\/www.radiofabrik.at\/rafab_stream_low.m3u\" target=\"_blank\">Livestream<\/a> immer am 2. Mittwoch im Monat um 12:08 Uhr und am 2. Donnerstag im Monat um 19:06 Uhr. Nachh\u00f6ren ebenfalls \u00fcber die <a href=\"http:\/\/www.radiofabrik.at\/programm0\/sendungenvona-z\/hunderunde.html\" target=\"_blank\">Radiofabrik <\/a>oder \u00fcber den <a href=\"https:\/\/blog.radiofabrik.at\/hunderunde\/\" target=\"_blank\">Hunderunde Blog.<\/a><\/p>\n<h6>Feedback und Kontakt: Karin Immler,\u00a0 <a href=\"http:\/\/www.knowwau.com\" target=\"_blank\">www.knowwau.com<\/a><\/h6>\n<p>&nbsp;<\/p>\n<p>&nbsp;<\/p>\n<p>&nbsp;<\/p>\n","protected":false},"excerpt":{"rendered":"<p>Herzlich willkommen zum Hunderunde Blog. Dieser Blog ist entstanden, um rund um die Radiosendung &#8222;Hunderunde &#8211; Gespr\u00e4che und Gedanken \u00fcber Hunde und Menschen&#8220; die M\u00f6glichkeit zu bieten, Sie \u00fcber die Radiosendungen, die Themen und die G\u00e4ste auf dem Laufenden zu halten. Und um Ihnen, falls Sie keine Gelegenheit hatten, p\u00fcnktlich Ihr Radio einzuschalten, die M\u00f6glichkeit &hellip; <a href=\"https:\/\/blog.radiofabrik.at\/hunderunde\/sample-page\/\" class=\"more-link\"><span class=\"screen-reader-text\">Hunderunde Blog<\/span> weiterlesen <span class=\"meta-nav\">&rarr;<\/span><\/a><\/p>\n","protected":false},"author":682,"featured_media":0,"parent":0,"menu_order":0,"comment_status":"open","ping_status":"open","template":"","meta":{"_acf_changed":false,"footnotes":""},"class_list":["post-2","page","type-page","status-publish","hentry"],"acf":[],"yoast_head":"<!-- This site is optimized with the Yoast SEO plugin v27.3 - https:\/\/yoast.com\/product\/yoast-seo-wordpress\/ -->\n<title>Hunderunde Blog - Hunderunde<\/title>\n<meta name=\"robots\" content=\"index, follow, max-snippet:-1, max-image-preview:large, max-video-preview:-1\" \/>\n<link rel=\"canonical\" href=\"https:\/\/blog.radiofabrik.at\/hunderunde\/sample-page\/\" \/>\n<meta property=\"og:locale\" content=\"de_DE\" \/>\n<meta property=\"og:type\" content=\"article\" \/>\n<meta property=\"og:title\" content=\"Hunderunde Blog - Hunderunde\" \/>\n<meta property=\"og:description\" content=\"Herzlich willkommen zum Hunderunde Blog. Dieser Blog ist entstanden, um rund um die Radiosendung &#8222;Hunderunde &#8211; Gespr\u00e4che und Gedanken \u00fcber Hunde und Menschen&#8220; die M\u00f6glichkeit zu bieten, Sie \u00fcber die Radiosendungen, die Themen und die G\u00e4ste auf dem Laufenden zu halten. Und um Ihnen, falls Sie keine Gelegenheit hatten, p\u00fcnktlich Ihr Radio einzuschalten, die M\u00f6glichkeit &hellip; Hunderunde Blog weiterlesen &rarr;\" \/>\n<meta property=\"og:url\" content=\"https:\/\/blog.radiofabrik.at\/hunderunde\/sample-page\/\" \/>\n<meta property=\"og:site_name\" content=\"Hunderunde\" \/>\n<meta property=\"article:publisher\" content=\"https:\/\/www.facebook.com\/karin.immler.7\" \/>\n<meta property=\"article:modified_time\" content=\"2018-02-10T23:10:55+00:00\" \/>\n<meta property=\"og:image\" content=\"https:\/\/blog.radiofabrik.at\/hunderunde\/files\/2014\/09\/karinstudio-300x300.jpg\" \/>\n<meta name=\"twitter:label1\" content=\"Gesch\u00e4tzte Lesezeit\" \/>\n\t<meta name=\"twitter:data1\" content=\"1\u00a0Minute\" \/>\n<script type=\"application\/ld+json\" class=\"yoast-schema-graph\">{\"@context\":\"https:\\\/\\\/schema.org\",\"@graph\":[{\"@type\":[\"WebPage\",\"CollectionPage\"],\"@id\":\"https:\\\/\\\/blog.radiofabrik.at\\\/hunderunde\\\/sample-page\\\/\",\"url\":\"https:\\\/\\\/blog.radiofabrik.at\\\/hunderunde\\\/sample-page\\\/\",\"name\":\"Hunderunde Blog - Hunderunde\",\"isPartOf\":{\"@id\":\"https:\\\/\\\/blog.radiofabrik.at\\\/hunderunde\\\/#website\"},\"primaryImageOfPage\":{\"@id\":\"https:\\\/\\\/blog.radiofabrik.at\\\/hunderunde\\\/sample-page\\\/#primaryimage\"},\"image\":{\"@id\":\"https:\\\/\\\/blog.radiofabrik.at\\\/hunderunde\\\/sample-page\\\/#primaryimage\"},\"thumbnailUrl\":\"https:\\\/\\\/blog.radiofabrik.at\\\/hunderunde\\\/files\\\/2014\\\/09\\\/karinstudio-300x300.jpg\",\"datePublished\":\"2014-06-12T12:38:40+00:00\",\"dateModified\":\"2018-02-10T23:10:55+00:00\",\"breadcrumb\":{\"@id\":\"https:\\\/\\\/blog.radiofabrik.at\\\/hunderunde\\\/sample-page\\\/#breadcrumb\"},\"inLanguage\":\"de\"},{\"@type\":\"ImageObject\",\"inLanguage\":\"de\",\"@id\":\"https:\\\/\\\/blog.radiofabrik.at\\\/hunderunde\\\/sample-page\\\/#primaryimage\",\"url\":\"https:\\\/\\\/blog.radiofabrik.at\\\/hunderunde\\\/files\\\/2014\\\/09\\\/karinstudio.jpg\",\"contentUrl\":\"https:\\\/\\\/blog.radiofabrik.at\\\/hunderunde\\\/files\\\/2014\\\/09\\\/karinstudio.jpg\",\"width\":2646,\"height\":2646,\"caption\":\"Im Studio der Radiofabrik\"},{\"@type\":\"BreadcrumbList\",\"@id\":\"https:\\\/\\\/blog.radiofabrik.at\\\/hunderunde\\\/sample-page\\\/#breadcrumb\",\"itemListElement\":[{\"@type\":\"ListItem\",\"position\":1,\"name\":\"Startseite\",\"item\":\"https:\\\/\\\/blog.radiofabrik.at\\\/hunderunde\\\/\"},{\"@type\":\"ListItem\",\"position\":2,\"name\":\"Hunderunde Blog\"}]},{\"@type\":\"WebSite\",\"@id\":\"https:\\\/\\\/blog.radiofabrik.at\\\/hunderunde\\\/#website\",\"url\":\"https:\\\/\\\/blog.radiofabrik.at\\\/hunderunde\\\/\",\"name\":\"Hunderunde\",\"description\":\"Gespr\u00e4che und Gedanken \u00fcber Hunde und Menschen\",\"potentialAction\":[{\"@type\":\"SearchAction\",\"target\":{\"@type\":\"EntryPoint\",\"urlTemplate\":\"https:\\\/\\\/blog.radiofabrik.at\\\/hunderunde\\\/?s={search_term_string}\"},\"query-input\":{\"@type\":\"PropertyValueSpecification\",\"valueRequired\":true,\"valueName\":\"search_term_string\"}}],\"inLanguage\":\"de\"}]}<\/script>\n<!-- \/ Yoast SEO plugin. -->","yoast_head_json":{"title":"Hunderunde Blog - Hunderunde","robots":{"index":"index","follow":"follow","max-snippet":"max-snippet:-1","max-image-preview":"max-image-preview:large","max-video-preview":"max-video-preview:-1"},"canonical":"https:\/\/blog.radiofabrik.at\/hunderunde\/sample-page\/","og_locale":"de_DE","og_type":"article","og_title":"Hunderunde Blog - Hunderunde","og_description":"Herzlich willkommen zum Hunderunde Blog. Dieser Blog ist entstanden, um rund um die Radiosendung &#8222;Hunderunde &#8211; Gespr\u00e4che und Gedanken \u00fcber Hunde und Menschen&#8220; die M\u00f6glichkeit zu bieten, Sie \u00fcber die Radiosendungen, die Themen und die G\u00e4ste auf dem Laufenden zu halten. Und um Ihnen, falls Sie keine Gelegenheit hatten, p\u00fcnktlich Ihr Radio einzuschalten, die M\u00f6glichkeit &hellip; Hunderunde Blog weiterlesen &rarr;","og_url":"https:\/\/blog.radiofabrik.at\/hunderunde\/sample-page\/","og_site_name":"Hunderunde","article_publisher":"https:\/\/www.facebook.com\/karin.immler.7","article_modified_time":"2018-02-10T23:10:55+00:00","og_image":[{"url":"https:\/\/blog.radiofabrik.at\/hunderunde\/files\/2014\/09\/karinstudio-300x300.jpg","type":"","width":"","height":""}],"twitter_misc":{"Gesch\u00e4tzte Lesezeit":"1\u00a0Minute"},"schema":{"@context":"https:\/\/schema.org","@graph":[{"@type":["WebPage","CollectionPage"],"@id":"https:\/\/blog.radiofabrik.at\/hunderunde\/sample-page\/","url":"https:\/\/blog.radiofabrik.at\/hunderunde\/sample-page\/","name":"Hunderunde Blog - Hunderunde","isPartOf":{"@id":"https:\/\/blog.radiofabrik.at\/hunderunde\/#website"},"primaryImageOfPage":{"@id":"https:\/\/blog.radiofabrik.at\/hunderunde\/sample-page\/#primaryimage"},"image":{"@id":"https:\/\/blog.radiofabrik.at\/hunderunde\/sample-page\/#primaryimage"},"thumbnailUrl":"https:\/\/blog.radiofabrik.at\/hunderunde\/files\/2014\/09\/karinstudio-300x300.jpg","datePublished":"2014-06-12T12:38:40+00:00","dateModified":"2018-02-10T23:10:55+00:00","breadcrumb":{"@id":"https:\/\/blog.radiofabrik.at\/hunderunde\/sample-page\/#breadcrumb"},"inLanguage":"de"},{"@type":"ImageObject","inLanguage":"de","@id":"https:\/\/blog.radiofabrik.at\/hunderunde\/sample-page\/#primaryimage","url":"https:\/\/blog.radiofabrik.at\/hunderunde\/files\/2014\/09\/karinstudio.jpg","contentUrl":"https:\/\/blog.radiofabrik.at\/hunderunde\/files\/2014\/09\/karinstudio.jpg","width":2646,"height":2646,"caption":"Im Studio der Radiofabrik"},{"@type":"BreadcrumbList","@id":"https:\/\/blog.radiofabrik.at\/hunderunde\/sample-page\/#breadcrumb","itemListElement":[{"@type":"ListItem","position":1,"name":"Startseite","item":"https:\/\/blog.radiofabrik.at\/hunderunde\/"},{"@type":"ListItem","position":2,"name":"Hunderunde Blog"}]},{"@type":"WebSite","@id":"https:\/\/blog.radiofabrik.at\/hunderunde\/#website","url":"https:\/\/blog.radiofabrik.at\/hunderunde\/","name":"Hunderunde","description":"Gespr\u00e4che und Gedanken \u00fcber Hunde und Menschen","potentialAction":[{"@type":"SearchAction","target":{"@type":"EntryPoint","urlTemplate":"https:\/\/blog.radiofabrik.at\/hunderunde\/?s={search_term_string}"},"query-input":{"@type":"PropertyValueSpecification","valueRequired":true,"valueName":"search_term_string"}}],"inLanguage":"de"}]}},"_links":{"self":[{"href":"https:\/\/blog.radiofabrik.at\/hunderunde\/wp-json\/wp\/v2\/pages\/2","targetHints":{"allow":["GET"]}}],"collection":[{"href":"https:\/\/blog.radiofabrik.at\/hunderunde\/wp-json\/wp\/v2\/pages"}],"about":[{"href":"https:\/\/blog.radiofabrik.at\/hunderunde\/wp-json\/wp\/v2\/types\/page"}],"author":[{"embeddable":true,"href":"https:\/\/blog.radiofabrik.at\/hunderunde\/wp-json\/wp\/v2\/users\/682"}],"replies":[{"embeddable":true,"href":"https:\/\/blog.radiofabrik.at\/hunderunde\/wp-json\/wp\/v2\/comments?post=2"}],"version-history":[{"count":4,"href":"https:\/\/blog.radiofabrik.at\/hunderunde\/wp-json\/wp\/v2\/pages\/2\/revisions"}],"predecessor-version":[{"id":851,"href":"https:\/\/blog.radiofabrik.at\/hunderunde\/wp-json\/wp\/v2\/pages\/2\/revisions\/851"}],"wp:attachment":[{"href":"https:\/\/blog.radiofabrik.at\/hunderunde\/wp-json\/wp\/v2\/media?parent=2"}],"curies":[{"name":"wp","href":"https:\/\/api.w.org\/{rel}","templated":true}]}}