{"id":14,"date":"2007-06-26T09:59:32","date_gmt":"2007-06-26T07:59:32","guid":{"rendered":"http:\/\/ispeakfootball.eu\/?page_id=10"},"modified":"2018-07-19T09:21:46","modified_gmt":"2018-07-19T09:21:46","slug":"multilingual-spots","status":"publish","type":"page","link":"https:\/\/blog.radiofabrik.at\/ispeakfootball\/multilingual-spots\/","title":{"rendered":"Multilingual Spots"},"content":{"rendered":"<p>Das &#8220;Football-dictionary&#8221;, unser Radio-Fu\u00dfball-W\u00f6rterbuch.<\/p>\n<p>Hier kannst du dir verschiedene S\u00e4tze, die im Fu\u00dfball wichtig sind, in jeweils drei verschiedenen Sprachen anh\u00f6ren.<\/p>\n<p>Damit du den &#8220;gegnerischen&#8221; Fans mal sagen kannst, wie du die Sache siehst.<\/p>\n<p>Du kann die Spots einfach anh\u00f6ren oder herunterladen, du kannst sie auch deinen Freunden schicken oder sie in deinem Radio oder in deinem Fu\u00dfballverein ausstrahlen.<\/p>\n<p>I love football and of course I will go to Austria and Switzerland for the European Championship 2008!<br \/>\n\n<!-- iframe plugin v.6.0 wordpress.org\/plugins\/iframe\/ -->\n<iframe loading=\"lazy\" src=\"https:\/\/cba.fro.at\/379939\/embed?\" width=\"100%\" height=\"220\" scrolling=\"yes\" class=\"iframe-class\" frameborder=\"0\"><\/iframe>\n<\/p>\n<p>English &#8211; Slovene \u2013 Finish<\/p>\n<p>Football dictionary: I&#8217;m happy: My dream team hat won two to one.<br \/>\n\n<!-- iframe plugin v.6.0 wordpress.org\/plugins\/iframe\/ -->\n<iframe loading=\"lazy\" src=\"https:\/\/cba.fro.at\/379941\/embed?\" width=\"100%\" height=\"220\" scrolling=\"yes\" class=\"iframe-class\" frameborder=\"0\"><\/iframe>\n<br \/>\nLetzeburgesch &#8211; Italian &#8211; Turkish<\/p>\n<p>Football dictionary: That was offside! Did you see it?<br \/>\n\n<!-- iframe plugin v.6.0 wordpress.org\/plugins\/iframe\/ -->\n<iframe loading=\"lazy\" src=\"https:\/\/cba.fro.at\/379943\/embed?\" width=\"100%\" height=\"220\" scrolling=\"yes\" class=\"iframe-class\" frameborder=\"0\"><\/iframe>\n<br \/>\nFrench &#8211; Slovak &#8211; Maltese<\/p>\n<p>Football dictionary: What ist the score? Who&#8217;s going to win the Euro 2008?<br \/>\n\n<!-- iframe plugin v.6.0 wordpress.org\/plugins\/iframe\/ -->\n<iframe loading=\"lazy\" src=\"https:\/\/cba.fro.at\/379945\/embed?\" width=\"100%\" height=\"220\" scrolling=\"yes\" class=\"iframe-class\" frameborder=\"0\"><\/iframe>\n<br \/>\nFinnish &#8211; French &#8211; Turkish<\/p>\n<p>Football dictionary: What a great goal Congratulations!<br \/>\n\n<!-- iframe plugin v.6.0 wordpress.org\/plugins\/iframe\/ -->\n<iframe loading=\"lazy\" src=\"https:\/\/cba.fro.at\/379947\/embed?\" width=\"100%\" height=\"220\" scrolling=\"yes\" class=\"iframe-class\" frameborder=\"0\"><\/iframe>\n<br \/>\nhttps:\/\/cba.fro.at\/379947<br \/>\nFinnish &#8211; Letzeburgesch &#8211; Italian<\/p>\n<p>Football dictionary: I am fan of &#8230; They are the best team in the world.<br \/>\n\n<!-- iframe plugin v.6.0 wordpress.org\/plugins\/iframe\/ -->\n<iframe loading=\"lazy\" src=\"https:\/\/cba.fro.at\/379952\/embed?\" width=\"100%\" height=\"220\" scrolling=\"yes\" class=\"iframe-class\" frameborder=\"0\"><\/iframe>\n<br \/>\nPortuguese &#8211; English &#8211; Estonian<\/p>\n<p>Football dictionary: What a great goal! Congratulations!<br \/>\n\n<!-- iframe plugin v.6.0 wordpress.org\/plugins\/iframe\/ -->\n<iframe loading=\"lazy\" src=\"https:\/\/cba.fro.at\/379955\/embed?\" width=\"100%\" height=\"220\" scrolling=\"yes\" class=\"iframe-class\" frameborder=\"0\"><\/iframe>\n<br \/>\nSwedish &#8211; French &#8211; Czech<\/p>\n<p>Football dictionary: She has got a red card because of a bad foul.<br \/>\n\n<!-- iframe plugin v.6.0 wordpress.org\/plugins\/iframe\/ -->\n<iframe loading=\"lazy\" src=\"https:\/\/cba.fro.at\/379957\/embed?\" width=\"100%\" height=\"220\" scrolling=\"yes\" class=\"iframe-class\" frameborder=\"0\"><\/iframe>\n<br \/>\nHungarian &#8211; Slovene &#8211; English<\/p>\n<p>Football dictionary: That was never a penalty! The referee is not fair!<br \/>\n\n<!-- iframe plugin v.6.0 wordpress.org\/plugins\/iframe\/ -->\n<iframe loading=\"lazy\" src=\"https:\/\/cba.fro.at\/379934\/embed?\" width=\"100%\" height=\"220\" scrolling=\"yes\" class=\"iframe-class\" frameborder=\"0\"><\/iframe>\n<br \/>\nGerman &#8211; Estonian &#8211; Hungarian<\/p>\n<p>Football dictionary: I am happy: My dream team has won two to one.<br \/>\n\n<!-- iframe plugin v.6.0 wordpress.org\/plugins\/iframe\/ -->\n<iframe loading=\"lazy\" src=\"https:\/\/cba.fro.at\/379959\/embed?\" width=\"100%\" height=\"220\" scrolling=\"yes\" class=\"iframe-class\" frameborder=\"0\"><\/iframe>\n<br \/>\nGreek &#8211; Maltese &#8211; Italian<\/p>\n<p>Football dictionary: Show racism the red card! Football against racism in Europa!<br \/>\n\n<!-- iframe plugin v.6.0 wordpress.org\/plugins\/iframe\/ -->\n<iframe loading=\"lazy\" src=\"https:\/\/cba.fro.at\/379961\/embed?\" width=\"100%\" height=\"220\" scrolling=\"yes\" class=\"iframe-class\" frameborder=\"0\"><\/iframe>\n<br \/>\nDutch &#8211; Italian &#8211; Slovene<\/p>\n<p>Football dictionary: What ist the score? Who&#8217;s going to win the Euro 2008?<br \/>\n\n<!-- iframe plugin v.6.0 wordpress.org\/plugins\/iframe\/ -->\n<iframe loading=\"lazy\" src=\"https:\/\/cba.fro.at\/379928\/embed?\" width=\"100%\" height=\"220\" scrolling=\"yes\" class=\"iframe-class\" frameborder=\"0\"><\/iframe>\n<br \/>\nPolish &#8211; German &#8211; Estonian<\/p>\n<p>Football dictionary: What&#8217;s the score? Who&#8217;s going to win the Euro 2008?<br \/>\n\n<!-- iframe plugin v.6.0 wordpress.org\/plugins\/iframe\/ -->\n<iframe loading=\"lazy\" src=\"https:\/\/cba.fro.at\/379931\/embed?\" width=\"100%\" height=\"220\" scrolling=\"yes\" class=\"iframe-class\" frameborder=\"0\"><\/iframe>\n<br \/>\nSlovak &#8211; Portuguese &#8211; Icelandic<\/p>\n<p>Football dictionary: It was a great game, what a pity we did not win.<br \/>\n\n<!-- iframe plugin v.6.0 wordpress.org\/plugins\/iframe\/ -->\n<iframe loading=\"lazy\" src=\"https:\/\/cba.fro.at\/379964\/embed?\" width=\"100%\" height=\"220\" scrolling=\"yes\" class=\"iframe-class\" frameborder=\"0\"><\/iframe>\n<br \/>\nRomanian &#8211; Swedish &#8211; Polish<\/p>\n<p>Football dictionary: Show racism the red card! Football against racism in Europe!<br \/>\n\n<!-- iframe plugin v.6.0 wordpress.org\/plugins\/iframe\/ -->\n<iframe loading=\"lazy\" src=\"https:\/\/cba.fro.at\/379966\/embed?\" width=\"100%\" height=\"220\" scrolling=\"yes\" class=\"iframe-class\" frameborder=\"0\"><\/iframe>\n<br \/>\nSpanish &#8211; Czech &#8211; Greek<\/p>\n<p>Football dictionary: I love football and of Course I will go to Austria and Switzerland for the European Championship 2008!<br \/>\n\n<!-- iframe plugin v.6.0 wordpress.org\/plugins\/iframe\/ -->\n<iframe loading=\"lazy\" src=\"https:\/\/cba.fro.at\/379968\/embed?\" width=\"100%\" height=\"220\" scrolling=\"yes\" class=\"iframe-class\" frameborder=\"0\"><\/iframe>\n<br \/>\nhttps:\/\/cba.fro.at\/379968<br \/>\nIcelandic &#8211; Maltese &#8211; Spanish<\/p>\n<p>Football dictionary: Show racism the red card! Football against racism in Europe!<br \/>\n\n<!-- iframe plugin v.6.0 wordpress.org\/plugins\/iframe\/ -->\n<iframe loading=\"lazy\" src=\"https:\/\/cba.fro.at\/379970\/embed?\" width=\"100%\" height=\"220\" scrolling=\"yes\" class=\"iframe-class\" frameborder=\"0\"><\/iframe>\n<br \/>\nhttps:\/\/cba.fro.at\/379970<br \/>\nTurkish &#8211; German &#8211; Czech<\/p>\n<p>Football dictionary: My name is &#8230; and I come from &#8230; I speak , &#8230;, &#8230;, &#8230; and of course, I speak football!<br \/>\n\n<!-- iframe plugin v.6.0 wordpress.org\/plugins\/iframe\/ -->\n<iframe loading=\"lazy\" src=\"https:\/\/cba.fro.at\/379972\/embed?\" width=\"100%\" height=\"220\" scrolling=\"yes\" class=\"iframe-class\" frameborder=\"0\"><\/iframe>\n<br \/>\nhttps:\/\/cba.fro.at\/379972<br \/>\nGreek &#8211; English &#8211; Swedish<\/p>\n<p>Football dictionary: I&#8217;m happy: My dream team hat won two to one.<br \/>\n\n<!-- iframe plugin v.6.0 wordpress.org\/plugins\/iframe\/ -->\n<iframe loading=\"lazy\" src=\"https:\/\/cba.fro.at\/379974\/embed?\" width=\"100%\" height=\"220\" scrolling=\"yes\" class=\"iframe-class\" frameborder=\"0\"><\/iframe>\n<br \/>\nPolish &#8211; Slovene &#8211; Spanish<\/p>\n<p>Football dictionary: She has got a red card because of a bad foul.<br \/>\n\n<!-- iframe plugin v.6.0 wordpress.org\/plugins\/iframe\/ -->\n<iframe loading=\"lazy\" src=\"https:\/\/cba.fro.at\/379976\/embed?\" width=\"100%\" height=\"220\" scrolling=\"yes\" class=\"iframe-class\" frameborder=\"0\"><\/iframe>\n<br \/>\nItalian &#8211; Bulgarian &#8211; Dutch<\/p>\n<p>Football dictionary: That was offside? Did you see it?<br \/>\n\n<!-- iframe plugin v.6.0 wordpress.org\/plugins\/iframe\/ -->\n<iframe loading=\"lazy\" src=\"https:\/\/cba.fro.at\/379978\/embed?\" width=\"100%\" height=\"220\" scrolling=\"yes\" class=\"iframe-class\" frameborder=\"0\"><\/iframe>\n<br \/>\nBulgarian &#8211; Finnish &#8211; Polish<\/p>\n<p>Football dictionary: That was never a penalty! The referee is not fair!<br \/>\n\n<!-- iframe plugin v.6.0 wordpress.org\/plugins\/iframe\/ -->\n<iframe loading=\"lazy\" src=\"https:\/\/cba.fro.at\/379980\/embed?\" width=\"100%\" height=\"220\" scrolling=\"yes\" class=\"iframe-class\" frameborder=\"0\"><\/iframe>\n<br \/>\nLetzeburgesch &#8211; Finnish &#8211; Slovene<\/p>\n<p>Football dictionary: My name is &#8230; and I come from &#8230; . I speak &#8230;, and of course I speak football!<br \/>\n\n<!-- iframe plugin v.6.0 wordpress.org\/plugins\/iframe\/ -->\n<iframe loading=\"lazy\" src=\"https:\/\/cba.fro.at\/379983\/embed?\" width=\"100%\" height=\"220\" scrolling=\"yes\" class=\"iframe-class\" frameborder=\"0\"><\/iframe>\n<br \/>\nIrish &#8211; Romanian &#8211; German<\/p>\n<p>Football dictionary: It was a great game, what a pity we did not win.<br \/>\n\n<!-- iframe plugin v.6.0 wordpress.org\/plugins\/iframe\/ -->\n<iframe loading=\"lazy\" src=\"https:\/\/cba.fro.at\/379985\/embed?\" width=\"100%\" height=\"220\" scrolling=\"yes\" class=\"iframe-class\" frameborder=\"0\"><\/iframe>\n<br \/>\nIrish &#8211; French &#8211; Letzeburgesch<\/p>\n<p>Here you find trilingual spots, each featuring on a football-related phrase in three different languages.<\/p>\n<p>I love football and of course I will go to Austria and Switzerland for the European Championship 2008!<br \/>\n\n<!-- iframe plugin v.6.0 wordpress.org\/plugins\/iframe\/ -->\n<iframe loading=\"lazy\" src=\"https:\/\/cba.fro.at\/379987\/embed?\" width=\"100%\" height=\"220\" scrolling=\"yes\" class=\"iframe-class\" frameborder=\"0\"><\/iframe>\n<br \/>\nEnglish &#8211; Slovene &#8211; Finish<\/p>\n<p>I&#8217;m happy: My dream team hat won two to one.<br \/>\n\n<!-- iframe plugin v.6.0 wordpress.org\/plugins\/iframe\/ -->\n<iframe loading=\"lazy\" src=\"https:\/\/cba.fro.at\/379989\/embed?\" width=\"100%\" height=\"220\" scrolling=\"yes\" class=\"iframe-class\" frameborder=\"0\"><\/iframe>\n<br \/>\nLetzeburgesch &#8211; Italian &#8211; Turkish<\/p>\n<p>That was offside! Did you see it?<br \/>\n\n<!-- iframe plugin v.6.0 wordpress.org\/plugins\/iframe\/ -->\n<iframe loading=\"lazy\" src=\"https:\/\/cba.fro.at\/379991\/embed?\" width=\"100%\" height=\"220\" scrolling=\"yes\" class=\"iframe-class\" frameborder=\"0\"><\/iframe>\n<br \/>\nFrench- Slovak &#8211; Maltese<\/p>\n<p>What ist the score? Who&#8217;s going to win the Euro 2008?<br \/>\n\n<!-- iframe plugin v.6.0 wordpress.org\/plugins\/iframe\/ -->\n<iframe loading=\"lazy\" src=\"https:\/\/cba.fro.at\/379993\/embed?\" width=\"100%\" height=\"220\" scrolling=\"yes\" class=\"iframe-class\" frameborder=\"0\"><\/iframe>\n<br \/>\nFinnish &#8211; French &#8211; Turkish<\/p>\n<p>What a great goal Congratulations!<br \/>\n\n<!-- iframe plugin v.6.0 wordpress.org\/plugins\/iframe\/ -->\n<iframe loading=\"lazy\" src=\"https:\/\/cba.fro.at\/379996\/embed?\" width=\"100%\" height=\"220\" scrolling=\"yes\" class=\"iframe-class\" frameborder=\"0\"><\/iframe>\n<br \/>\nFinnish &#8211; Letzeburgesch &#8211; Italian<\/p>\n<p>I am fan of &#8230; They are the best team in the world.<br \/>\n\n<!-- iframe plugin v.6.0 wordpress.org\/plugins\/iframe\/ -->\n<iframe loading=\"lazy\" src=\"https:\/\/cba.fro.at\/379998\/embed?\" width=\"100%\" height=\"220\" scrolling=\"yes\" class=\"iframe-class\" frameborder=\"0\"><\/iframe>\n<br \/>\nPortuguese &#8211; English &#8211; Estonian<\/p>\n<p>What a great goal! Congratulations!<br \/>\n\n<!-- iframe plugin v.6.0 wordpress.org\/plugins\/iframe\/ -->\n<iframe loading=\"lazy\" src=\"https:\/\/cba.fro.at\/380000\/embed?\" width=\"100%\" height=\"220\" scrolling=\"yes\" class=\"iframe-class\" frameborder=\"0\"><\/iframe>\n<br \/>\nSwedish &#8211; French &#8211; Czech<\/p>\n<p>She has got a red card because of a bad foul.<br \/>\n\n<!-- iframe plugin v.6.0 wordpress.org\/plugins\/iframe\/ -->\n<iframe loading=\"lazy\" src=\"https:\/\/cba.fro.at\/380003\/embed?\" width=\"100%\" height=\"220\" scrolling=\"yes\" class=\"iframe-class\" frameborder=\"0\"><\/iframe>\n<br \/>\nHungarian &#8211; Slovene &#8211; English<\/p>\n<p>That was never a penalty! The referee is not fair!<br \/>\n\n<!-- iframe plugin v.6.0 wordpress.org\/plugins\/iframe\/ -->\n<iframe loading=\"lazy\" src=\"https:\/\/cba.fro.at\/380006\/embed?\" width=\"100%\" height=\"220\" scrolling=\"yes\" class=\"iframe-class\" frameborder=\"0\"><\/iframe>\n<br \/>\nGerman &#8211; Estonian &#8211; Hungarian<\/p>\n<p>I am happy: My dream team has won two to one.<br \/>\n\n<!-- iframe plugin v.6.0 wordpress.org\/plugins\/iframe\/ -->\n<iframe loading=\"lazy\" src=\"https:\/\/cba.fro.at\/380011\/embed?\" width=\"100%\" height=\"220\" scrolling=\"yes\" class=\"iframe-class\" frameborder=\"0\"><\/iframe>\n<br \/>\nGreek &#8211; Maltese &#8211; Italian<\/p>\n<p>Show racism the red card! Football against racism in Europa!<br \/>\n\n<!-- iframe plugin v.6.0 wordpress.org\/plugins\/iframe\/ -->\n<iframe loading=\"lazy\" src=\"https:\/\/cba.fro.at\/380014\/embed?\" width=\"100%\" height=\"220\" scrolling=\"yes\" class=\"iframe-class\" frameborder=\"0\"><\/iframe>\n<br \/>\nDutch &#8211; Italian &#8211; Slovene<\/p>\n<p>What ist the score? Who&#8217;s going to win the Euro 2008?<br \/>\n\n<!-- iframe plugin v.6.0 wordpress.org\/plugins\/iframe\/ -->\n<iframe loading=\"lazy\" src=\"https:\/\/cba.fro.at\/380024\/embed?\" width=\"100%\" height=\"220\" scrolling=\"yes\" class=\"iframe-class\" frameborder=\"0\"><\/iframe>\n<br \/>\nPolish &#8211; German &#8211; Estonian<\/p>\n<p>What&#8217;s the score? Who&#8217;s going to win the Euro 2008?<br \/>\n\n<!-- iframe plugin v.6.0 wordpress.org\/plugins\/iframe\/ -->\n<iframe loading=\"lazy\" src=\"https:\/\/cba.fro.at\/380027\/embed?\" width=\"100%\" height=\"220\" scrolling=\"yes\" class=\"iframe-class\" frameborder=\"0\"><\/iframe>\n<br \/>\nSlovene &#8211; Portuguese &#8211; Icelandic<\/p>\n<p>It was a great game, what a pity we did not win.<br \/>\n\n<!-- iframe plugin v.6.0 wordpress.org\/plugins\/iframe\/ -->\n<iframe loading=\"lazy\" src=\"https:\/\/cba.fro.at\/380029\/embed?\" width=\"100%\" height=\"220\" scrolling=\"yes\" class=\"iframe-class\" frameborder=\"0\"><\/iframe>\n<br \/>\nRomanian &#8211; Swedish &#8211; Polish<\/p>\n<p>Show racism the red card! Football against racism in Europe!<br \/>\n\n<!-- iframe plugin v.6.0 wordpress.org\/plugins\/iframe\/ -->\n<iframe loading=\"lazy\" src=\"https:\/\/cba.fro.at\/380031\/embed?\" width=\"100%\" height=\"220\" scrolling=\"yes\" class=\"iframe-class\" frameborder=\"0\"><\/iframe>\n<br \/>\nSpanish &#8211; Czech &#8211; Greek<\/p>\n<p>I love football and of Course I will go to Austria and Switzerland for the European Championship 2008!<br \/>\n\n<!-- iframe plugin v.6.0 wordpress.org\/plugins\/iframe\/ -->\n<iframe loading=\"lazy\" src=\"https:\/\/cba.fro.at\/380080\/embed?\" width=\"100%\" height=\"220\" scrolling=\"yes\" class=\"iframe-class\" frameborder=\"0\"><\/iframe>\n<br \/>\nIcelandic &#8211; Maltese &#8211; Spanish<\/p>\n<p>Show racism the red card! Football against racism in Europe!<br \/>\n\n<!-- iframe plugin v.6.0 wordpress.org\/plugins\/iframe\/ -->\n<iframe loading=\"lazy\" src=\"https:\/\/cba.fro.at\/380082\/embed?\" width=\"100%\" height=\"220\" scrolling=\"yes\" class=\"iframe-class\" frameborder=\"0\"><\/iframe>\n<br \/>\nTurkish &#8211; German &#8211; Czech<\/p>\n<p>My name is &#8230; and I come from &#8230; I speak , &#8230;, &#8230;, &#8230; and of course, I speak football!<br \/>\n\n<!-- iframe plugin v.6.0 wordpress.org\/plugins\/iframe\/ -->\n<iframe loading=\"lazy\" src=\"https:\/\/cba.fro.at\/380084\/embed?\" width=\"100%\" height=\"220\" scrolling=\"yes\" class=\"iframe-class\" frameborder=\"0\"><\/iframe>\n<br \/>\nGreek &#8211; English &#8211; Swedish<\/p>\n<p>I&#8217;m happy: My dream team hat won two to one.<br \/>\n\n<!-- iframe plugin v.6.0 wordpress.org\/plugins\/iframe\/ -->\n<iframe loading=\"lazy\" src=\"https:\/\/cba.fro.at\/380086\/embed?\" width=\"100%\" height=\"220\" scrolling=\"yes\" class=\"iframe-class\" frameborder=\"0\"><\/iframe>\n<br \/>\nPolish &#8211; Slovene &#8211; Spanish<\/p>\n<p>She has got a red card because of a bad foul.<br \/>\n\n<!-- iframe plugin v.6.0 wordpress.org\/plugins\/iframe\/ -->\n<iframe loading=\"lazy\" src=\"https:\/\/cba.fro.at\/380088\/embed?\" width=\"100%\" height=\"220\" scrolling=\"yes\" class=\"iframe-class\" frameborder=\"0\"><\/iframe>\n<br \/>\nItalian &#8211; Bulgarian &#8211; Dutch<\/p>\n<p>That was offside? Did you see it?<br \/>\n\n<!-- iframe plugin v.6.0 wordpress.org\/plugins\/iframe\/ -->\n<iframe loading=\"lazy\" src=\"https:\/\/cba.fro.at\/380091\/embed?\" width=\"100%\" height=\"220\" scrolling=\"yes\" class=\"iframe-class\" frameborder=\"0\"><\/iframe>\n<br \/>\nBulgarian &#8211; Finnish &#8211; Polish<\/p>\n<p>That was never a penalty! The referee is not fair!<br \/>\n\n<!-- iframe plugin v.6.0 wordpress.org\/plugins\/iframe\/ -->\n<iframe loading=\"lazy\" src=\"https:\/\/cba.fro.at\/380093\/embed?\" width=\"100%\" height=\"220\" scrolling=\"yes\" class=\"iframe-class\" frameborder=\"0\"><\/iframe>\n<br \/>\nLetzeburgesch &#8211; Finnish &#8211; Slovene<\/p>\n<p>My name is &#8230; and I come from &#8230; . I speak &#8230;, and of course I speak football!<br \/>\n\n<!-- iframe plugin v.6.0 wordpress.org\/plugins\/iframe\/ -->\n<iframe loading=\"lazy\" src=\"https:\/\/cba.fro.at\/380097\/embed?\" width=\"100%\" height=\"220\" scrolling=\"yes\" class=\"iframe-class\" frameborder=\"0\"><\/iframe>\n<br \/>\nIrish &#8211; Romanian &#8211; German<\/p>\n<p>It was a great game, what a pity we did not win.<br \/>\n\n<!-- iframe plugin v.6.0 wordpress.org\/plugins\/iframe\/ -->\n<iframe loading=\"lazy\" src=\"https:\/\/cba.fro.at\/380100\/embed?\" width=\"100%\" height=\"220\" scrolling=\"yes\" class=\"iframe-class\" frameborder=\"0\"><\/iframe>\n<br \/>\nIrish &#8211; French &#8211; Letzeburgesch<\/p>\n","protected":false},"excerpt":{"rendered":"<p>Das &#8220;Football-dictionary&#8221;, unser Radio-Fu\u00dfball-W\u00f6rterbuch. Hier kannst du dir verschiedene S\u00e4tze, die im Fu\u00dfball wichtig sind, in jeweils drei verschiedenen Sprachen anh\u00f6ren. Damit du den &#8220;gegnerischen&#8221; Fans mal sagen kannst, wie du die Sache siehst. Du kann die Spots einfach anh\u00f6ren &hellip; <a href=\"https:\/\/blog.radiofabrik.at\/ispeakfootball\/multilingual-spots\/\">Continue reading <span class=\"meta-nav\">&rarr;<\/span><\/a><\/p>\n","protected":false},"author":2,"featured_media":0,"parent":0,"menu_order":3,"comment_status":"closed","ping_status":"closed","template":"","meta":{"footnotes":""},"class_list":["post-14","page","type-page","status-publish","hentry"],"_links":{"self":[{"href":"https:\/\/blog.radiofabrik.at\/ispeakfootball\/wp-json\/wp\/v2\/pages\/14","targetHints":{"allow":["GET"]}}],"collection":[{"href":"https:\/\/blog.radiofabrik.at\/ispeakfootball\/wp-json\/wp\/v2\/pages"}],"about":[{"href":"https:\/\/blog.radiofabrik.at\/ispeakfootball\/wp-json\/wp\/v2\/types\/page"}],"author":[{"embeddable":true,"href":"https:\/\/blog.radiofabrik.at\/ispeakfootball\/wp-json\/wp\/v2\/users\/2"}],"replies":[{"embeddable":true,"href":"https:\/\/blog.radiofabrik.at\/ispeakfootball\/wp-json\/wp\/v2\/comments?post=14"}],"version-history":[{"count":5,"href":"https:\/\/blog.radiofabrik.at\/ispeakfootball\/wp-json\/wp\/v2\/pages\/14\/revisions"}],"predecessor-version":[{"id":123,"href":"https:\/\/blog.radiofabrik.at\/ispeakfootball\/wp-json\/wp\/v2\/pages\/14\/revisions\/123"}],"wp:attachment":[{"href":"https:\/\/blog.radiofabrik.at\/ispeakfootball\/wp-json\/wp\/v2\/media?parent=14"}],"curies":[{"name":"wp","href":"https:\/\/api.w.org\/{rel}","templated":true}]}}