{"id":53,"date":"2008-02-07T11:58:15","date_gmt":"2008-02-07T09:58:15","guid":{"rendered":"http:\/\/ispeakfootball.eu\/?page_id=53"},"modified":"2018-07-20T09:22:04","modified_gmt":"2018-07-20T09:22:04","slug":"spots2","status":"publish","type":"page","link":"https:\/\/blog.radiofabrik.at\/ispeakfootball\/spots2\/","title":{"rendered":"Star-Spots"},"content":{"rendered":"<p>SPOTI ZVEZD<\/p>\n<p>Tukaj lahko najdete radijske spote z izjavami nogometnih zvezd na temo jezikov, u\u010denja jezikov, multilingualizma in njihovih izku\u0161njah na teh podro\u010djih.<\/p>\n<p>\u010ce ste si kdaj \u017eeleli sli\u0161ati kaj si Kliton Bozgo ali Giovanni Trapatonni mislita o u\u010denju tujih jezikov, imate sedaj prilo\u017enost, da jima resni\u010dno prisluhnete.<\/p>\n<p>Spote lahko poslu\u0161ate, si jih snamete ali prosto \u0161irite med va\u0161imi prijatelji.<\/p>\n<table style=\"height: 220px\" border=\"0\" width=\"584\" cellspacing=\"5\" cellpadding=\"5\">\n<tbody>\n<tr>\n<td valign=\"top\" width=\"120\"><img loading=\"lazy\" decoding=\"async\" class=\"alignnone size-full wp-image-124\" src=\"https:\/\/blog.radiofabrik.at\/ispeakfootball\/files\/2018\/07\/00_Trapattoni.jpg\" alt=\"\" width=\"171\" height=\"222\" \/> <strong>Giovanni Trapattoni<\/strong><\/td>\n<td valign=\"top\"><a href=\"https:\/\/cba.fro.at\/380117\">Spot Trapattoni Deutsch<\/a><br \/>\n<a href=\"https:\/\/cba.fro.at\/380123\">Spot Trapattoni English<\/a><br \/>\n<a href=\"https:\/\/cba.fro.at\/380122\">Spot Trapattoni Italiano<\/a><br \/>\n<a href=\"http:\/\/www.youtube.com\/watch?v=Bqp64q7kHmw&amp;session=55BSN2u8EtDyA8l0G8cOCqBeYPWPRdiN32rS3vKei-zTgbjXQPfbVaQYmrBO6_57ESfjmcNXxIdhkQQz4KYXEQDSXw8cqGB4LEcAi2uHp96oCnC0EkjtK7vwkpMjcIESXY9YEjeHPtzOd89mQozhE9PmGqDb36WF53z0sNi8Cbh2KzPr0egO9aWT9C4eAiPvd2b4OXzdKq1ZLhU7F69NSWJNu4MrMRaOCQszu5HFEGGBfz7XqfF9GUruM9oAUIhk2SJ4goPMiQGIw0fhtJpUlpT5VeSJl2Fj\" target=\"_blank\" rel=\"noopener\">\u2026.in tukaj je intervju v nem\u0161\u010dini s slovitim Trapom (\u00bbjaz imam konec..\u00ab).t<\/a><\/td>\n<\/tr>\n<\/tbody>\n<\/table>\n<table style=\"height: 895px\" border=\"0\" width=\"553\" cellspacing=\"20\" cellpadding=\"20\">\n<tbody>\n<tr>\n<td align=\"left\" valign=\"top\" width=\"150\"><a title=\"william-gallas.jpg\" href=\"https:\/\/blog.radiofabrik.at\/wp-content\/uploads\/2008\/02\/william-gallas.jpg\"><img loading=\"lazy\" decoding=\"async\" class=\"alignnone wp-image-134\" src=\"https:\/\/blog.radiofabrik.at\/ispeakfootball\/files\/2018\/07\/William_Gallas_2018_2-200x300.jpg\" alt=\"\" width=\"104\" height=\"151\" \/> <\/a><br \/>\n<strong>William Gallas<\/strong><br \/>\n(Foto: L&#8217;Equipe)<br \/>\n<a href=\"https:\/\/cba.fro.at\/380138\">Spot Gallas English<\/a><br \/>\n<a href=\"https:\/\/cba.fro.at\/380137\"> Spot Gallas Francais<\/a><\/td>\n<td align=\"left\" valign=\"top\" width=\"150\"><a href=\"https:\/\/blog.radiofabrik.at\/?p=21\"><img loading=\"lazy\" decoding=\"async\" class=\"alignnone wp-image-126\" src=\"https:\/\/blog.radiofabrik.at\/ispeakfootball\/files\/2018\/07\/hoda-lattaf.jpg\" alt=\"\" width=\"123\" height=\"156\" \/> <\/a><br \/>\n<strong>Hoda Lattaf<\/strong><br \/>\n<a href=\"https:\/\/cba.fro.at\/380127\">Spot Lattaf Francais<\/a><\/td>\n<td align=\"left\" valign=\"top\" width=\"150\"><img loading=\"lazy\" decoding=\"async\" class=\"\" src=\"https:\/\/blog.radiofabrik.at\/ispeakfootball\/files\/2007\/06\/06_kovac.jpg\" alt=\"06_kovac.jpg\" width=\"111\" height=\"141\" \/><br \/>\n<strong>Niko Kovac<\/strong><br \/>\n<a href=\"https:\/\/cba.fro.at\/380132\">Spot Kovac English<\/a><br \/>\n<a href=\"https:\/\/cba.fro.at\/380133\">Spot Kovac Hrvatski<\/a><br \/>\n<a href=\"https:\/\/cba.fro.at\/380131\"> Spot Kovac Deutsch<\/a><\/td>\n<\/tr>\n<tr>\n<td align=\"left\" valign=\"top\" width=\"150\"><img loading=\"lazy\" decoding=\"async\" class=\"alignnone size-full wp-image-127\" src=\"https:\/\/blog.radiofabrik.at\/ispeakfootball\/files\/2018\/07\/sandrine-soubeyrand.jpg\" alt=\"\" width=\"94\" height=\"136\" \/><br \/>\n<strong>Sandrine Soubeyrand<\/strong><br \/>\n<a href=\"https:\/\/cba.fro.at\/380149\">Spot Soubeyrand Francais<\/a><\/td>\n<td align=\"left\" valign=\"top\" width=\"150\"><img loading=\"lazy\" decoding=\"async\" class=\"alignnone wp-image-128\" src=\"https:\/\/blog.radiofabrik.at\/ispeakfootball\/files\/2018\/07\/ales-ceh.jpg\" alt=\"\" width=\"118\" height=\"140\" \/><br \/>\n<strong>Ales Ceh<\/strong><br \/>\n<a title=\"Ales Ceh Slovene\" href=\"https:\/\/cba.fro.at\/380159\">Spot Ceh Slovene<\/a><\/td>\n<td align=\"left\" valign=\"top\" width=\"150\"><img loading=\"lazy\" decoding=\"async\" class=\"\" src=\"https:\/\/blog.radiofabrik.at\/ispeakfootball\/files\/2007\/06\/19_vonlanthen.jpg\" alt=\"19_vonlanthen.jpg\" width=\"112\" height=\"142\" \/><br \/>\n<strong>Johan Vonlanthen<\/strong><br \/>\n<a href=\"https:\/\/cba.fro.at\/380155\">Spot Vonlanthen Dutch<\/a><br \/>\n<a href=\"https:\/\/cba.fro.at\/380154\">Spot Vonlanthen Deutsch<\/a><\/td>\n<\/tr>\n<tr>\n<td align=\"left\" valign=\"top\" width=\"150\"><img loading=\"lazy\" decoding=\"async\" class=\"alignnone wp-image-45\" src=\"https:\/\/blog.radiofabrik.at\/ispeakfootball\/files\/2008\/01\/bozgo_kliton-215x300.jpg\" alt=\"\" width=\"121\" height=\"166\" \/><br \/>\n<strong>Kliton Bozgo <\/strong><br \/>\n<a href=\"https:\/\/cba.fro.at\/380213\">Spot Bozgo Slovene<\/a><br \/>\n<a href=\"https:\/\/cba.fro.at\/380212\">Spot Bozgo Albanian<\/a><\/td>\n<td align=\"left\" valign=\"top\" width=\"150\"><img loading=\"lazy\" decoding=\"async\" class=\" wp-image-132\" src=\"https:\/\/blog.radiofabrik.at\/ispeakfootball\/files\/2018\/07\/zlatko_zahovic.jpg\" alt=\"\" width=\"145\" height=\"144\" \/><\/p>\n<p><strong>Zlatko Zahovic<\/strong><br \/>\n<a title=\"Zlatko Zahovic Slovene\" href=\"https:\/\/cba.fro.at\/380215\">Spot Zahovic Slovene<\/a><\/td>\n<td align=\"left\" valign=\"top\" width=\"150\"><img loading=\"lazy\" decoding=\"async\" class=\"alignnone wp-image-44\" src=\"https:\/\/blog.radiofabrik.at\/ispeakfootball\/files\/2008\/01\/gregor_zidan.jpg\" alt=\"\" width=\"134\" height=\"175\" \/><br \/>\n<strong>Gregor \u017didan<\/strong><br \/>\n<a title=\"Grega Zidan Slovene\" href=\"https:\/\/cba.fro.at\/380217\">Spot \u017didan Slovene<\/a><\/td>\n<\/tr>\n<tr>\n<td align=\"left\" valign=\"top\" width=\"150\"><img loading=\"lazy\" decoding=\"async\" class=\"alignnone wp-image-133\" src=\"https:\/\/blog.radiofabrik.at\/ispeakfootball\/files\/2018\/07\/Jocelyn-Blanchard.jpg\" alt=\"\" width=\"104\" height=\"150\" \/><br \/>\n<strong>Jocelyn Blanchard<\/strong><br \/>\n(Foto: L&#8217;Equipe)<br \/>\n<a title=\"Spot Blanchard Francais\" href=\"https:\/\/cba.fro.at\/380221\">Spot Blanchard Francais<\/a><br \/>\n<a title=\"Spot Blanchard Italiano\" href=\"https:\/\/cba.fro.at\/380222\">Spot Blanchard Italiano<\/a><br \/>\n<a title=\"Spot Blanchard Deutsch\" href=\"https:\/\/cba.fro.at\/380223\">Spot Blanchard Deutsch<\/a><\/td>\n<\/tr>\n<\/tbody>\n<\/table>\n<p><a href=\"http:\/\/creativecommons.org\/licenses\/nc-sa\/1.0\/\">Copyright f\u00fcr alle Audioprodukte auf dieser Seite:<\/a><\/p>\n<p><a href=\"http:\/\/creativecommons.org\/licenses\/nc-sa\/1.0\/\">Creative Commons &#8211; NonCommercial-ShareAlike 1.0<\/a><\/p>\n<p>Hier findest du Radio Jingles in verschiedenen Sprachen, in denen Fu\u00dfballer und Fu\u00dfballerinnen \u00fcber ihre Erfahrungen mit Sprachen, Sprachenlernen, Mehrsprachigkeit sprechen und warum sie es f\u00fcr wichtig halten, mehr als eine Sprache zu sprechen.<\/p>\n<p>Wenn du immer schon wissen wolltest, was Giovanni Trappatoni \u00fcber das Lernen von Sprachen denkt &#8211; h\u00f6r einfach rein!<\/p>\n<p>Du kann die Spots einfach anh\u00f6ren oder herunterladen, du kannst sie auch deinen Freunden schicken oder sie in deinem Radio oder in deinem Fu\u00dfballverein ausstrahlen.<\/p>\n<table border=\"0\" cellspacing=\"5\" cellpadding=\"5\">\n<tbody>\n<tr>\n<td valign=\"top\" width=\"120\"><img loading=\"lazy\" decoding=\"async\" class=\"alignnone size-full wp-image-124\" src=\"https:\/\/blog.radiofabrik.at\/ispeakfootball\/files\/2018\/07\/00_Trapattoni.jpg\" alt=\"\" width=\"171\" height=\"222\" \/> <strong>Giovanni Trapattoni<\/strong><\/td>\n<td valign=\"top\"><a href=\"https:\/\/cba.fro.at\/380117\">Spot Trapattoni Deutsch<\/a><br \/>\n<a href=\"https:\/\/cba.fro.at\/380123\">Spot Trapattoni English<\/a><br \/>\n<a href=\"https:\/\/cba.fro.at\/380122\">Spot Trapattoni Italiano<\/a><br \/>\n<a href=\"http:\/\/www.youtube.com\/watch?v=Bqp64q7kHmw&amp;session=55BSN2u8EtDyA8l0G8cOCqBeYPWPRdiN32rS3vKei-zTgbjXQPfbVaQYmrBO6_57ESfjmcNXxIdhkQQz4KYXEQDSXw8cqGB4LEcAi2uHp96oCnC0EkjtK7vwkpMjcIESXY9YEjeHPtzOd89mQozhE9PmGqDb36WF53z0sNi8Cbh2KzPr0egO9aWT9C4eAiPvd2b4OXzdKq1ZLhU7F69NSWJNu4MrMRaOCQszu5HFEGGBfz7XqfF9GUruM9oAUIhk2SJ4goPMiQGIw0fhtJpUlpT5VeSJl2Fj\" target=\"_blank\" rel=\"noopener\">&#8230;und das ist das Interview mit dem &#8220;Trap&#8221; (Ich habe fertig!) als Sprecher einer Fremdsprache ber\u00fchmt geworden ist<\/a><\/td>\n<\/tr>\n<\/tbody>\n<\/table>\n<table style=\"height: 895px\" border=\"0\" width=\"553\" cellspacing=\"20\" cellpadding=\"20\">\n<tbody>\n<tr>\n<td align=\"left\" valign=\"top\" width=\"150\"><a title=\"william-gallas.jpg\" href=\"https:\/\/blog.radiofabrik.at\/wp-content\/uploads\/2008\/02\/william-gallas.jpg\"><img loading=\"lazy\" decoding=\"async\" class=\"alignnone wp-image-134\" src=\"https:\/\/blog.radiofabrik.at\/ispeakfootball\/files\/2018\/07\/William_Gallas_2018_2-200x300.jpg\" alt=\"\" width=\"104\" height=\"151\" \/> <\/a><br \/>\n<strong>William Gallas<\/strong><br \/>\n(Foto: L&#8217;Equipe)<br \/>\n<a href=\"https:\/\/cba.fro.at\/380138\">Spot Gallas English<\/a><br \/>\n<a href=\"https:\/\/cba.fro.at\/380137\"> Spot Gallas Francais<\/a><\/td>\n<td align=\"left\" valign=\"top\" width=\"150\"><a href=\"https:\/\/blog.radiofabrik.at\/?p=21\"><img loading=\"lazy\" decoding=\"async\" class=\"alignnone wp-image-126\" src=\"https:\/\/blog.radiofabrik.at\/ispeakfootball\/files\/2018\/07\/hoda-lattaf.jpg\" alt=\"\" width=\"123\" height=\"156\" \/> <\/a><br \/>\n<strong>Hoda Lattaf<\/strong><br \/>\n<a href=\"https:\/\/cba.fro.at\/380127\">Spot Lattaf Francais<\/a><\/td>\n<td align=\"left\" valign=\"top\" width=\"150\"><img loading=\"lazy\" decoding=\"async\" class=\"\" src=\"https:\/\/blog.radiofabrik.at\/ispeakfootball\/files\/2007\/06\/06_kovac.jpg\" alt=\"06_kovac.jpg\" width=\"111\" height=\"141\" \/><br \/>\n<strong>Niko Kovac<\/strong><br \/>\n<a href=\"https:\/\/cba.fro.at\/380132\">Spot Kovac English<\/a><br \/>\n<a href=\"https:\/\/cba.fro.at\/380133\">Spot Kovac Hrvatski<\/a><br \/>\n<a href=\"https:\/\/cba.fro.at\/380131\"> Spot Kovac Deutsch<\/a><\/td>\n<\/tr>\n<tr>\n<td align=\"left\" valign=\"top\" width=\"150\"><img loading=\"lazy\" decoding=\"async\" class=\"alignnone size-full wp-image-127\" src=\"https:\/\/blog.radiofabrik.at\/ispeakfootball\/files\/2018\/07\/sandrine-soubeyrand.jpg\" alt=\"\" width=\"94\" height=\"136\" \/><br \/>\n<strong>Sandrine Soubeyrand<\/strong><br \/>\n<a href=\"https:\/\/cba.fro.at\/380149\">Spot Soubeyrand Francais<\/a><\/td>\n<td align=\"left\" valign=\"top\" width=\"150\"><img loading=\"lazy\" decoding=\"async\" class=\"alignnone wp-image-128\" src=\"https:\/\/blog.radiofabrik.at\/ispeakfootball\/files\/2018\/07\/ales-ceh.jpg\" alt=\"\" width=\"118\" height=\"140\" \/><br \/>\n<strong>Ales Ceh<\/strong><br \/>\n<a title=\"Ales Ceh Slovene\" href=\"https:\/\/cba.fro.at\/380159\">Spot Ceh Slovene<\/a><\/td>\n<td align=\"left\" valign=\"top\" width=\"150\"><img loading=\"lazy\" decoding=\"async\" class=\"\" src=\"https:\/\/blog.radiofabrik.at\/ispeakfootball\/files\/2007\/06\/19_vonlanthen.jpg\" alt=\"19_vonlanthen.jpg\" width=\"112\" height=\"142\" \/><br \/>\n<strong>Johan Vonlanthen<\/strong><br \/>\n<a href=\"https:\/\/cba.fro.at\/380155\">Spot Vonlanthen Dutch<\/a><br \/>\n<a href=\"https:\/\/cba.fro.at\/380154\">Spot Vonlanthen Deutsch<\/a><\/td>\n<\/tr>\n<tr>\n<td align=\"left\" valign=\"top\" width=\"150\"><img loading=\"lazy\" decoding=\"async\" class=\"alignnone wp-image-45\" src=\"https:\/\/blog.radiofabrik.at\/ispeakfootball\/files\/2008\/01\/bozgo_kliton-215x300.jpg\" alt=\"\" width=\"121\" height=\"166\" \/><br \/>\n<strong>Kliton Bozgo <\/strong><br \/>\n<a href=\"https:\/\/cba.fro.at\/380213\">Spot Bozgo Slovene<\/a><br \/>\n<a href=\"https:\/\/cba.fro.at\/380212\">Spot Bozgo Albanian<\/a><\/td>\n<td align=\"left\" valign=\"top\" width=\"150\"><img loading=\"lazy\" decoding=\"async\" class=\" wp-image-132\" src=\"https:\/\/blog.radiofabrik.at\/ispeakfootball\/files\/2018\/07\/zlatko_zahovic.jpg\" alt=\"\" width=\"145\" height=\"144\" \/><\/p>\n<p><strong>Zlatko Zahovic<\/strong><br \/>\n<a title=\"Zlatko Zahovic Slovene\" href=\"https:\/\/cba.fro.at\/380215\">Spot Zahovic Slovene<\/a><\/td>\n<td align=\"left\" valign=\"top\" width=\"150\"><img loading=\"lazy\" decoding=\"async\" class=\"alignnone wp-image-44\" src=\"https:\/\/blog.radiofabrik.at\/ispeakfootball\/files\/2008\/01\/gregor_zidan.jpg\" alt=\"\" width=\"134\" height=\"175\" \/><br \/>\n<strong>Gregor \u017didan<\/strong><br \/>\n<a title=\"Grega Zidan Slovene\" href=\"https:\/\/cba.fro.at\/380217\">Spot \u017didan Slovene<\/a><\/td>\n<\/tr>\n<tr>\n<td align=\"left\" valign=\"top\" width=\"150\"><img loading=\"lazy\" decoding=\"async\" class=\"alignnone wp-image-133\" src=\"https:\/\/blog.radiofabrik.at\/ispeakfootball\/files\/2018\/07\/Jocelyn-Blanchard.jpg\" alt=\"\" width=\"104\" height=\"150\" \/><br \/>\n<strong>Jocelyn Blanchard<\/strong><br \/>\n(Foto: L&#8217;Equipe)<br \/>\n<a title=\"Spot Blanchard Francais\" href=\"https:\/\/cba.fro.at\/380221\">Spot Blanchard Francais<\/a><br \/>\n<a title=\"Spot Blanchard Italiano\" href=\"https:\/\/cba.fro.at\/380222\">Spot Blanchard Italiano<\/a><br \/>\n<a title=\"Spot Blanchard Deutsch\" href=\"https:\/\/cba.fro.at\/380223\">Spot Blanchard Deutsch<\/a><\/td>\n<td align=\"left\" valign=\"top\" width=\"150\"><\/td>\n<td align=\"left\" valign=\"top\" width=\"150\"><\/td>\n<\/tr>\n<tr>\n<td align=\"left\" valign=\"top\" width=\"150\"><\/td>\n<td align=\"left\" valign=\"top\" width=\"150\"><\/td>\n<\/tr>\n<\/tbody>\n<\/table>\n<p><a href=\"http:\/\/creativecommons.org\/licenses\/nc-sa\/1.0\/\">Copyright f\u00fcr alle Audioprodukte auf dieser Seite:<\/a><\/p>\n<p><a href=\"http:\/\/creativecommons.org\/licenses\/nc-sa\/1.0\/\">Creative Commons &#8211; NonCommercial-ShareAlike 1.0<\/a><\/p>\n<p>Here you can find Radio Jingles in diverse languages with statements from football stars on languages, language learning, multilingualism, foreign languages as an asset &#8230;.<\/p>\n<p>If you always wanted to know what Giovanni Trapattoni thinks about learning foreign languages &#8211; just listen in!<\/p>\n<p>You can just listen to the spots, download them for rebroadcast or for playing them in your football club, share them with your friends &#8230;.<\/p>\n<table border=\"0\" cellspacing=\"5\" cellpadding=\"5\">\n<tbody>\n<tr>\n<td valign=\"top\" width=\"120\"><img loading=\"lazy\" decoding=\"async\" class=\"alignnone size-full wp-image-124\" src=\"https:\/\/blog.radiofabrik.at\/ispeakfootball\/files\/2018\/07\/00_Trapattoni.jpg\" alt=\"\" width=\"171\" height=\"222\" \/> <strong>Giovanni Trapattoni<\/strong><\/td>\n<td valign=\"top\"><a href=\"https:\/\/cba.fro.at\/380117\">Spot Trapattoni Deutsch<\/a><a href=\"http:\/\/www.youtube.com\/watch?v=Bqp64q7kHmw&amp;session=55BSN2u8EtDyA8l0G8cOCqBeYPWPRdiN32rS3vKei-zTgbjXQPfbVaQYmrBO6_57ESfjmcNXxIdhkQQz4KYXEQDSXw8cqGB4LEcAi2uHp96oCnC0EkjtK7vwkpMjcIESXY9YEjeHPtzOd89mQozhE9PmGqDb36WF53z0sNi8Cbh2KzPr0egO9aWT9C4eAiPvd2b4OXzdKq1ZLhU7F69NSWJNu4MrMRaOCQszu5HFEGGBfz7XqfF9GUruM9oAUIhk2SJ4goPMiQGIw0fhtJpUlpT5VeSJl2Fj\" target=\"_blank\" rel=\"noopener\"><br \/>\n<\/a><a href=\"https:\/\/cba.fro.at\/380123\">Spot Trapattoni English<\/a><a href=\"http:\/\/www.youtube.com\/watch?v=Bqp64q7kHmw&amp;session=55BSN2u8EtDyA8l0G8cOCqBeYPWPRdiN32rS3vKei-zTgbjXQPfbVaQYmrBO6_57ESfjmcNXxIdhkQQz4KYXEQDSXw8cqGB4LEcAi2uHp96oCnC0EkjtK7vwkpMjcIESXY9YEjeHPtzOd89mQozhE9PmGqDb36WF53z0sNi8Cbh2KzPr0egO9aWT9C4eAiPvd2b4OXzdKq1ZLhU7F69NSWJNu4MrMRaOCQszu5HFEGGBfz7XqfF9GUruM9oAUIhk2SJ4goPMiQGIw0fhtJpUlpT5VeSJl2Fj\" target=\"_blank\" rel=\"noopener\"><br \/>\n<\/a><a href=\"https:\/\/cba.fro.at\/380122\">Spot Trapattoni Italiano<\/a><a href=\"http:\/\/www.youtube.com\/watch?v=Bqp64q7kHmw&amp;session=55BSN2u8EtDyA8l0G8cOCqBeYPWPRdiN32rS3vKei-zTgbjXQPfbVaQYmrBO6_57ESfjmcNXxIdhkQQz4KYXEQDSXw8cqGB4LEcAi2uHp96oCnC0EkjtK7vwkpMjcIESXY9YEjeHPtzOd89mQozhE9PmGqDb36WF53z0sNi8Cbh2KzPr0egO9aWT9C4eAiPvd2b4OXzdKq1ZLhU7F69NSWJNu4MrMRaOCQszu5HFEGGBfz7XqfF9GUruM9oAUIhk2SJ4goPMiQGIw0fhtJpUlpT5VeSJl2Fj\" target=\"_blank\" rel=\"noopener\">&#8230;and this is the interview that Trap has become famous for and that the Jingles relate to (in german and subtitled in english)<\/a><\/td>\n<\/tr>\n<\/tbody>\n<\/table>\n<table style=\"height: 895px\" border=\"0\" width=\"553\" cellspacing=\"20\" cellpadding=\"20\">\n<tbody>\n<tr>\n<td align=\"left\" valign=\"top\" width=\"150\"><a title=\"william-gallas.jpg\" href=\"https:\/\/blog.radiofabrik.at\/wp-content\/uploads\/2008\/02\/william-gallas.jpg\"><img loading=\"lazy\" decoding=\"async\" class=\"alignnone wp-image-134\" src=\"https:\/\/blog.radiofabrik.at\/ispeakfootball\/files\/2018\/07\/William_Gallas_2018_2-200x300.jpg\" alt=\"\" width=\"104\" height=\"151\" \/><\/a><br \/>\n<strong>William Gallas<\/strong><br \/>\n(Foto: L&#8217;Equipe)<br \/>\n<a href=\"https:\/\/cba.fro.at\/380138\">Spot Gallas English<\/a><a href=\"https:\/\/blog.radiofabrik.at\/?p=84\"><br \/>\n<\/a><a href=\"https:\/\/cba.fro.at\/380137\"> Spot Gallas Francais<\/a><\/td>\n<td align=\"left\" valign=\"top\" width=\"150\"><a href=\"https:\/\/blog.radiofabrik.at\/?p=21\"><img loading=\"lazy\" decoding=\"async\" class=\"alignnone wp-image-126\" src=\"https:\/\/blog.radiofabrik.at\/ispeakfootball\/files\/2018\/07\/hoda-lattaf.jpg\" alt=\"\" width=\"123\" height=\"156\" \/> <\/a><br \/>\n<strong>Hoda Lattaf<\/strong><br \/>\n<a href=\"https:\/\/cba.fro.at\/380127\">Spot Lattaf Francais<\/a><\/td>\n<td align=\"left\" valign=\"top\" width=\"150\"><img loading=\"lazy\" decoding=\"async\" src=\"https:\/\/blog.radiofabrik.at\/ispeakfootball\/files\/2007\/06\/06_kovac.jpg\" alt=\"06_kovac.jpg\" width=\"97\" height=\"124\" \/><br \/>\n<strong>Niko Kovac<\/strong><br \/>\n<a href=\"https:\/\/cba.fro.at\/380132\">Spot Kovac English<\/a><br \/>\n<a href=\"https:\/\/cba.fro.at\/380133\">Spot Kovac Hrvatski<\/a><br \/>\n<a href=\"https:\/\/cba.fro.at\/380131\"> Spot Kovac Deutsch<\/a><\/td>\n<\/tr>\n<tr>\n<td align=\"left\" valign=\"top\" width=\"150\"><img loading=\"lazy\" decoding=\"async\" class=\"alignnone size-full wp-image-127\" src=\"https:\/\/blog.radiofabrik.at\/ispeakfootball\/files\/2018\/07\/sandrine-soubeyrand.jpg\" alt=\"\" width=\"94\" height=\"136\" \/><br \/>\n<strong>Sandrine Soubeyrand<\/strong><br \/>\n<a href=\"https:\/\/cba.fro.at\/380149\">Spot Soubeyrand Francais<\/a><\/td>\n<td align=\"left\" valign=\"top\" width=\"150\"><img loading=\"lazy\" decoding=\"async\" class=\"alignnone wp-image-128\" src=\"https:\/\/blog.radiofabrik.at\/ispeakfootball\/files\/2018\/07\/ales-ceh.jpg\" alt=\"\" width=\"118\" height=\"140\" \/><br \/>\n<strong>Ales Ceh<\/strong><br \/>\n<a title=\"Ales Ceh Slovene\" href=\"https:\/\/cba.fro.at\/380159\">Spot Ceh Slovene<\/a><\/td>\n<td align=\"left\" valign=\"top\" width=\"150\"><img loading=\"lazy\" decoding=\"async\" class=\"\" src=\"https:\/\/blog.radiofabrik.at\/ispeakfootball\/files\/2007\/06\/19_vonlanthen.jpg\" alt=\"19_vonlanthen.jpg\" width=\"112\" height=\"142\" \/><br \/>\n<strong>Johan Vonlanthen<\/strong><br \/>\n<a href=\"https:\/\/cba.fro.at\/380155\">Spot Vonlanthen Dutch<\/a><br \/>\n<a href=\"https:\/\/cba.fro.at\/380154\">Spot Vonlanthen Deutsch<\/a><\/td>\n<\/tr>\n<tr>\n<td align=\"left\" valign=\"top\" width=\"150\"><img loading=\"lazy\" decoding=\"async\" class=\"alignnone wp-image-45\" src=\"https:\/\/blog.radiofabrik.at\/ispeakfootball\/files\/2008\/01\/bozgo_kliton-215x300.jpg\" alt=\"\" width=\"121\" height=\"166\" \/><br \/>\n<strong>Kliton Bozgo <\/strong><br \/>\n<a href=\"https:\/\/cba.fro.at\/380213\">Spot Bozgo Slovene<\/a><br \/>\n<a href=\"https:\/\/cba.fro.at\/380212\">Spot Bozgo Albanian<\/a><\/td>\n<td align=\"left\" valign=\"top\" width=\"150\"><img loading=\"lazy\" decoding=\"async\" class=\" wp-image-132\" src=\"https:\/\/blog.radiofabrik.at\/ispeakfootball\/files\/2018\/07\/zlatko_zahovic.jpg\" alt=\"\" width=\"145\" height=\"144\" \/><\/p>\n<p><strong>Zlatko Zahovic<\/strong><br \/>\n<a title=\"Zlatko Zahovic Slovene\" href=\"https:\/\/cba.fro.at\/380215\">Spot Zahovic Slovene<\/a><\/td>\n<td align=\"left\" valign=\"top\" width=\"150\"><img loading=\"lazy\" decoding=\"async\" class=\"alignnone wp-image-44\" src=\"https:\/\/blog.radiofabrik.at\/ispeakfootball\/files\/2008\/01\/gregor_zidan.jpg\" alt=\"\" width=\"134\" height=\"175\" \/><br \/>\n<strong>Gregor \u017didan<\/strong><br \/>\n<a title=\"Grega Zidan Slovene\" href=\"https:\/\/cba.fro.at\/380217\">Spot \u017didan Slovene<\/a><\/td>\n<\/tr>\n<tr>\n<td align=\"left\" valign=\"top\" width=\"150\"><img loading=\"lazy\" decoding=\"async\" class=\"alignnone wp-image-133\" src=\"https:\/\/blog.radiofabrik.at\/ispeakfootball\/files\/2018\/07\/Jocelyn-Blanchard.jpg\" alt=\"\" width=\"104\" height=\"150\" \/><br \/>\n<strong>Jocelyn Blanchard<\/strong><br \/>\n(Foto: L&#8217;Equipe)<br \/>\n<a title=\"Spot Blanchard Francais\" href=\"https:\/\/cba.fro.at\/380221\">Spot Blanchard Francais<\/a><br \/>\n<a title=\"Spot Blanchard Italiano\" href=\"https:\/\/cba.fro.at\/380222\">Spot Blanchard Italiano<\/a><br \/>\n<a title=\"Spot Blanchard Deutsch\" href=\"https:\/\/cba.fro.at\/380223\">Spot Blanchard Deutsch<\/a><\/td>\n<td align=\"left\" valign=\"top\" width=\"150\"><\/td>\n<td align=\"left\" valign=\"top\" width=\"150\"><\/td>\n<\/tr>\n<tr>\n<td align=\"left\" valign=\"top\" width=\"150\"><\/td>\n<td align=\"left\" valign=\"top\" width=\"150\"><\/td>\n<td align=\"left\" valign=\"top\" width=\"150\"><\/td>\n<\/tr>\n<\/tbody>\n<\/table>\n<p><a href=\"http:\/\/creativecommons.org\/licenses\/nc-sa\/1.0\/\">Copyright for all audios on this site:<\/a><\/p>\n<p><a href=\"http:\/\/creativecommons.org\/licenses\/nc-sa\/1.0\/\">Creative Commons &#8211; NonCommercial-ShareAlike 1.0<\/a><\/p>\n","protected":false},"excerpt":{"rendered":"<p>SPOTI ZVEZD Tukaj lahko najdete radijske spote z izjavami nogometnih zvezd na temo jezikov, u\u010denja jezikov, multilingualizma in njihovih izku\u0161njah na teh podro\u010djih. \u010ce ste si kdaj \u017eeleli sli\u0161ati kaj si Kliton Bozgo ali Giovanni Trapatonni mislita o u\u010denju tujih &hellip; <a href=\"https:\/\/blog.radiofabrik.at\/ispeakfootball\/spots2\/\">Continue reading <span class=\"meta-nav\">&rarr;<\/span><\/a><\/p>\n","protected":false},"author":2,"featured_media":0,"parent":0,"menu_order":2,"comment_status":"closed","ping_status":"closed","template":"","meta":{"footnotes":""},"class_list":["post-53","page","type-page","status-publish","hentry"],"_links":{"self":[{"href":"https:\/\/blog.radiofabrik.at\/ispeakfootball\/wp-json\/wp\/v2\/pages\/53","targetHints":{"allow":["GET"]}}],"collection":[{"href":"https:\/\/blog.radiofabrik.at\/ispeakfootball\/wp-json\/wp\/v2\/pages"}],"about":[{"href":"https:\/\/blog.radiofabrik.at\/ispeakfootball\/wp-json\/wp\/v2\/types\/page"}],"author":[{"embeddable":true,"href":"https:\/\/blog.radiofabrik.at\/ispeakfootball\/wp-json\/wp\/v2\/users\/2"}],"replies":[{"embeddable":true,"href":"https:\/\/blog.radiofabrik.at\/ispeakfootball\/wp-json\/wp\/v2\/comments?post=53"}],"version-history":[{"count":10,"href":"https:\/\/blog.radiofabrik.at\/ispeakfootball\/wp-json\/wp\/v2\/pages\/53\/revisions"}],"predecessor-version":[{"id":140,"href":"https:\/\/blog.radiofabrik.at\/ispeakfootball\/wp-json\/wp\/v2\/pages\/53\/revisions\/140"}],"wp:attachment":[{"href":"https:\/\/blog.radiofabrik.at\/ispeakfootball\/wp-json\/wp\/v2\/media?parent=53"}],"curies":[{"name":"wp","href":"https:\/\/api.w.org\/{rel}","templated":true}]}}