{"id":7,"date":"2007-06-25T20:00:28","date_gmt":"2007-06-25T18:00:28","guid":{"rendered":"http:\/\/1014042827"},"modified":"2007-06-25T20:00:28","modified_gmt":"2007-06-25T18:00:28","slug":"eine-seite","status":"publish","type":"page","link":"https:\/\/blog.radiofabrik.at\/ispeakfootball\/eine-seite\/","title":{"rendered":"I speak football"},"content":{"rendered":"<p>[lang_de]<strong>Learn a language 2008<\/strong><\/p>\n<p style=\"margin-bottom: 0cm\" lang=\"de-DE\" align=\"justify\">Fu\u00dfball ist ein internationaler Sport. Das Zusammenspiel von Spielern unterschiedlichster Herkunft ist mittlerweile in allen gr\u00f6\u00dferen Fu\u00dfballclubs die Regel. Die Kenntnis einer oder mehrerer Fremdsprachen ist f\u00fcr die Spieler unerl\u00e4sslich, ebenso die F\u00e4higkeit zur interkulturellen Zusammenarbeit, denn ohne diese ist das gute Zusammenspiel einer solch &#8216;bunten&#8217; Mannschaft kaum m\u00f6glich.<\/p>\n<p style=\"margin-bottom: 0cm\" lang=\"de-DE\" align=\"justify\">Diese F\u00e4higkeiten sind aber nicht nur f\u00fcr Fu\u00dfballer vorteilhaft, sondern auch f\u00fcr alle anderen Menschen in unserer modernen Lebenswelt &#8211; und abgesehen von den pers\u00f6nlichen Vorteilen: Das Verstehen einer Sprache ist ein erster Schritt zum Verstehen einer Kultur, und damit auch ein Mittel gegen Nationalismus und Rassismus.<\/p>\n<p style=\"margin-bottom: 0cm\" align=\"justify\"><span style=\"color: #000000\">Fu\u00dfballstars sind Identifikationsfiguren, und die Kampagne <strong>\u201eI speak football\u201c <\/strong>n\u00fctzt deren Popularit\u00e4t und das Umfeld der UEFA EURO 2008, um Fu\u00dfballfans auf die Vorteile der Mehrsprachigkeit hinzuweisen und sie zum Lernen einer Fremdsprache zu motivieren.<\/span><\/p>\n<p style=\"margin-bottom: 0cm\" lang=\"de-DE\" align=\"justify\"><span style=\"color: #000000\"> <\/span><\/p>\n<p style=\"margin-bottom: 0cm\" lang=\"de-DE\" align=\"justify\"><span style=\"color: #000000\">Radiospots und -sendungen sind zum Gratisdownload auf diese Website verf\u00fcgbar. Sie werden von Sendern in ganz Europa ausgestrahlt und zus\u00e4tzlich in Fu\u00dfballclubs vor Spielen und in Halbzeitpausen gespielt. Die Spots sind zum Teil mehrsprachig und enthalten Fu\u00dfballphrasen, Statements von Fu\u00dfballstars zum Thema Sprachen, Sport, interkulturelle Zusammenarbeit und dergleichen.<\/span><\/p>\n<p style=\"margin-bottom: 0cm\" align=\"justify\"><span style=\"color: #000000\">Ein Plakat und Postkarten mit Fu\u00dfballphrasen in mehreren Sprachen findet sich ebenfalls hier zum Download und kann auch bestellt werden. <\/span><\/p>\n<p><span style=\"color: #000000\">[\/lang_de][lang_sl]<\/span><\/p>\n<p style=\"margin-bottom: 0cm\"><span style=\"color: #000000\"><span style=\"font-family: Arial,sans-serif\">Nogomet je \u0161port in univerzalen jezik. Ekipni duh, ki se vsakodnevno utrjuje med igralci iz razli\u010dnih dru\u017ebenih okoljih je \u0161e kako potreben, pa naj gre za najbolj\u0161a evropska mo\u0161tva ali za tista manj\u0161a. Znanje ve\u010d kot enega jezika je nuja za vsakega nogometa\u0161a, ki ima ambicije po mednarodni karieri, saj je pogoj za ustrezno socializacijo v tujem okolju. Igralci in ekipe, ki najhitreje sledijo tem modernim trendom, imajo ve\u010djo mo\u017enost za uspeh na igri\u0161\u010du.<\/span><\/span><\/p>\n<p style=\"margin-top: 0.49cm;margin-bottom: 0cm\"><span style=\"color: #000000\"><span style=\"font-family: Arial,sans-serif\">Poznavanje tujih jezikov pa ne koristi zgolj nogometa\u0161em. Je tudi vrlina, ki vsakemu posamezniku v sodobnem mednarodno-obarvanem svetu, pomaga dose\u010di zastavljene cilje in uresni\u010diti \u017eelje. Poleg osebnostnih prednosti pa ima znanje tujih jezikov tudi velik dele\u017e pri spoznavanju in razumevanju drugih kultur, kar je osnovni pogoj za boj proti ksenofobiji in rasizmu.<\/span><\/span><\/p>\n<p style=\"margin-top: 0.49cm;margin-bottom: 0cm\"><span style=\"color: #000000\"><span style=\"font-family: Arial,sans-serif\">Nogometa\u0161i so idoli mnogih in kampanja \u00bbI speak football\u00ab v \u010dasu evropskega prenstva v nogometu 2008, izkori\u0161\u010da njihovo popularnost za ozave\u0161\u010danje nogometnih navija\u010dev o pomembnosti multilingualizma in za motivacijo k u\u010denju tujih jezikov.<\/span><\/span><\/p>\n<p style=\"margin-top: 0.49cm;margin-bottom: 0cm\"><span style=\"color: #000000\"><span style=\"font-family: Arial,sans-serif\">Vrsta intervjujev in radijskih spotov bo narejenih in predvajanih po mnogih evropskih radijskih postajah. Izjave nogometnih zvezdnikov na temo jezikov, \u0161porta in medkulturnega sodelovanja bodo pred tekmami in med pol\u010dasi prezentirali nogometno atmosfero v razli\u010dnih evropskih okoljih. Postri z nogometnimi frazami v razli\u010dnih jezikih, ki bodo v obtoku med prvenstvom, bodo promovirali medkulturno komunikacijo med navija\u010di iz razli\u010dnih dr\u017eav.<\/span><\/span><\/p>\n<p><span style=\"color: #000000\">[\/lang_sl][lang_fr]<strong>Apprenez une langue en 2008<\/strong><\/span><\/p>\n<p style=\"margin-bottom: 0cm\"><span style=\"color: #000000\">Le football est \u00e0 la fois un sport international et un langage universel. <\/span><\/p>\n<p style=\"margin-bottom: 0cm\"><span style=\"color: #000000\">Que ce soit dans les petits ou les grands clubs Europ\u00e9ens, on travaille avant tout sur \u00ab  l\u2019esprit d\u2019\u00e9quipe \u00bb avec des joueurs de nationalit\u00e9s et de cultures diff\u00e9rentes.<\/span><\/p>\n<p style=\"margin-bottom: 0cm\"><span style=\"color: #000000\">La ma\u00eetrise de plusieurs langues est un plus pour les joueurs qui esp\u00e8rent une carri\u00e8re internationale, tout comme leur capacit\u00e9 \u00e0 s\u2019int\u00e9grer  et coop\u00e9rer dans un pays \u00e9tranger. Les joueurs et les clubs qui s\u2019adaptent le mieux \u00e0 cette situation nouvelle sont ceux qui ont les meilleures chances sur le terrain. <\/span><\/p>\n<p style=\"margin-bottom: 0cm\"><span style=\"color: #000000\">La ma\u00eetrise des langues ne b\u00e9n\u00e9ficie pas qu\u2019aux seuls footballeurs. C\u2019est une qualit\u00e9 qui est n\u00e9cessaire \u00e0 la plupart d\u2019entre nous, dans un monde moderne et internationalis\u00e9. Elle pr\u00e9sente des avantages pour chaque individu ; mais conna\u00eetre d\u2019autres langues est aussi un outil puissant pour comprendre d\u2019autres cultures, permettant ainsi d\u2019\u0153uvrer contre la x\u00e9nophobie et le racisme.<\/span><\/p>\n<p style=\"margin-bottom: 0cm\"><span style=\"color: #000000\">Les stars du football sont de v\u00e9ritables idoles pour les supporters et la campagne \u00ab i speak football \u00bb  utilise cette popularit\u00e9, ainsi que l\u2019\u00e9v\u00e9nement de l\u2019EURO 2008 pour inciter les fans de football au plurilinguisme et les motiver \u00e0 apprendre d\u2019autres langues. <\/span><\/p>\n<p style=\"margin-bottom: 0cm\"><span style=\"color: #000000\">Une s\u00e9rie d\u2019interviews et de spots seront produits et diffus\u00e9s par les radios dans toute l\u2019Europe.<\/span><\/p>\n<p style=\"margin-bottom: 0cm\"><span style=\"color: #000000\">Les spots seront \u00e9galement diffus\u00e9s dans les stades, avant les matchs ainsi qu\u2019\u00e0 la mi-temps. Ils suscitent l\u2019int\u00e9r\u00eat par des phrases et d\u00e9clarations des stars du football, sur les langues, le sport, et la coop\u00e9ration interculturelle, dans un contexte multi langues.<\/span><\/p>\n<p style=\"margin-bottom: 0cm\"><span style=\"color: #000000\">Des posters comportant des expressions sur le football dans diff\u00e9rentes langues seront distribu\u00e9s durant la pr\u00e9paration de l\u2019EURO 2008 et tout au long de son d\u00e9roulement. Cette action fera la promotion de la communication entre les supporters de diff\u00e9rents pays.<\/span><\/p>\n<p><span style=\"color: #000000\">[\/lang_fr][lang_en]<strong>Learn a language 2008<\/strong><\/span><\/p>\n<p style=\"margin-bottom: 0cm\" lang=\"en-US\" align=\"justify\">\n<p style=\"margin-bottom: 0cm\" lang=\"en-US\" align=\"justify\"><span style=\"color: #000000\"><br \/>\n<\/span><\/p>\n<p style=\"margin-bottom: 0cm\" lang=\"en-US\" align=\"justify\"><span style=\"color: #000000\"><span style=\"color: #000000\"><span style=\"font-family: Arial,sans-serif\"><span style=\"font-size: small\">Football is an international sport and a universal language. The team spirit of players from different countries and backgrounds is a daily routine at both top clubs and smaller European teams. The knowledge of more than one language is a must for every footballer aiming for an international career, as is the ability to interact and socialise in a new country. The players and teams that best cope with this modern situation have a greater chance of success on the pitch.<\/span><\/span><\/span><\/span><\/p>\n<p style=\"margin-bottom: 0cm\" lang=\"en-US\" align=\"justify\"><span style=\"color: #000000\"><span style=\"color: #000000\"><span style=\"font-family: Arial,sans-serif\"><span style=\"font-size: small\">Language skills do not just benefit footballers. It\u2019s also an ability required by many people in our modern international world. There are personal advantages, but also the understanding of other languages is a big step to understanding another culture, and therefore a means against xenophobia and racism.<\/span><\/span><\/span><\/span><\/p>\n<p style=\"margin-bottom: 0cm\" lang=\"en-US\" align=\"justify\"><span style=\"color: #000000\"><span style=\"color: #000000\"><span style=\"font-family: Arial,sans-serif\"><span style=\"font-size: small\">Football stars are idols for their fans and the campaign \u201dI speak football\u201c uses their popularity and the environment of the UEFA EURO 2008 to convince football fans of the advantages of multilingualism and motivate them to learn a language.<\/span><\/span><\/span><\/span><\/p>\n<p style=\"margin-bottom: 0cm\" lang=\"en-US\" align=\"justify\"><span style=\"color: #000000\"><span style=\"color: #000000\"><span style=\"font-family: Arial,sans-serif\"><span style=\"font-size: small\">A series of radiospots, interviews and podcasts are available for download on this website.\u00a0 They are broadcast by stations all over Europe and can also be played in football grounds before matches and at half-time. The spots present a football atmosphere in a multilingual, context, with phrases and statements from football stars on languages, sports, and intercultural cooperation.<\/span><\/span><\/span><\/span><\/p>\n<p style=\"margin-bottom: 0cm\" align=\"justify\"><span style=\"color: #000000\"><span style=\"color: #000000\"><span style=\"font-family: Arial,sans-serif\"><span style=\"font-size: small\">Posters and postcards with football phrases in different languages can also be dowloaded or ordered.<br \/>\n<\/span><\/span><\/span><\/span><\/p>\n<p><span style=\"color: #000000\">[\/lang_en]<\/span><\/p>\n","protected":false},"excerpt":{"rendered":"<p>[lang_de]Learn a language 2008 Fu\u00dfball ist ein internationaler Sport. Das Zusammenspiel von Spielern unterschiedlichster Herkunft ist mittlerweile in allen gr\u00f6\u00dferen Fu\u00dfballclubs die Regel. Die Kenntnis einer oder mehrerer Fremdsprachen ist f\u00fcr die Spieler unerl\u00e4sslich, ebenso die F\u00e4higkeit zur interkulturellen Zusammenarbeit, &hellip; <a href=\"https:\/\/blog.radiofabrik.at\/ispeakfootball\/eine-seite\/\">Continue reading <span class=\"meta-nav\">&rarr;<\/span><\/a><\/p>\n","protected":false},"author":2,"featured_media":0,"parent":0,"menu_order":1,"comment_status":"open","ping_status":"open","template":"","meta":{"footnotes":""},"class_list":["post-7","page","type-page","status-publish","hentry"],"_links":{"self":[{"href":"https:\/\/blog.radiofabrik.at\/ispeakfootball\/wp-json\/wp\/v2\/pages\/7","targetHints":{"allow":["GET"]}}],"collection":[{"href":"https:\/\/blog.radiofabrik.at\/ispeakfootball\/wp-json\/wp\/v2\/pages"}],"about":[{"href":"https:\/\/blog.radiofabrik.at\/ispeakfootball\/wp-json\/wp\/v2\/types\/page"}],"author":[{"embeddable":true,"href":"https:\/\/blog.radiofabrik.at\/ispeakfootball\/wp-json\/wp\/v2\/users\/2"}],"replies":[{"embeddable":true,"href":"https:\/\/blog.radiofabrik.at\/ispeakfootball\/wp-json\/wp\/v2\/comments?post=7"}],"version-history":[{"count":0,"href":"https:\/\/blog.radiofabrik.at\/ispeakfootball\/wp-json\/wp\/v2\/pages\/7\/revisions"}],"wp:attachment":[{"href":"https:\/\/blog.radiofabrik.at\/ispeakfootball\/wp-json\/wp\/v2\/media?parent=7"}],"curies":[{"name":"wp","href":"https:\/\/api.w.org\/{rel}","templated":true}]}}