{"id":605,"date":"2014-09-04T16:16:15","date_gmt":"2014-09-04T14:16:15","guid":{"rendered":"http:\/\/blog.radiofabrik.at\/kinderradio\/?page_id=605"},"modified":"2020-11-26T17:21:08","modified_gmt":"2020-11-26T15:21:08","slug":"kids-air-2","status":"publish","type":"page","link":"https:\/\/blog.radiofabrik.at\/kinderradio\/","title":{"rendered":"Kids On Air"},"content":{"rendered":"<p><strong>Kinder machen Radio! Jeden Mittwoch ab 14:06 Uhr<\/strong> &amp; Sonntag 10:06 Uhr (WH) auf 107,5 &amp; 97,3 MHz\u00a0 und Livestream <span style=\"text-decoration: underline;\"><a title=\"Radiofabrik\" href=\"http:\/\/www.radiofabrik.at\/home.html\" target=\"_blank\" rel=\"noopener noreferrer\">www.radiofabrik.at<\/a><\/span><\/p>\n<p>Ein Radio von Kindern, f\u00fcr Kinder und mit Kindern in Salzburg, das gibt es nur auf der Radiofabrik. Zu h\u00f6ren gibt&#8217;s, was die Kreativit\u00e4t erlaubt und Spa\u00df macht: lustige Geschichten und M\u00e4rchen, Interviews von und mit Kindern, Witze, R\u00e4tsel und Wissenschaftsreportagen, Veranstaltungs-, B\u00fccher- und Medientipps und nat\u00fcrlich Musik! Die Sendung f\u00fcr und mit Kids im Alter von 7 bis 14 Jahren werden w\u00f6chentlich abwechselnd verschiedenen Menschen und Organisationen gestaltet. Au\u00dferdem werden Sendungen ausgestrahlt, die Kinder im Rahmen von Radiofabrik-Schnupperworkshops gestalten.<\/p>\n<p>&nbsp;<\/p>\n<p><strong>Und das sind die Sendungen:<\/strong><\/p>\n<p><span style=\"text-decoration: underline;\"><a title=\"Spektrum Kinderradio On Air\" href=\"http:\/\/www.radiofabrik.at\/programm0\/sendungenvona-z\/spektrum-kinderradio-on-air.html\" target=\"_blank\" rel=\"noopener noreferrer\">Spektrum Kinderradio On Air<\/a><\/span> (1. Mi alle zwei Monate, WH am Sonntag)<\/p>\n<p><span style=\"text-decoration: underline;\"><a href=\"https:\/\/radiofabrik.at\/programm\/sendungen\/sendungen-von-a-z\/ptasie-radio\/\">Ptasie Radio\/Vogelradio<\/a><\/span> (Kinderradio auf polnisch, 1. So im Monat, WH am Mi)<\/p>\n<p><span style=\"text-decoration: underline;\"><a title=\"KECK On Air\" href=\"https:\/\/radiofabrik.at\/programm\/sendungen\/sendungen-von-a-z\/keck-on-air\/\" target=\"_blank\" rel=\"noopener noreferrer\">KECK\u00a0On Air<\/a><\/span>\u00a0(3. Mi im Monat, WH am Sonntag)<\/p>\n<p><a href=\"https:\/\/radiofabrik.at\/programm\/sendungen\/sendungen-von-a-z\/juki-abenteuer-radio\/\"><span style=\"text-decoration: underline;\">Juki Abenteuer Radio<\/span><\/a> (4. Mi\u00a0alle zwei Monate, WH am Sonntag)<\/p>\n<p><span style=\"text-decoration: underline;\"><a title=\"With the talents you were given, Kids\" href=\"http:\/\/www.radiofabrik.at\/programm0\/sendungenvona-z\/with-the-talents-you-were-given-kids.html\" target=\"_blank\" rel=\"noopener noreferrer\">With the talents you were given, Kids<\/a><\/span> (Kinderradio auf Englisch! 4. Mi\u00a0alle zwei Monate, WH am Sonntag)<\/p>\n<p><span style=\"text-decoration: underline;\"><a title=\"Spitz die Ohren, Mini Andr\u00e4\" href=\"http:\/\/www.radiofabrik.at\/programm0\/sendungenvona-z\/spitzdieohren.html\" target=\"_blank\" rel=\"noopener noreferrer\">Spitz die Ohren, Mini Andr\u00e4<\/a><\/span> (5. Mi im Monat, WH am Sonntag)<\/p>\n<p>&nbsp;<\/p>\n<p><span style=\"text-decoration: underline;\"><a title=\"Biancinas Musikkoffer\" href=\"http:\/\/www.radiofabrik.at\/programm0\/sendungenvona-z\/biancinas-kinderradio.html\" target=\"_blank\" rel=\"noopener noreferrer\">Biancinas M<\/a><a title=\"Biancinas Musikkoffer\" href=\"http:\/\/www.radiofabrik.at\/programm0\/sendungenvona-z\/biancinas-kinderradio.html\" target=\"_blank\" rel=\"noopener noreferrer\">usik<\/a><a title=\"Biancinas Musikkoffer\" href=\"http:\/\/www.radiofabrik.at\/programm0\/sendungenvona-z\/biancinas-kinderradio.html\" target=\"_blank\" rel=\"noopener noreferrer\">koffer<\/a><\/span> (Kinderplaylist &#8211; an manchen Mi nach dem Kinderradio)<\/p>\n<p><span style=\"text-decoration: underline;\"><a href=\"http:\/\/www.radiofabrik.at\/programm0\/sendungenvona-z\/kiznewz-wir-und-die-welt.html\" target=\"_blank\" rel=\"noopener noreferrer\">KiZnewZ<\/a><\/span>\u00a0(jeden Mi und So um 14 Uhr &#8211; aber nur in den Projektphasen)<\/p>\n<p>&nbsp;<\/p>\n<p><strong>Ehemalige Kinderradio-Sendungen (Super, dass ihr dabei wart!)<br \/>\n<\/strong><\/p>\n<p><span style=\"text-decoration: underline;\"><a href=\"https:\/\/radiofabrik.at\/programm\/sendungen\/sendungen-von-a-z\/inselradio-kinder-in-action\/\">Inselradio<\/a><\/span>\u00a0(Insel Haus der Jugend Salzburg)<\/p>\n<p><a title=\"Radioigel Salzburg\" href=\"http:\/\/www.radiofabrik.at\/programm0\/sendungenvona-z\/radioigel-salzburg.html\" target=\"_blank\" rel=\"noopener noreferrer\">Radioigel Salzburg<\/a><\/p>\n<p><a href=\"http:\/\/www.radiofabrik.at\/programm0\/sendungenvona-z\/arabische-kindergeschichten.html\" target=\"_blank\" rel=\"noopener noreferrer\">Arabische Kindergeschichten<\/a><\/p>\n<p><span style=\"text-decoration: underline;\"><a href=\"https:\/\/cba.fro.at\/series\/biancinas-kinderradio\" target=\"_blank\" rel=\"noopener noreferrer\">Biancinas Kinderradio<\/a><\/span><a title=\"Biancinas Kinderradio\" href=\"https:\/\/cba.fro.at\/series\/biancinas-kinderradio\" target=\"_blank\" rel=\"noopener noreferrer\"><br \/>\n<\/a><span style=\"text-decoration: underline;\"><a title=\"Squirrelkids On Air\" href=\"http:\/\/www.radiofabrik.at\/programm0\/altesendungen\/squirrelkids-on-air-kinderradio.html\" target=\"_blank\" rel=\"noopener noreferrer\"><br \/>\nSquirrelkids On Air<\/a> (Wissenschaftsradio f\u00fcr Kinder)<\/span><\/p>\n<p><span style=\"text-decoration: underline;\"><a title=\"Zarok\u00ean Medya - Medienkinder\" href=\"http:\/\/www.radiofabrik.at\/programm0\/altesendungen\/zaroken-medya-medienkinder.html\" target=\"_blank\" rel=\"noopener noreferrer\">Zarok\u00ean Medya &#8211; Medienkinder<\/a><\/span> (Kurdische M\u00e4rchen, Geschichten und Musik)<\/p>\n<p><span style=\"text-decoration: underline;\"><a title=\"Kinderb\u00fcro On Air\" href=\"http:\/\/www.radiofabrik.at\/programm0\/altesendungen\/kinderbuero-der-uni-salzburg-on-air.html\" target=\"_blank\" rel=\"noopener noreferrer\">Kinderb\u00fcro On Air<\/a><\/span> (Kinderb\u00fcro der UNI Salzburg)<\/p>\n<p>Musiktheater Cocopelli<\/p>\n<p>Alles was Recht ist &#8211; Das Magazin der KIJA Salzburg (KIJA Kinder- und Jugendanwaltschaft Salzburg)<\/p>\n<p><span style=\"text-decoration: underline;\"><a title=\"OASE On Air\" href=\"http:\/\/www.radiofabrik.at\/programm0\/altesendungen\/oase-traunstein-on-air-kinderradio.html\" target=\"_blank\" rel=\"noopener noreferrer\">OASE On Air<\/a><\/span> (Jugendhaus Oase Traunstein)<\/p>\n<p>&nbsp;<\/p>\n<p><strong>Kinderradio-Jingle:<\/strong> (Gestaltung: Mirjam Winter, Musik: Marcus Diess)<\/p>\n<audio class=\"wp-audio-shortcode\" id=\"audio-605-1\" preload=\"none\" style=\"width: 100%;\" controls=\"controls\"><source type=\"audio\/mpeg\" src=\"https:\/\/blog.radiofabrik.at\/kinderradio\/files\/2018\/01\/Kinderradio_Jingle.mp3?_=1\" \/><a href=\"https:\/\/blog.radiofabrik.at\/kinderradio\/files\/2018\/01\/Kinderradio_Jingle.mp3\">https:\/\/blog.radiofabrik.at\/kinderradio\/files\/2018\/01\/Kinderradio_Jingle.mp3<\/a><\/audio>\n","protected":false},"excerpt":{"rendered":"<p>Kinder machen Radio! Jeden Mittwoch ab 14:06 Uhr &amp; Sonntag 10:06 Uhr (WH) auf 107,5 &amp; 97,3 MHz\u00a0 und Livestream www.radiofabrik.at Ein Radio von Kindern, f\u00fcr Kinder und mit Kindern in Salzburg, das gibt es nur auf der Radiofabrik. Zu h\u00f6ren gibt&#8217;s, was die Kreativit\u00e4t erlaubt und Spa\u00df macht: lustige Geschichten und M\u00e4rchen, Interviews von [&hellip;]<\/p>\n","protected":false},"author":675,"featured_media":0,"parent":0,"menu_order":0,"comment_status":"closed","ping_status":"closed","template":"","meta":{"footnotes":""},"class_list":["post-605","page","type-page","status-publish","hentry"],"_links":{"self":[{"href":"https:\/\/blog.radiofabrik.at\/kinderradio\/wp-json\/wp\/v2\/pages\/605","targetHints":{"allow":["GET"]}}],"collection":[{"href":"https:\/\/blog.radiofabrik.at\/kinderradio\/wp-json\/wp\/v2\/pages"}],"about":[{"href":"https:\/\/blog.radiofabrik.at\/kinderradio\/wp-json\/wp\/v2\/types\/page"}],"author":[{"embeddable":true,"href":"https:\/\/blog.radiofabrik.at\/kinderradio\/wp-json\/wp\/v2\/users\/675"}],"replies":[{"embeddable":true,"href":"https:\/\/blog.radiofabrik.at\/kinderradio\/wp-json\/wp\/v2\/comments?post=605"}],"version-history":[{"count":31,"href":"https:\/\/blog.radiofabrik.at\/kinderradio\/wp-json\/wp\/v2\/pages\/605\/revisions"}],"predecessor-version":[{"id":698,"href":"https:\/\/blog.radiofabrik.at\/kinderradio\/wp-json\/wp\/v2\/pages\/605\/revisions\/698"}],"wp:attachment":[{"href":"https:\/\/blog.radiofabrik.at\/kinderradio\/wp-json\/wp\/v2\/media?parent=605"}],"curies":[{"name":"wp","href":"https:\/\/api.w.org\/{rel}","templated":true}]}}