{"id":627,"date":"2014-09-04T16:29:43","date_gmt":"2014-09-04T14:29:43","guid":{"rendered":"http:\/\/blog.radiofabrik.at\/kinderradio\/?page_id=627"},"modified":"2020-11-26T17:26:49","modified_gmt":"2020-11-26T15:26:49","slug":"mitmachen-2","status":"publish","type":"page","link":"https:\/\/blog.radiofabrik.at\/kinderradio\/mitmachen-2\/","title":{"rendered":"Mitmachen!"},"content":{"rendered":"<p>Kinder d\u00fcrfen beim Kinderradio richtig mitmachen! Sie k\u00f6nnen sich Nachwuchs-RedakteurInnen, ReporterInnen, und -ModeratorInnen, InterviewerInnen u.v.m. \u00fcben. So gewinnt man Einblick in ein Radiostudio, in Gestaltung und Abwicklung einer Radiosendung, in Aufnahmetechnik und Interviewf\u00fchrung. Gleichzeitig gestalten Kinder Inhalte nach eigenen Bed\u00fcrfnissen, W\u00fcnschen und Vorstellungen. So wird man spielerisch mit dem Radio vertraut und medienkompetent, was hei\u00dft, wie man sie f\u00fcr sich selbst am Besten nutzen kann. Das braucht man f\u00fcr&#8217;s Leben!<\/p>\n<p>Das Radio-Know-how erlernen Kinder bei der Radiofabrik in eigenen <a href=\"https:\/\/radiofabrik.at\/workshops\/spezialworkshops\/kinderworkshop\/\"><span style=\"text-decoration: underline;\">Kinderradio-Workshops<\/span><\/a>. Oder direkt bei den Organisationen, die mit Kindern Radio auf der Radiofabrik machen (z.B. der <a href=\"http:\/\/www.spektrum.at\/\">Verein Spektrum<\/a>).<\/p>\n<p>Wenn du mitmachen m\u00f6chtest, dann ruf einfach bei der Radiofabrik an, unter 0662 842961 oder schick uns eine E-Mail an <span style=\"text-decoration: underline;\"><a href=\"mailto:workshops@radiofabrik.at\">workshops@radiofabrik.at<\/a><\/span>!<\/p>\n<p><strong>Wir freuen uns auf dich!<\/strong><\/p>\n","protected":false},"excerpt":{"rendered":"<p>Kinder d\u00fcrfen beim Kinderradio richtig mitmachen! Sie k\u00f6nnen sich Nachwuchs-RedakteurInnen, ReporterInnen, und -ModeratorInnen, InterviewerInnen u.v.m. \u00fcben. So gewinnt man Einblick in ein Radiostudio, in Gestaltung und Abwicklung einer Radiosendung, in Aufnahmetechnik und Interviewf\u00fchrung. Gleichzeitig gestalten Kinder Inhalte nach eigenen Bed\u00fcrfnissen, W\u00fcnschen und Vorstellungen. So wird man spielerisch mit dem Radio vertraut und medienkompetent, was hei\u00dft, [&hellip;]<\/p>\n","protected":false},"author":675,"featured_media":0,"parent":0,"menu_order":0,"comment_status":"closed","ping_status":"closed","template":"","meta":{"footnotes":""},"class_list":["post-627","page","type-page","status-publish","hentry"],"_links":{"self":[{"href":"https:\/\/blog.radiofabrik.at\/kinderradio\/wp-json\/wp\/v2\/pages\/627","targetHints":{"allow":["GET"]}}],"collection":[{"href":"https:\/\/blog.radiofabrik.at\/kinderradio\/wp-json\/wp\/v2\/pages"}],"about":[{"href":"https:\/\/blog.radiofabrik.at\/kinderradio\/wp-json\/wp\/v2\/types\/page"}],"author":[{"embeddable":true,"href":"https:\/\/blog.radiofabrik.at\/kinderradio\/wp-json\/wp\/v2\/users\/675"}],"replies":[{"embeddable":true,"href":"https:\/\/blog.radiofabrik.at\/kinderradio\/wp-json\/wp\/v2\/comments?post=627"}],"version-history":[{"count":12,"href":"https:\/\/blog.radiofabrik.at\/kinderradio\/wp-json\/wp\/v2\/pages\/627\/revisions"}],"predecessor-version":[{"id":702,"href":"https:\/\/blog.radiofabrik.at\/kinderradio\/wp-json\/wp\/v2\/pages\/627\/revisions\/702"}],"wp:attachment":[{"href":"https:\/\/blog.radiofabrik.at\/kinderradio\/wp-json\/wp\/v2\/media?parent=627"}],"curies":[{"name":"wp","href":"https:\/\/api.w.org\/{rel}","templated":true}]}}