{"id":630,"date":"2014-09-04T16:30:55","date_gmt":"2014-09-04T14:30:55","guid":{"rendered":"http:\/\/blog.radiofabrik.at\/kinderradio\/?page_id=630"},"modified":"2020-11-26T17:25:27","modified_gmt":"2020-11-26T15:25:27","slug":"fragen-uns-2","status":"publish","type":"page","link":"https:\/\/blog.radiofabrik.at\/kinderradio\/fragen-uns-2\/","title":{"rendered":"Fragen an uns!?"},"content":{"rendered":"<p><strong>Wer ist beim Kinderradio dabei?<\/strong><br \/>\nKinder im Alter von 7 bis 14 Jahren k\u00f6nnen mitmachen.<\/p>\n<p><strong>Warum k\u00f6nnen\/sollen Kinder <span style=\"text-decoration: underline;\"><a title=\"Radio machen\" href=\"http:\/\/www.radiofabrik.at\/aboutus\/radiomachen.html\" target=\"_blank\" rel=\"noopener noreferrer\">Radiomachen<\/a><\/span>?<\/strong><br \/>\nDie Radiofabrik ist ein sogenanntes Freies Radio. Das hei\u00dft, dass alle Menschen, die in anderen Radio- oder Fernsehsendern selbst nicht oft oder gar nicht vorkommen, hier zu Wort kommen k\u00f6nnen. Das sind zum Beispiel Jugendliche, SeniorInnen, Menschen die eine andere Sprache sprechen und in \u00d6sterreich leben, Menschen mit k\u00f6rperlicher Beeintr\u00e4chtigung, Leute die sich mit Kunst, Kultur und Musik besch\u00e4ftigen oder eben auch Kinder. Sie bzw. wir alle sind Teil dieser Gesellschaft und alle sollen geh\u00f6rt werden! Im Freien Radio kann jeder von Themen erz\u00e4hlen, die ihm\/ihr pers\u00f6nlich wichtig sind und von denen er glaubt, dass sie auch f\u00fcr andere Menschen von Bedeutung sein k\u00f6nnen. Und nat\u00fcrlich darf jede\/jeder frei nach dem pers\u00f6nlichen Musikgeschmack ihre\/seine Lieblingsmusik spielen.<\/p>\n<p><strong>Wie lernt man das Radiomachen?<\/strong><br \/>\nIn eigenen <span style=\"text-decoration: underline;\"><a title=\"Kinderradio-Workshops\" href=\"http:\/\/www.radiofabrik.at\/workshops\/kinderworkshop.html\" target=\"_blank\" rel=\"noopener noreferrer\">Kinderradio-Workshops<\/a><\/span>.<\/p>\n<p><strong>Wie und wo kann man das Kinderradio h\u00f6ren?<\/strong><br \/>\nEntweder live \u00fcber das Radio. Die Radiofabrik\u00a0hat zwei <span style=\"text-decoration: underline;\"><a title=\"Stadtfrequenzen\" href=\"http:\/\/www.radiofabrik.at\/programm0\/sendedaten.html\" target=\"_blank\" rel=\"noopener noreferrer\">Stadtfrequenzen<\/a><\/span>, \u00fcber die ihr das Kinderradio h\u00f6ren k\u00f6nnt:<\/p>\n<ul>\n<li><strong>107,5 MHz<\/strong> f\u00fcr die Stadt Salzburg und im s\u00fcdlichen Flachgau<\/li>\n<li><strong>97,3 MHz<\/strong> f\u00fcr den S\u00fcden Salzburgs<\/li>\n<\/ul>\n<p>Man kann die Radiofabrik aber auch \u00fcber den <span style=\"text-decoration: underline;\"><a title=\"Fernseher\" href=\"http:\/\/www.radiofabrik.at\/programm0\/sendedaten.html\" target=\"_blank\" rel=\"noopener noreferrer\">Fernseher<\/a><\/span> empfangen. Voraussetzung ist, dass man einen Kabelanschluss hat:<\/p>\n<ul>\n<li><strong>98,6 MHz<\/strong> (UKW-Kanal 26) im Kabel der Salzburg AG CableLink<\/li>\n<\/ul>\n<p>Oder ihr h\u00f6rt euch das Kinderradio auf der Radiofabrik direkt als <span style=\"text-decoration: underline;\"><a title=\"Livestream\" href=\"http:\/\/radiofabrik.at\" target=\"_blank\" rel=\"noopener noreferrer\">Livestream<\/a><\/span> \u00fcber das Internet an. Hierzu braucht man nur ein Programm, das MP3-Streams abspielen kann.<\/p>\n<ul>\n<li><span style=\"text-decoration: underline;\"><a title=\"Winamp\" href=\"http:\/\/www.winamp.com\" target=\"_blank\" rel=\"noopener noreferrer\"><strong>Winamp<\/strong><\/a><\/span> (f\u00fcr Windows)<\/li>\n<li><span style=\"text-decoration: underline;\"><a title=\"iTunes\" href=\"http:\/\/www.apple.com\/at\/itunes\/\" target=\"_blank\" rel=\"noopener noreferrer\"><strong>iTunes<\/strong><\/a><\/span> (f\u00fcr OS X und Windows)<\/li>\n<\/ul>\n<p><strong>Nachh\u00f6ren<\/strong> kann man ALLE Kinderradio-Sendungen im Internet. Auf den jeweiligen <a href=\"https:\/\/blog.radiofabrik.at\/kinderradio\/\">Sendungsseiten<\/a> der einzelnen Kinderradio-sendungen findet ihr die neuesten Ausgaben direkt zum Nachh\u00f6ren, sowie einen Link ins CBA-Archiv der Sendung.<\/p>\n","protected":false},"excerpt":{"rendered":"<p>Wer ist beim Kinderradio dabei? Kinder im Alter von 7 bis 14 Jahren k\u00f6nnen mitmachen. Warum k\u00f6nnen\/sollen Kinder Radiomachen? Die Radiofabrik ist ein sogenanntes Freies Radio. Das hei\u00dft, dass alle Menschen, die in anderen Radio- oder Fernsehsendern selbst nicht oft oder gar nicht vorkommen, hier zu Wort kommen k\u00f6nnen. Das sind zum Beispiel Jugendliche, SeniorInnen, [&hellip;]<\/p>\n","protected":false},"author":675,"featured_media":0,"parent":0,"menu_order":0,"comment_status":"closed","ping_status":"closed","template":"","meta":{"footnotes":""},"class_list":["post-630","page","type-page","status-publish","hentry"],"_links":{"self":[{"href":"https:\/\/blog.radiofabrik.at\/kinderradio\/wp-json\/wp\/v2\/pages\/630","targetHints":{"allow":["GET"]}}],"collection":[{"href":"https:\/\/blog.radiofabrik.at\/kinderradio\/wp-json\/wp\/v2\/pages"}],"about":[{"href":"https:\/\/blog.radiofabrik.at\/kinderradio\/wp-json\/wp\/v2\/types\/page"}],"author":[{"embeddable":true,"href":"https:\/\/blog.radiofabrik.at\/kinderradio\/wp-json\/wp\/v2\/users\/675"}],"replies":[{"embeddable":true,"href":"https:\/\/blog.radiofabrik.at\/kinderradio\/wp-json\/wp\/v2\/comments?post=630"}],"version-history":[{"count":9,"href":"https:\/\/blog.radiofabrik.at\/kinderradio\/wp-json\/wp\/v2\/pages\/630\/revisions"}],"predecessor-version":[{"id":700,"href":"https:\/\/blog.radiofabrik.at\/kinderradio\/wp-json\/wp\/v2\/pages\/630\/revisions\/700"}],"wp:attachment":[{"href":"https:\/\/blog.radiofabrik.at\/kinderradio\/wp-json\/wp\/v2\/media?parent=630"}],"curies":[{"name":"wp","href":"https:\/\/api.w.org\/{rel}","templated":true}]}}