{"id":455,"date":"2014-11-06T15:23:32","date_gmt":"2014-11-06T15:23:32","guid":{"rendered":"http:\/\/blog.radiofabrik.at\/kiznewz\/?page_id=455"},"modified":"2016-05-12T10:22:40","modified_gmt":"2016-05-12T10:22:40","slug":"sendungen-anhoeren","status":"publish","type":"page","link":"https:\/\/blog.radiofabrik.at\/kiznewz\/sendungen-anhoeren\/","title":{"rendered":"KiZnewZ &#8211; Wir und die Welt"},"content":{"rendered":"<div id=\"attachment_388\" style=\"width: 310px\" class=\"wp-caption alignright\"><a href=\"http:\/\/blog.radiofabrik.at\/kiznewz\/files\/2013\/11\/KiZnewZ_Sticker.png\"><img loading=\"lazy\" decoding=\"async\" aria-describedby=\"caption-attachment-388\" class=\"wp-image-388 size-medium\" src=\"http:\/\/blog.radiofabrik.at\/kiznewz\/files\/2013\/11\/KiZnewZ_Sticker-300x300.png\" alt=\"KiZnewZ Sticker 2014\" width=\"300\" height=\"300\" srcset=\"https:\/\/blog.radiofabrik.at\/kiznewz\/files\/2013\/11\/KiZnewZ_Sticker-300x300.png 300w, https:\/\/blog.radiofabrik.at\/kiznewz\/files\/2013\/11\/KiZnewZ_Sticker-150x150.png 150w, https:\/\/blog.radiofabrik.at\/kiznewz\/files\/2013\/11\/KiZnewZ_Sticker-1024x1024.png 1024w, https:\/\/blog.radiofabrik.at\/kiznewz\/files\/2013\/11\/KiZnewZ_Sticker.png 1122w\" sizes=\"auto, (max-width: 300px) 100vw, 300px\" \/><\/a><p id=\"caption-attachment-388\" class=\"wp-caption-text\">KiZnewZ Sticker 2014<\/p><\/div>\n<p>Hey KiZ! Mit \u201cKiZnewZ \u2013 Wir und die Welt\u201d gibt es endlich\u00a0<span style=\"color: #ff6600;\"><strong>Nachrichten, bei denen ihr<\/strong><strong>\u00a0am Wort seid!\u00a0<\/strong><\/span>Bei den KiZnewZ k\u00f6nnt ihr euch mit Themen besch\u00e4ftigen, die euch wirklich interessieren. Dazu d\u00fcrft ihr\u00a0<span style=\"color: #ff00ff;\"><strong>ExpertInnen<\/strong>\u00a0<\/span>befragen, die verst\u00e4ndlich erkl\u00e4ren, was Sache ist. Und: ihr schnuppert dabei in die\u00a0<span style=\"color: #33cccc;\"><strong>Radioarbeit<\/strong>\u00a0<\/span>und nehmt eure eigenen Nachrichten als\u00a0<span style=\"color: #339966;\"><strong>ModeratorInnen und InterviewerInnen<\/strong><\/span>\u00a0im Radiofabrik-Sendestudio auf.<\/p>\n<p>Die KiZnewZ laufen auf der\u00a0<strong><a href=\"http:\/\/www.radiofabrik.at\/programm0\/sendedaten.html\" target=\"_blank\">Radiofabrik<\/a>\u00a0107,5 &amp; 97,3 MHz<\/strong>\u00a0und als Livestream<br \/>\nweltweit jeden\u00a0<span style=\"color: #ff6600;\"><strong>Mittwoch um 14 Uhr &amp; Sonntag um 10 Uhr<\/strong><\/span>\u00a0vor dem Kinderradio. Unter\u00a0<strong><a title=\"Sendungen anh\u00f6ren\" href=\"http:\/\/blog.radiofabrik.at\/kiznewz\/kiznewz-sendungen\/\">Sendungen anh\u00f6ren<\/a><\/strong>\u00a0k\u00f6nnt ihr alle Podcasts online nachh\u00f6ren.<\/p>\n<p>Du willst bei den KiZnewZ mit deiner Klasse\u00a0<strong>mitmachen<\/strong>? Dann melde dich bei der Radiofabrik 0662 842961-23, c.stenitzer@radiofabrik.at.<\/p>\n<hr \/>\n<p style=\"text-align: center;\">&#8222;KiZnewZ&#8220; ist ein Projekt von\u00a0<a href=\"http:\/\/www.friedensbuero.at\/\">Friedensb\u00fcro Salzburg<\/a>\u00a0&amp;\u00a0<a href=\"http:\/\/blog.radiofabrik.at\/kiznewz\/files\/2012\/11\/Logo-Friedensbuero-und-Radiofabrik.jpg\">Radiofabrik<\/a><a href=\"http:\/\/blog.radiofabrik.at\/kiznewz\/files\/2012\/11\/Logo-Friedensbuero-und-Radiofabrik.jpg\"><img loading=\"lazy\" decoding=\"async\" class=\"alignnone size-medium wp-image-109\" src=\"http:\/\/blog.radiofabrik.at\/kiznewz\/files\/2012\/11\/Logo-Friedensbuero-und-Radiofabrik-300x66.jpg\" alt=\"Logo Friedensbuero und Radiofabrik\" width=\"300\" height=\"66\" srcset=\"https:\/\/blog.radiofabrik.at\/kiznewz\/files\/2012\/11\/Logo-Friedensbuero-und-Radiofabrik-300x66.jpg 300w, https:\/\/blog.radiofabrik.at\/kiznewz\/files\/2012\/11\/Logo-Friedensbuero-und-Radiofabrik-1024x228.jpg 1024w\" sizes=\"auto, (max-width: 300px) 100vw, 300px\" \/><\/a><\/p>\n<hr \/>\n<p style=\"text-align: center;\">Ausgezeichnet mit dem\u00a0<a href=\"http:\/\/www.radiofabrik.at\/home\/home-news-einzelansicht\/article\/radiopreis-der-erwachsenenbildung-2013-fuer-kindernachrichten-kiznewz.html\">Radiopreis der Erwachsenenbildung 2013<\/a><a href=\"http:\/\/blog.radiofabrik.at\/kiznewz\/files\/2014\/05\/Ausgezeichnet-Preise.jpg\"><img loading=\"lazy\" decoding=\"async\" class=\"alignnone  wp-image-408\" src=\"http:\/\/blog.radiofabrik.at\/kiznewz\/files\/2014\/05\/Ausgezeichnet-Preise.jpg\" alt=\"Ausgezeichnet \" width=\"146\" height=\"124\" \/><\/a><\/p>\n<hr \/>\n<p style=\"text-align: center;\">Mit Projektunterst\u00fctzung durch das\u00a0<a href=\"http:\/\/www.salzburg.gv.at\/themen\/gv\/landesjugendreferat.htm\" target=\"_blank\">Landesjugendreferat Salzburg<\/a>.<a href=\"http:\/\/blog.radiofabrik.at\/kiznewz\/files\/2012\/06\/Jugend-Land-Salzburg_100x180.jpg\"><img loading=\"lazy\" decoding=\"async\" class=\"alignnone size-full wp-image-291\" src=\"http:\/\/blog.radiofabrik.at\/kiznewz\/files\/2012\/06\/Jugend-Land-Salzburg_100x180.jpg\" alt=\"Jugend Land Salzburg_100x180\" width=\"180\" height=\"100\" \/><\/a><\/p>\n","protected":false},"excerpt":{"rendered":"<p>Hey KiZ! Mit \u201cKiZnewZ \u2013 Wir und die Welt\u201d gibt es endlich\u00a0Nachrichten, bei denen ihr\u00a0am Wort seid!\u00a0Bei den KiZnewZ k\u00f6nnt ihr euch mit Themen besch\u00e4ftigen, die euch wirklich interessieren. Dazu d\u00fcrft ihr\u00a0ExpertInnen\u00a0befragen, die verst\u00e4ndlich erkl\u00e4ren, was Sache ist. Und: ihr &hellip; <a href=\"https:\/\/blog.radiofabrik.at\/kiznewz\/sendungen-anhoeren\/\">Weiterlesen <span class=\"meta-nav\">&rarr;<\/span><\/a><\/p>\n","protected":false},"author":4,"featured_media":0,"parent":0,"menu_order":0,"comment_status":"closed","ping_status":"closed","template":"","meta":{"jetpack_post_was_ever_published":false,"footnotes":""},"class_list":["post-455","page","type-page","status-publish","hentry"],"jetpack_sharing_enabled":true,"jetpack_shortlink":"https:\/\/wp.me\/P50fnL-7l","_links":{"self":[{"href":"https:\/\/blog.radiofabrik.at\/kiznewz\/wp-json\/wp\/v2\/pages\/455","targetHints":{"allow":["GET"]}}],"collection":[{"href":"https:\/\/blog.radiofabrik.at\/kiznewz\/wp-json\/wp\/v2\/pages"}],"about":[{"href":"https:\/\/blog.radiofabrik.at\/kiznewz\/wp-json\/wp\/v2\/types\/page"}],"author":[{"embeddable":true,"href":"https:\/\/blog.radiofabrik.at\/kiznewz\/wp-json\/wp\/v2\/users\/4"}],"replies":[{"embeddable":true,"href":"https:\/\/blog.radiofabrik.at\/kiznewz\/wp-json\/wp\/v2\/comments?post=455"}],"version-history":[{"count":25,"href":"https:\/\/blog.radiofabrik.at\/kiznewz\/wp-json\/wp\/v2\/pages\/455\/revisions"}],"predecessor-version":[{"id":671,"href":"https:\/\/blog.radiofabrik.at\/kiznewz\/wp-json\/wp\/v2\/pages\/455\/revisions\/671"}],"wp:attachment":[{"href":"https:\/\/blog.radiofabrik.at\/kiznewz\/wp-json\/wp\/v2\/media?parent=455"}],"curies":[{"name":"wp","href":"https:\/\/api.w.org\/{rel}","templated":true}]}}