{"id":2,"date":"2010-02-12T01:49:03","date_gmt":"2010-02-12T01:49:03","guid":{"rendered":""},"modified":"2010-02-13T15:23:35","modified_gmt":"2010-02-13T15:23:35","slug":"about","status":"publish","type":"page","link":"https:\/\/blog.radiofabrik.at\/kofomi\/about\/","title":{"rendered":"About"},"content":{"rendered":"<p><strong><a href=\"https:\/\/blog.radiofabrik.at\/kofomi\/files\/2010\/02\/raffaseder_seierl\u00a9kurt.hoerbst.jpg\"><img loading=\"lazy\" decoding=\"async\" class=\"size-medium wp-image-6 alignleft\" title=\"raffaseder_seierl\u00a9kurt.hoerbst\" src=\"https:\/\/blog.radiofabrik.at\/kofomi\/files\/2010\/02\/raffaseder_seierl\u00a9kurt.hoerbst-300x149.jpg\" alt=\"kofomi_team\" width=\"300\" height=\"149\" \/><\/a>Kofomi &#8211; <\/strong>Unser Netzwerk f\u00fcr Austausch, Information und Kommunikation rund um das aktuelle Musikgeschehen kann sich heute als Impulsgeber f\u00fcr die \u00f6sterreichische Musiklandschaft (\u201eeine der wichtigsten Komponistenwerkst\u00e4tten des Landes\u201c, Falter) behaupten. Dazu geh\u00f6ren neben dem 10-t\u00e4gigen Forum im Herbst weitere Veranstaltungen in Salzburg und Wien, das Label ein klang_records, die Gespr\u00e4chsreihe \u201eWohin?\u201c in Salzburg und unsere monatliche Kofomi-Sendung in der Radiofabrik, in der wir vor allem zeitgen\u00f6ssische experimentelle Musik pr\u00e4sentieren, KomponistInnen und MusikerInnen vorstellen und aktuelle Themen des Musiklebens er\u00f6rtern wollen.<\/p>\n<p>Das KomponistInnenforum Mittersill (www.kofomi.com) wurde 1996 von Wolfgang Seierl und Christian Heindl als lebendiges Denkmal f\u00fcr den Komponisten Anton Webern<strong> <\/strong>(www.antonwebern.com), der 1945 in Mittersill unter tragischen Umst\u00e4nden ums Leben gekommen ist, gegr\u00fcndet und hat sich seitdem als allj\u00e4hrlich im September stattfindendes K\u00fcnstlerInnentreffen mit Festivalcharakter und Plattform f\u00fcr zeitgen\u00f6ssische experimentelle Musik etabliert. Heute wird es von Wolfgang Seierl (www.seierl.com) gemeinsam mit dem Komponisten Hannes Raffaseder (www.raffaseder.com) konzipiert und geleitet.<\/p>\n<p>Die Ergebnisse dieses jeweils 10-t\u00e4gigen Zusammenseins und \u2013arbeitens inmitten der Mittersiller Bergwelt werden in engem Kontakt zur Bev\u00f6lkerung kommuniziert sowie in Konzerten, Publikationen, CD-Produktionen und in unserer Sendung in der Radiofabrik dokumentiert.<\/p>\n<p>Das Label ein_klang records (www.einklangrecords.com) wurde 1998 zum Zweck der Dokumentation dieser Ergebnisse gegr\u00fcndet, &#8211; die Gespr\u00e4chsreihe \u201eWohin?\u201c<strong> <\/strong>in der Galerie 5020 in Salzburg ist ein weiteres Veranstaltungsmodul, im Rahmen dessen wir zur Wahrnehmung und Diskussion aktueller Probleme des heutigen Musiklebens anregen wollen. Auch dar\u00fcber berichten wir in unseren Sendungen.<\/p>\n<p>Sendungsmacher Wolfgang Seierl wurde 1955 in Wien geboren, studierte Malerei, Philosophie und Gitarre in Wien sowie Komposition und Musikwissenschaft in Salzburg. Heute lebt er freischaffend in Salzburg und Wien, &#8211; neben seinem Engagement f\u00fcr das Kofomi ist er seit 2007 Vorstandsvorsitzender des mica (www.musicaustria.com)<\/p>\n","protected":false},"excerpt":{"rendered":"<p>Kofomi &#8211; Unser Netzwerk f\u00fcr Austausch, Information und Kommunikation rund um das aktuelle Musikgeschehen kann sich heute als Impulsgeber f\u00fcr die \u00f6sterreichische Musiklandschaft (\u201eeine der wichtigsten Komponistenwerkst\u00e4tten des Landes\u201c, Falter) behaupten. Dazu geh\u00f6ren neben dem 10-t\u00e4gigen Forum im Herbst weitere &hellip; <a href=\"https:\/\/blog.radiofabrik.at\/kofomi\/about\/\">Weiterlesen <span class=\"meta-nav\">&rarr;<\/span><\/a><\/p>\n","protected":false},"author":90,"featured_media":0,"parent":0,"menu_order":0,"comment_status":"open","ping_status":"open","template":"","meta":{"footnotes":""},"class_list":["post-2","page","type-page","status-publish","hentry"],"_links":{"self":[{"href":"https:\/\/blog.radiofabrik.at\/kofomi\/wp-json\/wp\/v2\/pages\/2","targetHints":{"allow":["GET"]}}],"collection":[{"href":"https:\/\/blog.radiofabrik.at\/kofomi\/wp-json\/wp\/v2\/pages"}],"about":[{"href":"https:\/\/blog.radiofabrik.at\/kofomi\/wp-json\/wp\/v2\/types\/page"}],"author":[{"embeddable":true,"href":"https:\/\/blog.radiofabrik.at\/kofomi\/wp-json\/wp\/v2\/users\/90"}],"replies":[{"embeddable":true,"href":"https:\/\/blog.radiofabrik.at\/kofomi\/wp-json\/wp\/v2\/comments?post=2"}],"version-history":[{"count":2,"href":"https:\/\/blog.radiofabrik.at\/kofomi\/wp-json\/wp\/v2\/pages\/2\/revisions"}],"predecessor-version":[{"id":17,"href":"https:\/\/blog.radiofabrik.at\/kofomi\/wp-json\/wp\/v2\/pages\/2\/revisions\/17"}],"wp:attachment":[{"href":"https:\/\/blog.radiofabrik.at\/kofomi\/wp-json\/wp\/v2\/media?parent=2"}],"curies":[{"name":"wp","href":"https:\/\/api.w.org\/{rel}","templated":true}]}}