{"id":2,"date":"2025-03-28T11:50:27","date_gmt":"2025-03-28T11:50:27","guid":{"rendered":"https:\/\/blog.radiofabrik.at\/literarischestunde\/?page_id=2"},"modified":"2025-11-17T14:43:44","modified_gmt":"2025-11-17T14:43:44","slug":"sample-page","status":"publish","type":"page","link":"https:\/\/blog.radiofabrik.at\/literarischestunde\/","title":{"rendered":"Die Literarische Stunde mit Romana Hasen\u00f6hrl"},"content":{"rendered":"\t\t<div data-elementor-type=\"wp-page\" data-elementor-id=\"2\" class=\"elementor elementor-2\">\n\t\t\t\t<div class=\"elementor-element elementor-element-5378bab3 e-flex e-con-boxed e-con e-parent\" data-id=\"5378bab3\" data-element_type=\"container\" data-e-type=\"container\">\n\t\t\t\t\t<div class=\"e-con-inner\">\n\t\t\t\t<div class=\"elementor-element elementor-element-531c585 elementor-widget elementor-widget-heading\" data-id=\"531c585\" data-element_type=\"widget\" data-e-type=\"widget\" data-widget_type=\"heading.default\">\n\t\t\t\t<div class=\"elementor-widget-container\">\n\t\t\t\t\t<h2 class=\"elementor-heading-title elementor-size-default\">Die Literarische Stunde mit Romana Hasen\u00f6hrl<\/h2>\t\t\t\t<\/div>\n\t\t\t\t<\/div>\n\t\t\t\t\t<\/div>\n\t\t\t\t<\/div>\n\t\t<div class=\"elementor-element elementor-element-000411b e-flex e-con-boxed e-con e-parent\" data-id=\"000411b\" data-element_type=\"container\" data-e-type=\"container\">\n\t\t\t\t\t<div class=\"e-con-inner\">\n\t\t<div class=\"elementor-element elementor-element-3350e2e e-con-full e-flex e-con e-child\" data-id=\"3350e2e\" data-element_type=\"container\" data-e-type=\"container\">\n\t\t\t\t<div class=\"elementor-element elementor-element-13c0b4c elementor-widget elementor-widget-image\" data-id=\"13c0b4c\" data-element_type=\"widget\" data-e-type=\"widget\" data-widget_type=\"image.default\">\n\t\t\t\t<div class=\"elementor-widget-container\">\n\t\t\t\t\t\t\t\t\t\t\t\t\t\t\t<img fetchpriority=\"high\" decoding=\"async\" width=\"469\" height=\"632\" src=\"https:\/\/blog.radiofabrik.at\/literarischestunde\/files\/2025\/05\/Astrologie-by-Romana-Hasenoehrl.jpg\" class=\"attachment-large size-large wp-image-23\" alt=\"\" srcset=\"https:\/\/blog.radiofabrik.at\/literarischestunde\/files\/2025\/05\/Astrologie-by-Romana-Hasenoehrl.jpg 469w, https:\/\/blog.radiofabrik.at\/literarischestunde\/files\/2025\/05\/Astrologie-by-Romana-Hasenoehrl-223x300.jpg 223w\" sizes=\"(max-width: 469px) 100vw, 469px\" \/>\t\t\t\t\t\t\t\t\t\t\t\t\t\t\t<\/div>\n\t\t\t\t<\/div>\n\t\t\t\t<\/div>\n\t\t<div class=\"elementor-element elementor-element-d2ed2aa e-con-full e-flex e-con e-child\" data-id=\"d2ed2aa\" data-element_type=\"container\" data-e-type=\"container\">\n\t\t\t\t<div class=\"elementor-element elementor-element-515d6ba elementor-widget elementor-widget-text-editor\" data-id=\"515d6ba\" data-element_type=\"widget\" data-e-type=\"widget\" data-widget_type=\"text-editor.default\">\n\t\t\t\t<div class=\"elementor-widget-container\">\n\t\t\t\t\t\t\t\t\t<div class=\"entry-content\"><p>Was hat Rockmusik mit Literatur zu tun?<br \/>Was machen Schriftsteller*innen eigentlich so den ganzen Tag?<br \/>Und wie ist das, wenn man ein eigenes Buch schreiben will?<\/p><p>Als Autorin und Schreibtrainerin wei\u00df ich um die letzten beiden Fragen und haben viele Antworten darauf. Die erste Frage, die besch\u00e4ftigt mich erst seit kurzem. Genau genommen, seit dem Herbst 2024, als ich mir die Frage stellte, ob es eigentlich au\u00dfer \u201eWuthering Heights\u201c noch Songs gibt, die sich direkt auf literarische Werke beziehen. Das Ergebnis meiner Suche: Es gibt jede Menge davon! Und genau das m\u00f6chte ich als musik- und literaturbegeisterter Mensch mit Euch teilen.<\/p><p>Neben Songs mit Literaturbezug gibt es alten Rock vom Feinsten, Geschichten rund ums Schreiben, die besten Tipps f\u00fcr alle, die gern ein Buch schreiben m\u00f6chten und Studiog\u00e4ste aus der Schreibszene und dem Literaturbetrieb. Wenn Du Fragen rund ums Schreiben hast, melde Dich gerne \u2013 ich beantworte sie auf jeden Fall!<\/p><\/div>\t\t\t\t\t\t\t\t<\/div>\n\t\t\t\t<\/div>\n\t\t\t\t<\/div>\n\t\t\t\t\t<\/div>\n\t\t\t\t<\/div>\n\t\t<div class=\"elementor-element elementor-element-dedbb12 e-flex e-con-boxed e-con e-parent\" data-id=\"dedbb12\" data-element_type=\"container\" data-e-type=\"container\">\n\t\t\t\t\t<div class=\"e-con-inner\">\n\t\t\t\t<div class=\"elementor-element elementor-element-4f4ae2b elementor-arrows-position-inside elementor-pagination-position-outside elementor-widget elementor-widget-image-carousel\" data-id=\"4f4ae2b\" data-element_type=\"widget\" data-e-type=\"widget\" data-settings=\"{&quot;slides_to_show&quot;:&quot;1&quot;,&quot;navigation&quot;:&quot;both&quot;,&quot;autoplay&quot;:&quot;yes&quot;,&quot;pause_on_hover&quot;:&quot;yes&quot;,&quot;pause_on_interaction&quot;:&quot;yes&quot;,&quot;autoplay_speed&quot;:5000,&quot;infinite&quot;:&quot;yes&quot;,&quot;effect&quot;:&quot;slide&quot;,&quot;speed&quot;:500}\" data-widget_type=\"image-carousel.default\">\n\t\t\t\t<div class=\"elementor-widget-container\">\n\t\t\t\t\t\t\t<div class=\"elementor-image-carousel-wrapper swiper\" role=\"region\" aria-roledescription=\"carousel\" aria-label=\"Bild Karussell\" dir=\"ltr\">\n\t\t\t<div class=\"elementor-image-carousel swiper-wrapper\" aria-live=\"off\">\n\t\t\t\t\t\t\t\t<div class=\"swiper-slide\" role=\"group\" aria-roledescription=\"slide\" aria-label=\"1 von 5\"><figure class=\"swiper-slide-inner\"><img decoding=\"async\" class=\"swiper-slide-image\" src=\"https:\/\/blog.radiofabrik.at\/literarischestunde\/files\/2025\/05\/Radiofabrik-5.jpg\" alt=\"Radiofabrik-5\" \/><\/figure><\/div><div class=\"swiper-slide\" role=\"group\" aria-roledescription=\"slide\" aria-label=\"2 von 5\"><figure class=\"swiper-slide-inner\"><img decoding=\"async\" class=\"swiper-slide-image\" src=\"https:\/\/blog.radiofabrik.at\/literarischestunde\/files\/2025\/05\/Radiofabrik-4.jpg\" alt=\"Radiofabrik-4\" \/><\/figure><\/div><div class=\"swiper-slide\" role=\"group\" aria-roledescription=\"slide\" aria-label=\"3 von 5\"><figure class=\"swiper-slide-inner\"><img decoding=\"async\" class=\"swiper-slide-image\" src=\"https:\/\/blog.radiofabrik.at\/literarischestunde\/files\/2025\/05\/Radiofabrik-3.jpg\" alt=\"Radiofabrik-3\" \/><\/figure><\/div><div class=\"swiper-slide\" role=\"group\" aria-roledescription=\"slide\" aria-label=\"4 von 5\"><figure class=\"swiper-slide-inner\"><img decoding=\"async\" class=\"swiper-slide-image\" src=\"https:\/\/blog.radiofabrik.at\/literarischestunde\/files\/2025\/05\/Radiofabrik-2.jpg\" alt=\"Radiofabrik-2\" \/><\/figure><\/div><div class=\"swiper-slide\" role=\"group\" aria-roledescription=\"slide\" aria-label=\"5 von 5\"><figure class=\"swiper-slide-inner\"><img decoding=\"async\" class=\"swiper-slide-image\" src=\"https:\/\/blog.radiofabrik.at\/literarischestunde\/files\/2025\/05\/Radiofabrik-1.jpg\" alt=\"Radiofabrik-1\" \/><\/figure><\/div>\t\t\t<\/div>\n\t\t\t\t\t\t\t\t\t\t\t\t<div class=\"elementor-swiper-button elementor-swiper-button-prev\" role=\"button\" tabindex=\"0\">\n\t\t\t\t\t\t<svg aria-hidden=\"true\" class=\"e-font-icon-svg e-eicon-chevron-left\" viewBox=\"0 0 1000 1000\" xmlns=\"http:\/\/www.w3.org\/2000\/svg\"><path d=\"M646 125C629 125 613 133 604 142L308 442C296 454 292 471 292 487 292 504 296 521 308 533L604 854C617 867 629 875 646 875 663 875 679 871 692 858 704 846 713 829 713 812 713 796 708 779 692 767L438 487 692 225C700 217 708 204 708 187 708 171 704 154 692 142 675 129 663 125 646 125Z\"><\/path><\/svg>\t\t\t\t\t<\/div>\n\t\t\t\t\t<div class=\"elementor-swiper-button elementor-swiper-button-next\" role=\"button\" tabindex=\"0\">\n\t\t\t\t\t\t<svg aria-hidden=\"true\" class=\"e-font-icon-svg e-eicon-chevron-right\" viewBox=\"0 0 1000 1000\" xmlns=\"http:\/\/www.w3.org\/2000\/svg\"><path d=\"M696 533C708 521 713 504 713 487 713 471 708 454 696 446L400 146C388 133 375 125 354 125 338 125 325 129 313 142 300 154 292 171 292 187 292 204 296 221 308 233L563 492 304 771C292 783 288 800 288 817 288 833 296 850 308 863 321 871 338 875 354 875 371 875 388 867 400 854L696 533Z\"><\/path><\/svg>\t\t\t\t\t<\/div>\n\t\t\t\t\n\t\t\t\t\t\t\t\t\t<div class=\"swiper-pagination\"><\/div>\n\t\t\t\t\t\t\t\t\t<\/div>\n\t\t\t\t\t\t<\/div>\n\t\t\t\t<\/div>\n\t\t\t\t\t<\/div>\n\t\t\t\t<\/div>\n\t\t<div class=\"elementor-element elementor-element-165c3be e-flex e-con-boxed e-con e-parent\" data-id=\"165c3be\" data-element_type=\"container\" data-e-type=\"container\">\n\t\t\t\t\t<div class=\"e-con-inner\">\n\t\t\t\t<div class=\"elementor-element elementor-element-0044d69 elementor-widget elementor-widget-heading\" data-id=\"0044d69\" data-element_type=\"widget\" data-e-type=\"widget\" data-widget_type=\"heading.default\">\n\t\t\t\t<div class=\"elementor-widget-container\">\n\t\t\t\t\t<h2 class=\"elementor-heading-title elementor-size-default\">Meine Sendungen<\/h2>\t\t\t\t<\/div>\n\t\t\t\t<\/div>\n\t\t\t\t<div class=\"elementor-element elementor-element-b94b7aa elementor-widget elementor-widget-text-editor\" data-id=\"b94b7aa\" data-element_type=\"widget\" data-e-type=\"widget\" data-widget_type=\"text-editor.default\">\n\t\t\t\t<div class=\"elementor-widget-container\">\n\t\t\t\t\t\t\t\t\t<p>Die Literarische Stunde ging mit J\u00e4nner 2025 auf Sendung und wird jeden dritten Montag im Monat ausgestrahlt. <\/p><p>Hier findest Du immer die aktuellsten Sendungen. Sollte Deine Wunschsendung nicht dabei sein, so findest Du weiter unten einen Link zum Archiv!<\/p>\t\t\t\t\t\t\t\t<\/div>\n\t\t\t\t<\/div>\n\t\t\t\t\t<\/div>\n\t\t\t\t<\/div>\n\t\t<div class=\"elementor-element elementor-element-23a1a1b e-flex e-con-boxed e-con e-parent\" data-id=\"23a1a1b\" data-element_type=\"container\" data-e-type=\"container\">\n\t\t\t\t\t<div class=\"e-con-inner\">\n\t\t<div class=\"elementor-element elementor-element-06d8564 e-con-full e-flex e-con e-child\" data-id=\"06d8564\" data-element_type=\"container\" data-e-type=\"container\">\n\t\t\t\t<div class=\"elementor-element elementor-element-688eeb3 elementor-widget elementor-widget-image\" data-id=\"688eeb3\" data-element_type=\"widget\" data-e-type=\"widget\" data-widget_type=\"image.default\">\n\t\t\t\t<div class=\"elementor-widget-container\">\n\t\t\t\t\t\t\t\t\t\t\t\t\t\t\t\t<a href=\"https:\/\/blog.radiofabrik.at\/literarischestunde\/literarische-stunde-11-von-brave-ulysses-bis-zu-poesie-unterm-regenbogen\/\">\n\t\t\t\t\t\t\t<img decoding=\"async\" width=\"800\" height=\"800\" src=\"https:\/\/blog.radiofabrik.at\/literarischestunde\/files\/2025\/11\/Sendung-11-2-1024x1024.jpg\" class=\"attachment-large size-large wp-image-216\" alt=\"\" srcset=\"https:\/\/blog.radiofabrik.at\/literarischestunde\/files\/2025\/11\/Sendung-11-2-1024x1024.jpg 1024w, https:\/\/blog.radiofabrik.at\/literarischestunde\/files\/2025\/11\/Sendung-11-2-300x300.jpg 300w, https:\/\/blog.radiofabrik.at\/literarischestunde\/files\/2025\/11\/Sendung-11-2-150x150.jpg 150w, https:\/\/blog.radiofabrik.at\/literarischestunde\/files\/2025\/11\/Sendung-11-2-768x768.jpg 768w, https:\/\/blog.radiofabrik.at\/literarischestunde\/files\/2025\/11\/Sendung-11-2.jpg 1080w\" sizes=\"(max-width: 800px) 100vw, 800px\" \/>\t\t\t\t\t\t\t\t<\/a>\n\t\t\t\t\t\t\t\t\t\t\t\t\t\t\t<\/div>\n\t\t\t\t<\/div>\n\t\t\t\t<\/div>\n\t\t<div class=\"elementor-element elementor-element-c4d7ffe e-con-full e-flex e-con e-child\" data-id=\"c4d7ffe\" data-element_type=\"container\" data-e-type=\"container\">\n\t\t\t\t<div class=\"elementor-element elementor-element-655328e elementor-widget elementor-widget-image\" data-id=\"655328e\" data-element_type=\"widget\" data-e-type=\"widget\" data-widget_type=\"image.default\">\n\t\t\t\t<div class=\"elementor-widget-container\">\n\t\t\t\t\t\t\t\t\t\t\t\t\t\t\t\t<a href=\"https:\/\/blog.radiofabrik.at\/literarischestunde\/literarische-stunde-10-vom-besten-buch-der-welt\/\">\n\t\t\t\t\t\t\t<img decoding=\"async\" width=\"800\" height=\"800\" src=\"https:\/\/blog.radiofabrik.at\/literarischestunde\/files\/2025\/10\/Literarische-Stunde-10-1024x1024.jpg\" class=\"attachment-large size-large wp-image-209\" alt=\"\" srcset=\"https:\/\/blog.radiofabrik.at\/literarischestunde\/files\/2025\/10\/Literarische-Stunde-10-1024x1024.jpg 1024w, https:\/\/blog.radiofabrik.at\/literarischestunde\/files\/2025\/10\/Literarische-Stunde-10-300x300.jpg 300w, https:\/\/blog.radiofabrik.at\/literarischestunde\/files\/2025\/10\/Literarische-Stunde-10-150x150.jpg 150w, https:\/\/blog.radiofabrik.at\/literarischestunde\/files\/2025\/10\/Literarische-Stunde-10-768x768.jpg 768w, https:\/\/blog.radiofabrik.at\/literarischestunde\/files\/2025\/10\/Literarische-Stunde-10.jpg 1080w\" sizes=\"(max-width: 800px) 100vw, 800px\" \/>\t\t\t\t\t\t\t\t<\/a>\n\t\t\t\t\t\t\t\t\t\t\t\t\t\t\t<\/div>\n\t\t\t\t<\/div>\n\t\t\t\t<\/div>\n\t\t<div class=\"elementor-element elementor-element-8f9dd82 e-con-full e-flex e-con e-child\" data-id=\"8f9dd82\" data-element_type=\"container\" data-e-type=\"container\">\n\t\t\t\t<div class=\"elementor-element elementor-element-ec85135 elementor-widget elementor-widget-image\" data-id=\"ec85135\" data-element_type=\"widget\" data-e-type=\"widget\" data-widget_type=\"image.default\">\n\t\t\t\t<div class=\"elementor-widget-container\">\n\t\t\t\t\t\t\t\t\t\t\t\t\t\t\t\t<a href=\"https:\/\/blog.radiofabrik.at\/literarischestunde\/literarische-stunde-9-von-banana-massacre-zu-nachwuchsautorinnen\/\">\n\t\t\t\t\t\t\t<img loading=\"lazy\" decoding=\"async\" width=\"800\" height=\"800\" src=\"https:\/\/blog.radiofabrik.at\/literarischestunde\/files\/2025\/09\/Die-Literarische-Stunde-1024x1024.jpg\" class=\"attachment-large size-large wp-image-175\" alt=\"\" srcset=\"https:\/\/blog.radiofabrik.at\/literarischestunde\/files\/2025\/09\/Die-Literarische-Stunde-1024x1024.jpg 1024w, https:\/\/blog.radiofabrik.at\/literarischestunde\/files\/2025\/09\/Die-Literarische-Stunde-300x300.jpg 300w, https:\/\/blog.radiofabrik.at\/literarischestunde\/files\/2025\/09\/Die-Literarische-Stunde-150x150.jpg 150w, https:\/\/blog.radiofabrik.at\/literarischestunde\/files\/2025\/09\/Die-Literarische-Stunde-768x768.jpg 768w, https:\/\/blog.radiofabrik.at\/literarischestunde\/files\/2025\/09\/Die-Literarische-Stunde.jpg 1080w\" sizes=\"(max-width: 800px) 100vw, 800px\" \/>\t\t\t\t\t\t\t\t<\/a>\n\t\t\t\t\t\t\t\t\t\t\t\t\t\t\t<\/div>\n\t\t\t\t<\/div>\n\t\t\t\t<\/div>\n\t\t<div class=\"elementor-element elementor-element-b2711eb e-con-full e-flex e-con e-child\" data-id=\"b2711eb\" data-element_type=\"container\" data-e-type=\"container\">\n\t\t\t\t<div class=\"elementor-element elementor-element-098a9a0 elementor-widget elementor-widget-image\" data-id=\"098a9a0\" data-element_type=\"widget\" data-e-type=\"widget\" data-widget_type=\"image.default\">\n\t\t\t\t<div class=\"elementor-widget-container\">\n\t\t\t\t\t\t\t\t\t\t\t\t\t\t\t\t<a href=\"https:\/\/blog.radiofabrik.at\/literarischestunde\/sendung-8-von-wilder-musik-und-lebensgeschichten\/\">\n\t\t\t\t\t\t\t<img loading=\"lazy\" decoding=\"async\" width=\"800\" height=\"800\" src=\"https:\/\/blog.radiofabrik.at\/literarischestunde\/files\/2025\/08\/Literarische-Stunde-8-1024x1024.jpg\" class=\"attachment-large size-large wp-image-160\" alt=\"\" srcset=\"https:\/\/blog.radiofabrik.at\/literarischestunde\/files\/2025\/08\/Literarische-Stunde-8-1024x1024.jpg 1024w, https:\/\/blog.radiofabrik.at\/literarischestunde\/files\/2025\/08\/Literarische-Stunde-8-300x300.jpg 300w, https:\/\/blog.radiofabrik.at\/literarischestunde\/files\/2025\/08\/Literarische-Stunde-8-150x150.jpg 150w, https:\/\/blog.radiofabrik.at\/literarischestunde\/files\/2025\/08\/Literarische-Stunde-8-768x768.jpg 768w, https:\/\/blog.radiofabrik.at\/literarischestunde\/files\/2025\/08\/Literarische-Stunde-8.jpg 1080w\" sizes=\"(max-width: 800px) 100vw, 800px\" \/>\t\t\t\t\t\t\t\t<\/a>\n\t\t\t\t\t\t\t\t\t\t\t\t\t\t\t<\/div>\n\t\t\t\t<\/div>\n\t\t\t\t<\/div>\n\t\t<div class=\"elementor-element elementor-element-9420531 e-con-full e-flex e-con e-child\" data-id=\"9420531\" data-element_type=\"container\" data-e-type=\"container\">\n\t\t\t\t<div class=\"elementor-element elementor-element-cf416c8 elementor-widget elementor-widget-image\" data-id=\"cf416c8\" data-element_type=\"widget\" data-e-type=\"widget\" data-widget_type=\"image.default\">\n\t\t\t\t<div class=\"elementor-widget-container\">\n\t\t\t\t\t\t\t\t\t\t\t\t\t\t\t\t<a href=\"https:\/\/blog.radiofabrik.at\/literarischestunde\/sendung-7-the-ghost-of-tom-joad-literatrurpreise-und-rocktraeume\/\">\n\t\t\t\t\t\t\t<img loading=\"lazy\" decoding=\"async\" width=\"800\" height=\"800\" src=\"https:\/\/blog.radiofabrik.at\/literarischestunde\/files\/2025\/07\/Die-Literarische-Stunde_7-1024x1024.jpg\" class=\"attachment-large size-large wp-image-148\" alt=\"\" srcset=\"https:\/\/blog.radiofabrik.at\/literarischestunde\/files\/2025\/07\/Die-Literarische-Stunde_7-1024x1024.jpg 1024w, https:\/\/blog.radiofabrik.at\/literarischestunde\/files\/2025\/07\/Die-Literarische-Stunde_7-300x300.jpg 300w, https:\/\/blog.radiofabrik.at\/literarischestunde\/files\/2025\/07\/Die-Literarische-Stunde_7-150x150.jpg 150w, https:\/\/blog.radiofabrik.at\/literarischestunde\/files\/2025\/07\/Die-Literarische-Stunde_7-768x768.jpg 768w, https:\/\/blog.radiofabrik.at\/literarischestunde\/files\/2025\/07\/Die-Literarische-Stunde_7.jpg 1080w\" sizes=\"(max-width: 800px) 100vw, 800px\" \/>\t\t\t\t\t\t\t\t<\/a>\n\t\t\t\t\t\t\t\t\t\t\t\t\t\t\t<\/div>\n\t\t\t\t<\/div>\n\t\t\t\t<\/div>\n\t\t<div class=\"elementor-element elementor-element-3b8c907 e-con-full e-flex e-con e-child\" data-id=\"3b8c907\" data-element_type=\"container\" data-e-type=\"container\">\n\t\t\t\t<div class=\"elementor-element elementor-element-335e787 elementor-widget elementor-widget-image\" data-id=\"335e787\" data-element_type=\"widget\" data-e-type=\"widget\" data-widget_type=\"image.default\">\n\t\t\t\t<div class=\"elementor-widget-container\">\n\t\t\t\t\t\t\t\t\t\t\t\t\t\t\t\t<a href=\"https:\/\/blog.radiofabrik.at\/literarischestunde\/sendung-6-von-mittelerde-nach-salzburg\/\">\n\t\t\t\t\t\t\t<img loading=\"lazy\" decoding=\"async\" width=\"800\" height=\"800\" src=\"https:\/\/blog.radiofabrik.at\/literarischestunde\/files\/2025\/05\/Literarische-Stunde-Sendung-6-1024x1024.jpg\" class=\"attachment-large size-large wp-image-76\" alt=\"\" srcset=\"https:\/\/blog.radiofabrik.at\/literarischestunde\/files\/2025\/05\/Literarische-Stunde-Sendung-6-1024x1024.jpg 1024w, https:\/\/blog.radiofabrik.at\/literarischestunde\/files\/2025\/05\/Literarische-Stunde-Sendung-6-300x300.jpg 300w, https:\/\/blog.radiofabrik.at\/literarischestunde\/files\/2025\/05\/Literarische-Stunde-Sendung-6-150x150.jpg 150w, https:\/\/blog.radiofabrik.at\/literarischestunde\/files\/2025\/05\/Literarische-Stunde-Sendung-6-768x768.jpg 768w, https:\/\/blog.radiofabrik.at\/literarischestunde\/files\/2025\/05\/Literarische-Stunde-Sendung-6.jpg 1080w\" sizes=\"(max-width: 800px) 100vw, 800px\" \/>\t\t\t\t\t\t\t\t<\/a>\n\t\t\t\t\t\t\t\t\t\t\t\t\t\t\t<\/div>\n\t\t\t\t<\/div>\n\t\t\t\t<\/div>\n\t\t\t\t\t<\/div>\n\t\t\t\t<\/div>\n\t\t<div class=\"elementor-element elementor-element-56681dc e-flex e-con-boxed e-con e-parent\" data-id=\"56681dc\" data-element_type=\"container\" data-e-type=\"container\">\n\t\t\t\t\t<div class=\"e-con-inner\">\n\t\t\t\t\t<\/div>\n\t\t\t\t<\/div>\n\t\t<div class=\"elementor-element elementor-element-b426162 e-grid e-con-boxed e-con e-parent\" data-id=\"b426162\" data-element_type=\"container\" data-e-type=\"container\">\n\t\t\t\t\t<div class=\"e-con-inner\">\n\t\t<div class=\"elementor-element elementor-element-d3454d6 e-con-full e-flex e-con e-child\" data-id=\"d3454d6\" data-element_type=\"container\" data-e-type=\"container\">\n\t\t\t\t<div class=\"elementor-element elementor-element-fcbab5a elementor-widget elementor-widget-wp-widget-archives\" data-id=\"fcbab5a\" data-element_type=\"widget\" data-e-type=\"widget\" data-widget_type=\"wp-widget-archives.default\">\n\t\t\t\t<div class=\"elementor-widget-container\">\n\t\t\t\t\t<h5>Archiv<\/h5>\n\t\t\t<ul>\n\t\t\t\t\t<li><a href='https:\/\/blog.radiofabrik.at\/literarischestunde\/2025\/11\/'>November 2025<\/a><\/li>\n\t<li><a href='https:\/\/blog.radiofabrik.at\/literarischestunde\/2025\/10\/'>Oktober 2025<\/a><\/li>\n\t<li><a href='https:\/\/blog.radiofabrik.at\/literarischestunde\/2025\/09\/'>September 2025<\/a><\/li>\n\t<li><a href='https:\/\/blog.radiofabrik.at\/literarischestunde\/2025\/08\/'>August 2025<\/a><\/li>\n\t<li><a href='https:\/\/blog.radiofabrik.at\/literarischestunde\/2025\/07\/'>Juli 2025<\/a><\/li>\n\t<li><a href='https:\/\/blog.radiofabrik.at\/literarischestunde\/2025\/06\/'>Juni 2025<\/a><\/li>\n\t<li><a href='https:\/\/blog.radiofabrik.at\/literarischestunde\/2025\/05\/'>Mai 2025<\/a><\/li>\n\t<li><a href='https:\/\/blog.radiofabrik.at\/literarischestunde\/2025\/04\/'>April 2025<\/a><\/li>\n\t<li><a href='https:\/\/blog.radiofabrik.at\/literarischestunde\/2025\/03\/'>M\u00e4rz 2025<\/a><\/li>\n\t<li><a href='https:\/\/blog.radiofabrik.at\/literarischestunde\/2025\/02\/'>Februar 2025<\/a><\/li>\n\t<li><a href='https:\/\/blog.radiofabrik.at\/literarischestunde\/2025\/01\/'>Januar 2025<\/a><\/li>\n\t\t\t<\/ul>\n\n\t\t\t\t\t\t\t<\/div>\n\t\t\t\t<\/div>\n\t\t\t\t<\/div>\n\t\t<div class=\"elementor-element elementor-element-a238e0a e-con-full e-flex e-con e-child\" data-id=\"a238e0a\" data-element_type=\"container\" data-e-type=\"container\">\n\t\t\t\t<div class=\"elementor-element elementor-element-d7cc948 elementor-widget elementor-widget-wp-widget-categories\" data-id=\"d7cc948\" data-element_type=\"widget\" data-e-type=\"widget\" data-widget_type=\"wp-widget-categories.default\">\n\t\t\t\t<div class=\"elementor-widget-container\">\n\t\t\t\t\t<h5>Kategorien<\/h5>\n\t\t\t<ul>\n\t\t\t\t\t<li class=\"cat-item cat-item-2\"><a href=\"https:\/\/blog.radiofabrik.at\/literarischestunde\/category\/sendungen\/\">Sendungen<\/a>\n<\/li>\n\t\t\t<\/ul>\n\n\t\t\t\t\t\t\t<\/div>\n\t\t\t\t<\/div>\n\t\t\t\t<\/div>\n\t\t\t\t<div class=\"elementor-element elementor-element-f7d901e elementor-widget elementor-widget-wp-widget-nav_menu\" data-id=\"f7d901e\" data-element_type=\"widget\" data-e-type=\"widget\" data-widget_type=\"wp-widget-nav_menu.default\">\n\t\t\t\t<div class=\"elementor-widget-container\">\n\t\t\t\t\t<div class=\"menu-sendungen-container\"><ul id=\"menu-sendungen\" class=\"menu\"><li id=\"menu-item-221\" class=\"menu-item menu-item-type-post_type menu-item-object-post menu-item-221\"><a href=\"https:\/\/blog.radiofabrik.at\/literarischestunde\/literarische-stunde-11-von-brave-ulysses-bis-zu-poesie-unterm-regenbogen\/\">Literarische Stunde 11: Von Brave Ulysses bis zu Poesie unterm Regenbogen<\/a><\/li>\n<li id=\"menu-item-208\" class=\"menu-item menu-item-type-post_type menu-item-object-post menu-item-208\"><a href=\"https:\/\/blog.radiofabrik.at\/literarischestunde\/literarische-stunde-10-vom-besten-buch-der-welt\/\">Literarische Stunde 10: Vom besten Buch der Welt<\/a><\/li>\n<li id=\"menu-item-193\" class=\"menu-item menu-item-type-post_type menu-item-object-post menu-item-193\"><a href=\"https:\/\/blog.radiofabrik.at\/literarischestunde\/literarische-stunde-9-von-banana-massacre-zu-nachwuchsautorinnen\/\">Literarische Stunde 9: Von \u201eBanana massacre\u201c zu Nachwuchsautor*innen<\/a><\/li>\n<li id=\"menu-item-194\" class=\"menu-item menu-item-type-post_type menu-item-object-post menu-item-194\"><a href=\"https:\/\/blog.radiofabrik.at\/literarischestunde\/sendung-8-von-wilder-musik-und-lebensgeschichten\/\">Sendung 8: Von wilder Musik und Lebensgeschichten<\/a><\/li>\n<li id=\"menu-item-155\" class=\"menu-item menu-item-type-post_type menu-item-object-post menu-item-155\"><a href=\"https:\/\/blog.radiofabrik.at\/literarischestunde\/sendung-7-the-ghost-of-tom-joad-literatrurpreise-und-rocktraeume\/\">Sendung 7: The Ghost of Tom Joad, Literatrurpreise und Rocktr\u00e4ume<\/a><\/li>\n<li id=\"menu-item-156\" class=\"menu-item menu-item-type-post_type menu-item-object-post menu-item-156\"><a href=\"https:\/\/blog.radiofabrik.at\/literarischestunde\/sendung-6-von-mittelerde-nach-salzburg\/\">Sendung 6: Von Mittelerde nach Salzburg<\/a><\/li>\n<li id=\"menu-item-130\" class=\"menu-item menu-item-type-post_type menu-item-object-post menu-item-130\"><a href=\"https:\/\/blog.radiofabrik.at\/literarischestunde\/sendung-5-von-antiutopien-und-kinderbuechern\/\">Sendung 5: Von Antiutopien und Kinderb\u00fcchern<\/a><\/li>\n<li id=\"menu-item-131\" class=\"menu-item menu-item-type-post_type menu-item-object-post menu-item-131\"><a href=\"https:\/\/blog.radiofabrik.at\/literarischestunde\/sendung-4-von-weissen-kaninchen-und-jefferson-airplane\/\">Sendung 4: Von wei\u00dfen Kaninchen und Jefferson Airplane<\/a><\/li>\n<li id=\"menu-item-132\" class=\"menu-item menu-item-type-post_type menu-item-object-post menu-item-132\"><a href=\"https:\/\/blog.radiofabrik.at\/literarischestunde\/sendung-3-wem-die-stunde-schlaegt-und-jethro-tull\/\">Sendung 3: Wem die Stunde schl\u00e4gt und Jethro Tull<\/a><\/li>\n<li id=\"menu-item-133\" class=\"menu-item menu-item-type-post_type menu-item-object-post menu-item-133\"><a href=\"https:\/\/blog.radiofabrik.at\/literarischestunde\/sendung-2-von-kate-bush-zu-geistern-in-nordengland\/\">Sendung 2: Von Kate Bush zu Geistern in Nordengland<\/a><\/li>\n<li id=\"menu-item-134\" class=\"menu-item menu-item-type-post_type menu-item-object-post menu-item-134\"><a href=\"https:\/\/blog.radiofabrik.at\/literarischestunde\/sendung-1-rocknroll-und-literatur\/\">Sendung 1: Rock\u2019n\u2019Roll und Literatur<\/a><\/li>\n<\/ul><\/div>\t\t\t\t<\/div>\n\t\t\t\t<\/div>\n\t\t\t\t\t<\/div>\n\t\t\t\t<\/div>\n\t\t\t\t<\/div>\n\t\t","protected":false},"excerpt":{"rendered":"<p>Die Literarische Stunde mit Romana Hasen\u00f6hrl Was hat Rockmusik mit Literatur zu tun?Was machen Schriftsteller*innen eigentlich so den ganzen Tag?Und wie ist das, wenn man ein eigenes Buch schreiben will? Als Autorin und Schreibtrainerin wei\u00df ich um die letzten beiden Fragen und haben viele Antworten darauf. Die erste Frage, die besch\u00e4ftigt mich erst seit kurzem. [&hellip;]<\/p>\n","protected":false},"author":769,"featured_media":0,"parent":0,"menu_order":0,"comment_status":"closed","ping_status":"open","template":"elementor_canvas","meta":{"gt_page_layout":"","gt_hide_page_title":false,"gt_remove_bottom_margin":false,"footnotes":""},"class_list":["post-2","page","type-page","status-publish","hentry"],"_links":{"self":[{"href":"https:\/\/blog.radiofabrik.at\/literarischestunde\/wp-json\/wp\/v2\/pages\/2","targetHints":{"allow":["GET"]}}],"collection":[{"href":"https:\/\/blog.radiofabrik.at\/literarischestunde\/wp-json\/wp\/v2\/pages"}],"about":[{"href":"https:\/\/blog.radiofabrik.at\/literarischestunde\/wp-json\/wp\/v2\/types\/page"}],"author":[{"embeddable":true,"href":"https:\/\/blog.radiofabrik.at\/literarischestunde\/wp-json\/wp\/v2\/users\/769"}],"replies":[{"embeddable":true,"href":"https:\/\/blog.radiofabrik.at\/literarischestunde\/wp-json\/wp\/v2\/comments?post=2"}],"version-history":[{"count":103,"href":"https:\/\/blog.radiofabrik.at\/literarischestunde\/wp-json\/wp\/v2\/pages\/2\/revisions"}],"predecessor-version":[{"id":220,"href":"https:\/\/blog.radiofabrik.at\/literarischestunde\/wp-json\/wp\/v2\/pages\/2\/revisions\/220"}],"wp:attachment":[{"href":"https:\/\/blog.radiofabrik.at\/literarischestunde\/wp-json\/wp\/v2\/media?parent=2"}],"curies":[{"name":"wp","href":"https:\/\/api.w.org\/{rel}","templated":true}]}}