{"id":2,"date":"2009-11-27T13:23:07","date_gmt":"2009-11-27T12:23:07","guid":{"rendered":""},"modified":"2009-11-27T13:36:02","modified_gmt":"2009-11-27T12:36:02","slug":"about","status":"publish","type":"page","link":"https:\/\/blog.radiofabrik.at\/magazinum5\/about\/","title":{"rendered":"About"},"content":{"rendered":"<p>Das &#8222;Magazin um 5&#8220; bietet aktuelle Informationen aus Salzburg und dar\u00fcber hinaus. Studiogespr\u00e4che, Beitr\u00e4ge und Interviews zu Themen der Zivilgesellschaft, aus Kultur und Politik sowie Veranstaltungstipps und &#8222;Musik aus Salzburg&#8220; sind fixe Bestandteile dieser live moderierten Sendung. Im Magazin senden wir auch Beitr\u00e4ge von Freien Radios aus Deutschland und aus der Schweiz.<\/p>\n","protected":false},"excerpt":{"rendered":"<p>Das &#8222;Magazin um 5&#8220; bietet aktuelle Informationen aus Salzburg und dar\u00fcber hinaus. Studiogespr\u00e4che, Beitr\u00e4ge und Interviews zu Themen der Zivilgesellschaft, aus Kultur und Politik sowie Veranstaltungstipps und &#8222;Musik aus Salzburg&#8220; sind fixe Bestandteile dieser live moderierten Sendung. Im Magazin senden wir auch Beitr\u00e4ge von Freien Radios aus Deutschland und aus der Schweiz.<\/p>\n","protected":false},"author":81,"featured_media":0,"parent":0,"menu_order":0,"comment_status":"open","ping_status":"open","template":"","meta":{"footnotes":""},"class_list":["post-2","page","type-page","status-publish","hentry"],"_links":{"self":[{"href":"https:\/\/blog.radiofabrik.at\/magazinum5\/wp-json\/wp\/v2\/pages\/2","targetHints":{"allow":["GET"]}}],"collection":[{"href":"https:\/\/blog.radiofabrik.at\/magazinum5\/wp-json\/wp\/v2\/pages"}],"about":[{"href":"https:\/\/blog.radiofabrik.at\/magazinum5\/wp-json\/wp\/v2\/types\/page"}],"author":[{"embeddable":true,"href":"https:\/\/blog.radiofabrik.at\/magazinum5\/wp-json\/wp\/v2\/users\/81"}],"replies":[{"embeddable":true,"href":"https:\/\/blog.radiofabrik.at\/magazinum5\/wp-json\/wp\/v2\/comments?post=2"}],"version-history":[{"count":0,"href":"https:\/\/blog.radiofabrik.at\/magazinum5\/wp-json\/wp\/v2\/pages\/2\/revisions"}],"wp:attachment":[{"href":"https:\/\/blog.radiofabrik.at\/magazinum5\/wp-json\/wp\/v2\/media?parent=2"}],"curies":[{"name":"wp","href":"https:\/\/api.w.org\/{rel}","templated":true}]}}