{"id":2,"date":"2012-07-05T08:25:57","date_gmt":"2012-07-05T08:25:57","guid":{"rendered":"http:\/\/blog.radiofabrik.at\/markradio\/?page_id=2"},"modified":"2012-10-02T15:17:16","modified_gmt":"2012-10-02T15:17:16","slug":"markradio","status":"publish","type":"page","link":"https:\/\/blog.radiofabrik.at\/markradio\/","title":{"rendered":"MARK.radio &#8211; Freies Jugendradio auf Freier Radiostation"},"content":{"rendered":"<p><strong>Wer wir sind und was wir wollen.<\/strong><\/p>\n<p>Seit \u00fcber zehn Jahren versorgt MARK.radio regelm\u00e4\u00dfig Salzburgs Jugend mit News &amp; Infos, Features und musikalischen Beitr\u00e4gen. Alle Sendungen werden selbst produziert und gro\u00dfteils live abgehalten. Rund 280 Jugendliche und junge Erwachsene konnten seit dem Start von MARK.radio (M\u00e4rz 1999) aktiv das Sendungsgeschehen mitgestalten \u2013 tausende SalzburgerInnen jugendrelevante Infos \u00fcber ihre Empfangsger\u00e4te \u2013 aus dem \u00c4ther oder weltweit via Internet \u2013 beziehen.<\/p>\n<p style=\"text-align: left;\">Zu h\u00f6ren sind \u00a0wir jeden<strong> 1.,\u00a0 3.\u00a0 <\/strong>und<strong> 5.\u00a0 Mittwoch\u00a0<\/strong>von<strong> 20.00 \u2013 21.00 Uhr auf 107,5 MHz <\/strong>oder \u00fcber den<strong> Livestream <\/strong>auf<strong> www.radiofabrik.at<\/strong><\/p>\n<p>MARK.radio ist eine Plattform, die sich zum Ziel gesetzt hat, Jugendkultur h\u00f6rbar zu machen. Jede\/r kann sich im Rahmen unserer zweiw\u00f6chentlichen Sendeschiene jugendkulturell mitteilen, Einschulung und technische Hilfestellung inklusive.<\/p>\n<p>InteressentInnen rufen: <strong>0662 \u2013 84 99 21<\/strong> (MARK.freizeit.kultur) oder melden sich bei <strong>j.tuerk@radiofabrik.at\u00a0<\/strong>(Jess, Koordinatorin)<\/p>\n","protected":false},"excerpt":{"rendered":"<p>Wer wir sind und was wir wollen. Seit \u00fcber zehn Jahren versorgt MARK.radio regelm\u00e4\u00dfig Salzburgs Jugend mit News &amp; Infos, Features und musikalischen Beitr\u00e4gen. Alle Sendungen werden selbst produziert und gro\u00dfteils live abgehalten. Rund 280 Jugendliche und junge Erwachsene konnten &hellip; <a href=\"https:\/\/blog.radiofabrik.at\/markradio\/\">Weiterlesen <span class=\"meta-nav\">&rarr;<\/span><\/a><\/p>\n","protected":false},"author":223,"featured_media":0,"parent":0,"menu_order":2,"comment_status":"closed","ping_status":"closed","template":"","meta":{"footnotes":""},"class_list":["post-2","page","type-page","status-publish","hentry"],"_links":{"self":[{"href":"https:\/\/blog.radiofabrik.at\/markradio\/wp-json\/wp\/v2\/pages\/2","targetHints":{"allow":["GET"]}}],"collection":[{"href":"https:\/\/blog.radiofabrik.at\/markradio\/wp-json\/wp\/v2\/pages"}],"about":[{"href":"https:\/\/blog.radiofabrik.at\/markradio\/wp-json\/wp\/v2\/types\/page"}],"author":[{"embeddable":true,"href":"https:\/\/blog.radiofabrik.at\/markradio\/wp-json\/wp\/v2\/users\/223"}],"replies":[{"embeddable":true,"href":"https:\/\/blog.radiofabrik.at\/markradio\/wp-json\/wp\/v2\/comments?post=2"}],"version-history":[{"count":12,"href":"https:\/\/blog.radiofabrik.at\/markradio\/wp-json\/wp\/v2\/pages\/2\/revisions"}],"predecessor-version":[{"id":15,"href":"https:\/\/blog.radiofabrik.at\/markradio\/wp-json\/wp\/v2\/pages\/2\/revisions\/15"}],"wp:attachment":[{"href":"https:\/\/blog.radiofabrik.at\/markradio\/wp-json\/wp\/v2\/media?parent=2"}],"curies":[{"name":"wp","href":"https:\/\/api.w.org\/{rel}","templated":true}]}}