{"id":25,"date":"2012-07-05T10:37:08","date_gmt":"2012-07-05T10:37:08","guid":{"rendered":"http:\/\/blog.radiofabrik.at\/markradio\/?page_id=25"},"modified":"2012-10-02T15:17:11","modified_gmt":"2012-10-02T15:17:11","slug":"mark-freizeit-kultur","status":"publish","type":"page","link":"https:\/\/blog.radiofabrik.at\/markradio\/mark-freizeit-kultur\/","title":{"rendered":"MARK.freizeit.kultur"},"content":{"rendered":"<p><strong>Wer ist eigentlich dieser MARK?<\/strong><\/p>\n<h3>Philosophie<\/h3>\n<p>Wir sind eine Social \u2013 Profit \u2013 Organisation, d.h. unser Fokus liegt nicht auf monet\u00e4ren sondern sozialen Werten.<br \/>\nHauptaspekt unserer Arbeit ist die <strong>F\u00f6rderung<\/strong> Jugendlicher und junger Erwachsener.\u00a0Ausgangspunkt s\u00e4mtlicher Aktivit\u00e4ten ist unser offenes Freizeit- und Kulturhaus mit Schwerpunkt \u201cMusik\u201d \u2013 das\u00a0<a href=\"http:\/\/www.marksalzburg.at\">MARK.freizeit.kultur<\/a>\u00a0in der Hannakstra\u00dfe 17.\u00a0Dort bieten wir Freir\u00e4ume f\u00fcr Eure Ideen und Konzepte aus verschiedensten Lebenswelten. Unseren Mitgliedern steht u.a. ein <strong>Proberaum<\/strong> mit angeschlossenem <strong>Studio<\/strong>, <strong>Seminarr\u00e4ume<\/strong>, eine <strong>Siebdruckwerkstatt<\/strong> und ein <strong>Veranstaltungssaal<\/strong> zur Verf\u00fcgung. Mit diesen Werkzeugen stellen wir uns der Herausforderung Jugendkultur auf der Basis von Toleranz und Solidarit\u00e4t in Salzburg zu f\u00f6rdern &#8211; und das schon seit \u00fcber 40 Jahren.<\/p>\n<h3>Veranstaltungen und Projekte<\/h3>\n<p>Der selbstgew\u00e4hlte <strong>Schwerpunkt Musik<\/strong> spiegelt sich in unseren zahlreichen <strong>Veranstaltungen<\/strong> wider. Wir versuchen die Salzburger Veranstaltungslandschaft m\u00f6glichst vielf\u00e4ltig zu erg\u00e4nzen. Von Rock und Metal \u00fcber Goa und Techno bis hin zu Hip Hop ist so gut wie jedes Genre in unserem <a href=\"http:\/\/www.marksalzburg.at\/veranstaltungskalender\/\">Veranstaltungskalender<\/a> abgedeckt.<br \/>\nErweitert wird unser Angebot nicht nur durch das bereits seit 1999 h\u00f6rbare <strong>MARK.radio<\/strong> auf der Radiofabrik, sondern auch durch das hauseigene Printmedium<strong> <a href=\"http:\/\/www.marksalzburg.at\/projekte\/mfk\/\">MFK<\/a><\/strong>. Eine offene Redaktion gestaltet hier ein einzigartiges Magazin f\u00fcr Kunst und Kultur an dem, ganz wie im Radio, <strong>jede\/r<\/strong> der Lust hat seine jungendkulturellen Gedanken publik zu machen mitarbeiten kann.<\/p>\n<p>Weitere Projekte und n\u00e4here Infos findet ihr auf unserer Homepage <a href=\"http:\/\/www.marksalzburg.at\">www.marksalzburg.at<\/a>, im<a href=\"http:\/\/web88.s1.mikas.or.at\/mark\/wordpress\/mark-content\/uploads\/2011\/05\/MARK_infofolder.pdf\">\u00a0MARK Infofolder<\/a>\u00a0und Vorort in der Hannakstra\u00dfe 17 (<a href=\"http:\/\/www.marksalzburg.at\/mark\/unser-haus\/\">\u00d6ffnungszeiten<\/a>).<\/p>\n","protected":false},"excerpt":{"rendered":"<p>Wer ist eigentlich dieser MARK? Philosophie Wir sind eine Social \u2013 Profit \u2013 Organisation, d.h. unser Fokus liegt nicht auf monet\u00e4ren sondern sozialen Werten. Hauptaspekt unserer Arbeit ist die F\u00f6rderung Jugendlicher und junger Erwachsener.\u00a0Ausgangspunkt s\u00e4mtlicher Aktivit\u00e4ten ist unser offenes Freizeit- &hellip; <a href=\"https:\/\/blog.radiofabrik.at\/markradio\/mark-freizeit-kultur\/\">Weiterlesen <span class=\"meta-nav\">&rarr;<\/span><\/a><\/p>\n","protected":false},"author":1,"featured_media":0,"parent":0,"menu_order":3,"comment_status":"closed","ping_status":"closed","template":"","meta":{"footnotes":""},"class_list":["post-25","page","type-page","status-publish","hentry"],"_links":{"self":[{"href":"https:\/\/blog.radiofabrik.at\/markradio\/wp-json\/wp\/v2\/pages\/25","targetHints":{"allow":["GET"]}}],"collection":[{"href":"https:\/\/blog.radiofabrik.at\/markradio\/wp-json\/wp\/v2\/pages"}],"about":[{"href":"https:\/\/blog.radiofabrik.at\/markradio\/wp-json\/wp\/v2\/types\/page"}],"author":[{"embeddable":true,"href":"https:\/\/blog.radiofabrik.at\/markradio\/wp-json\/wp\/v2\/users\/1"}],"replies":[{"embeddable":true,"href":"https:\/\/blog.radiofabrik.at\/markradio\/wp-json\/wp\/v2\/comments?post=25"}],"version-history":[{"count":13,"href":"https:\/\/blog.radiofabrik.at\/markradio\/wp-json\/wp\/v2\/pages\/25\/revisions"}],"predecessor-version":[{"id":141,"href":"https:\/\/blog.radiofabrik.at\/markradio\/wp-json\/wp\/v2\/pages\/25\/revisions\/141"}],"wp:attachment":[{"href":"https:\/\/blog.radiofabrik.at\/markradio\/wp-json\/wp\/v2\/media?parent=25"}],"curies":[{"name":"wp","href":"https:\/\/api.w.org\/{rel}","templated":true}]}}