{"id":122,"date":"2013-01-23T18:53:49","date_gmt":"2013-01-23T17:53:49","guid":{"rendered":"http:\/\/blog.radiofabrik.at\/menschen-in-aktion\/?page_id=122"},"modified":"2014-02-12T16:53:15","modified_gmt":"2014-02-12T15:53:15","slug":"sendungsarchiv-2013","status":"publish","type":"page","link":"https:\/\/blog.radiofabrik.at\/menschen-in-aktion\/kontakt\/sendungsarchiv-2013\/","title":{"rendered":"Sendungsarchiv 2013"},"content":{"rendered":"<p><strong>Montag, 16. Dezember 2013:<\/strong> Sendungswiederholung &#8222;Religionsfreiheit als regionales Menschenrecht&#8220;<\/p>\n<p>Georg Wimmer interviewt Pepo Mautner \u00fcber Dimensionen und Aspekte von Religionsfreiheit als grundlegendes Menschenrecht. Wie schaut es aus mit Salzburg als Lebensraum und dem Recht auf Aus\u00fcbung der <a href=\"http:\/\/cba.fro.at\/246583\">Religionsfreiheit<\/a>?<\/p>\n<p><strong>* * * * *<\/strong><\/p>\n<p><strong>Montag, 18. November 2013:<\/strong> <a href=\"http:\/\/cba.fro.at\/254182\">Begegnungfest im ABZ-Haus der M\u00f6glichkeiten &amp; Interview zu Jugendarbeitslosigkeit<\/a><\/p>\n<p>Einmal j\u00e4hrlich gibt es ein kleines Get-together im ABZ zum gegenseitigen Kennenlernen der Hausgruppen und Menschen, die zu Besuch kommen und wissen wollen, was sich hier so tut. Wir haben kurz reingeh\u00f6rt.<\/p>\n<p>Im zweiten Sendungsteil sprechen wir mit dem Referenten des ALF &#8211; Arbeitslosenfonds Ubbo Goudschaal \u00fcber das Thema Jugendarbeitslosigkeit in Salzburg.<\/p>\n<p><strong>* * * * *<\/strong><\/p>\n<p><strong>Montag, 21. Oktober 2013:<\/strong> Zu Gast in der Kochwerkst\u00e4tte &#8222;Stadtteilgarten:K\u00dcCHE&#8220;<\/p>\n<p>Seit dem Fr\u00fchjahr engagiert sich eine Kleingruppe an Stadtteilg\u00e4rtnerInnen f\u00fcr ein gemeinschaftlich betriebenes ABZ-K\u00fcchenbeet. Mit dem dort geernteten Gem\u00fcse und dem was der Stadtteil Itzling sonst noch so hergibt und nur einigen gekauften Zutaten, wird im Haus der M\u00f6glichkeiten 1x monatlich gro\u00df aufgekocht. Wir haben T\u00f6pfe gekuckt und mit den TeilnehmerInnen der <a href=\"http:\/\/cba.fro.at\/254167\">Stadtteilgarten:K\u00dcCHE<\/a> geplaudert!<\/p>\n<p><strong>* * * * *<\/strong><\/p>\n<p><strong>Montag, 16. September 2013<\/strong>: Religionsfreiheit als regionales Menschenrecht<\/p>\n<p>Georg Wimmer interviewt Pepo Mautner \u00fcber Dimensionen und Aspekte von Religionsfreiheit als grundlegendes Menschenrecht. Wie schaut es aus mit Salzburg als Lebensraum und dem Recht auf Aus\u00fcbung der <a href=\"http:\/\/cba.fro.at\/246583\">Religionsfreiheit<\/a>?<\/p>\n<p><strong>* * * * *<\/strong><\/p>\n<p><strong>Montag, 19. August\u00a02013:<\/strong> Sendungsvorstellung &amp; WH Anti-Diskriminierungsstelle Stadt Salzburg<\/p>\n<p>Im heutigen Monat wollen wir Euch &#8211; danke f\u00fcr die Vorstellung in der Stra\u00dfenzeitung Apropos &#8211; die SEndung MiA vorstellen. Gleichzeitig n\u00fctzen wir die Aufmerksamkeit um unser wichtigstes Thema der letzten Monate &#8211; die Pionierphase der <a title=\"mia_aug13\" href=\"http:\/\/cba.fro.at\/245163\" target=\"_blank\">Antidiskriminierungsstelle der Stadt Salzburg<\/a> &#8211; nochmal an Euch zu bringen!<\/p>\n<p>Josef Mautner und Maria Sojer-STani berichten \u00fcber die ersten Monate und Ziele dieser f\u00fcr Salzburg neuen Beratungsstelle im ABZ &#8211; Haus der M\u00f6glichkeiten.<\/p>\n<p><strong>* * * * *<\/strong><\/p>\n<p><strong>Montag, 15. Juli 2013:<\/strong> Verwurzeln &amp; Ankommen &#8211; Menschen mit Fluchterfahrung in Gemeinschaftsg\u00e4rten<\/p>\n<p>In interkulturellen\u00a0G\u00e4rten finden sich nicht nur die unterschiedlichsten Pflanzen wieder, sondern auch eine gro\u00dfe Vielfalt an Lebenserfahrungen und Biographien der dortigen G\u00e4rtnerInnen.Im Stadtteilgarten Itzling sind neben SalzburgerInnen, MigrantInnen selbstverst\u00e4ndlich auch <a title=\"mia_jul13\" href=\"http:\/\/cba.fro.at\/245162\" target=\"_blank\">AsylwerberInnen<\/a> t\u00e4tig.<\/p>\n<p>Warum gerade\u00a0Fl\u00fcchtlinge das praktische Tun besonders sch\u00e4tzen und brauchen, davon berichten die Stadtteilg\u00e4rtnerInnen Lisa &amp; Ines.<\/p>\n<p><strong>* * * * *<\/strong><\/p>\n<p><strong>Montag, 17. Juni 2013:<\/strong> EU Volunteering &#8211; ein Jahr kann viel bewegen<\/p>\n<div>\n<div>Im Rahmen des EU-Programms &#8222;Jugend in Aktion&#8220; finden j\u00e4hrlich hunderte junge Erwachsene als &#8222;<a title=\"mia_jun13_volunteering\" href=\"http:\/\/cba.fro.at\/111809\" target=\"_blank\">Europ\u00e4ische Freiwillige<\/a>&#8220; einen ehrenamtlichen Arbeitsplatz in einem anderen EU-Land. Was so ein Jahr f\u00fcr einen Menschen und auch die aufnehmenden Organisationen bewegen kann, dar\u00fcber sprechen Ekatarina Mandova und Christina P\u00fcrgy.<\/div>\n<div>\u00a0<\/div>\n<div><strong>* * * * *<\/strong><\/div>\n<div>\u00a0<\/div>\n<div><strong>Montag, 20. Mai 2013:<\/strong> Parteienbefragung zu kommunaler Menschenrechtsarbeit<\/div>\n<div>\u00a0<\/div>\n<div>\n<div>\n<div>Das Bundesland Salzburg w\u00e4hlt(e) im Mai 2013 eine neue Landesregierung. Im Vorfeld stellte die Plattform f\u00fcr Menschenrechte eine <a title=\"mia_mai13_parteienbefragung\" href=\"http:\/\/cba.fro.at\/111804\" target=\"_blank\">Parteienbefragung auf, um Einstellungen und politische Ziele im Hinblicke auf Aspekte kommunaler Menschenrechtsarbeit<\/a> abzufragen und zu ver\u00f6ffentlichen. Georg Wimmer &#8211; hautpamtlicher Mitarbeiter der Plattform f\u00fcr Menschenrechte &#8211; schildert Entwicklung und Verlauf der Parteienbefragung.<\/div>\n<div>\u00a0<\/div>\n<div><strong>* * * * *<\/strong><\/div>\n<div>\u00a0<\/div>\n<\/div>\n<\/div>\n<div>\u00a0<strong>Montag, 15. April 2013:<\/strong> Antidiskriminierungsstelle der Stadt Salzburg<\/div>\n<div>\u00a0<\/div>\n<div>\n<div>\n<div>Seit November 2012 existiert in der Menschenrechtsstadt Salzburg eine offizielle <a title=\"mia_apr13_antidiskriminierung\" href=\"http:\/\/cba.fro.at\/111800\" target=\"_blank\">Anti-Diskriminierungsstelle der Stadt Salzburg<\/a>. W\u00e4hrend der einj\u00e4hrigen Pionierphase werden Bedarf, Problembereiche und m\u00f6gliche Vernetzungen mit anderen Einrichtungen verst\u00e4rkt bearbeitet und evaluiert. Die Beratungsstelle ist im ABZ &#8211; Haus der M\u00f6glichkeiten in Itzling angesiedelt &#8211; Niedrigschwelligkeit ist der Stelle ein besonderes Anliegen. Dr. Josef Mautner (GF von Kirche &amp; Arbeitswelt) und Mag. Maria Sojer-Stani (Zentrumsleitung ABZ) schildern die Erfahrungen des ersten halben Jahres.<\/div>\n<div>\u00a0<\/div>\n<div><strong>* * * * *<\/strong><\/div>\n<div>\u00a0<\/div>\n<div><strong>Montag, 18. M\u00e4rz 2013:<\/strong> Nachruf Franz Borstner<\/div>\n<div>\u00a0<\/div>\n<div>\n<div>\n<div>Am Wochenende, den 15.3. ereilte uns die traurige Nachricht, dass der Gesch\u00e4ftsf\u00fchrer\u00a0des ALF (Arbeitslosenfonds) Salzburg an seiner Krebserkrankung verstorben ist. Wir verlieren mit Mag. <a title=\"mia_m\u00e4r13_franz\" href=\"http:\/\/cba.fro.at\/111782\" target=\"_blank\">Franz Borstner <\/a>einen k\u00e4mpferischen Geist, ein solidarisches Herz &#8211; einen ganz besonderen Menschen, der die Betriebsseelsorge, die Arbeitslosenszene Salzburg und nicht zuletzt die Jugendarbeit in Hallein mitgestaltet und gepr\u00e4gt hat. Die Sendung ist ein Crossover durch seinen Musikgeschmack&#8230; mehr Energie war im Schock des Verlusts nicht drin&#8230; hier der <a title=\"nachruf_franz borstner_ed\" href=\"http:\/\/www.kirchen.net\/kirchliche-berufe\/page.asp?id=23909\" target=\"_blank\">Nachruf der Erzdi\u00f6zese Salzburg.<\/a>Franz: <em>Danke, dass du bei uns warst&#8230;*\u00a0<\/em>Eine ausf\u00fchrliche Sendung \u00fcber Franz Borstner und seine Arbeit f\u00fcr Kirche &amp; Arbeitswelt folgt bis sp\u00e4testens M\u00e4rz 2014 (Kooperationen mit anderen Einrichtungen und Menschen sind ja daf\u00fcr auch ganz wesentlich!)<\/div>\n<div>\u00a0<\/div>\n<div><strong>* * * * *<\/strong><\/div>\n<div>\u00a0<\/div>\n<div><strong>Montag, 18. Februar 2013:<\/strong> Gesichter des Fastens &#8211; vom materielle Verzicht zum politischen Hungerstreik<\/div>\n<div>\u00a0<\/div>\n<div>Ein <a title=\"mia_feb13_fasten\" href=\"http:\/\/cba.fro.at\/106989\" target=\"_blank\">Aspekt des Fastens <\/a>ist der materielle Verzicht auf eine T\u00e4tigkeit, dessen Verwendung reflektiert werden will&#8230; brauche ich das wirklich, wenn ja wann und wieso. Zu diesem Thema ist Hans Neumayer zu Gast, er stellt die Initiative Autofasten vor. Im zweiten Themenblock schauen wir nach Wien, aber werfen somit einen Blick in die ganze Welt &#8211; auf das &#8222;politische Fasten&#8220; &#8211; meine Interpretation des Hungerstreiks. Ihr h\u00f6rt Ausschnitte aus der PK der Bleiberechtsk\u00e4mpferInnen aus der Votivkirche.<\/div>\n<div>\u00a0<\/div>\n<div><strong>* * * * *<\/strong><\/div>\n<div>\u00a0<\/div>\n<div><strong>Montag, 21. Januar 2013:<\/strong> Ehrenamt &#8211; menschen.m\u00f6glich.sein<\/div>\n<div>\u00a0<\/div>\n<div>\n<div>\n<div>Was bewegt Menschen &#8211; in diesem Fall KAW-Vorstandsfrau Ulrike Rausch-G\u00f6tzinger &#8211; dazu, sich ehrenamtlich zu engagieren?Das ABZ &#8211; Haus der M\u00f6glichkeiten hat zur Wiederer\u00f6ffnung im Herbst 2012 eine Foto-Portrait-Ausstellung zum Thema &#8222;Menschen &amp; M\u00f6glichkeiten &#8211; welche Visionen und Motive pr\u00e4gen deine Arbeit&#8220; pr\u00e4sentiert. Sabine Bruckner &amp; Christina P\u00fcrgy haben diese konzeptioniert und fotografisch umgesetzt. Wir sp\u00fcren bei einer Dargestellten dem Thema &#8222;<a title=\"mia_jan13_ehrenamt\" href=\"http:\/\/cba.fro.at\/106985\" target=\"_blank\">Freiwilliges Engagement &#8211; Ehrenamtliche T\u00e4tigkeit<\/a>&#8220; noch mal genauer nach!<\/div>\n<div>\u00a0<\/div>\n<\/div>\n<\/div>\n<\/div>\n<\/div>\n<div>\u00a0<\/div>\n<\/div>\n<\/div>\n<\/div>\n","protected":false},"excerpt":{"rendered":"<p>Montag, 16. Dezember 2013: Sendungswiederholung &#8222;Religionsfreiheit als regionales Menschenrecht&#8220; Georg Wimmer interviewt Pepo Mautner \u00fcber Dimensionen und Aspekte von Religionsfreiheit als grundlegendes Menschenrecht. Wie schaut es aus mit Salzburg als Lebensraum und dem Recht auf Aus\u00fcbung der Religionsfreiheit? * * &hellip; <a href=\"https:\/\/blog.radiofabrik.at\/menschen-in-aktion\/kontakt\/sendungsarchiv-2013\/\">Weiterlesen <span class=\"meta-nav\">&rarr;<\/span><\/a><\/p>\n","protected":false},"author":170,"featured_media":0,"parent":31,"menu_order":1,"comment_status":"open","ping_status":"open","template":"","meta":{"jetpack_post_was_ever_published":false,"footnotes":""},"class_list":["post-122","page","type-page","status-publish","hentry"],"jetpack_sharing_enabled":true,"jetpack_shortlink":"https:\/\/wp.me\/P5uacT-1Y","_links":{"self":[{"href":"https:\/\/blog.radiofabrik.at\/menschen-in-aktion\/wp-json\/wp\/v2\/pages\/122","targetHints":{"allow":["GET"]}}],"collection":[{"href":"https:\/\/blog.radiofabrik.at\/menschen-in-aktion\/wp-json\/wp\/v2\/pages"}],"about":[{"href":"https:\/\/blog.radiofabrik.at\/menschen-in-aktion\/wp-json\/wp\/v2\/types\/page"}],"author":[{"embeddable":true,"href":"https:\/\/blog.radiofabrik.at\/menschen-in-aktion\/wp-json\/wp\/v2\/users\/170"}],"replies":[{"embeddable":true,"href":"https:\/\/blog.radiofabrik.at\/menschen-in-aktion\/wp-json\/wp\/v2\/comments?post=122"}],"version-history":[{"count":17,"href":"https:\/\/blog.radiofabrik.at\/menschen-in-aktion\/wp-json\/wp\/v2\/pages\/122\/revisions"}],"predecessor-version":[{"id":140,"href":"https:\/\/blog.radiofabrik.at\/menschen-in-aktion\/wp-json\/wp\/v2\/pages\/122\/revisions\/140"}],"up":[{"embeddable":true,"href":"https:\/\/blog.radiofabrik.at\/menschen-in-aktion\/wp-json\/wp\/v2\/pages\/31"}],"wp:attachment":[{"href":"https:\/\/blog.radiofabrik.at\/menschen-in-aktion\/wp-json\/wp\/v2\/media?parent=122"}],"curies":[{"name":"wp","href":"https:\/\/api.w.org\/{rel}","templated":true}]}}