{"id":159,"date":"2013-12-19T11:41:43","date_gmt":"2013-12-19T10:41:43","guid":{"rendered":"http:\/\/blog.radiofabrik.at\/menschen-in-aktion\/?page_id=159"},"modified":"2014-02-19T14:22:02","modified_gmt":"2014-02-19T13:22:02","slug":"sendungsarchiv-2014","status":"publish","type":"page","link":"https:\/\/blog.radiofabrik.at\/menschen-in-aktion\/kontakt\/sendungsarchiv-2014\/","title":{"rendered":"Sendungsarchiv 2014"},"content":{"rendered":"<p><strong>Montag, 17.Februar 2014:<\/strong> In Memoriam Franz Borstner<\/p>\n<p>Christina P\u00fcrgy erinnert sich gemeinsam mit FreundInnen und WegbegleiterInnen an unseren 2013 verstorbenen Kollegen <a href=\"http:\/\/cba.fro.at\/254489\">Franz Borstner<\/a>. Als langj\u00e4hriger, engagierter Betriebsseelsorger und Kabarettist war er auf mehreren Ebenen ein gut sicht- und h\u00f6rbares Sprachrohr f\u00fcr ArbeiterInnen, Jugendliche und andere Personengruppen.<\/p>\n<p><strong>Montag, 20. J\u00e4nner 2014:<\/strong> Wandel in der Stadtteil-Kulturarbeit in Itzling<\/p>\n<p>Mit dem Jahreswechsel fand auch ein <a href=\"http:\/\/cba.fro.at\/253105\" target=\"_blank\">Wandel in der Stadtteil-Kulturarbeit<\/a> in Itzling statt: Christina P\u00fcrgy ist in Elternkarenz und wird von Martha Schweissgut in der Stadtteil-Kultruarbeit vertreten. Maria Sojer-Stani interwiet Christina Pr\u00fcgy und Martha Schweissgut \u00fcber Vergangenes und Zuk\u00fcnftiges aus der Stadtteil-Kulturarbeit.<\/p>\n","protected":false},"excerpt":{"rendered":"<p>Montag, 17.Februar 2014: In Memoriam Franz Borstner Christina P\u00fcrgy erinnert sich gemeinsam mit FreundInnen und WegbegleiterInnen an unseren 2013 verstorbenen Kollegen Franz Borstner. Als langj\u00e4hriger, engagierter Betriebsseelsorger und Kabarettist war er auf mehreren Ebenen ein gut sicht- und h\u00f6rbares Sprachrohr &hellip; <a href=\"https:\/\/blog.radiofabrik.at\/menschen-in-aktion\/kontakt\/sendungsarchiv-2014\/\">Weiterlesen <span class=\"meta-nav\">&rarr;<\/span><\/a><\/p>\n","protected":false},"author":170,"featured_media":0,"parent":31,"menu_order":0,"comment_status":"open","ping_status":"open","template":"","meta":{"jetpack_post_was_ever_published":false,"footnotes":""},"class_list":["post-159","page","type-page","status-publish","hentry"],"jetpack_sharing_enabled":true,"jetpack_shortlink":"https:\/\/wp.me\/P5uacT-2z","_links":{"self":[{"href":"https:\/\/blog.radiofabrik.at\/menschen-in-aktion\/wp-json\/wp\/v2\/pages\/159","targetHints":{"allow":["GET"]}}],"collection":[{"href":"https:\/\/blog.radiofabrik.at\/menschen-in-aktion\/wp-json\/wp\/v2\/pages"}],"about":[{"href":"https:\/\/blog.radiofabrik.at\/menschen-in-aktion\/wp-json\/wp\/v2\/types\/page"}],"author":[{"embeddable":true,"href":"https:\/\/blog.radiofabrik.at\/menschen-in-aktion\/wp-json\/wp\/v2\/users\/170"}],"replies":[{"embeddable":true,"href":"https:\/\/blog.radiofabrik.at\/menschen-in-aktion\/wp-json\/wp\/v2\/comments?post=159"}],"version-history":[{"count":4,"href":"https:\/\/blog.radiofabrik.at\/menschen-in-aktion\/wp-json\/wp\/v2\/pages\/159\/revisions"}],"predecessor-version":[{"id":198,"href":"https:\/\/blog.radiofabrik.at\/menschen-in-aktion\/wp-json\/wp\/v2\/pages\/159\/revisions\/198"}],"up":[{"embeddable":true,"href":"https:\/\/blog.radiofabrik.at\/menschen-in-aktion\/wp-json\/wp\/v2\/pages\/31"}],"wp:attachment":[{"href":"https:\/\/blog.radiofabrik.at\/menschen-in-aktion\/wp-json\/wp\/v2\/media?parent=159"}],"curies":[{"name":"wp","href":"https:\/\/api.w.org\/{rel}","templated":true}]}}