{"id":92,"date":"2012-02-21T14:00:34","date_gmt":"2012-02-21T13:00:34","guid":{"rendered":"http:\/\/blog.radiofabrik.at\/menschen-in-aktion\/?page_id=92"},"modified":"2013-12-19T11:42:43","modified_gmt":"2013-12-19T10:42:43","slug":"sendungsarchiv-2012","status":"publish","type":"page","link":"https:\/\/blog.radiofabrik.at\/menschen-in-aktion\/kontakt\/sendungsarchiv-2012\/","title":{"rendered":"Sendungsarchiv 2012"},"content":{"rendered":"<p><strong>Montag, 17. Dezember 2012:<\/strong> entfallen<\/p>\n<p><strong>Montag, 19. November 2012:<\/strong> J\u00e4hrlich um diese Zeit berichten wir \u00fcber das <a title=\"mia_nov12_guatemala\" href=\"http:\/\/cba.fro.at\/105034\" target=\"_blank\">Projekt &#8222;Sei so frei&#8220;<\/a>. Heuer sprechen Peter Ebner und Wolfgang Heindl \u00fcber die Bildungssituation von Kindern in Guatemala.<\/p>\n<p><strong>Montag, 15. Oktober 2012:<\/strong> Endlich &#8211; das <a title=\"mia_okt12_abzneu\" href=\"http:\/\/cba.fro.at\/105032\" target=\"_blank\">ABZ ist als &#8222;Haus der M\u00f6glichkeiten&#8220;<\/a> neu er\u00f6ffnet und wieder f\u00fcr Ausstellungen, Veranstaltungen und Gruppen ge\u00f6ffnet. Maria Wimmer ist das letzte Mal als Zentrumsleitung zu Gast bevor sie mit Jahreswechsel in die wohlverdient Pension geht. In der Sendung wird das neue Haus vorgestellt und Pl\u00e4ne f\u00fcr die Zukunft geschmiedet.<\/p>\n<p><strong>Montag, 17. September 2012: <\/strong>Bildungsangebote der Erwachsenenbildung erreichen nur einen Teil der Menschen mit Migrationshintergrund. Ursachen daf\u00fcr sind pers\u00f6nliche und vor allem strukturelle Umst\u00e4nde. Das <a title=\"MiA_sep12_melete\" href=\"http:\/\/cba.fro.at\/104997\" target=\"_blank\">EU-Projekt Melete <\/a>unterst\u00fctzt den Zugang zu Bildung durch verschiedene Ma\u00dfnahmen. Melete ist eine Kooperation von BFI Salzburg, Kompetenzzentrum Frau &amp; Arbeit &amp; der Plattform f\u00fcr Menschenrechte. Maria Sojer-Stani stellt das Projekt und seine Potentiale vor.<\/p>\n<div>\n<div><\/div>\n<div><strong>Montag, 20. August 2012:<\/strong> Heiner Sternemann m\u00f6chte als Betriebsseelsorger die Ausbildung von zuk\u00fcnftigen TheologInnen alltags- und realit\u00e4tsnah mitgestalten. Um das zu erm\u00f6glichen hat er das <a title=\"mia_aug12_betriebspraktikum\" href=\"http:\/\/cba.fro.at\/62954\" target=\"_blank\">Projekt &#8222;Begleitete Arbeits- und Industriepraktika<\/a>&#8220; wieder ins Leben zur\u00fcck gerufen. Im Sommer 2012 sind die ersten 3 engagierten Studierenden angetreten. In der KA-Sendeleiste &#8222;Menschen in Aktion&#8220; geben die 2 der 3 PraktikantInnen &#8211; Elisabeth Steinbacher und Michael Strohriegl &#8211; Einblicke in ihr sommerliches Arbeitsleben. Was sie an ihrer T\u00e4tigkeit sch\u00e4tzen, was sie dabei lernen und was ihnen so ins Auge gestochen ist, berichten sie der Moderatorin Christina P\u00fcrgy in der halbst\u00fcndigen Sendung im August 2012.<\/div>\n<\/div>\n<p><strong>Montag, 16. Juli 2012:<\/strong> entfallen wegen Krankheit<\/p>\n<p><strong><strong>Montag, 18. Juni 2012: <\/strong><\/strong>Zu Gast im Studio ist die ehrenamtliche Mitarbeiterin Annemarie Kraus und erz\u00e4hlt \u00fcber ihr Engagement und die Aufgaben des Vereins &#8222;Aktion Leben&#8220;. Mit ihrer Zeit unterst\u00fctzt sie die K<a title=\"mia:juli12_kindersachenb\u00f6rse\" href=\"http:\/\/cba.fro.at\/105030\" target=\"_blank\">indersachenb\u00f6rse und die Elternhilfe und Familienberatung<\/a>.<\/p>\n<p><strong><strong>Montag, 21. Mai 2012: <\/strong><\/strong>Heiner Sternemann und Christina P\u00fcrgy unterhalten sich zum Thema <a title=\"Mia_mai 2012_freier sonntag\" href=\"http:\/\/cba.fro.at\/59435\" target=\"_blank\">&#8222;Freier Sonntag&#8220;. <\/a>Freiheit f\u00fcr viele &#8211; Einschr\u00e4nkung f\u00fcr anderen? Mittlerweile ist es auch auf EU-Ebene ein Thema, dass der Arbeitsfreie Sonntag ein sch\u00fctzenswertes Gut ist. Ein Tag um Beziehungen zu pflegen und selbst mal aus den Alltagsm\u00fchlen heraus kommen &#8211; das tut jedem Menschen &#8211; abseits von Religion und Konfessionen gut. Die Sendung MiA im Mai. Mehr Informationen unter <a href=\"http:\/\/www.freiersonntag.at\/\">www.freiersonntag.at<\/a><\/p>\n<div>\n<div>\u00a0<strong><strong>Montag, 16. April 2012: <\/strong><\/strong>Die Menschenrechtsplattform berichtet aktuell \u00fcber das Thema <a title=\"MiA_april 2012_bleiberecht\" href=\"http:\/\/cba.fro.at\/58322\" target=\"_blank\">Bleiberecht in Salzburg<\/a>. Maria Sojer-Stani\u00a0und Uschi Liebing im Studio.<\/div>\n<\/div>\n<p><strong><strong>Montag, 19. M\u00e4rz 2012: <\/strong><\/strong>Sendung entfallen wegen \u00dcberl\u00e4nge von Radio Hamraz zum Persischen Neujahrsfest<\/p>\n<p><strong>Montag, 20. Februar 2012: <\/strong>Teilen macht stark &#8211; <a title=\"mia_feb12\" href=\"http:\/\/cba.fro.at\/55527\" target=\"_blank\">Familienfasttag 2012<\/a>:\u00a0 Moderatorin Christina P\u00fcrgy begr\u00fc\u00dft und interviewt Di\u00f6zesanreferentin Friederike Flesch zum heurigen Familienfasttag. Schwerpunkt ist das Thema globale Bildung und Solidarit\u00e4t. Vorgestellt werden Projekte und Aktionen w\u00e4hrend der Fastenzeit. Veranstaltungsank\u00fcndigungen und Musik aus den PartnerI\u00e4ndern runden das halbst\u00fcndige Programm ab.<\/p>\n<p><strong>Montag, 16. Januar 2012:\u00a0<\/strong><a title=\"mia - jan12\" href=\"http:\/\/cba.fro.at\/54167\" target=\"_blank\">ABZ Itzling am Weg in eine neue \u00c4ra!<\/a>\u00a0Moderatorin Christina P\u00fcrgy begr\u00fc\u00dft und interviewt die langj\u00e4hrige Zentrumsleitung (und KollegIn) Maria Wimmer und plaudert mit ihr \u00fcber Visionen, (Bau)pl\u00e4ne, Namensvorschl\u00e4ge\u00a0und Schwerpunkte des ABZ Itzling.<\/p>\n","protected":false},"excerpt":{"rendered":"<p>Montag, 17. Dezember 2012: entfallen Montag, 19. November 2012: J\u00e4hrlich um diese Zeit berichten wir \u00fcber das Projekt &#8222;Sei so frei&#8220;. Heuer sprechen Peter Ebner und Wolfgang Heindl \u00fcber die Bildungssituation von Kindern in Guatemala. Montag, 15. Oktober 2012: Endlich &hellip; <a href=\"https:\/\/blog.radiofabrik.at\/menschen-in-aktion\/kontakt\/sendungsarchiv-2012\/\">Weiterlesen <span class=\"meta-nav\">&rarr;<\/span><\/a><\/p>\n","protected":false},"author":170,"featured_media":0,"parent":31,"menu_order":2,"comment_status":"open","ping_status":"open","template":"","meta":{"jetpack_post_was_ever_published":false,"footnotes":""},"class_list":["post-92","page","type-page","status-publish","hentry"],"jetpack_sharing_enabled":true,"jetpack_shortlink":"https:\/\/wp.me\/P5uacT-1u","_links":{"self":[{"href":"https:\/\/blog.radiofabrik.at\/menschen-in-aktion\/wp-json\/wp\/v2\/pages\/92","targetHints":{"allow":["GET"]}}],"collection":[{"href":"https:\/\/blog.radiofabrik.at\/menschen-in-aktion\/wp-json\/wp\/v2\/pages"}],"about":[{"href":"https:\/\/blog.radiofabrik.at\/menschen-in-aktion\/wp-json\/wp\/v2\/types\/page"}],"author":[{"embeddable":true,"href":"https:\/\/blog.radiofabrik.at\/menschen-in-aktion\/wp-json\/wp\/v2\/users\/170"}],"replies":[{"embeddable":true,"href":"https:\/\/blog.radiofabrik.at\/menschen-in-aktion\/wp-json\/wp\/v2\/comments?post=92"}],"version-history":[{"count":17,"href":"https:\/\/blog.radiofabrik.at\/menschen-in-aktion\/wp-json\/wp\/v2\/pages\/92\/revisions"}],"predecessor-version":[{"id":161,"href":"https:\/\/blog.radiofabrik.at\/menschen-in-aktion\/wp-json\/wp\/v2\/pages\/92\/revisions\/161"}],"up":[{"embeddable":true,"href":"https:\/\/blog.radiofabrik.at\/menschen-in-aktion\/wp-json\/wp\/v2\/pages\/31"}],"wp:attachment":[{"href":"https:\/\/blog.radiofabrik.at\/menschen-in-aktion\/wp-json\/wp\/v2\/media?parent=92"}],"curies":[{"name":"wp","href":"https:\/\/api.w.org\/{rel}","templated":true}]}}