{"id":166,"date":"2011-08-17T21:49:40","date_gmt":"2011-08-17T21:49:40","guid":{"rendered":"http:\/\/blog.radiofabrik.at\/nachtfahrt\/?page_id=166"},"modified":"2011-11-06T18:08:43","modified_gmt":"2011-11-06T18:08:43","slug":"august-11-inzwischen-unterwegs","status":"publish","type":"page","link":"https:\/\/blog.radiofabrik.at\/nachtfahrt\/playlist-credits\/august-11-inzwischen-unterwegs\/","title":{"rendered":"August 11 &#8211; Inzwischen Unterwegs"},"content":{"rendered":"<p><strong>Nachfahrt Perlentaucher XI &#8211; Inzwischen Unterwegs &#8211; 12. August 2011<\/strong><\/p>\n<p><a href=\"http:\/\/cba.fro.at\/48756\"><strong>Diese Sendung jetzt anh\u00f6ren und\/oder als Download<\/strong><\/a><\/p>\n<p>&nbsp;<\/p>\n<p><strong>ERSTE STUNDE<\/strong> <strong>(Aufbruch Neuland)<\/strong><\/p>\n<p>01 UnterwegsSignation<\/p>\n<p>02 <strong>Begr\u00fc\u00dfung und Trullala<\/strong><\/p>\n<p>03 Farin Urlaub &#8211; \u00a0Abschiedslied<\/p>\n<p>04 <strong>Gespr\u00e4ch:\u00a0<\/strong>Reisen und <strong>unterwegs sein<\/strong><\/p>\n<p>05 <strong>Lesung Chriss<\/strong>: Aufbruch (Gerlinde Weinm\u00fcller)<\/p>\n<p>06 Patti Smith &#8211; Summer Cannibals<\/p>\n<p>07 <strong>Lesung Norbert<\/strong>: Auf der Fahrt nach Klagenfurt<\/p>\n<p>08 the who the what the yeah &#8211; Die Angst<\/p>\n<p>09 <strong>Lesung Chriss<\/strong>: Tanka<\/p>\n<p>10 Crystal Castles &#8211; Celestica<\/p>\n<p>11 <strong>Lesung Norbert:\u00a0<\/strong>&#8222;hahaha&#8230; die Technik!&#8220;<\/p>\n<p>12 Deadnote.danse! &#8211; Crashing Crush<\/p>\n<p>13 <strong>Gespr\u00e4ch<\/strong>: Radiostudios, <strong>Technik<\/strong> und wir<\/p>\n<p>14 Faun &#8211; Egil Saga<\/p>\n<p>15 Explosions in the sky &#8211; Last known surroundings<\/p>\n<p>16 <strong>Lesung Norbert:<\/strong> Frage oder Antwort?<\/p>\n<p>17 Blood Red Shoes &#8211; Don&#8217;t ask<\/p>\n<p>18 <strong>Lesung Chriss:<\/strong> Tristesse<\/p>\n<p>19 Peter Licht &#8211; Alles was du siehst geh\u00f6rt dir<\/p>\n<p>&nbsp;<\/p>\n<p><strong>ZWEITE STUNDE (Gefahren Gef\u00e4hrten)<\/strong><\/p>\n<p>20 <strong>Gespr\u00e4ch<\/strong>: <strong>Neuer Blog<\/strong> und Ann\u00e4herung an die zweite Stunde; <strong>Gef\u00e4hrten auf der F\u00e4hrte des Lebens<\/strong> trotz aller Gefahren.<\/p>\n<p>21 Patti Smith &#8211; Land<\/p>\n<p>22 <strong>Gespr\u00e4ch<\/strong>:Internationale H\u00f6rerschaft, das <strong>Artarium- Sommerfeatur<\/strong>e mit Schauspielchef <strong>Thomas Oberender<\/strong> und aktuelle Nachrichten von der Radio-Morgenlatte vor 150 Jahren&#8230;<\/p>\n<p>23 Wortfront &#8211; Es regnet<\/p>\n<p>24 <strong>Lesung Chriss<\/strong>: Offenbarung und Untergang (Georg Trakl)<\/p>\n<p>25 the who the what the yeah &#8211; Zerberus<\/p>\n<p>26 <strong>Gespr\u00e4ch<\/strong>: Die <strong>Dramarturgie<\/strong> von &#8222;the who the what the yeah&#8220;<\/p>\n<p>27 <strong>Norbert (Geschichte): <\/strong>Erz\u00e4hler im Angesicht des Todes<strong><br \/>\n<\/strong><\/p>\n<p>28 <strong>Artarium Drogenwarnung<\/strong>: Nina Hagen Band &#8211; Herrmann hiess er<\/p>\n<p>29 <strong>Lesung Chriss<\/strong>: geboren<\/p>\n<p>30 Chumbawamba &#8211; on eBay<\/p>\n<p>31 <strong>Lesung Norbert<\/strong>: <strong>SN-Posting<\/strong> zum &#8222;Sound of Music Hype&#8220;<\/p>\n<p>32 Explosions in the sky &#8211; First breath after coma<\/p>\n<p>&nbsp;<\/p>\n<p><strong>DRITTE STUNDE (und&#8230;)<\/strong><\/p>\n<p>33 <strong>Gespr\u00e4ch<\/strong>: <strong>und? <\/strong>(leben wir nicht immer irgendwie &#8222;<strong>offbeat<\/strong>&#8222;?)<\/p>\n<p>34 Tagtraum &#8211; Ak(k)u<\/p>\n<p>35 <strong>Lesung Norbert<\/strong>: Ich liebe Sex<\/p>\n<p>36 Monta &#8211; Capitulate<\/p>\n<p>37 <strong>Lesung Chriss<\/strong>: salzburgd\u00e4mmerung<\/p>\n<p>38 Loreena McKennitt &#8211; Caravanserai<\/p>\n<p>39 <strong>Gespr\u00e4ch<\/strong>: Unterschiedliche und trotzdem gleiche <strong>Musikarchive<\/strong> und die Frage: Wollen wir <strong>uns und einander<\/strong> vollkommen verstehen?<\/p>\n<p>40 <strong>Lesung Norbert<\/strong>: Da dazwischen<\/p>\n<p>41 Damien Rice &#8211; Woman like a man<\/p>\n<p>42 <strong>Lesung Chriss<\/strong>: Venedig<\/p>\n<p>43 Chickenfoot &#8211; Learning to fall<\/p>\n<p>44 <strong>Abmoderation und Liebeserkl\u00e4rung<\/strong><\/p>\n<p>45 <strong>Lesung Norbert<\/strong>: Wie ohnm\u00e4chtig sind meine Worte&#8230;<\/p>\n<p>46 New Model Army &#8211; All consuming fire<\/p>\n<p>&nbsp;<\/p>\n<p>&nbsp;<\/p>\n<p>&nbsp;<\/p>\n<p>&nbsp;<\/p>\n","protected":false},"excerpt":{"rendered":"<p>Nachfahrt Perlentaucher XI &#8211; Inzwischen Unterwegs &#8211; 12. August 2011 Diese Sendung jetzt anh\u00f6ren und\/oder als Download &nbsp; ERSTE STUNDE (Aufbruch Neuland) 01 UnterwegsSignation 02 Begr\u00fc\u00dfung und Trullala 03 Farin Urlaub &#8211; \u00a0Abschiedslied 04 Gespr\u00e4ch:\u00a0Reisen und unterwegs sein 05 Lesung &hellip; <a href=\"https:\/\/blog.radiofabrik.at\/nachtfahrt\/playlist-credits\/august-11-inzwischen-unterwegs\/\">Weiterlesen <span class=\"meta-nav\">&rarr;<\/span><\/a><\/p>\n","protected":false},"author":220,"featured_media":0,"parent":56,"menu_order":99,"comment_status":"open","ping_status":"open","template":"","meta":{"footnotes":""},"class_list":["post-166","page","type-page","status-publish","hentry"],"aioseo_notices":[],"_links":{"self":[{"href":"https:\/\/blog.radiofabrik.at\/nachtfahrt\/wp-json\/wp\/v2\/pages\/166","targetHints":{"allow":["GET"]}}],"collection":[{"href":"https:\/\/blog.radiofabrik.at\/nachtfahrt\/wp-json\/wp\/v2\/pages"}],"about":[{"href":"https:\/\/blog.radiofabrik.at\/nachtfahrt\/wp-json\/wp\/v2\/types\/page"}],"author":[{"embeddable":true,"href":"https:\/\/blog.radiofabrik.at\/nachtfahrt\/wp-json\/wp\/v2\/users\/220"}],"replies":[{"embeddable":true,"href":"https:\/\/blog.radiofabrik.at\/nachtfahrt\/wp-json\/wp\/v2\/comments?post=166"}],"version-history":[{"count":16,"href":"https:\/\/blog.radiofabrik.at\/nachtfahrt\/wp-json\/wp\/v2\/pages\/166\/revisions"}],"predecessor-version":[{"id":168,"href":"https:\/\/blog.radiofabrik.at\/nachtfahrt\/wp-json\/wp\/v2\/pages\/166\/revisions\/168"}],"up":[{"embeddable":true,"href":"https:\/\/blog.radiofabrik.at\/nachtfahrt\/wp-json\/wp\/v2\/pages\/56"}],"wp:attachment":[{"href":"https:\/\/blog.radiofabrik.at\/nachtfahrt\/wp-json\/wp\/v2\/media?parent=166"}],"curies":[{"name":"wp","href":"https:\/\/api.w.org\/{rel}","templated":true}]}}