{"id":237,"date":"2011-09-12T14:00:40","date_gmt":"2011-09-12T14:00:40","guid":{"rendered":"http:\/\/blog.radiofabrik.at\/nachtfahrt\/?page_id=237"},"modified":"2011-11-06T18:10:39","modified_gmt":"2011-11-06T18:10:39","slug":"september-11-female-feel-male","status":"publish","type":"page","link":"https:\/\/blog.radiofabrik.at\/nachtfahrt\/playlist-credits\/september-11-female-feel-male\/","title":{"rendered":"September 11 &#8211; Female Feel Male"},"content":{"rendered":"<p><strong>Nachtfahrt Perlentaucher XII &#8211; Female Feel Male &#8211; 9. September 2011<\/strong><\/p>\n<p><a href=\"http:\/\/cba.fro.at\/49547\"><strong>Diese Sendung jetzt anh\u00f6ren und\/oder als Download<\/strong><\/a><\/p>\n<p>&nbsp;<\/p>\n<p><strong>ERSTE STUNDE (Idealism and Pose)<\/strong><\/p>\n<p>01 Signation feat. Heather Nova, The Kooks, Gro\u00dfstadtgefl\u00fcster<\/p>\n<p>02<strong> Begr\u00fc\u00dfung und Einf\u00fchrung ins Thema<\/strong><\/p>\n<p>03 Avril Lavigne &#8211; Sk8er Boi<\/p>\n<p>04 <strong>Norbert (Geschichte):<\/strong> Frau Post und der Breitbandmops (DNS Error)<\/p>\n<p>05 <strong>Chriss:<\/strong> Liebe Chr\u00fc\u00dfe, Babalan!<\/p>\n<p>06 Paramore &#8211; Brick by Boring Brick<\/p>\n<p>07 <strong>Gespr\u00e4ch:<\/strong> Von der Besonderheit der Frauenstimmen (und M\u00e4nnerposen?)<\/p>\n<p>08 SunTerra &#8211; Graceful Tunes<\/p>\n<p>09 <strong>Gespr\u00e4ch:<\/strong> Dem Funktionierenm\u00fcssen entkommen &#8211; Positive M\u00e4nnerstimmen<\/p>\n<p>10 Mattafix &#8211; Living Darfur<\/p>\n<p>11 <strong>Gespr\u00e4ch:<\/strong> Female. Feel Male. (Patti Smith) Gender Role Rebellion<\/p>\n<p>12 <strong>Lesung (Norbert):<\/strong> Female (Patti Smith)<\/p>\n<p>11 P!nk &#8211; Words<\/p>\n<p>12 Laurie Anderson &amp; Lou Reed &#8211; In Our Sleep <strong>(Spoken Word)<\/strong><\/p>\n<p>13 Eurythmics &#8211; Missionary Man<\/p>\n<p>14 <strong>Lesung (Chriss):<\/strong> \u00d6ffnung<\/p>\n<p>15 Heather Nova &#8211; A Simple Grace <strong>(Spoken Word)<\/strong><\/p>\n<p>16 Heather Nova &#8211; Motherland<\/p>\n<p>&nbsp;<\/p>\n<p><strong>ZWEITE STUNDE (Irritation and Protest)<\/strong><\/p>\n<p>17 <strong>Lesung (Norbert):<\/strong> Mutter(ver)bindung (Mona Lisa Boyesen in &#8222;Ein fr\u00fcher Abschied&#8220; von <strong>Arno Gruen<\/strong>)<\/p>\n<p>18 Wir sind Helden &#8211; Zuh\u00e4lter<\/p>\n<p>19 <strong>Lesung (Norbert):<\/strong> Male. Feel Female? Fuck!<\/p>\n<p>20 Zweitfrau &#8211; Menschenfresser (Rio Reiser)<\/p>\n<p>21 <strong>Lesung (Chriss):<\/strong> frauenleben (Gerlinde Weinm\u00fcller)<\/p>\n<p>22 KT Tunstall &#8211; Madame Trudeaux<\/p>\n<p>23 <strong>Gespr\u00e4ch:<\/strong> Zum Beispiel Heather Nova &#8211; Vielschichtige Integrationen in Stimme und Sprache. Nackt, nicht nuttig! Eine Ann\u00e4herung&#8230;<\/p>\n<p>24 Heather Nova &#8211; Sugar (Live)<\/p>\n<p>25 Heather Nova &#8211; Winged Messenger <strong>(Spoken Word)<\/strong><\/p>\n<p>26 Heather Nova &#8211; I&#8217;d rather Be<\/p>\n<p>27 <strong>Lesung (Chriss):<\/strong> Zukunft<\/p>\n<p>28 Loreena McKennitt &#8211; All Souls Night (Live)<\/p>\n<p>29 <strong>Lesung (Norbert):<\/strong> Wa(h)re M\u00e4nnlichkeit (Christlich-Fundamental Part 1)<\/p>\n<p>30 Marilyn Manson &#8211; Personal Jesus<\/p>\n<p>31<strong> Lesung (Norbert):<\/strong> Wa(h)re M\u00e4nnlichkeit (Christlich-Fundamental Part 2)<\/p>\n<p>32 Lydia Lunch &#8211; Kill Your Sons<\/p>\n<p>33 <strong>Gespr\u00e4ch:<\/strong> <strong>Bisexualit\u00e4t<\/strong> als m\u00f6glicher Ausdruck geschlechtlicher <strong>Inklusion<\/strong> jenseits von Rollenbildern und Normativit\u00e4t. Von m\u00e4nnlichen M\u00fcttern und M\u00e4delz. Die feine Spannung des <strong>Beiderlei&#8230;<\/strong><\/p>\n<p>&nbsp;<\/p>\n<p><strong>DRITTE STUNDE (Inclusion and Perspective)<\/strong><\/p>\n<p>35 Blumfeld &#8211; Lass uns nicht von Sex reden <strong>(Spoken Word)<\/strong><\/p>\n<p>36 Florence And The Machine &#8211; Kiss With A Fist<\/p>\n<p>37 Annie Lennox &amp; Peter Gabriel &#8211; Octopuse&#8217;s Song <strong>(Spoken Word)<\/strong><\/p>\n<p>38 <strong>Lesung (Chriss):<\/strong> Du wirst mich eines Tages brauchen (Part 1)<\/p>\n<p>39 Nightwish &#8211; 7 Days to the Wolves<\/p>\n<p>40<strong> Lesung (Chriss):<\/strong> Du wirst mich eines Tages brauchen (Part 2)<\/p>\n<p>41 Apocalyptica feat. Nina Hagen &#8211; Seemann<\/p>\n<p>42 <strong>Lesung (Norbert):<\/strong> Aus der Bitte entspringt ein Muss (Hast du Zeit?)<\/p>\n<p>43 Wortfront (Sandra Kreisler &amp; Roger Stein) &#8211; Die Klofrau vom Kanzleramt<\/p>\n<p>44 <strong>Lesung (Chriss):<\/strong> Trotzdem<\/p>\n<p>45 Laurie Anderson &amp; Lou Reed &#8211; Bright Red<\/p>\n<p>46 <strong>Lesung (Norbert):<\/strong> Heaven<\/p>\n<p>47 Signey Lime (Berit Fridahl) &#8211; Games Without Frontiers Remix (Peter Gabriel)<\/p>\n<p>48 <strong>Verabschiedung und Ausblick auf weitere Projekte<\/strong> (Heather Nova und Berit Fridahl Interview, Die t\u00f6dliche Doris, MusikArt am Samstag) <strong>und Bussi!<\/strong><\/p>\n<p>49 Emiliana Torrini &#8211; Jungle Drum<\/p>\n","protected":false},"excerpt":{"rendered":"<p>Nachtfahrt Perlentaucher XII &#8211; Female Feel Male &#8211; 9. September 2011 Diese Sendung jetzt anh\u00f6ren und\/oder als Download &nbsp; ERSTE STUNDE (Idealism and Pose) 01 Signation feat. Heather Nova, The Kooks, Gro\u00dfstadtgefl\u00fcster 02 Begr\u00fc\u00dfung und Einf\u00fchrung ins Thema 03 Avril &hellip; <a href=\"https:\/\/blog.radiofabrik.at\/nachtfahrt\/playlist-credits\/september-11-female-feel-male\/\">Weiterlesen <span class=\"meta-nav\">&rarr;<\/span><\/a><\/p>\n","protected":false},"author":5,"featured_media":0,"parent":56,"menu_order":98,"comment_status":"open","ping_status":"open","template":"","meta":{"footnotes":""},"class_list":["post-237","page","type-page","status-publish","hentry"],"aioseo_notices":[],"_links":{"self":[{"href":"https:\/\/blog.radiofabrik.at\/nachtfahrt\/wp-json\/wp\/v2\/pages\/237","targetHints":{"allow":["GET"]}}],"collection":[{"href":"https:\/\/blog.radiofabrik.at\/nachtfahrt\/wp-json\/wp\/v2\/pages"}],"about":[{"href":"https:\/\/blog.radiofabrik.at\/nachtfahrt\/wp-json\/wp\/v2\/types\/page"}],"author":[{"embeddable":true,"href":"https:\/\/blog.radiofabrik.at\/nachtfahrt\/wp-json\/wp\/v2\/users\/5"}],"replies":[{"embeddable":true,"href":"https:\/\/blog.radiofabrik.at\/nachtfahrt\/wp-json\/wp\/v2\/comments?post=237"}],"version-history":[{"count":16,"href":"https:\/\/blog.radiofabrik.at\/nachtfahrt\/wp-json\/wp\/v2\/pages\/237\/revisions"}],"predecessor-version":[{"id":244,"href":"https:\/\/blog.radiofabrik.at\/nachtfahrt\/wp-json\/wp\/v2\/pages\/237\/revisions\/244"}],"up":[{"embeddable":true,"href":"https:\/\/blog.radiofabrik.at\/nachtfahrt\/wp-json\/wp\/v2\/pages\/56"}],"wp:attachment":[{"href":"https:\/\/blog.radiofabrik.at\/nachtfahrt\/wp-json\/wp\/v2\/media?parent=237"}],"curies":[{"name":"wp","href":"https:\/\/api.w.org\/{rel}","templated":true}]}}