{"id":309,"date":"2011-11-01T15:22:36","date_gmt":"2011-11-01T15:22:36","guid":{"rendered":"http:\/\/blog.radiofabrik.at\/nachtfahrt\/?page_id=309"},"modified":"2011-11-06T18:12:08","modified_gmt":"2011-11-06T18:12:08","slug":"oktober-11-poesie-und-engagement","status":"publish","type":"page","link":"https:\/\/blog.radiofabrik.at\/nachtfahrt\/playlist-credits\/oktober-11-poesie-und-engagement\/","title":{"rendered":"Oktober 11 &#8211; Poesie und Engagement"},"content":{"rendered":"<p><strong>Nachtfahrt Perlentaucher XIII &#8211; Poesie und Engagement &#8211; 14.Oktober 2011<\/strong><\/p>\n<p><strong>G\u00e4ste w\u00e4hrend der ersten Stunde: <a href=\"http:\/\/www.twtwty.com\/\">the who the what the yeah<\/a> &#8211; Martin Konvicka, Lukas M\u00fcller, Tobias Wurscher, Navid Djavadi.<\/strong><\/p>\n<p><a href=\"http:\/\/cba.fro.at\/50745\"><strong>Diese Sendung jetzt anh\u00f6ren und\/oder als Download<\/strong><\/a><\/p>\n<p>&nbsp;<\/p>\n<p><strong>ERSTE STUNDE &#8211; (The Who)<\/strong><\/p>\n<p>01 Signation feat. Leonard Cohen, the who the what the yeah, Rudi Dutschke &amp; Skero<\/p>\n<p><strong>02 Begr\u00fc\u00dfung und Gespr\u00e4ch<\/strong>: Hallo Zielgruppe &#8211; From Protest to Bewusstsein&#8230;<\/p>\n<p>03 Arik Brauer &#8211; Sein K\u00f6pferl im Sand<\/p>\n<p><strong>04 Gespr\u00e4ch<\/strong>: Inspirationen aus Wien, Entstehung von Textcollagen als Work in Progress, Bandvorstellung und diverse Einfl\u00fcsse&#8230;<\/p>\n<p>05 Ton Steine Scherben &#8211; Macht kaputt, was euch kaputt macht<\/p>\n<p><strong>06 Ank\u00fcndigung mit Fanfare<\/strong><\/p>\n<p><strong>07 the who the what the yeah &#8211; Jacobi Matrix (live &amp; unplugged)<\/strong><\/p>\n<p>08 Die Kleingeldprinzessin und die Stadtpiraten &#8211; Schlaraffenland<\/p>\n<p><strong>09 Gespr\u00e4ch<\/strong>: Das Ausziehen von Liedern (Unpluggedness) am Beispiel von Peter Gabriel und Klaus Trabitsch (Liederlich Spielleut) sowie die Frage nach pers\u00f6nlichem Engagement jenseits von Mainstream und Langeweile.<\/p>\n<p>10 Snog (David Thrussel) &#8211; Corporate Slave (Alpha 66 Remix)<\/p>\n<p><strong>11 the who the what the yeah &#8211; Die Angst (live &amp; unplugged)<\/strong><\/p>\n<p><strong>12 Gespr\u00e4ch und Abschied<\/strong>: Die leckende Rassel, das Konzert im Denkmal und &#8211; <strong>&#8222;Rock&#8217;n&#8217;Roll ist ein Kreuzzug&#8220;<\/strong><\/p>\n<p>13 Liederlich Spielleut &#8211; Biko (Peter Gabriel Cover)<\/p>\n<p>14 Between &#8211; From Tom&#8217;s Diary (Lieben &#8211; Text: Hermann Hesse)<\/p>\n<p>&nbsp;<\/p>\n<p><strong>ZWEITE STUNDE (The What)<\/strong><\/p>\n<p>15 Bj\u00f6rk &#8211; Earth Intruders<\/p>\n<p><strong>16 \u00dcberleitung und Sammlung<\/strong><\/p>\n<p>17 Bob Dylan &#8211; Political World<\/p>\n<p><strong>18 Gespr\u00e4ch<\/strong>: Thomas Oberender Reminiszenz &#8211; Rio Reiser und Bob Dylan als Verk\u00f6rperung von Protest und Unmut ihrer jeweiligen &#8222;Generation&#8220;<\/p>\n<p>19 Daniel Khan &amp; Psoy Korolenko &amp; Oy Division &#8211; Rahkmones afn Tayfl<\/p>\n<p><strong>20 Lesung Norbert<\/strong>: Eine gestohlene Kindheit (Literaturfest Kritik)<\/p>\n<p>21 Die Kleingeldprinzessin und die Stadtpiraten &#8211; Funktionalisierer<\/p>\n<p><strong>22 \u00dcberleitung<\/strong>: Wir sind keine Funktionalisierer und er\u00f6ffnen hiermit das literarische Weihnachtsgesch\u00e4ft<\/p>\n<p><strong>23 Lesung Chriss<\/strong>: Ein Adventsingen<\/p>\n<p>24 Tele &#8211; Fieber<\/p>\n<p>25 The Smiths &#8211; How Soon is Now<\/p>\n<p><strong>26 Gespr\u00e4ch<\/strong>: <strong>Charmed<\/strong> und der indirekte Nutzen amerikanischer Vorabendserien am Beispiel ihrer Signations <strong>(Weeds)<\/strong><\/p>\n<p><strong>27 Lesung Norbert<\/strong>: Ihr zerrei\u00dft mich (Mark will Leben Performance 2007)<\/p>\n<p>28 Joachim Witt &#8211; Wo sind wir jetzt (Rio Reiser Tribute Cover)<\/p>\n<p><strong>29 Gespr\u00e4ch<\/strong>: Wie Konstantin Wecker Wahrheiten ins Bewusstsein tr\u00e4ufelt &#8211; Ank\u00fcndigung der n\u00e4chsten Sendung <strong>&#8222;Emotional Overdose&#8220; am 11. November<\/strong><\/p>\n<p><strong>30 Lesung Norbert<\/strong>: Renn lieber, renn (Konstantin Wecker)<\/p>\n<p>31 ASP &#8211; Sage Nein (Konstantin Wecker Cover)<\/p>\n<p><strong>32 Gespr\u00e4ch<\/strong>: Mitternachtseinlage Synchron Sprechen und Uralverkehr &#8211; der experimentell elektronische Musikblock &#8211; <strong>Psychedelische Wetterwarnung<\/strong><\/p>\n<p>&nbsp;<\/p>\n<p><strong>DRITTE STUNDE (The Yeah)<\/strong><\/p>\n<p>33 Farlanders &#8211; Poppy (Mohnblume)<\/p>\n<p>34 Wolfram Huschke &#8211; Modo perpetuo (Time is running)<\/p>\n<p>35 Nils Petter Molvaer &#8211; Axis of Ignorance<\/p>\n<p>36 David Byrne &amp; Brian Eno &#8211; Mea culpa<\/p>\n<p><strong>37 Lesung Norbert<\/strong>: Jetzt eine Insel finden (Konstantin Wecker)<\/p>\n<p>38 Lyapis Trubetskoy &#8211; Belarus Freedom<\/p>\n<p><strong>39 Lesung Chriss<\/strong>: Parasit<\/p>\n<p>40 Dub FX &#8211; Love Someone<\/p>\n<p><strong>41 Zwischenspiel<\/strong>: Der Kopfh\u00f6rer streikt<\/p>\n<p>42 Nina Hagen &#8211; Der Traum ist aus (Ton Steine Scherben Cover)<\/p>\n<p><strong>43 Lesung Norbert<\/strong>: Totalverweigerung<\/p>\n<p>44 the who the what the yeah &#8211; Die Angst<\/p>\n<p>45 <strong>Danke f\u00fcrs Mitfahren und Ank\u00fcndigungen &#8211; Wir haben uns\/euch lieb!<\/strong><\/p>\n<p>46 P!nk &#8211; Raise Your Glass<\/p>\n","protected":false},"excerpt":{"rendered":"<p>Nachtfahrt Perlentaucher XIII &#8211; Poesie und Engagement &#8211; 14.Oktober 2011 G\u00e4ste w\u00e4hrend der ersten Stunde: the who the what the yeah &#8211; Martin Konvicka, Lukas M\u00fcller, Tobias Wurscher, Navid Djavadi. Diese Sendung jetzt anh\u00f6ren und\/oder als Download &nbsp; ERSTE STUNDE &hellip; <a href=\"https:\/\/blog.radiofabrik.at\/nachtfahrt\/playlist-credits\/oktober-11-poesie-und-engagement\/\">Weiterlesen <span class=\"meta-nav\">&rarr;<\/span><\/a><\/p>\n","protected":false},"author":5,"featured_media":0,"parent":56,"menu_order":97,"comment_status":"open","ping_status":"open","template":"","meta":{"footnotes":""},"class_list":["post-309","page","type-page","status-publish","hentry"],"aioseo_notices":[],"_links":{"self":[{"href":"https:\/\/blog.radiofabrik.at\/nachtfahrt\/wp-json\/wp\/v2\/pages\/309","targetHints":{"allow":["GET"]}}],"collection":[{"href":"https:\/\/blog.radiofabrik.at\/nachtfahrt\/wp-json\/wp\/v2\/pages"}],"about":[{"href":"https:\/\/blog.radiofabrik.at\/nachtfahrt\/wp-json\/wp\/v2\/types\/page"}],"author":[{"embeddable":true,"href":"https:\/\/blog.radiofabrik.at\/nachtfahrt\/wp-json\/wp\/v2\/users\/5"}],"replies":[{"embeddable":true,"href":"https:\/\/blog.radiofabrik.at\/nachtfahrt\/wp-json\/wp\/v2\/comments?post=309"}],"version-history":[{"count":13,"href":"https:\/\/blog.radiofabrik.at\/nachtfahrt\/wp-json\/wp\/v2\/pages\/309\/revisions"}],"predecessor-version":[{"id":358,"href":"https:\/\/blog.radiofabrik.at\/nachtfahrt\/wp-json\/wp\/v2\/pages\/309\/revisions\/358"}],"up":[{"embeddable":true,"href":"https:\/\/blog.radiofabrik.at\/nachtfahrt\/wp-json\/wp\/v2\/pages\/56"}],"wp:attachment":[{"href":"https:\/\/blog.radiofabrik.at\/nachtfahrt\/wp-json\/wp\/v2\/media?parent=309"}],"curies":[{"name":"wp","href":"https:\/\/api.w.org\/{rel}","templated":true}]}}