{"id":56,"date":"2011-08-05T14:24:40","date_gmt":"2011-08-05T14:24:40","guid":{"rendered":"http:\/\/blog.radiofabrik.at\/nachtfahrt\/?page_id=56"},"modified":"2024-10-08T21:46:22","modified_gmt":"2024-10-08T21:46:22","slug":"playlist-credits","status":"publish","type":"page","link":"https:\/\/blog.radiofabrik.at\/nachtfahrt\/playlist-credits\/","title":{"rendered":"Playlist Text Credits (2011)"},"content":{"rendered":"<p><strong>DIESES ARCHIV WIRD DERZEIT NICHT MEHR AKTUALISIERT.<\/strong><\/p>\n<p><strong>Auf dieser Seite wollten wir eigentlich die in jeder Nachtfahrt\/Perlentaucher Ausgabe tats\u00e4chlich gespielten Musiktitel und Textbeitr\u00e4ge auflisten:<br \/>\n<\/strong><\/p>\n<p><a href=\"http:\/\/blog.radiofabrik.at\/nachtfahrt\/files\/2011\/08\/DSCN1905.jpg\"><img loading=\"lazy\" decoding=\"async\" class=\"alignleft size-medium wp-image-88\" src=\"http:\/\/blog.radiofabrik.at\/nachtfahrt\/files\/2011\/08\/DSCN1905-300x225.jpg\" alt=\"\" width=\"300\" height=\"225\" srcset=\"https:\/\/blog.radiofabrik.at\/nachtfahrt\/files\/2011\/08\/DSCN1905-300x225.jpg 300w, https:\/\/blog.radiofabrik.at\/nachtfahrt\/files\/2011\/08\/DSCN1905-1024x768.jpg 1024w, https:\/\/blog.radiofabrik.at\/nachtfahrt\/files\/2011\/08\/DSCN1905.jpg 1600w\" sizes=\"auto, (max-width: 300px) 100vw, 300px\" \/><\/a>Es entstand so eine <strong>archivarische Dokumentation<\/strong> der jeweiligen Perlentaucher-Dramaturgie, eine Art <strong>nachtr\u00e4glicher Programm-Ablauf<\/strong> der einzelnen <strong>Musikst\u00fccke, Lesungen\/Textbeitr\u00e4ge<\/strong> sowie der spontanen <strong>Geschichten und Gespr\u00e4che<\/strong>.<\/p>\n<p><strong>Die allermeisten Sendungen<\/strong> finden sich nach wie vor <strong>als Mitschnitte<\/strong> <a href=\"https:\/\/cba.fro.at\/series\/nachtfahrt-perlentaucher\" target=\"_blank\" rel=\"noopener\"><strong>im CBA-Archiv<\/strong><\/a>.<\/p>\n<p><strong>Sendung vom 11. November 2011 Emotional Overdose<\/strong> (keine Playlist verf\u00fcgbar)<\/p>\n<p><strong>Sendung vom 14. Oktober 2011 <a href=\"http:\/\/blog.radiofabrik.at\/nachtfahrt\/playlist-credits\/oktober-11-poesie-und-engagement\/\">Poesie und Engagement<\/a><\/strong><\/p>\n<p><strong>Sendung vom 9. September 2011 <a href=\"http:\/\/blog.radiofabrik.at\/nachtfahrt\/playlist-credits\/september-11-female-feel-male\/\">Female Feel Male<\/a><\/strong><\/p>\n<p><strong>Sendung vom 12. August 2011 <a href=\"http:\/\/blog.radiofabrik.at\/nachtfahrt\/playlist-credits\/august-11-inzwischen-unterwegs\/\">Inzwischen Unterwegs<\/a>\u00a0<\/strong><\/p>\n<p><strong>Sendung vom 8. Juli 2011 <a href=\"http:\/\/blog.radiofabrik.at\/nachtfahrt\/playlist-credits\/juli-11-schulschluss-speak-your-mind\/\">Schulschluss Speak Your Mind<\/a><\/strong><\/p>\n<p>&nbsp;<\/p>\n","protected":false},"excerpt":{"rendered":"<p>DIESES ARCHIV WIRD DERZEIT NICHT MEHR AKTUALISIERT. Auf dieser Seite wollten wir eigentlich die in jeder Nachtfahrt\/Perlentaucher Ausgabe tats\u00e4chlich gespielten Musiktitel und Textbeitr\u00e4ge auflisten: Es entstand so eine archivarische Dokumentation der jeweiligen Perlentaucher-Dramaturgie, eine Art nachtr\u00e4glicher Programm-Ablauf der einzelnen Musikst\u00fccke, &hellip; <a href=\"https:\/\/blog.radiofabrik.at\/nachtfahrt\/playlist-credits\/\">Weiterlesen <span class=\"meta-nav\">&rarr;<\/span><\/a><\/p>\n","protected":false},"author":5,"featured_media":0,"parent":0,"menu_order":0,"comment_status":"open","ping_status":"open","template":"","meta":{"footnotes":""},"class_list":["post-56","page","type-page","status-publish","hentry"],"aioseo_notices":[],"_links":{"self":[{"href":"https:\/\/blog.radiofabrik.at\/nachtfahrt\/wp-json\/wp\/v2\/pages\/56","targetHints":{"allow":["GET"]}}],"collection":[{"href":"https:\/\/blog.radiofabrik.at\/nachtfahrt\/wp-json\/wp\/v2\/pages"}],"about":[{"href":"https:\/\/blog.radiofabrik.at\/nachtfahrt\/wp-json\/wp\/v2\/types\/page"}],"author":[{"embeddable":true,"href":"https:\/\/blog.radiofabrik.at\/nachtfahrt\/wp-json\/wp\/v2\/users\/5"}],"replies":[{"embeddable":true,"href":"https:\/\/blog.radiofabrik.at\/nachtfahrt\/wp-json\/wp\/v2\/comments?post=56"}],"version-history":[{"count":32,"href":"https:\/\/blog.radiofabrik.at\/nachtfahrt\/wp-json\/wp\/v2\/pages\/56\/revisions"}],"predecessor-version":[{"id":9645,"href":"https:\/\/blog.radiofabrik.at\/nachtfahrt\/wp-json\/wp\/v2\/pages\/56\/revisions\/9645"}],"wp:attachment":[{"href":"https:\/\/blog.radiofabrik.at\/nachtfahrt\/wp-json\/wp\/v2\/media?parent=56"}],"curies":[{"name":"wp","href":"https:\/\/api.w.org\/{rel}","templated":true}]}}