{"id":62,"date":"2011-08-05T16:36:09","date_gmt":"2011-08-05T16:36:09","guid":{"rendered":"http:\/\/blog.radiofabrik.at\/nachtfahrt\/?page_id=62"},"modified":"2011-11-06T18:06:26","modified_gmt":"2011-11-06T18:06:26","slug":"juli-11-schulschluss-speak-your-mind","status":"publish","type":"page","link":"https:\/\/blog.radiofabrik.at\/nachtfahrt\/playlist-credits\/juli-11-schulschluss-speak-your-mind\/","title":{"rendered":"Juli 11 &#8211; Schulschluss Speak Your Mind"},"content":{"rendered":"<p><strong>Nachtfahrt Perlentaucher X &#8211; Schulschluss Speak Your Mind &#8211; 8. Juli 2011<\/strong><\/p>\n<p><strong>G\u00e4st_innen: Marvin Leon Sillner, Katherina Roxy Braschel, Peter.W. Wetzelsberger, Dominik Steiner<\/strong><\/p>\n<p><a href=\"http:\/\/cba.fro.at\/47788\"><strong>Diese Sendung jetzt anh\u00f6ren und\/oder als Download<\/strong><\/a><\/p>\n<p>&nbsp;<\/p>\n<p><strong>ERSTE STUNDE (Die Schule)<\/strong><\/p>\n<p>01 SchulschlussSignation (feat. Roger Waters &amp; Nevada Tan)<\/p>\n<p>02 <strong>Einstimmung und Begr\u00fc\u00dferei<\/strong><\/p>\n<p>03 the who the what the yeah &#8211; Hallo Zielgruppe<\/p>\n<p>04 <strong>Ank\u00fcndigung einer Audioperformance<\/strong><\/p>\n<p>05 KIM (Kind im Magen) &#8211; Totgesagte leben l\u00e4nger<\/p>\n<p>06 <strong>Gespr\u00e4ch<\/strong>: Sinnlosigkeit bestehender Schulen, Perspektiven sinnvollerer Bildungsformen, W\u00e4\u00e4\u00e4\u00e4\u00e4h&#8230;<\/p>\n<p>07 Tocotronic &#8211; Pure Vernunft Darf Niemals Siegen<\/p>\n<p>08 Fr\u00fcchte des Zorns &#8211; Es wird geschehen<\/p>\n<p>09 Umbra et Imago &#8211; Der Wahnsinn<\/p>\n<p>10 <strong>Lesung Chriss<\/strong>: Abschiedsbrief an eine ungeliebte Leerperson<\/p>\n<p>11 Nevada Tan &#8211; Niemand h\u00f6rt dich<\/p>\n<p>12 <strong>Lesung Roxy<\/strong>: Lichter<\/p>\n<p>12 Tagtraum &#8211; Halt mich fest<\/p>\n<p>13 <strong>Lesung Roxy<\/strong>: Plastik (das puder-gepuderte N\u00e4schen)<\/p>\n<p>14 The Last Hard Men &#8211; School&#8217;s Out<\/p>\n<p>15 <strong>Gespr\u00e4ch<\/strong>: Diktatur der funktionalen Normalit\u00e4t im Schulsystem, Schminklarven, Betonm\u00e4dels, grausame Gruppendynamik<\/p>\n<p>16 Death Cab for Cutie &#8211; We looked like giants<\/p>\n<p>&nbsp;<\/p>\n<p><strong>ZWEITE STUNDE (Das System)<\/strong><\/p>\n<p>17 Dashboard Confessional &#8211; Write it Out<\/p>\n<p>18<strong> Zwischenspiel<\/strong>: Der Pr\u00e4sident, ich erkenne ihn am Aroma!<\/p>\n<p>19 <strong>Lesung Norbert<\/strong>: Salzburg ein Friedhof der Phantasien (Thomas Bernhard &#8211; Die Ursache)<\/p>\n<p>20 New Model Army &#8211; Inheritance (live)<\/p>\n<p>21 <strong>Lesung Chriss<\/strong>: Zuschnitt (Cordula Wei\u00df)<\/p>\n<p>22 Goethes Erben &#8211; Mensch sein<\/p>\n<p>23 <strong>Lesung Chriss<\/strong>: Entfaltung (Cordula Wei\u00df)<\/p>\n<p>24 ZSK &#8211; Und genau da gehen unsere wege auseinander&#8230;<\/p>\n<p>25 Konstantin Wecker &#8211; Willy III (live)<\/p>\n<p>26 Panik &#8211; Perfekt<\/p>\n<p>27 <strong>Lesung Norbert<\/strong>: Gef\u00fchlsfaschismus<\/p>\n<p>28 Scheiterhaufen &#8211; Scheisse ist leise<\/p>\n<p>29 <strong>Lesung Chriss<\/strong>: Erlaubnis<\/p>\n<p>30 MC Solaar &#8211; Sauvez le monde<\/p>\n<p>31 <strong>Lesung Peter<\/strong>: Zum Schulschluss (Waldorfschule)<\/p>\n<p>32 A-Teens &#8211; School&#8217;s Out feat. Alice Cooper<\/p>\n<p>33 <strong>Lesung Peter<\/strong>: Die L\u00fccke<\/p>\n<p>34 Panik-Koljah &amp; NMZS &#8211; Kunst<\/p>\n<p>&nbsp;<\/p>\n<p><strong>DRITTE STUNDE (Mein Leben)<\/strong><\/p>\n<p>35 <strong>Anekdote<\/strong>: Sommer 08 &#8211; Als die Nachtfahrt entstand&#8230;<\/p>\n<p>36 <strong>Gespr\u00e4ch<\/strong>: Alternative P\u00e4dagogik und individuelle Kreativit\u00e4t &#8211; oder kommt es doch auf die Lehrerpers\u00f6nlichkeiten an? Manchmal hilft allerdings nur noch das Aussteigen&#8230;<\/p>\n<p>37 Tagtraum &#8211; Ballast \u00fcber Bord<\/p>\n<p>38 Avalanch &#8211; Where the Streets have No Name<\/p>\n<p>39 Gisbert zu Knyphausen &#8211; Sommertag<\/p>\n<p>40 <strong>Performance Peter.W. and Friends<\/strong> &#8211; Das Gro\u00dfe LaLuLa &#8211; Live Audio Collage feat. Kunnstsau<\/p>\n<p>41 <strong>Zwischenspiel<\/strong>: Der ungeschmeidige \u00dcbergang<\/p>\n<p>42 Talking Heads &#8211; Burning down the House<\/p>\n<p>43 <strong>Lesung Norbert<\/strong>: Die Zucht des Mittelm\u00e4\u00dfigen (Hermann Hesse &#8211; Der Steppenwolf)<\/p>\n<p>44 Zeitzeuge &#8211; \u00dcber den Dingen<\/p>\n<p>45 <strong>Resummee und Verabschiedung<\/strong><\/p>\n<p>46 <strong>Lesung Chriss<\/strong>: Zukunft<\/p>\n<p>47 the who the what the yeah &#8211; Ender<\/p>\n","protected":false},"excerpt":{"rendered":"<p>Nachtfahrt Perlentaucher X &#8211; Schulschluss Speak Your Mind &#8211; 8. Juli 2011 G\u00e4st_innen: Marvin Leon Sillner, Katherina Roxy Braschel, Peter.W. Wetzelsberger, Dominik Steiner Diese Sendung jetzt anh\u00f6ren und\/oder als Download &nbsp; ERSTE STUNDE (Die Schule) 01 SchulschlussSignation (feat. Roger Waters &hellip; <a href=\"https:\/\/blog.radiofabrik.at\/nachtfahrt\/playlist-credits\/juli-11-schulschluss-speak-your-mind\/\">Weiterlesen <span class=\"meta-nav\">&rarr;<\/span><\/a><\/p>\n","protected":false},"author":5,"featured_media":0,"parent":56,"menu_order":100,"comment_status":"open","ping_status":"open","template":"","meta":{"footnotes":""},"class_list":["post-62","page","type-page","status-publish","hentry"],"aioseo_notices":[],"_links":{"self":[{"href":"https:\/\/blog.radiofabrik.at\/nachtfahrt\/wp-json\/wp\/v2\/pages\/62","targetHints":{"allow":["GET"]}}],"collection":[{"href":"https:\/\/blog.radiofabrik.at\/nachtfahrt\/wp-json\/wp\/v2\/pages"}],"about":[{"href":"https:\/\/blog.radiofabrik.at\/nachtfahrt\/wp-json\/wp\/v2\/types\/page"}],"author":[{"embeddable":true,"href":"https:\/\/blog.radiofabrik.at\/nachtfahrt\/wp-json\/wp\/v2\/users\/5"}],"replies":[{"embeddable":true,"href":"https:\/\/blog.radiofabrik.at\/nachtfahrt\/wp-json\/wp\/v2\/comments?post=62"}],"version-history":[{"count":12,"href":"https:\/\/blog.radiofabrik.at\/nachtfahrt\/wp-json\/wp\/v2\/pages\/62\/revisions"}],"predecessor-version":[{"id":355,"href":"https:\/\/blog.radiofabrik.at\/nachtfahrt\/wp-json\/wp\/v2\/pages\/62\/revisions\/355"}],"up":[{"embeddable":true,"href":"https:\/\/blog.radiofabrik.at\/nachtfahrt\/wp-json\/wp\/v2\/pages\/56"}],"wp:attachment":[{"href":"https:\/\/blog.radiofabrik.at\/nachtfahrt\/wp-json\/wp\/v2\/media?parent=62"}],"curies":[{"name":"wp","href":"https:\/\/api.w.org\/{rel}","templated":true}]}}