{"id":29,"date":"2010-10-07T15:21:02","date_gmt":"2010-10-07T15:21:02","guid":{"rendered":"http:\/\/blog.radiofabrik.at\/oeh-frauenzimmer\/"},"modified":"2011-02-24T23:46:43","modified_gmt":"2011-02-24T23:46:43","slug":"uber-das-oh-frauenreferat-2","status":"publish","type":"page","link":"https:\/\/blog.radiofabrik.at\/oeh-frauenzimmer\/uber-das-oh-frauenreferat-2\/","title":{"rendered":"\u00fcber das \u00d6H Frauenreferat"},"content":{"rendered":"<p><img loading=\"lazy\" decoding=\"async\" class=\"alignleft\" src=\"http:\/\/img529.imageshack.us\/img529\/1223\/frauenreferatsalzburg.png\" alt=\"\" width=\"219\" height=\"198\" \/><\/p>\n<p><strong>Erreichbarkeit: <\/strong><\/p>\n<p>Telefon: 0662-8044-6052<\/p>\n<p>Mail: <a href=\"frauen@oeh-salzburg.at\">frauen@oeh-salzburg.at<\/a><\/p>\n<p>Homepage: <a href=\"http:\/\/www.oeh-salzburg.at\/cms\/politik-die-wirkt\/vorsitz-referate\/frauenreferat\/\">www.oeh-salzburg.at &#8211; Vorsitz und Referate &#8211; Frauenreferat<\/a><\/p>\n<p><strong>T\u00e4tigkeit des Frauenreferats:<\/strong> Ansprechpartnerin  f\u00fcr Gender  und Feminismus an der Universit\u00e4t Salzburg. Durchf\u00fchrung von  Projekten  zu diesen Themen. Verbreitung und Diskussion von Inhalten an  der  Universit\u00e4t. Unterst\u00fctzung und F\u00f6rderung von Frauen und ihren   F\u00e4higkeiten.<\/p>\n<p><strong>Pr\u00e4ambel: <\/strong>Das  Frauenreferat\u00a0 der \u00d6sterreichischen  Hochsch\u00fclerInnenschaft Salzburg  ist emanzipatorisch,  radikal-feministisch und libert\u00e4r. Diesem  Selbstverst\u00e4ndnis gleichen  wir unsere Praxis an. Unser prim\u00e4res Ziel ist  es, einen Prozess der  Bewusstseinsbildung f\u00fcr feministische Inhalte und  Praxis  voranzutreiben.<\/p>\n","protected":false},"excerpt":{"rendered":"<p>Erreichbarkeit: Telefon: 0662-8044-6052 Mail: frauen@oeh-salzburg.at Homepage: www.oeh-salzburg.at &#8211; Vorsitz und Referate &#8211; Frauenreferat T\u00e4tigkeit des Frauenreferats: Ansprechpartnerin f\u00fcr Gender und Feminismus an der Universit\u00e4t Salzburg. Durchf\u00fchrung von Projekten zu diesen Themen. Verbreitung und Diskussion von Inhalten an der Universit\u00e4t. Unterst\u00fctzung &hellip; <a href=\"https:\/\/blog.radiofabrik.at\/oeh-frauenzimmer\/uber-das-oh-frauenreferat-2\/\">Weiterlesen <span class=\"meta-nav\">&rarr;<\/span><\/a><\/p>\n","protected":false},"author":162,"featured_media":0,"parent":0,"menu_order":0,"comment_status":"open","ping_status":"open","template":"","meta":{"footnotes":""},"class_list":["post-29","page","type-page","status-publish","hentry"],"_links":{"self":[{"href":"https:\/\/blog.radiofabrik.at\/oeh-frauenzimmer\/wp-json\/wp\/v2\/pages\/29","targetHints":{"allow":["GET"]}}],"collection":[{"href":"https:\/\/blog.radiofabrik.at\/oeh-frauenzimmer\/wp-json\/wp\/v2\/pages"}],"about":[{"href":"https:\/\/blog.radiofabrik.at\/oeh-frauenzimmer\/wp-json\/wp\/v2\/types\/page"}],"author":[{"embeddable":true,"href":"https:\/\/blog.radiofabrik.at\/oeh-frauenzimmer\/wp-json\/wp\/v2\/users\/162"}],"replies":[{"embeddable":true,"href":"https:\/\/blog.radiofabrik.at\/oeh-frauenzimmer\/wp-json\/wp\/v2\/comments?post=29"}],"version-history":[{"count":11,"href":"https:\/\/blog.radiofabrik.at\/oeh-frauenzimmer\/wp-json\/wp\/v2\/pages\/29\/revisions"}],"predecessor-version":[{"id":239,"href":"https:\/\/blog.radiofabrik.at\/oeh-frauenzimmer\/wp-json\/wp\/v2\/pages\/29\/revisions\/239"}],"wp:attachment":[{"href":"https:\/\/blog.radiofabrik.at\/oeh-frauenzimmer\/wp-json\/wp\/v2\/media?parent=29"}],"curies":[{"name":"wp","href":"https:\/\/api.w.org\/{rel}","templated":true}]}}