{"id":2,"date":"2011-04-12T20:57:17","date_gmt":"2011-04-12T20:57:17","guid":{"rendered":"http:\/\/blog.radiofabrik.at\/radio-andrae\/?page_id=2"},"modified":"2014-04-30T14:52:37","modified_gmt":"2014-04-30T13:52:37","slug":"sample-page","status":"publish","type":"page","link":"https:\/\/blog.radiofabrik.at\/radio-andrae\/sample-page\/","title":{"rendered":"Wir, das sind&#8230;"},"content":{"rendered":"<p>&nbsp;<\/p>\n<p>&#8230;im Schuljahr 2010\/2011: Kathrin, Ayslin, Ileana, Dennis, Toni, Simon, Lejla, Anela, Laura und Sara, manchmal auch Tobias, Flavius, Adelina, Elena und Lorenz und ab und zu noch viele andere Kinder der VS St. Andr\u00e4, die uns etwas zu sagen haben.<\/p>\n<p>&#8230;im Schuljahr 2011\/2012: Laura, Chiara, Sara, Lejla, Anela, Adelina, Elena und wieder viele andere Stimmen unserer Schule.<\/p>\n<p>&#8230;in den Schuljahren 2012\/2013\/2014\/2015: die Kinder der 2a\/3a\/4a Klasse und immer \u00f6fter G\u00e4ste aus den anderen Klassen der VS St. Andr\u00e4; manchmal auch Daniel und Florian aus Tirol.<\/p>\n<div id=\"attachment_22\" style=\"width: 160px\" class=\"wp-caption alignright\"><a href=\"http:\/\/blog.radiofabrik.at\/radio-andrae\/files\/2011\/04\/Kaufmann_Lisa2011_2.jpg\"><img loading=\"lazy\" decoding=\"async\" aria-describedby=\"caption-attachment-22\" class=\"size-thumbnail wp-image-22\" alt=\"Lisa\" src=\"http:\/\/blog.radiofabrik.at\/radio-andrae\/files\/2011\/04\/Kaufmann_Lisa2011_2-150x150.jpg\" width=\"150\" height=\"150\" \/><\/a><p id=\"caption-attachment-22\" class=\"wp-caption-text\">&#8230;und schon erwachsen<\/p><\/div>\n<p>&#8230; und die, die als Erwachsene die Sendungen schneidet, die, die hilft, wenn es einmal n\u00f6tig ist und die, die auch die Verantwortung tr\u00e4gt: Lisa.<\/p>\n","protected":false},"excerpt":{"rendered":"<p>&nbsp; &#8230;im Schuljahr 2010\/2011: Kathrin, Ayslin, Ileana, Dennis, Toni, Simon, Lejla, Anela, Laura und Sara, manchmal auch Tobias, Flavius, Adelina, Elena und Lorenz und ab und zu noch viele andere Kinder der VS St. Andr\u00e4, die uns etwas zu sagen &hellip; <a href=\"https:\/\/blog.radiofabrik.at\/radio-andrae\/sample-page\/\">Weiterlesen <span class=\"meta-nav\">&rarr;<\/span><\/a><\/p>\n","protected":false},"author":217,"featured_media":38,"parent":0,"menu_order":0,"comment_status":"open","ping_status":"open","template":"","meta":{"footnotes":""},"class_list":["post-2","page","type-page","status-publish","has-post-thumbnail","hentry"],"_links":{"self":[{"href":"https:\/\/blog.radiofabrik.at\/radio-andrae\/wp-json\/wp\/v2\/pages\/2","targetHints":{"allow":["GET"]}}],"collection":[{"href":"https:\/\/blog.radiofabrik.at\/radio-andrae\/wp-json\/wp\/v2\/pages"}],"about":[{"href":"https:\/\/blog.radiofabrik.at\/radio-andrae\/wp-json\/wp\/v2\/types\/page"}],"author":[{"embeddable":true,"href":"https:\/\/blog.radiofabrik.at\/radio-andrae\/wp-json\/wp\/v2\/users\/217"}],"replies":[{"embeddable":true,"href":"https:\/\/blog.radiofabrik.at\/radio-andrae\/wp-json\/wp\/v2\/comments?post=2"}],"version-history":[{"count":12,"href":"https:\/\/blog.radiofabrik.at\/radio-andrae\/wp-json\/wp\/v2\/pages\/2\/revisions"}],"predecessor-version":[{"id":333,"href":"https:\/\/blog.radiofabrik.at\/radio-andrae\/wp-json\/wp\/v2\/pages\/2\/revisions\/333"}],"wp:featuredmedia":[{"embeddable":true,"href":"https:\/\/blog.radiofabrik.at\/radio-andrae\/wp-json\/wp\/v2\/media\/38"}],"wp:attachment":[{"href":"https:\/\/blog.radiofabrik.at\/radio-andrae\/wp-json\/wp\/v2\/media?parent=2"}],"curies":[{"name":"wp","href":"https:\/\/api.w.org\/{rel}","templated":true}]}}