{"id":2,"date":"2009-07-16T16:12:54","date_gmt":"2009-07-16T14:12:54","guid":{"rendered":""},"modified":"2009-07-26T11:44:12","modified_gmt":"2009-07-26T09:44:12","slug":"about","status":"publish","type":"page","link":"https:\/\/blog.radiofabrik.at\/radio-lebenshilfe\/about\/","title":{"rendered":"\u00dcber uns"},"content":{"rendered":"<p>Maco Buchinger und Michael Russ nutzen diesen Blog um \u00fcber Menschen mit Beeintr\u00e4chtigungen und die Lebenshilfe Salzburg zu berichten.<br \/>\nMaco ist Klient der Lebenshilfe Salzburg, er arbeitet in der Fachwerkst\u00e4tte F\u00fcrbergstra\u00dfe in der Wachsgruppe und im LebensArt-Gesch\u00e4ft.<br \/>\nMichael ist Obmannstellvertreter der Lebenshilfe Salzburg und f\u00fcr die Radiofabrik-Sendung &#8222;Radio Lebenshilfe&#8220; verantwortlich.<\/p>\n","protected":false},"excerpt":{"rendered":"<p>Maco Buchinger und Michael Russ nutzen diesen Blog um \u00fcber Menschen mit Beeintr\u00e4chtigungen und die Lebenshilfe Salzburg zu berichten. Maco ist Klient der Lebenshilfe Salzburg, er arbeitet in der Fachwerkst\u00e4tte F\u00fcrbergstra\u00dfe in der Wachsgruppe und im LebensArt-Gesch\u00e4ft. Michael ist Obmannstellvertreter &hellip; <a href=\"https:\/\/blog.radiofabrik.at\/radio-lebenshilfe\/about\/\">Weiterlesen <span class=\"meta-nav\">&rarr;<\/span><\/a><\/p>\n","protected":false},"author":65,"featured_media":0,"parent":0,"menu_order":0,"comment_status":"open","ping_status":"open","template":"","meta":{"footnotes":""},"class_list":["post-2","page","type-page","status-publish","hentry"],"_links":{"self":[{"href":"https:\/\/blog.radiofabrik.at\/radio-lebenshilfe\/wp-json\/wp\/v2\/pages\/2","targetHints":{"allow":["GET"]}}],"collection":[{"href":"https:\/\/blog.radiofabrik.at\/radio-lebenshilfe\/wp-json\/wp\/v2\/pages"}],"about":[{"href":"https:\/\/blog.radiofabrik.at\/radio-lebenshilfe\/wp-json\/wp\/v2\/types\/page"}],"author":[{"embeddable":true,"href":"https:\/\/blog.radiofabrik.at\/radio-lebenshilfe\/wp-json\/wp\/v2\/users\/65"}],"replies":[{"embeddable":true,"href":"https:\/\/blog.radiofabrik.at\/radio-lebenshilfe\/wp-json\/wp\/v2\/comments?post=2"}],"version-history":[{"count":3,"href":"https:\/\/blog.radiofabrik.at\/radio-lebenshilfe\/wp-json\/wp\/v2\/pages\/2\/revisions"}],"predecessor-version":[{"id":13,"href":"https:\/\/blog.radiofabrik.at\/radio-lebenshilfe\/wp-json\/wp\/v2\/pages\/2\/revisions\/13"}],"wp:attachment":[{"href":"https:\/\/blog.radiofabrik.at\/radio-lebenshilfe\/wp-json\/wp\/v2\/media?parent=2"}],"curies":[{"name":"wp","href":"https:\/\/api.w.org\/{rel}","templated":true}]}}