{"id":2,"date":"2010-01-21T23:21:16","date_gmt":"2010-01-21T22:21:16","guid":{"rendered":""},"modified":"2010-05-31T10:53:28","modified_gmt":"2010-05-31T09:53:28","slug":"about","status":"publish","type":"page","link":"https:\/\/blog.radiofabrik.at\/radiopolonia\/about\/","title":{"rendered":"About"},"content":{"rendered":"<div id=\"c531-default\">\n<div id=\"c531-default\">\n<div>Radio Polonia Salzburg<\/div>\n<div><\/div>\n<p><em>Dwuj\u0119zyczna audycja (po polsku i niemiecku),kt\u00f3r\u0105 prowadzi Ola Rempel ( by\u0142a wsp\u00f3\u0142prowadz\u0105ca audycji Radia Polonia Winnipeg, Kanada) .<\/em>Zweisprachige Sendung ( Deutsch\/ Polnisch von\u00a0 Ola Rempel (ehemalige Mitarbeiterin des Radio Polonia Winnipeg, Kanada)<\/p>\n<p><em>Audycja przekazuje wiadomo\u015bci o Polsce. <\/em><\/p>\n<p>Die Sendung vermittelt Informationen rund um Polen.<\/p>\n<p><em>Przekazujemy tak\u017ce aktualne informacje z\u00a0\u017cycia\u00a0\u00a0Polonii. <\/em><\/p>\n<p>Es wird Aktuelles dem Leben der Polonia (im Ausland lebende PolInnen) berichtet.<\/p>\n<p><em>Inne tematy to przedstawianie polskiej historii,kultury, muzyki\u00a0a tak\u017ce inspiracja.<\/em><\/p>\n<p>Der andere Schwerpunkt ist die Vorstellung der polnischen Geschichte, Kultur, Musik und Inspiration.<\/p>\n<p><em>Pragne polskoj\u0119zycznym s\u0142uchaczkom i s\u0142uchaczom przekazywa\u0107 informacje o lokalnych akcjach, kt\u00f3re pomagaj\u0105 w dobrym internacjonalnym wsp\u00f3\u0142\u017cyciu\u00a0 w naszym\u00a0regionie.<\/em><\/p>\n<p>Ich\u00a0 will aber auch den polnischsprachigen Zuh\u00f6rerinnen und Zuh\u00f6rern lokale Aktionen und Menschen vorstellen, die zum guten internationalen Miteinander beitragen.<\/p>\n<p><em>Moim marzeniem jest, aby niemieckoj\u0119zyczne s\u0142uchaczki i s\u0142uchacze dowiadywali si\u0119 o Polsce, o tym kraju, kt\u00f3ry d\u0142ugo le\u017ca\u0142 za \u017celazn\u0105 kurtyn\u0105 i by\u0142 nieznany,os\u0142oniony legendami..<\/em><\/p>\n<p>Mein Traum ist, dass die auf deutsch zuh\u00f6rende Zuh\u00f6rer mehr von Polen, einer Nation und Land erfahren, das f\u00fcr sie sehr lange, hinter dem eisernen Vorhang unbekannt und sagenumwoben versteckt war\u2026<\/p>\n<p><em>Maj\u0105c wi\u0119cej wiedzy, mo\u017cna si\u0119 lepiej zrozumie\u0107 &#8211; chcemy budowa\u0107 mosty.<\/em><\/p>\n<p>Mit mehr Wissen kann mehr Verst\u00e4ndnis f\u00fcr einander geschaffen werden- wir wollen Br\u00fcckenbauer sein.<\/p>\n<p>Ich freue mich \u00fcber Fragen und Anregungen.<\/p>\n<p><em>Prosze o kierowanie informacji, pyta\u0144 zwi\u0105zanych z Polsk\u0105, a tak\u017ce muzycznych \u017cycze\u0144. Serdecznie zapraszam na s\u0142uchanie i wsp\u00f3\u0142udzia\u0142 w audycjach!<\/em><\/p>\n<div><strong><strong>Audycje s\u0105 nadawane w ka\u017cdy 4. czwartek miesi\u0105ca o godzinie 9:05<\/strong><\/strong><\/div>\n<div><strong>Powt\u00f3rka: ka\u017cdy 3 .pi\u0105tek miesi\u0105ca o godzinie 19:00<\/strong><\/div>\n<p><strong>Sendezeit: Jeden 4. Donnerstag im Monat um 9:05 Uhr<\/strong><\/p>\n<p><strong><strong>Wiederholung der Sendung : jeden 3 Freitag im Monat um 19 :0Uhr<\/strong><\/strong><\/p>\n<p><strong><strong>Kontakt<\/strong>: <a href=\"mailto:radiopoloniasalzburg@googlemail.com\">radiopoloniasalzburg(at)googlemail(dot)com<\/a><\/strong><\/p>\n<p><strong> <\/strong><\/p>\n<div id=\"c530-default\">\n<hr \/>\n<\/div>\n<div id=\"c831-default\">\n<div>\n<h2>Neue Blogeintr\u00e4ge:<\/h2>\n<\/div>\n<div id=\"twrss_table\">\n<div>Radio Polonia Salzburg<\/div>\n<div>Just another Radiofabrik Blogs weblog<\/div>\n<div><a href=\"http:\/\/blog.radiofabrik.at\/radiopolonia\" target=\"_blank\">http:\/\/blog.radiofabrik.at\/radiopolonia<\/a><\/div>\n<\/div>\n<\/div>\n<\/div>\n<\/div>\n","protected":false},"excerpt":{"rendered":"<p>Radio Polonia Salzburg Dwuj\u0119zyczna audycja (po polsku i niemiecku),kt\u00f3r\u0105 prowadzi Ola Rempel ( by\u0142a wsp\u00f3\u0142prowadz\u0105ca audycji Radia Polonia Winnipeg, Kanada) .Zweisprachige Sendung ( Deutsch\/ Polnisch von\u00a0 Ola Rempel (ehemalige Mitarbeiterin des Radio Polonia Winnipeg, Kanada) Audycja przekazuje wiadomo\u015bci o Polsce. &hellip; <a href=\"https:\/\/blog.radiofabrik.at\/radiopolonia\/about\/\">Weiterlesen <span class=\"meta-nav\">&rarr;<\/span><\/a><\/p>\n","protected":false},"author":84,"featured_media":0,"parent":0,"menu_order":0,"comment_status":"open","ping_status":"open","template":"","meta":{"footnotes":""},"class_list":["post-2","page","type-page","status-publish","hentry"],"_links":{"self":[{"href":"https:\/\/blog.radiofabrik.at\/radiopolonia\/wp-json\/wp\/v2\/pages\/2","targetHints":{"allow":["GET"]}}],"collection":[{"href":"https:\/\/blog.radiofabrik.at\/radiopolonia\/wp-json\/wp\/v2\/pages"}],"about":[{"href":"https:\/\/blog.radiofabrik.at\/radiopolonia\/wp-json\/wp\/v2\/types\/page"}],"author":[{"embeddable":true,"href":"https:\/\/blog.radiofabrik.at\/radiopolonia\/wp-json\/wp\/v2\/users\/84"}],"replies":[{"embeddable":true,"href":"https:\/\/blog.radiofabrik.at\/radiopolonia\/wp-json\/wp\/v2\/comments?post=2"}],"version-history":[{"count":9,"href":"https:\/\/blog.radiofabrik.at\/radiopolonia\/wp-json\/wp\/v2\/pages\/2\/revisions"}],"predecessor-version":[{"id":35,"href":"https:\/\/blog.radiofabrik.at\/radiopolonia\/wp-json\/wp\/v2\/pages\/2\/revisions\/35"}],"wp:attachment":[{"href":"https:\/\/blog.radiofabrik.at\/radiopolonia\/wp-json\/wp\/v2\/media?parent=2"}],"curies":[{"name":"wp","href":"https:\/\/api.w.org\/{rel}","templated":true}]}}