{"id":2,"date":"2014-11-06T11:38:58","date_gmt":"2014-11-06T11:38:58","guid":{"rendered":"http:\/\/blog.radiofabrik.at\/radioreichenhall\/?page_id=2"},"modified":"2016-03-22T11:59:16","modified_gmt":"2016-03-22T11:59:16","slug":"about","status":"publish","type":"page","link":"https:\/\/blog.radiofabrik.at\/radioreichenhall\/about\/","title":{"rendered":"About"},"content":{"rendered":"<p><strong>Radio Reichenhall &#8211; Das 1. deutsche Au\u00dfenstudio der Radiofabrik<\/strong><\/p>\n<p>Seit M\u00e4rz 2015 hat die Radiofabrik einen zweiten Studiostandort in Bad Reichenhall.<\/p>\n<p>Unsere RadiomacherInnen aus dem Berchtesgadener Land m\u00fcssen nun nicht mehr den weiten Weg nach Salzburg kommen, um ihre Inhalte on Air zu bringen. Die Sendungen werden via Internet live aus Reichenhall ins <a href=\"http:\/\/www.radiofabrik.at\/programm0\/sendungenvona-z.html\">Programm der Radiofabrik<\/a> auf 107,5 MHz \u00fcbernommen.<\/p>\n<p><a href=\"https:\/\/blog.radiofabrik.at\/radioreichenhall\/files\/2014\/11\/Studio_Reichenhall_au\u00dfen_Banner.jpg\"><img loading=\"lazy\" decoding=\"async\" class=\"alignnone size-medium wp-image-89\" src=\"https:\/\/blog.radiofabrik.at\/radioreichenhall\/files\/2014\/11\/Studio_Reichenhall_au\u00dfen_Banner-300x200.jpg\" alt=\"Studio_Reichenhall_au\u00dfen_Banner\" width=\"300\" height=\"200\" srcset=\"https:\/\/blog.radiofabrik.at\/radioreichenhall\/files\/2014\/11\/Studio_Reichenhall_au\u00dfen_Banner-300x200.jpg 300w, https:\/\/blog.radiofabrik.at\/radioreichenhall\/files\/2014\/11\/Studio_Reichenhall_au\u00dfen_Banner-450x300.jpg 450w, https:\/\/blog.radiofabrik.at\/radioreichenhall\/files\/2014\/11\/Studio_Reichenhall_au\u00dfen_Banner.jpg 640w\" sizes=\"auto, (max-width: 300px) 100vw, 300px\" \/><\/a><\/p>\n<p>Das Radio-Reichenhall-Studio befindet sich im alten Bahnhofsgeb\u00e4ude Bad Reichenhall Kirchberg, das nun der <a href=\"http:\/\/www.perspektive-muenchen.de\/content\/zuverdienst-bgl\">Zuverdienst-Werkstatt BGL <\/a>geh\u00f6rt. Die Zuverdienstwerkstatt stellt den Raum zur Verf\u00fcgung und unterst\u00fctzt das Au\u00dfenstudio auf vielf\u00e4ltige Weise. Adresse: Anton-Winkler-Str. 26, 83435 Bad Reichenhall.<\/p>\n<p>Aufgebaut wurde das Studio mit Unterst\u00fctzung durch ein <a href=\"http:\/\/www.euregio-salzburg.eu\">EuRegio<\/a>-Projekt.<\/p>\n<p>Wir freuen uns auf viele neue RadiomacherInnen im Raum Reichenhall!<br \/>\n<a href=\"http:\/\/www.radiofabrik.at\/aboutus\/radiomachen.html\">Mitmachen kann jedeR, es sind keine Vorkenntnisse n\u00f6tig<\/a>. In einem <a href=\"http:\/\/www.radiofabrik.at\/workshops\/basisworkshop.html\">&#8222;Basisworkshop&#8220; <\/a>wird das n\u00f6tige Wissen und K\u00f6nnen vermittelt.<\/p>\n<p>Weitere Infos gibt es hier: <a href=\"http:\/\/www.radiofabrik.at\/aboutus\/radiomachen.html\">http:\/\/www.radiofabrik.at\/aboutus\/radiomachen.html<\/a><\/p>\n<p>&nbsp;<\/p>\n<p><a href=\"https:\/\/blog.radiofabrik.at\/radioreichenhall\/files\/2014\/11\/Studio_Reichenhall_innen.jpg\"><img loading=\"lazy\" decoding=\"async\" class=\"alignnone size-medium wp-image-90\" src=\"https:\/\/blog.radiofabrik.at\/radioreichenhall\/files\/2014\/11\/Studio_Reichenhall_innen-200x300.jpg\" alt=\"Studio_Reichenhall_innen\" width=\"200\" height=\"300\" srcset=\"https:\/\/blog.radiofabrik.at\/radioreichenhall\/files\/2014\/11\/Studio_Reichenhall_innen-200x300.jpg 200w, https:\/\/blog.radiofabrik.at\/radioreichenhall\/files\/2014\/11\/Studio_Reichenhall_innen.jpg 427w\" sizes=\"auto, (max-width: 200px) 100vw, 200px\" \/><\/a><\/p>\n<p class=\"western\" lang=\"de-DE\" align=\"justify\"><a href=\"https:\/\/blog.radiofabrik.at\/radioreichenhall\/files\/2014\/11\/Logo_INTERREG_Slogan_EU-EFRE.jpg\"><img loading=\"lazy\" decoding=\"async\" class=\"alignnone wp-image-12\" src=\"https:\/\/blog.radiofabrik.at\/radioreichenhall\/files\/2014\/11\/Logo_INTERREG_Slogan_EU-EFRE-300x163.jpg\" alt=\"Logo_INTERREG_Slogan_EU EFRE\" width=\"141\" height=\"77\" srcset=\"https:\/\/blog.radiofabrik.at\/radioreichenhall\/files\/2014\/11\/Logo_INTERREG_Slogan_EU-EFRE-300x163.jpg 300w, https:\/\/blog.radiofabrik.at\/radioreichenhall\/files\/2014\/11\/Logo_INTERREG_Slogan_EU-EFRE-1024x558.jpg 1024w, https:\/\/blog.radiofabrik.at\/radioreichenhall\/files\/2014\/11\/Logo_INTERREG_Slogan_EU-EFRE.jpg 1526w\" sizes=\"auto, (max-width: 141px) 100vw, 141px\" \/><\/a><a href=\"https:\/\/blog.radiofabrik.at\/radioreichenhall\/files\/2014\/11\/Logo_Euregio.jpg\"><img loading=\"lazy\" decoding=\"async\" class=\"alignnone wp-image-16\" src=\"https:\/\/blog.radiofabrik.at\/radioreichenhall\/files\/2014\/11\/Logo_Euregio-300x217.jpg\" alt=\"Logo_Euregio\" width=\"99\" height=\"72\" srcset=\"https:\/\/blog.radiofabrik.at\/radioreichenhall\/files\/2014\/11\/Logo_Euregio-300x217.jpg 300w, https:\/\/blog.radiofabrik.at\/radioreichenhall\/files\/2014\/11\/Logo_Euregio.jpg 510w\" sizes=\"auto, (max-width: 99px) 100vw, 99px\" \/><\/a><\/p>\n<p class=\"western\" lang=\"de-DE\" align=\"justify\"><span style=\"font-size: small\">Dieses Projekt wird aus Mitteln des Europ\u00e4ischen Fonds<br \/>\nf\u00fcr Regionale Entwicklung (EFRE) kofinanziert.<\/span><\/p>\n","protected":false},"excerpt":{"rendered":"<p>Radio Reichenhall &#8211; Das 1. deutsche Au\u00dfenstudio der Radiofabrik Seit M\u00e4rz 2015 hat die Radiofabrik einen zweiten Studiostandort in Bad Reichenhall. Unsere RadiomacherInnen aus dem Berchtesgadener Land m\u00fcssen nun nicht mehr den weiten Weg nach Salzburg kommen, um ihre Inhalte &hellip; <a href=\"https:\/\/blog.radiofabrik.at\/radioreichenhall\/about\/\">Weiterlesen <span class=\"meta-nav\">&rarr;<\/span><\/a><\/p>\n","protected":false},"author":49,"featured_media":0,"parent":0,"menu_order":0,"comment_status":"open","ping_status":"open","template":"","meta":{"footnotes":""},"class_list":["post-2","page","type-page","status-publish","hentry"],"_links":{"self":[{"href":"https:\/\/blog.radiofabrik.at\/radioreichenhall\/wp-json\/wp\/v2\/pages\/2","targetHints":{"allow":["GET"]}}],"collection":[{"href":"https:\/\/blog.radiofabrik.at\/radioreichenhall\/wp-json\/wp\/v2\/pages"}],"about":[{"href":"https:\/\/blog.radiofabrik.at\/radioreichenhall\/wp-json\/wp\/v2\/types\/page"}],"author":[{"embeddable":true,"href":"https:\/\/blog.radiofabrik.at\/radioreichenhall\/wp-json\/wp\/v2\/users\/49"}],"replies":[{"embeddable":true,"href":"https:\/\/blog.radiofabrik.at\/radioreichenhall\/wp-json\/wp\/v2\/comments?post=2"}],"version-history":[{"count":16,"href":"https:\/\/blog.radiofabrik.at\/radioreichenhall\/wp-json\/wp\/v2\/pages\/2\/revisions"}],"predecessor-version":[{"id":112,"href":"https:\/\/blog.radiofabrik.at\/radioreichenhall\/wp-json\/wp\/v2\/pages\/2\/revisions\/112"}],"wp:attachment":[{"href":"https:\/\/blog.radiofabrik.at\/radioreichenhall\/wp-json\/wp\/v2\/media?parent=2"}],"curies":[{"name":"wp","href":"https:\/\/api.w.org\/{rel}","templated":true}]}}