{"id":2,"date":"2011-10-21T09:02:50","date_gmt":"2011-10-21T09:02:50","guid":{"rendered":"http:\/\/blog.radiofabrik.at\/reflectingsound\/?page_id=2"},"modified":"2011-10-21T11:33:03","modified_gmt":"2011-10-21T11:33:03","slug":"sample-page","status":"publish","type":"page","link":"https:\/\/blog.radiofabrik.at\/reflectingsound\/sample-page\/","title":{"rendered":"H\u00f6rst du noch oder &#8230;."},"content":{"rendered":"<p>schl\u00e4fst du schon? muss man immer alles visualisieren oder kannst du das noch alleine? selbst? in deinem kopf? mit deinen gedanken? deiner kreativit\u00e4t? deiner fantasie? einfach so? ungebremst &#8230; unmotiviert &#8230; wie von allein?<\/p>\n<p>dann kannst du noch h\u00f6ren. das ist gut. das auge t\u00e4uscht sich leichter als das ohr. und das herz h\u00e4ngt mitten drin &#8230; zwischen sehen h\u00f6ren und f\u00fchlen &#8230; schmeckt dir das radio? \ud83d\ude42<\/p>\n","protected":false},"excerpt":{"rendered":"<p>schl\u00e4fst du schon? muss man immer alles visualisieren oder kannst du das noch alleine? selbst? in deinem kopf? mit deinen gedanken? deiner kreativit\u00e4t? deiner fantasie? einfach so? ungebremst &#8230; unmotiviert &#8230; wie von allein? dann kannst du noch h\u00f6ren. das &hellip; <a href=\"https:\/\/blog.radiofabrik.at\/reflectingsound\/sample-page\/\">Weiterlesen <span class=\"meta-nav\">&rarr;<\/span><\/a><\/p>\n","protected":false},"author":225,"featured_media":0,"parent":0,"menu_order":0,"comment_status":"open","ping_status":"open","template":"","meta":{"footnotes":""},"class_list":["post-2","page","type-page","status-publish","hentry"],"_links":{"self":[{"href":"https:\/\/blog.radiofabrik.at\/reflectingsound\/wp-json\/wp\/v2\/pages\/2","targetHints":{"allow":["GET"]}}],"collection":[{"href":"https:\/\/blog.radiofabrik.at\/reflectingsound\/wp-json\/wp\/v2\/pages"}],"about":[{"href":"https:\/\/blog.radiofabrik.at\/reflectingsound\/wp-json\/wp\/v2\/types\/page"}],"author":[{"embeddable":true,"href":"https:\/\/blog.radiofabrik.at\/reflectingsound\/wp-json\/wp\/v2\/users\/225"}],"replies":[{"embeddable":true,"href":"https:\/\/blog.radiofabrik.at\/reflectingsound\/wp-json\/wp\/v2\/comments?post=2"}],"version-history":[{"count":2,"href":"https:\/\/blog.radiofabrik.at\/reflectingsound\/wp-json\/wp\/v2\/pages\/2\/revisions"}],"predecessor-version":[{"id":26,"href":"https:\/\/blog.radiofabrik.at\/reflectingsound\/wp-json\/wp\/v2\/pages\/2\/revisions\/26"}],"wp:attachment":[{"href":"https:\/\/blog.radiofabrik.at\/reflectingsound\/wp-json\/wp\/v2\/media?parent=2"}],"curies":[{"name":"wp","href":"https:\/\/api.w.org\/{rel}","templated":true}]}}