{"id":16,"date":"2015-05-03T16:36:18","date_gmt":"2015-05-03T16:36:18","guid":{"rendered":"http:\/\/blog.radiofabrik.at\/schwyzergazette\/?page_id=16"},"modified":"2015-07-03T12:31:15","modified_gmt":"2015-07-03T12:31:15","slug":"12-punkte-fuer-ein-hallelujah-2","status":"publish","type":"page","link":"https:\/\/blog.radiofabrik.at\/schwyzergazette\/12-punkte-fuer-ein-hallelujah-2\/","title":{"rendered":"12 Punkte f\u00fcr ein Hallelujah"},"content":{"rendered":"<div class=\"csc-textpicHeader csc-textpicHeader-25\">\n<p><strong>Sendungsvorank\u00fcndigung 13.Juli 15\u00a0 \/ 2200h &#8211; 2359h<\/strong><\/p>\n<p>Heja Svenska!<\/p>\n<p>In der Juli-Augabe von 12 Punkte f\u00fcr ein Hallelujah matchen Bernd Klug und Calafati jeweils ihre Top 10 aus den schwedischen Teilnahmen beim ESC- und musikalische \u201eK\u00f6ttbullar\u201c des schwedischen Vorentscheids Melodienfestivalen.<br \/>\nAu\u00dferdem tun wir in dieser Sendung auch was f\u00fcr Freunde der Literatur:<br \/>\n&#8222;Ich, Conchita&#8220; hei\u00dft die passend zum Song Contest in Wien 2015<br \/>\nver\u00f6ffentlichte Biographie von Conchita Wurst. Calafati hat sie gelesen,<br \/>\nganz \u00fcberzeugen konnte sie ihn allerdings nicht. Daneben geht es auch um<br \/>\n&#8222;Friede, Freude, Quotenbringer&#8220; der beiden Autoren Mario Lackner und<br \/>\nOliver Rau. Das Buch hat gute Chancen, in den kommenden Jahren ein<br \/>\nStandardwerk f\u00fcr ESC-Fans zu werden. Wir erkl\u00e4ren warum.<a href=\"http:\/\/blog.radiofabrik.at\/schwyzergazette\/files\/2015\/05\/Schweden-ESC-2016.jpg\"><img loading=\"lazy\" decoding=\"async\" class=\"alignnone size-medium wp-image-111\" src=\"http:\/\/blog.radiofabrik.at\/schwyzergazette\/files\/2015\/05\/Schweden-ESC-2016-300x169.jpg\" alt=\"Schweden ESC 2016\" width=\"300\" height=\"169\" srcset=\"https:\/\/blog.radiofabrik.at\/schwyzergazette\/files\/2015\/05\/Schweden-ESC-2016-300x169.jpg 300w, https:\/\/blog.radiofabrik.at\/schwyzergazette\/files\/2015\/05\/Schweden-ESC-2016.jpg 480w\" sizes=\"auto, (max-width: 300px) 100vw, 300px\" \/><\/a><\/p>\n<p><strong>ESC \u2013 News Schweden &#8211; Eurovision Song Contest 2016:<\/strong><\/p>\n<p>Termine ESC 2016: 1. Semi Final 10. Mai16 \/2. Semi Final: 12.Mai16<\/p>\n<p>Grand Final 14. Mai16<\/p>\n<p>Am 01.Juni hat das schwedische Fernsehen SVT den Anforderungskatalog an die potenziellen Gastgeberst\u00e4dte vorgestellt \/ Bewerbungfrist bis 13.Juni und offizielle Ernennung im Sommer 15 sp\u00e4testens im August!<\/p>\n<p>T\u00fcrkei und Ukraine als Teilnehmerl\u00e4nder wieder dabei!<\/p>\n<p><strong>Wer ist Christer Bj\u00f6rkman?<\/strong><br \/>\nChrister Bj\u00f6rkman \u2013 Chef der schwedischen Eurovision Delegation, gewann 1992 das Melodienfestival und somit war er automatisch der Vertreter f\u00fcr Schweden 1992 in Malm\u00f6. Christer Bj\u00f6rkman z\u00e4hlt zu den Vertretern des Eurovision Song Contests die im eigenen Land auf den vorletzten Platz landeten. Von 23 Teilnehmern mit nur 9 Punkten bewertet auf Platz 22 im Endergebnis \u2013 wie heuer die \u00f6sterreichischen Makemakes, die hatten bekanntlich keinen Punkt .<\/p>\n<p>1993 startete er nochmals am Melodienfestival, Gewinner wurden aber Arvingarna mit Eloise, und wurden in Millstreet\/Irland prompt mit 89 Punkten bewertet und erreichten den 07. Platz unter 25 Teilnehmern. Christer Bj\u00f6rkman ist seit 2002 fix in der schwedischen Delegation und ein gew\u00e4hltes Mitglied in der Eurovision Reference Group. 2013 war Bj\u00f6rkman Produzent des Song Contests der abermals in Malm\u00f6, nach dem Sieg von Loreen 2012 in Baku, stattfand. Durch verwirrende und nicht gerade kompetente Aussagen im schwedischen Fernsehen bezugnehmend auf den Gastteilnehmer Australien beim diesj\u00e4hrigen ESC und das der NDR schon bestimmt sei, den ESC 2016 im Falle eines Sieges Australiens auszutragen, war in der Eurovision Reference Group der Ruf nach dem R\u00fccktritt Bj\u00f6rkman`s laut geworden. Doch so einfach ging es nun doch nicht\u2026Bj\u00f6rkman`s Zeit als gew\u00e4hltes Mietglied der Reference Group h\u00e4tte geendet, im Falle das Schweden mit Mans Zelmerl\u00f6w nicht gewonnen h\u00e4tte. Aber im gegebenen Falls hat sich die Amtszeit von Christer Bj\u00f6rkmann automatisch um ein Jahr verl\u00e4ngert.<\/p>\n<p>Christer Bj\u00f6rkman hat 2002 mit Richard Herrey, der mit seinen Br\u00fcdern, besser bekannt als Herreys, 1984 in Luxembourg f\u00fcr Schweden den Eurovision Song Contest gewann, den <strong>Marcel Bezencon Award<\/strong> ins Leben gerufen.<br \/>\nMarcel Bezencon war der eigentliche Erfinder des Eurovision Song Contest. Marcel Bezencon 1907 geboren und im Februar 1981 in Lausanne gestorben, war Journalist und langj\u00e4hriger Direktor der Europ\u00e4ischen Rundfunkunion (EBU). Bezencon war von 1939 bis 1950 Direktor bei Radio Suisse Romande und von 1950 bis 1972 Generaldirektor bei der schweizerischen Radio- und Fernsehgesellschaft und verantwortilch f\u00fcr die Einf\u00fchrung des Fernsehens in der Schweiz und Poinier in der von Sprache und Msuik kombinierten Radioprogramme. 2002 in Tallin wurde der Marcel Bezencon Award zum erstenmal verliehen. Der Preis ist in die drei Kategorien: bester Gesang \/ beste k\u00fcnstlerische Darstellung und beste Komposition\u2026gew\u00e4hlt werden die Gewinner des Marcel Bezencon Awards von akkreditierten Journalisten, den Kommentatoren und den teilnehmenden Komponisten\u2026. Dieses Jahr wurde der Preis kurz vor dem Finale am 23. Mai in Wien unter anderem f\u00fcr die beste Komposition an den norwegischen Teilnehmer Kjetil Morland f\u00fcr den Beitrag \u201eA Monster like me\u201c das Morland und Debrah Scarlett (Bussinger) im Finale den 8. Platz eingebracht hatte\u2026<\/p>\n<\/div>\n<div class=\"csc-textpicHeader csc-textpicHeader-25\"><strong>Nach dem deutschen Vorentscheid 2013 viel Kritik bez\u00fcglich Auswahl des Interpreten und Beitrags gegeben\u2026Die Veranstalter ver\u00e4nderten das Konzept. 7 Fixnominierte Interpreten\/Beitr\u00e4ge und 10 die sich \u00fcber das Clubkonzert in Hamburg eine sogenannte Wildcard ersingen konnten.<\/strong><\/div>\n<div class=\"csc-textpicHeader csc-textpicHeader-25\"><strong>FM Stroemer \u2013 Korrektur:\u00a0 Zwei Br\u00fcder: N\u00e4mlich Frank ( geb. 05.Juni 68) und Marcel Str\u00f6mer, aus Ulm (Baden W\u00fcrttemberg \u2013Schwaben)- DJ\/Produzenten- eigenes Label mit Lovebomb Tonstudio in Magdeburg. Zwei Musiker mit Leib &amp; Seele. Sehr erfolgreich auf Mixcloud mit ihren Durchmischung verschiedener Musikstyles im DJ-Set \u2013 also mal rein h\u00f6ren auf: <a href=\"https:\/\/www.mixcloud.com\/marcelstroemer\/fm-stroemer-above-the-clouds-essential-housemix-june-2015-wwwfmstroemerde\/\" target=\"_blank\">FM Stroemer<\/a> Marcel malt und schreibt Gedichte (\u00c4hnliche Konstellation in der Szene in Deutschland von DJ-Br\u00fcder gibt es z.Bp. Tiefschwarz \u2013 Alexander und Sebastian Schwarz aus Stuttgart oder Paul und Fritz Kalkbrenner aus Berlin\u2026)<\/strong><\/div>\n<div class=\"csc-textpicHeader csc-textpicHeader-25\"><strong>FM Stroemer (feat. Barbie Sue) sind ein Jahr nach Cascada dem Aufruf zum ersten Clubkonzert f\u00fcr den deutschen Vorentscheid 2014 \u201eUnser Song f\u00fcr D\u00e4nemark\u201c von Adel Tawil gefolgt. Insgesamt sind f\u00fcr das Clubkonzert in Hamburg 2240 Videos rsp. Bewerbungen eingegangen. Das Video von FM Stroemer feat. Barbie Sue und dem Lied <a href=\"https:\/\/www.youtube.com\/watch?v=IiDgEoDJMeU\" target=\"_blank\">&#8222;High High&#8220;<\/a> war eine Zeit lang, bevor eine unabh\u00e4ngige Fachjury 10 Acts f\u00fcr das Clubkonzert ausw\u00e4hlte, im Kreis der meist gesehenen Videos auf der offiziellen Eurovision Song Contest Website und in diesem Zusammenhang auch auf YouTube\u2026.FM Stroemer verzeichneten mehr Klicks als die Gewinner des Clubkonzerts Eliza vor ihrer Nominierung zum Auftritt im Clubkonzert. Und geplant war eine speziell entworfene Tanzshow.<\/strong><\/div>\n<div class=\"csc-textpicHeader csc-textpicHeader-25\"><\/div>\n<div class=\"csc-textpicHeader csc-textpicHeader-25\"><\/div>\n<div class=\"csc-textpicHeader csc-textpicHeader-25\"><\/div>\n<div class=\"csc-textpicHeader csc-textpicHeader-25\"><strong>Sendungsvorank\u00fcndigung \u201e12 Punkte f\u00fcr ein Hallelujah\u201c am 08.Juni 15 um 2200h bis 2359h @radiofabrik<\/strong>Seit einigen Jahren schon wird in Asien versucht das in Europa so<br \/>\nerfolgreiche (und langlebige) Konzept des Eurovision Song Contest zu etablieren. Bisher waren die Ergebnisse eher bescheiden, und auch bei der dritten Auflage des <strong>&#8222;ABU Radio Song Festival&#8220;<\/strong> kam es zu gewissen<br \/>\nSchwierigkeiten. Mehr dar\u00fcber in unserer Sendung, in der wir allerdings<br \/>\nauch Musik aus der Show vorstellen, in Sprachen, die ihr m\u00f6glicherweise<br \/>\nnoch nie geh\u00f6rt habt.<br \/>\nNach dem Sieg Schwedens und auf Hinblick das der ESC 2016 am 10.\/12.\/14.Mai 2016 in Schweden stattfindet, wird in unserer Sendung immer wieder ein Name genannt werden und uns begleiten: <strong>Christer Bj\u00f6rkman<\/strong>. Wer ist dieser Mann und was ist der <strong>Marcel Bezencon Award?<\/strong><\/p>\n<div id=\"attachment_82\" style=\"width: 310px\" class=\"wp-caption alignnone\"><a href=\"http:\/\/blog.radiofabrik.at\/schwyzergazette\/files\/2015\/05\/FM-Sr\u00f6mer-USFD.jpg\"><img loading=\"lazy\" decoding=\"async\" aria-describedby=\"caption-attachment-82\" class=\"size-medium wp-image-82\" src=\"http:\/\/blog.radiofabrik.at\/schwyzergazette\/files\/2015\/05\/FM-Sr\u00f6mer-USFD-300x225.jpg\" alt=\"Unser Song f\u00fcr D\u00e4nemark 2014\" width=\"300\" height=\"225\" srcset=\"https:\/\/blog.radiofabrik.at\/schwyzergazette\/files\/2015\/05\/FM-Sr\u00f6mer-USFD-300x225.jpg 300w, https:\/\/blog.radiofabrik.at\/schwyzergazette\/files\/2015\/05\/FM-Sr\u00f6mer-USFD.jpg 480w\" sizes=\"auto, (max-width: 300px) 100vw, 300px\" \/><\/a><p id=\"caption-attachment-82\" class=\"wp-caption-text\">Unser Song f\u00fcr D\u00e4nemark 2014<\/p><\/div>\n<p><strong>FM Stroemer <\/strong>(feat. Barbie Sue): bewarben sich 2014 f\u00fcr den deutschen nationalen Vorentscheid \u201eUnser Song f\u00fcr D\u00e4nemark\u201c. Wir h\u00f6ren und besprechen das Projekt der beiden Br\u00fcder Frank und Marcel Str\u00f6mer in unserer heutigen Sendung und kommentieren.<\/p>\n<h2 class=\"csc-firstHeader\"><\/h2>\n<h2 class=\"csc-firstHeader\">Der 60. Eurovision Song Contest 2015 in Wien &#8211; Zusammenfassung<\/h2>\n<\/div>\n<p>(dieser Zusammenfassung werden noch weitere Kommentare in den n\u00e4chsten Tagen\/Wochen hinzugef\u00fcgt)<\/p>\n<div class=\"csc-textpicHeader csc-textpicHeader-25\">\n<p>Verglichen mit anderen Jahrg\u00e4ngen in der Geschichte des ESC, war der diesj\u00e4hrige Eurovision Song Contest inhaltlich von den Teilnehmerl\u00e4ndern mit ihren Beitr\u00e4gen schwach besetzt.<\/p>\n<p>Mans Zelmerl\u00f6w wurde nach seinem Sieg der schwedischen Vorentscheidung &#8211; <span class=\"searchmatch\">Melodienfestivalen (Super Bowl aller Vorentscheidungen des ESC) &#8211; (zurecht) in die Favoritenrolle gedr\u00e4ngt. Mit seiner B\u00fchnenschow passend zum Lied &#8222;Heros&#8220; aus der Hitfabrik Schweden, gewann er mit 365 Punkten das Grande Finale in Wien. Australien &#8211; mit S\u00e4nger Guy Sebastian und dem Lied &#8222;Tonight again&#8220; &#8211; zum ersten Mal in der Geschichte des Eurovision Song Contest als Fixstarter im Finale gesetzt, wollte von Anfang an keinen Sieg, sondern einen guten f\u00fcnften Platz. Der wurde m\u00fchelos durch die Promotion erreicht.<\/span><\/p>\n<p><span class=\"searchmatch\">Als schwach bezeichne ich diesen Eurovision Song Contest-Jahrgang auch genau aus diesem Grund: Alle Teilenhmer haben nur nach einer guten Platzierung geschrien. Aber keiner der Teilnehmer hatte diese Jahr wirklich das Ziel zu gewinnen, wie z.B. 2010 Deutschlands Fr\u00e4ulein Wunder-Zeitgem\u00e4ss Lena Mayer-Landruth. Von Lenas erstem Erscheinen und Auftritt an &#8211; dem Vorentscheid Deutschlands USFO &#8211; war zu sp\u00fcren, wie hoch motiviert und voller Energie Lena das Ziel vor Augen hatte, die B\u00fchne in Oslo noch ein zweitesmal zu betreten, n\u00e4hmlich um ihren Titel &#8222;Satellite&#8220; als Siegerin f\u00fcr Deutschland zu singen und die Troph\u00e4e entgegen nehmen zu k\u00f6nnen. Es w\u00fcrde ein bisschen den Rahmen sprengen, noch mehr siegeshungrige Beispiele wie Lena aus den vergangenen Jahre auf zu z\u00e4hlen. Ann Sophie, die diesj\u00e4hrige Teilnehmerin f\u00fcr Deutschland mit &#8222;Black Smoke&#8220;, wollte zuerst nur zum Clubkonzert nach Hamburg und dann nach Hannover &#8230;aber eigentlich nicht weiter&#8230; und Gl\u00fcck oder Ungl\u00fcck: Andreas K\u00fcmmert, der gew\u00e4hlte Sieger im Vorentscheid Deutschlands, gab seinen Platz vor einem Millionen-Fernsehpublikum an Ann Sophie ab. Die Performance von Ann Sophie mit &#8222;Jump the Gun&#8220; beim Clubkonzert am 19. Februar 2015 habe ich auf Twitter zeitgleich mit folgenden Worten kommentiert: &#8222;The Lady in red is favorite&#8220;.\u00a0 Ihre beiden Auftritte in Hannover waren sehr gut. Aber Ann Sophie hat(te) leider nicht den Ehrgeiz, das gr\u00f6sste Musik-Event der Welt 2015 f\u00fcr Deutschland zu gewinnen. \u00a0 <\/span><\/p>\n<h2 class=\"csc-firstHeader\">12 Punkte f\u00fcr ein Hallelujah: Vienna Calling<\/h2>\n<div class=\"news-single-img\"><a href=\"http:\/\/www.radiofabrik.at\/uploads\/pics\/vienna_calling.jpg\" rel=\"lightbox[lb2634]\"><img loading=\"lazy\" decoding=\"async\" src=\"http:\/\/www.radiofabrik.at\/typo3temp\/pics\/vienna_calling_e26695def6.jpg\" alt=\"\" width=\"240\" height=\"176\" border=\"0\" \/><\/a><\/div>\n<div class=\"csc-textpicHeader csc-textpicHeader-25\">\n<h2 class=\"csc-firstHeader\">12 Punkte f\u00fcr ein Hallelujah:<\/h2>\n<\/div>\n<\/div>\n<p><b>Sonntag, 24. Mai 2015 ab 22:00 Uhr:<\/b>\u00a0Bernd Klug und Calafati fassen in der Sondersendung von <a class=\"internal-link\" title=\"Opens internal link in current window\" href=\"http:\/\/www.radiofabrik.at\/programm0\/sendungenvona-z\/12-punkte-fuer-ein-hallelujah.html\">12 Punkte f\u00fcr ein Hallelujah<\/a> am <b>24. Mai 2015<\/b>, dem grossen Tag danach, die H\u00f6hepunkte der ESC Woche, die beiden Semi-Finale und das Grande Finale der ESC Woche zusammen. Was waren die Highlights, sch\u00f6nsten Momente und was die Flops und Entt\u00e4uschungen. Konnte der diesj\u00e4hrige ESC ebenso bewegen wie nach dem Sieg von Concita in Kopenhagen 2014? Analysiert wird die Punktevergabe und das Siegerlied des Eurovision Song Contest 2015 in Wien.<\/p>\n<p><b>Und bekanntlich ist ja:<\/b> Nach dem Eurovision Song Contest &#8211; ist\u00a0vor dem Eurovision Song Contest.<\/p>\n<p>Juhui! Ich konnte den Calafati alias Quotentoeter, Erfinder und Macher der Sendung 12 Punkte f\u00fcr ein Hallelujah aus seinem Serail entf\u00fchren und \u00fcberzeugen, dass wir in Zukunft die Sendung gemeinsam Co-Hosten \ud83d\ude06<\/p>\n<p>Aus gegebenem Anlass hier die neue Sendungsbeschreibung und die Sendungsvorank\u00fcndigung f\u00fcr den 11. Mai 15 von 22:00h bis 24:00h auf der Radiofabrik!<\/p>\n<p>Sendungsvorank\u00fcndigung 12 Punkte f\u00fcr ein Hallelujah 11.Mai 15<\/p>\n<p>Der Eurovision Song Contest ist in Wien eingetroffen! In der ersten Mai- Ausgabe von 12 Punkte f\u00fcr Halleljuah gibt es zu Beginn der Sendung einen Nachruf auf den Teilnehmer von Grossbritannien aus dem Jahr 1963, Ronnie Caroll, von Calafati. Der Countdown zu den beiden Semi-Finale am 19. und 21.Mai 15 und zum Grand-Final am 23.Mai 15 in der Wiener Stadthalle l\u00e4uft: Calafati und Bernd Klug rekapitulieren die 40. Songs und ihre Interpreten aus den 40. teilnehmenden L\u00e4ndern am 60. ESC und machen dabei den Songcheck mit ihrer pers\u00f6nlichen Wertung.<\/p>\n<p>Neue Sendungsbeschreibung:<\/p>\n<p>2. Montag im Monat 22 &#8211; 24 Uhr<br \/>\nStart am 9. M\u00e4rz<\/p>\n<p>12 Punkte f\u00fcr ein Hallelujah<br \/>\nDer ESC auf UKW<\/p>\n<p>Die Radiosendung \u00fcber den Eurovision Song Contest auf der Radiofabrik kommt im neuen Format zur\u00fcck. 2015 bietet gleich zwei gro\u00dfartige Anl\u00e4sse, die Sendung von Calafati (Link auf ehemalige Sendungen) wieder aufleben zu lassen: der Eurovision Song Contest feiert sein 60j\u00e4hriges Bestehen UND er findet durch den Sieg von Conchita Wurst 2014 in Wien statt. Nach der Repremiere am 09.M\u00e4rz 15 entschlossen sich der Sendungsmacher und Erfinder von 12 Punkte f\u00fcr ein Hallelujah, Calafati und Bernd Klug, der den &#8222;Concour de la Chanson Eurovision&#8220;, wie er urspr\u00fcnglich geheissen hat und intensiv seit 1976 verfolgt, gemeinsam als Co-Hosts zu moderieren .<br \/>\nMillionen Fans und andere Menschen von Island bis Australien verfolgen den Event mit Begeisterung und\/oder erhitzten Gem\u00fctern. Keine Musikveranstaltung ist so kontrovers und umstritten auf der ganzen Welt.<br \/>\nIn der Sendung wird auf die Geschichte des ESC geblickt und auf alles, was sich rund um den Event abspielt.<br \/>\nNat\u00fcrlich steht die Musik aus den Teilnehmerl\u00e4ndern im Mittelpunkt. Was wurde aus den K\u00fcnstlerInnen, die oft nur dieses eine Mal vor einem Millionenpublikum spielten? Was geschieht vor, w\u00e4hrend und nach der Song Contest Saison? Freut euch auf viele interessante Berichte, Informationen und Anekdoten zum ESC.<br \/>\nDer Eurovision Song Contest wird von der European Broadcasting Union (EBU) mit Hauptsitz in Genf\/Schweiz inszeniert und der erste Concour de la Chanson Eurovision wurde 1956 im schweizerischen Lugano ausgetragen. Et voil\u00e1: der erste Song Contest wurde auch gleich von der Schweiz gewonnen.<br \/>\nEs ist also nur logisch und folgerichtig, dass &#8222;12 Punkte f\u00fcr ein Hallelujah&#8220; Calafati gemeinsam mit einem Schweizer auf schweizerdeutsch moderiert wird.<br \/>\nAber keine Angst: Bernd Klug ist auch f\u00fcr NichtschweizerInnen verst\u00e4ndlich. \ud83d\ude44<\/p>\n<p><a href=\"http:\/\/blog.radiofabrik.at\/schwyzergazette\/files\/2015\/05\/Eurovision-Arrive-at-Vienna-2015.jpg\">.<img loading=\"lazy\" decoding=\"async\" class=\"alignnone size-full wp-image-56\" src=\"http:\/\/blog.radiofabrik.at\/schwyzergazette\/files\/2015\/05\/Eurovision-Arrive-at-Vienna-2015.jpg\" alt=\"Eurovision Arrive at Vienna 2015\" width=\"256\" height=\"144\" \/><\/a><\/p>\n<p><a href=\"http:\/\/blog.radiofabrik.at\/schwyzergazette\/files\/2015\/05\/Eurovision-Arrive-at-Vienna-2015.jpg\">Hier geht es zur Sendungsbeschreibung der Sendung <\/a><a href=\"http:\/\/www.radiofabrik.at\/programm0\/sendungenvona-z\/12-punkte-fuer-ein-hallelujah.html\">&#8222;12 Punkte f\u00fcr ein Hallelujah&#8220; <\/a><a href=\"http:\/\/blog.radiofabrik.at\/schwyzergazette\/files\/2015\/05\/Eurovision-Arrive-at-Vienna-2015.jpg\">mit Calafati und mir. Seit 09.M\u00e4rz 2015 wird die Sendung rund um und \u00fcber den Eurovision Song Contest jeden 2.Montag im Monat ganzj\u00e4hrig als fixer Programmbestandsteil auf der Radiofabrik gesendt<\/a><\/p>\n","protected":false},"excerpt":{"rendered":"<p>Sendungsvorank\u00fcndigung 13.Juli 15\u00a0 \/ 2200h &#8211; 2359h Heja Svenska! In der Juli-Augabe von 12 Punkte f\u00fcr ein Hallelujah matchen Bernd Klug und Calafati jeweils ihre Top 10 aus den schwedischen Teilnahmen beim ESC- und musikalische \u201eK\u00f6ttbullar\u201c des schwedischen Vorentscheids Melodienfestivalen. &hellip; <a href=\"https:\/\/blog.radiofabrik.at\/schwyzergazette\/12-punkte-fuer-ein-hallelujah-2\/\">Weiterlesen <span class=\"meta-nav\">&rarr;<\/span><\/a><\/p>\n","protected":false},"author":700,"featured_media":0,"parent":0,"menu_order":0,"comment_status":"open","ping_status":"open","template":"","meta":{"footnotes":""},"class_list":["post-16","page","type-page","status-publish","hentry"],"_links":{"self":[{"href":"https:\/\/blog.radiofabrik.at\/schwyzergazette\/wp-json\/wp\/v2\/pages\/16","targetHints":{"allow":["GET"]}}],"collection":[{"href":"https:\/\/blog.radiofabrik.at\/schwyzergazette\/wp-json\/wp\/v2\/pages"}],"about":[{"href":"https:\/\/blog.radiofabrik.at\/schwyzergazette\/wp-json\/wp\/v2\/types\/page"}],"author":[{"embeddable":true,"href":"https:\/\/blog.radiofabrik.at\/schwyzergazette\/wp-json\/wp\/v2\/users\/700"}],"replies":[{"embeddable":true,"href":"https:\/\/blog.radiofabrik.at\/schwyzergazette\/wp-json\/wp\/v2\/comments?post=16"}],"version-history":[{"count":18,"href":"https:\/\/blog.radiofabrik.at\/schwyzergazette\/wp-json\/wp\/v2\/pages\/16\/revisions"}],"predecessor-version":[{"id":112,"href":"https:\/\/blog.radiofabrik.at\/schwyzergazette\/wp-json\/wp\/v2\/pages\/16\/revisions\/112"}],"wp:attachment":[{"href":"https:\/\/blog.radiofabrik.at\/schwyzergazette\/wp-json\/wp\/v2\/media?parent=16"}],"curies":[{"name":"wp","href":"https:\/\/api.w.org\/{rel}","templated":true}]}}