{"id":11,"date":"2014-04-15T09:51:42","date_gmt":"2014-04-15T09:51:42","guid":{"rendered":"http:\/\/blog.radiofabrik.at\/studiolaura\/?page_id=11"},"modified":"2017-04-28T13:21:34","modified_gmt":"2017-04-28T11:21:34","slug":"hallo-leute","status":"publish","type":"page","link":"https:\/\/blog.radiofabrik.at\/studiolaura\/hallo-leute\/","title":{"rendered":"Das bin ich :)"},"content":{"rendered":"<p><a href=\"https:\/\/blog.radiofabrik.at\/studiolaura\/files\/2014\/04\/1978738_722556727766212_5019472904567165870_n.jpg\"><img loading=\"lazy\" decoding=\"async\" class=\" wp-image-12 alignleft\" style=\"margin: 10px 40px 0px 0px;\" src=\"https:\/\/blog.radiofabrik.at\/studiolaura\/files\/2014\/04\/1978738_722556727766212_5019472904567165870_n-225x300.jpg\" alt=\"1978738_722556727766212_5019472904567165870_n\" width=\"225\" height=\"300\" srcset=\"https:\/\/blog.radiofabrik.at\/studiolaura\/files\/2014\/04\/1978738_722556727766212_5019472904567165870_n-225x300.jpg 225w, https:\/\/blog.radiofabrik.at\/studiolaura\/files\/2014\/04\/1978738_722556727766212_5019472904567165870_n.jpg 575w\" sizes=\"auto, (max-width: 225px) 100vw, 225px\" \/><\/a>Seit 3. M\u00e4rz 2014 bin ich der neue <a title=\"Opens internal link in current window\" href=\"http:\/\/www.radiofabrik.at\/aboutus\/lehrlingsausbildung.html\">Lehrling f\u00fcr Medientechnik<\/a> in der Radiofabrik und werde <a title=\"Opens internal link in current window\" href=\"http:\/\/www.radiofabrik.at\/aboutus\/team.html\">das Team<\/a> die n\u00e4chsten 3,5 Jahre begleiten.<\/p>\n<p>Ich bin 22 Jahre alt und komme aus Mondsee. Die letzten 4 Jahre war ich Sch\u00fclerin der <a title=\"Opens external link in new window\" href=\"http:\/\/www.htl-salzburg.ac.at\" target=\"_blank\" rel=\"noopener noreferrer\">HTBLuVA<\/a> in Salzburg f\u00fcr Medien Design.<\/p>\n<div>\n<p>Durch langes St\u00f6bern im Internet bin ich letzten Endes auf die Ausschreibung der Radiofabrik f\u00fcr die <a title=\"Opens internal link in current window\" href=\"http:\/\/www.radiofabrik.at\/aboutus\/lehrlingsausbildung.html\">Lehrlingsstelle<\/a> gesto\u00dfen. Mit viel Ehrgeiz und Begeisterung habe ich den Job ergattert, und f\u00fcr die n\u00e4chsten paar Jahre werde ich alles geben um viel zu lernen und um mir und meinem Team Freude zu bereiten.<\/p>\n<\/div>\n<div>\n<p>Privat interessiere ich mich sehr f\u00fcr Musik und k\u00fcnstlerische Aktivit\u00e4ten wie Zeichnen oder Fotografieren. Auch Reisen ist eine Leidenschaft, die ich mit Freunden oder der Familie teile und hoffentlich in meinem Beruf einbringen kann.<\/p>\n<p>In meinem Blog werde ich euch dar\u00fcber informieren was es neues und interessantes aus der Lehre gibt. Neue Projekte,\u00a0Arbeitsvortschritte oder Tutorials werden euch in den n\u00e4chsten Jahren begleiten.<\/p>\n<p>Viel Spa\u00df and &#8230;<\/p>\n<\/div>\n<div>\n<p><b>&#8230; MAKE THINGS HAPPEN =)<\/b><\/p>\n<\/div>\n","protected":false},"excerpt":{"rendered":"<p>Seit 3. M\u00e4rz 2014 bin ich der neue Lehrling f\u00fcr Medientechnik in der Radiofabrik und werde das Team die n\u00e4chsten 3,5 Jahre begleiten. Ich bin 22 Jahre alt und komme aus Mondsee. Die letzten 4 Jahre war ich Sch\u00fclerin der HTBLuVA in Salzburg f\u00fcr Medien Design. Durch langes St\u00f6bern im Internet bin ich letzten Endes [&hellip;]<\/p>\n","protected":false},"author":675,"featured_media":0,"parent":0,"menu_order":0,"comment_status":"open","ping_status":"open","template":"","meta":{"jetpack_post_was_ever_published":false,"footnotes":"","_links_to":"","_links_to_target":""},"class_list":["post-11","page","type-page","status-publish","hentry"],"jetpack_sharing_enabled":true,"jetpack_shortlink":"https:\/\/wp.me\/P4UvE1-b","_links":{"self":[{"href":"https:\/\/blog.radiofabrik.at\/studiolaura\/wp-json\/wp\/v2\/pages\/11","targetHints":{"allow":["GET"]}}],"collection":[{"href":"https:\/\/blog.radiofabrik.at\/studiolaura\/wp-json\/wp\/v2\/pages"}],"about":[{"href":"https:\/\/blog.radiofabrik.at\/studiolaura\/wp-json\/wp\/v2\/types\/page"}],"author":[{"embeddable":true,"href":"https:\/\/blog.radiofabrik.at\/studiolaura\/wp-json\/wp\/v2\/users\/675"}],"replies":[{"embeddable":true,"href":"https:\/\/blog.radiofabrik.at\/studiolaura\/wp-json\/wp\/v2\/comments?post=11"}],"version-history":[{"count":13,"href":"https:\/\/blog.radiofabrik.at\/studiolaura\/wp-json\/wp\/v2\/pages\/11\/revisions"}],"predecessor-version":[{"id":135,"href":"https:\/\/blog.radiofabrik.at\/studiolaura\/wp-json\/wp\/v2\/pages\/11\/revisions\/135"}],"wp:attachment":[{"href":"https:\/\/blog.radiofabrik.at\/studiolaura\/wp-json\/wp\/v2\/media?parent=11"}],"curies":[{"name":"wp","href":"https:\/\/api.w.org\/{rel}","templated":true}]}}