{"id":2,"date":"2012-12-11T10:55:17","date_gmt":"2012-12-11T10:55:17","guid":{"rendered":"http:\/\/blog.radiofabrik.at\/szenenwechsel\/?page_id=2"},"modified":"2018-07-29T16:22:13","modified_gmt":"2018-07-29T16:22:13","slug":"about-szenenwechsel","status":"publish","type":"page","link":"https:\/\/blog.radiofabrik.at\/szenenwechsel\/about-szenenwechsel\/","title":{"rendered":"About Szenenwechsel"},"content":{"rendered":"<p>Szenenwechsel ist eine Musiksendung in Zusammenarbeit der Freien Radios in \u00d6sterreich. Einmal im Monat wird das lokale Musikgeschehen aus einer \u00f6sterreichischen Stadt pr\u00e4sentiert.<br \/>\nMit Interviews, Live-Berichten, Albumpr\u00e4sentationen, Studiodiskussionen etc. gibt es exklusive Einblicke in die heimischen Musikszenen.<\/p>\n<p>Derzeit beteiligte Radiostationen:<br \/>\n<a title=\"Radiofabrik\" href=\"http:\/\/radiofabrik.at\/\" target=\"_blank\" rel=\"noopener\">Radiofabrik<\/a> (Salzburg)<br \/>\n<a title=\"Radio FRO\" href=\"http:\/\/www.fro.at\" target=\"_blank\" rel=\"noopener\">Radio FRO<\/a> (Linz)<br \/>\n<a title=\"Radio Helsinki\" href=\"http:\/\/helsinki.at\/\" target=\"_blank\" rel=\"noopener\">Radio Helsinki<\/a> (Graz)<\/p>\n<p>Alle Sendungen sind nachzuh\u00f6ren auf <a title=\"CBA\" href=\"http:\/\/cba.fro.at\/series\/1510\" target=\"_blank\" rel=\"noopener\">http:\/\/cba.fro.at\/series\/1510<\/a><\/p>\n","protected":false},"excerpt":{"rendered":"<p>Szenenwechsel ist eine Musiksendung in Zusammenarbeit der Freien Radios in \u00d6sterreich. Einmal im Monat wird das lokale Musikgeschehen aus einer \u00f6sterreichischen Stadt pr\u00e4sentiert. Mit Interviews, Live-Berichten, Albumpr\u00e4sentationen, Studiodiskussionen etc. gibt es exklusive Einblicke in die heimischen Musikszenen. Derzeit beteiligte Radiostationen: &hellip; <a href=\"https:\/\/blog.radiofabrik.at\/szenenwechsel\/about-szenenwechsel\/\">Weiterlesen <span class=\"meta-nav\">&rarr;<\/span><\/a><\/p>\n","protected":false},"author":349,"featured_media":0,"parent":0,"menu_order":0,"comment_status":"open","ping_status":"open","template":"","meta":{"footnotes":""},"class_list":["post-2","page","type-page","status-publish","hentry"],"_links":{"self":[{"href":"https:\/\/blog.radiofabrik.at\/szenenwechsel\/wp-json\/wp\/v2\/pages\/2","targetHints":{"allow":["GET"]}}],"collection":[{"href":"https:\/\/blog.radiofabrik.at\/szenenwechsel\/wp-json\/wp\/v2\/pages"}],"about":[{"href":"https:\/\/blog.radiofabrik.at\/szenenwechsel\/wp-json\/wp\/v2\/types\/page"}],"author":[{"embeddable":true,"href":"https:\/\/blog.radiofabrik.at\/szenenwechsel\/wp-json\/wp\/v2\/users\/349"}],"replies":[{"embeddable":true,"href":"https:\/\/blog.radiofabrik.at\/szenenwechsel\/wp-json\/wp\/v2\/comments?post=2"}],"version-history":[{"count":8,"href":"https:\/\/blog.radiofabrik.at\/szenenwechsel\/wp-json\/wp\/v2\/pages\/2\/revisions"}],"predecessor-version":[{"id":366,"href":"https:\/\/blog.radiofabrik.at\/szenenwechsel\/wp-json\/wp\/v2\/pages\/2\/revisions\/366"}],"wp:attachment":[{"href":"https:\/\/blog.radiofabrik.at\/szenenwechsel\/wp-json\/wp\/v2\/media?parent=2"}],"curies":[{"name":"wp","href":"https:\/\/api.w.org\/{rel}","templated":true}]}}