{"id":15,"date":"2006-11-02T13:43:30","date_gmt":"2006-11-02T11:43:30","guid":{"rendered":"http:\/\/talkaboutit.eu\/?page_id=15"},"modified":"2006-11-02T13:43:30","modified_gmt":"2006-11-02T11:43:30","slug":"sendungen","status":"publish","type":"page","link":"https:\/\/blog.radiofabrik.at\/talkaboutit\/sendungen\/","title":{"rendered":"Sendungen &#8211; Download"},"content":{"rendered":"<p><a href=\"http:\/\/talkaboutit.eu\/?p=23\"><strong>Teil 1: Interview mit den Mitarbeiterinnen von Wildwasser Halle (D)<\/strong><\/a><br \/>\nEinf\u00fchrung in das Thema und Einblick in die Arbeit von Wildwasser e.V., einer Beratungsstelle f\u00fcr Frauen und M\u00e4dchen mit sexuellen Missbrauchserfahrungen.<\/p>\n<p><a href=\"http:\/\/talkaboutit.eu\/?p=20\"><strong>Teil 2: Vom \u00dcberleben zum Leben &#8211; Wege aus dem Trauma der sexuellen Gewalterfahrungen.<\/strong><\/a><br \/>\nAus Gespr\u00e4chen mit drei Frauen, die es geschafft haben und damit anderen Betroffenen Mut machen wollen.<\/p>\n<p><strong><a href=\"http:\/\/talkaboutit.eu\/?p=31\">Teil 3: Traumatisierung durch sexualisierte Gewalt<\/a><\/strong><br \/>\nIn dieser Folge ist Sabine Ahrens-Eipper zu Gast. Sie ist Psychologische Psychotherapeutin und spricht \u00fcber Traumatisierungen durch sexuelle Gewalt.<\/p>\n<p><strong><a href=\"http:\/\/talkaboutit.eu\/?p=32\">Teil 4: Selbsthilfegruppen als Weg aus der Isolation<\/a><\/strong><br \/>\nIn aller \u00d6ffentlichkeit \u00fcber sexuellen Missbrauch oder sexualisierte Gewalt zu sprechen f\u00e4llt nicht leicht. Ein Ort, um \u00fcber diese Erfahrungen zu sprechen, Menschen zu treffen, die \u00c4hnliches erlebt haben oder auch Hilfe zu bekommen, sind Selbsthilfegruppen. In der dieser Folge berichten Teresa Lugstein und Gisela Friedel von der Selbsthilfegruppe \u201c\u00dcberlebt\u201d in Salzburg.<\/p>\n<p style=\"margin-bottom: 0cm\"><strong><a href=\"http:\/\/talkaboutit.eu\/?p=37\">Teil 5: Da h\u00f6rt sich der Spa\u00df auf. Sexualdelikte unter Einfluss von Alkohol bei Opfern und\/oder T\u00e4tern<\/a><\/strong><br \/>\nIn den letzten Jahren ist eine starke Zunahme von Sexualdelikten an jungen M\u00e4dchen zu verzeichnen, die entweder bewusst betrunken gemacht wurden oder aufgrund mangelnder Erfahrung mit alkoholischen Getr\u00e4nken zu keiner Gegenwehr mehr f\u00e4hig waren. Gelegentlich mischen T\u00e4ter sogar heimlich Bet\u00e4ubungsmittel in die Getr\u00e4nke der M\u00e4dchen.<\/p>\n<p style=\"margin-bottom: 0cm\">Zahlreiche Projekte versuchen, generell f\u00fcr diese Problematik zu sensibilisieren und jungen Frauen die Risiken des Alkohlkonsums bewusst zu machen. Zwei von diesen Projekten werden in der folgenden Sendung vorgestellt: Erstens die Initiative \u201eSo nicht mit mir\u201c in Salzburg und zweitens die Aktion \u201eSichere Wiesn\u201c in M\u00fcnchen.<\/p>\n<p style=\"margin-bottom: 0cm\">\n<p style=\"margin-bottom: 0cm\"><strong><a href=\"http:\/\/talkaboutit.eu\/?p=39\">Teil 6: Jungs\/M\u00e4nner als Betroffene<\/a><\/strong><br \/>\nSexueller Missbrauch an Kindern und Jugendlichen wird in der \u00d6ffentlichkeit kaum wahrgenommen. Noch weniger wird wahrgenommen, dass auch Jungs oder junge M\u00e4nner davon betroffen sein k\u00f6nnen. Dieser Zustand \u00e4u\u00dfert sich vor allem auch darin, dass es nur sehr wenige Beratungsstellen gibt, die sich explizit um missbrauchte Jungs<br \/>\nk\u00fcmmern. In gro\u00dfen Ballungsgebieten, wie zum Beispiel in M\u00fcnchen, Berlin, Hannover, K\u00f6ln oder Wien gibt es solche Stellen. In dieser Sendungsfolge hat sich Andrea Seifert mit Thomas Schlingmann von der Beratungsstelle \u201cTauwetter\u201d in Berlin getroffen. Tauwetter ist eine Anlaufstelle f\u00fcr M\u00e4nner, die als Junge sexuell missbraucht wurden (<a href=\"http:\/\/www.tauwetter.de\/\">www.tauwetter.de<\/a>)<\/p>\n<p style=\"margin-bottom: 0cm\">\n<p style=\"margin-bottom: 0cm\">\n<p><strong><a href=\"http:\/\/talkaboutit.eu\/?p=42\">Teil 7: Verdacht auf sexuellen Missbrauch &#8211; was tun?<\/a><\/strong><br \/>\nWenn Sie als Verwandte(r), LehrerIn, Kinderg\u00e4rtnerIn \u2026 den Verdacht haben, dass ein Kind sexuell missbraucht wird, so wird das bei Ihnen den Wunsch ausl\u00f6sen, m\u00f6glichst schnell zu helfen. Was soll ich tun? Soll ich die Polizei einschalten? Soll ich den T\u00e4ter zur Rede stellen? Soll ich die Familie informieren? Das sind Fragen, die sehr oft auftauchen. Das Gef\u00fchl, rasch handeln zu m\u00fcssen, ist verst\u00e4ndlich &#8211; durch \u00fcberst\u00fcrztes Handeln jedoch werden die Chancen einer Aufdeckung bzw. einer nachhaltigen und nicht sekund\u00e4r sch\u00e4digenden Beendigung des Missbrauchs erheblich verringert.<\/p>\n<p>Ein Interview mit Angelika Trabe vom Verein Selbstlaut in Wien erkl\u00e4rt die schwierige Situation und gibt Handlungsempfehlungen.<\/p>\n<p><strong><a href=\"http:\/\/talkaboutit.eu\/?p=44\">Teil 8: Wer sind die T\u00e4ter?<\/a><\/strong><br \/>\nIn dieser Sendung wir die Seite der T\u00e4ter n\u00e4her betrachtet.<br \/>\nDabei liegt der Fokus speziell auf jugendlichen Sexualstraft\u00e4tern.<br \/>\nWer sind die T\u00e4ter, was bewegt sie und welche Pr\u00e4ventionsarbeit ist m\u00f6glich und n\u00f6tig?<br \/>\nAls Gespr\u00e4chspartner steht der P\u00e4dagoge Klaus-Peter David von der Kieler Beratungsstelle im Packhaus<br \/>\nzur Seite. Die Beratungsstelle im Packhaus besteht seit 1995 und wurde auf Betreiben von Richtern und Juristen ins Leben gerufen, da diese der Meinung waren, Sexualstraft\u00e4ter m\u00fcssen behandelt werden, um<br \/>\nm\u00f6gliche R\u00fcckfalle zu verhindern. Gef\u00f6rdert wird die Einrichtung durch das Ministerium f\u00fcr Justiz, Arbeit und Europa in Schleswig-Holstein.<br \/>\nBundesweit gibt es keine einheitliche Regelung, wie mit Sexualstraft\u00e4tern umgegangen wird. Das hei\u00dft auch, es gibt nicht immer und \u00fcberall darauf spezialisierte therapeutische Einrichtungen.<br \/>\nKlaus-Peter David arbeitet in der Kieler Beratungsstelle nun schon seit 12 Jahren als Therapeut mit Sexualstraft\u00e4tern.<\/p>\n<p><strong><a href=\"http:\/\/talkaboutit.eu\/?p=46\">Teil 9: Pr\u00e4vention in Kinderg\u00e4rten und Schulen<\/a><\/strong><br \/>\nIn der dieser Folge von \u201cTalk About It!\u201d berichten wir \u00fcber<br \/>\nPr\u00e4ventionsarbeit in Kinderg\u00e4rten und Schulen. Kinder und Jugendliche<br \/>\nstark zu machen, damit sie selbstbewusst mit schwierigen Situationen<br \/>\numgehen k\u00f6nnen, ist ein Ziel der Pr\u00e4ventionsarbeit. Ebenso brauchen<br \/>\naber auch Eltern und P\u00e4dagogInnen Hilfestellung, wie sie mit dem Thema<br \/>\nsexualisierte Gewalt an Kindern und Jugendlichen umgehen k\u00f6nnen.<br \/>\nMartina Schr\u00f6der vom Verein Kronos e.V. berichtet \u00fcber ihre Arbeit und<br \/>\nErfahrungen. Sie arbeitet als P\u00e4dagogin f\u00fcr diesen Verein und f\u00fchrt in Deutschland<br \/>\nbundesweit in Vorschuleinrichtungen und Schulen Pr\u00e4ventionskurse<br \/>\ndurch.<\/p>\n<p><strong><a href=\"http:\/\/talkaboutit.eu\/?p=47\">Teil 10: Ist die Situation f\u00fcr MigrantInnen eine andere?<\/a><\/strong><br \/>\nIm 10 Teil der Sendereihe besch\u00e4ftigen wir uns mit sexualisierter<br \/>\nGewalterfahrungen von MigrantInnen und den speziellen Problemen<br \/>\nund Schwierigkeiten, die f\u00fcr M\u00e4dchen, Jungen und junge Erwachsene mit<br \/>\nMigrationshintergrund bestehen in diesem Zusammenhang bestehen.<\/p>\n<p>Die Berliner Sozialp\u00e4dagogin Nivedita Prasad arbeitet in der<br \/>\nBeratungsstelle Ban Ying. Ban Ying engagiert sich gegen Menschenhandel.<br \/>\nDoch schon als Nivedita Prasad in einem<br \/>\nBerliner M\u00e4dchenhaus als Sozialp\u00e4dagogin arbeitete wurde sie h\u00e4ufig<br \/>\nmit dem Thema sexualisierte Gewalt konfrontiert. Hier fielen ihr die<br \/>\nUnterschiede in der Wahrnehmung und im Umgang mit dem Thema zwischen<br \/>\ndeutschen M\u00e4dchen und M\u00e4dchen mit Migrationshintergrund besonders auf.<br \/>\nSeitdem besch\u00e4ftigt sie sich mit diesem Thema.<\/p>\n<p>Auch wenn es auf den ersten Blick keinen Sinn zu machen scheint,<br \/>\nhier einen Unterschied zwischen Menschen mit Migrationshintergrund<br \/>\noder ohne zu machen: In der Sendung wird klar,<br \/>\nwarum es dennoch sinnvoll und wichtig ist darauf zu achten.<\/p>\n<p><strong><a href=\"http:\/\/talkaboutit.eu\/?p=52\">Teil 11: Zur Rechtssituation in Deutschland und \u00d6sterreich<\/a><\/strong><br \/>\nIm vorletzten Teil der Sendereiche geht es um die rechtliche Seite.<\/p>\n<p>Was passiert in einem Strafverfahren? Welche Rechte haben die Betroffenen und wer steht ihnen bei? Au\u00dferdem betrachten wir die unterschiedliche Handhabung der Prozessbegleitung in Deutschland und \u00d6sterreich.<br \/>\nDie Sozialp\u00e4dagogin Friesa Fastie von Recht W\u00fcrde Helfen Institut f\u00fcr Opferschutz im Strafverfahren e.V. ist unsere Gesp\u00e4chspartnerin.<\/p>\n<p><a href=\"http:\/\/talkaboutit.eu\/?p=60\">Teil 12: Sexueller Missbrauch in der professionellen Kinder- und Jugendbetreuung<\/a><br \/>\nIn Institutionen, in denen intensive professionelle Beziehungen zwischen Erwachsenen und Kindern aufgebaut werden, die der Betreuung, Beratung, Begleitung und Behandlung dienen, ist die Gefahr eines Vertrauensmissbrauchs gegen\u00fcber Abh\u00e4ngigen besonders hoch. Es zeigt sich, dass Kinder, die sich in die Obhut von Professionellen und ehrenamtlich T\u00e4tigen begeben, nicht uneingeschr\u00e4nkt darauf vertrauen k\u00f6nnen, dass sich Erwachsene ihrer Verantwortung gegen\u00fcber Schutzbefohlenen bewusst sind.<\/p>\n<p>Dr. Mechthild Wolff, Professorin an der FH f\u00fcr Soziale Arbeit in Landshut, berichtet \u00fcber die Risiken, die M\u00f6glichkeiten der Vorbeugung, Strategien zum Umgang mit Verdachtsf\u00e4llen und neuen Ans\u00e4tzen in der Ausbildung, die sich diesem Thema widmen.<\/p>\n<p><em>PS: Die Europ\u00e4ische Kommission haftet nicht f\u00fcr den Inhalt der Sendungen<\/em>.<\/p>\n","protected":false},"excerpt":{"rendered":"<p>Teil 1: Interview mit den Mitarbeiterinnen von Wildwasser Halle (D) Einf\u00fchrung in das Thema und Einblick in die Arbeit von Wildwasser e.V., einer Beratungsstelle f\u00fcr Frauen und M\u00e4dchen mit sexuellen Missbrauchserfahrungen. Teil 2: Vom \u00dcberleben zum Leben &#8211; Wege aus &hellip; <a href=\"https:\/\/blog.radiofabrik.at\/talkaboutit\/sendungen\/\">Weiterlesen <span class=\"meta-nav\">&rarr;<\/span><\/a><\/p>\n","protected":false},"author":2,"featured_media":0,"parent":0,"menu_order":0,"comment_status":"open","ping_status":"open","template":"","meta":{"footnotes":""},"class_list":["post-15","page","type-page","status-publish","hentry"],"_links":{"self":[{"href":"https:\/\/blog.radiofabrik.at\/talkaboutit\/wp-json\/wp\/v2\/pages\/15","targetHints":{"allow":["GET"]}}],"collection":[{"href":"https:\/\/blog.radiofabrik.at\/talkaboutit\/wp-json\/wp\/v2\/pages"}],"about":[{"href":"https:\/\/blog.radiofabrik.at\/talkaboutit\/wp-json\/wp\/v2\/types\/page"}],"author":[{"embeddable":true,"href":"https:\/\/blog.radiofabrik.at\/talkaboutit\/wp-json\/wp\/v2\/users\/2"}],"replies":[{"embeddable":true,"href":"https:\/\/blog.radiofabrik.at\/talkaboutit\/wp-json\/wp\/v2\/comments?post=15"}],"version-history":[{"count":0,"href":"https:\/\/blog.radiofabrik.at\/talkaboutit\/wp-json\/wp\/v2\/pages\/15\/revisions"}],"wp:attachment":[{"href":"https:\/\/blog.radiofabrik.at\/talkaboutit\/wp-json\/wp\/v2\/media?parent=15"}],"curies":[{"name":"wp","href":"https:\/\/api.w.org\/{rel}","templated":true}]}}