{"id":17,"date":"2006-11-06T13:30:09","date_gmt":"2006-11-06T11:30:09","guid":{"rendered":"http:\/\/talkaboutit.eu\/?page_id=17"},"modified":"2006-11-06T13:30:09","modified_gmt":"2006-11-06T11:30:09","slug":"texte","status":"publish","type":"page","link":"https:\/\/blog.radiofabrik.at\/talkaboutit\/texte\/","title":{"rendered":"Texte"},"content":{"rendered":"<p><a id=\"p77\" rel=\"attachment\" title=\"Mutig fragen - besonnen handeln\" href=\"http:\/\/talkaboutit.eu\/?attachment_id=77\"><br \/>\n<\/a><\/p>\n<div align=\"left\">Im Rahmen von &#8222;Talk about it&#8220; entstanden auch einige Printartikel zum Thema sexueller Missbrauch, die hier zum Download zur Verf\u00fcgung stehen.<\/div>\n<div align=\"left\">\n<div align=\"left\">\n<div align=\"left\">Ver\u00f6ffentlichungen sind unter Angabe der Autorin und Hinweis auf das Projekt &#8222;Talk about it&#8220; kostenlos und erw\u00fcnscht.<\/div>\n<div align=\"left\">\n<div align=\"left\">\n<div align=\"left\"><\/div>\n<div align=\"left\"><a href=\"http:\/\/talkaboutit.eu\/download\/artikel_talkaboutit.doc\">Pr\u00e4vention per Podcast.<\/a> \u00dcber das Projekt &#8222;Talk aboutit&#8220;<br \/>\nvon Elke Amberg, Wildwasser M\u00fcnchen e.V.<br \/>\n<a id=\"p14\" href=\"http:\/\/talkaboutit.eu\/wp-content\/uploads\/2006\/10\/artikel-apropos.doc\" \/><\/div>\n<p><a id=\"p14\" href=\"http:\/\/talkaboutit.eu\/wp-content\/uploads\/2006\/10\/artikel-apropos.doc\"> <\/a><a id=\"p14\" href=\"http:\/\/talkaboutit.eu\/wp-content\/uploads\/2006\/10\/artikel-apropos.doc\"> <\/a><a id=\"p14\" href=\"http:\/\/talkaboutit.eu\/wp-content\/uploads\/2006\/10\/artikel-apropos.doc\"> <\/a><a id=\"p14\" href=\"http:\/\/talkaboutit.eu\/wp-content\/uploads\/2006\/10\/artikel-apropos.doc\"> <\/a><a id=\"p14\" href=\"http:\/\/talkaboutit.eu\/wp-content\/uploads\/2006\/10\/artikel-apropos.doc\">Mein Weg aus dem Fegefeuer. Interview mit der Autorin Brenda Leb<\/a><br \/>\nvon Teresa Lugstein,  Selbsthilfegruppe \u00dcberlebt Salzburg.<br \/>\nErschienen in der Stra\u00dfenzeitung &#8218;Apropos&#8216;, September 2006.<\/p>\n<p><a id=\"p73\" href=\"http:\/\/talkaboutit.eu\/tmp\/artikel_talkaboutit.doc\" \/><a id=\"p43\" href=\"http:\/\/blog.radiofabrik.at\/talkaboutit\/files\/2007\/07\/apropos_august_07.pdf\">Gegen Grapscher in Freib\u00e4dern<\/a><br \/>\nvon Teresa Lugstein, Selbsthilfegruppe \u00dcberlebt Salzburg.<br \/>\nErschienen in der Stra\u00dfenzeitung \u2018Apropos\u2019, August 2007.<\/p>\n<p><a id=\"p74\" href=\"http:\/\/talkaboutit.eu\/download\/Artikel%20Behinderung.doc\">Behinderung und sexueller Missbrauch<\/a><br \/>\nvon Elke Amberg, Wildwasser M\u00fcnchen e. V.<\/p>\n<p><a id=\"p75\" href=\"http:\/\/talkaboutit.eu\/download\/artikel_homo.doc\">Homosexualit\u00e4t und sexueller Missbrauch<\/a> \/ <a id=\"p75\" href=\"http:\/\/talkaboutit.eu\/download\/\tartikel_fakten_jungen.doc\">Fakten und Folgen<br \/>\n<\/a>von Elke Amberg, Wildwasser M\u00fcnchen e. V.<\/p>\n<p><strong>Andere Texte\/Brosch\u00fcren zum Thema:<\/strong><\/p>\n<p><a href=\"http:\/\/talkaboutit.eu\/download\/Broschuere_mutig_fragen_besonnen_handeln.pdf\">Mutig fragen &#8211; besonnen handeln<\/a><br \/>\nBrosch\u00fcre f\u00fcr Eltern zum sexuellen Missbrauch, herausgegeben vom deutschen Bundesministerium f\u00fcr Familie, Senioren, Frauen und Jugend<\/p>\n<p><a id=\"p58\" href=\"http:\/\/blog.radiofabrik.at\/talkaboutit\/files\/2007\/12\/kinderschutz-als-nationale-anstrengung-final-version-1.pdf\"><br \/>\n<\/a><\/div>\n<\/div>\n<\/div>\n<\/div>\n","protected":false},"excerpt":{"rendered":"<p>Im Rahmen von &#8222;Talk about it&#8220; entstanden auch einige Printartikel zum Thema sexueller Missbrauch, die hier zum Download zur Verf\u00fcgung stehen. Ver\u00f6ffentlichungen sind unter Angabe der Autorin und Hinweis auf das Projekt &#8222;Talk about it&#8220; kostenlos und erw\u00fcnscht. Pr\u00e4vention per &hellip; <a href=\"https:\/\/blog.radiofabrik.at\/talkaboutit\/texte\/\">Weiterlesen <span class=\"meta-nav\">&rarr;<\/span><\/a><\/p>\n","protected":false},"author":2,"featured_media":0,"parent":0,"menu_order":0,"comment_status":"open","ping_status":"open","template":"","meta":{"footnotes":""},"class_list":["post-17","page","type-page","status-publish","hentry"],"_links":{"self":[{"href":"https:\/\/blog.radiofabrik.at\/talkaboutit\/wp-json\/wp\/v2\/pages\/17","targetHints":{"allow":["GET"]}}],"collection":[{"href":"https:\/\/blog.radiofabrik.at\/talkaboutit\/wp-json\/wp\/v2\/pages"}],"about":[{"href":"https:\/\/blog.radiofabrik.at\/talkaboutit\/wp-json\/wp\/v2\/types\/page"}],"author":[{"embeddable":true,"href":"https:\/\/blog.radiofabrik.at\/talkaboutit\/wp-json\/wp\/v2\/users\/2"}],"replies":[{"embeddable":true,"href":"https:\/\/blog.radiofabrik.at\/talkaboutit\/wp-json\/wp\/v2\/comments?post=17"}],"version-history":[{"count":0,"href":"https:\/\/blog.radiofabrik.at\/talkaboutit\/wp-json\/wp\/v2\/pages\/17\/revisions"}],"wp:attachment":[{"href":"https:\/\/blog.radiofabrik.at\/talkaboutit\/wp-json\/wp\/v2\/media?parent=17"}],"curies":[{"name":"wp","href":"https:\/\/api.w.org\/{rel}","templated":true}]}}