{"id":6,"date":"2006-08-11T09:54:12","date_gmt":"2006-08-11T07:54:12","guid":{"rendered":"http:\/\/talkaboutit.eu\/?page_id=6"},"modified":"2006-08-11T09:54:12","modified_gmt":"2006-08-11T07:54:12","slug":"projektpartnerinnen","status":"publish","type":"page","link":"https:\/\/blog.radiofabrik.at\/talkaboutit\/projektpartnerinnen\/","title":{"rendered":"ProjektpartnerInnen"},"content":{"rendered":"<p><a href=\"http:\/\/www.radiofabrik.at\"><img decoding=\"async\" alt=\"logo_radiofabrik.jpg\" id=\"image8\" src=\"http:\/\/blog.radiofabrik.at\/talkaboutit\/files\/2006\/08\/logo_radiofabrik.thumbnail.jpg\" \/><\/a><br \/>\nEin Projekt der Radiofabrik &#8211; Freier Rundfunk Salzburg mit folgenden Partnerorganisationen:<\/p>\n<p><a href=\"http:\/\/www.akzente.net\/Selbsthilfegruppen_fuer_Maechen_und.747.0.html\"><img decoding=\"async\" id=\"image12\" alt=\"selbsthilfegruppe.jpg\" src=\"http:\/\/blog.radiofabrik.at\/talkaboutit\/files\/2006\/10\/selbsthilfegruppe.thumbnail.jpg\" \/><\/a><br \/>\nSelbshilfegruppe \u00dcberlebt f\u00fcr Frauen und M\u00e4dchen mit sexueller Missbrauchserfahrung, Salzburg<br \/>\n<img decoding=\"async\" alt=\"coraxlogo.gif\" id=\"image11\" src=\"http:\/\/blog.radiofabrik.at\/talkaboutit\/files\/2006\/09\/coraxlogo.thumbnail.gif\" \/><br \/>\nRadio Corax &#8211; Freies Radio im Raum Halle<\/p>\n<p><a href=\"http:\/\/www.wildwasser-muenchen.de\"><img loading=\"lazy\" decoding=\"async\" width=\"126\" height=\"68\" alt=\"wildwasser_logo.jpg\" id=\"image61\" src=\"http:\/\/blog.radiofabrik.at\/talkaboutit\/files\/2008\/01\/wildwasser_logo.jpg\" \/><\/a><br \/>\nWildwasser M\u00fcnchen- Initiative gegen sexuellen Missbrauch e.V.,<br \/>\n<a href=\"http:\/\/ec.europa.eu\/justice_home\/funding\/daphne\/funding_daphne_en.htm\"><img loading=\"lazy\" decoding=\"async\" width=\"124\" height=\"58\" id=\"image10\" alt=\"logo_daphne.jpg\" src=\"http:\/\/blog.radiofabrik.at\/talkaboutit\/files\/2006\/09\/logo_daphne.thumbnail.jpg\" \/><\/a><\/p>\n<p>Hauptfinanziert aus dem EU-Programm DAPHNE II gegen Gewalt an Kindern, Jugendlichen und Frauen.<\/p>\n<p>Unterst\u00fctzt aus Mitteln des \u00f6sterreichischen Bundesministeriums f\u00fcr soziale Sicherheit, Generationen und Konsumentenschutz, des Frauenministeriums und des Landes Salzburg.<\/p>\n<p>.<\/p>\n","protected":false},"excerpt":{"rendered":"<p>Ein Projekt der Radiofabrik &#8211; Freier Rundfunk Salzburg mit folgenden Partnerorganisationen: Selbshilfegruppe \u00dcberlebt f\u00fcr Frauen und M\u00e4dchen mit sexueller Missbrauchserfahrung, Salzburg Radio Corax &#8211; Freies Radio im Raum Halle Wildwasser M\u00fcnchen- Initiative gegen sexuellen Missbrauch e.V., Hauptfinanziert aus dem EU-Programm &hellip; <a href=\"https:\/\/blog.radiofabrik.at\/talkaboutit\/projektpartnerinnen\/\">Weiterlesen <span class=\"meta-nav\">&rarr;<\/span><\/a><\/p>\n","protected":false},"author":2,"featured_media":0,"parent":0,"menu_order":3,"comment_status":"open","ping_status":"open","template":"","meta":{"footnotes":""},"class_list":["post-6","page","type-page","status-publish","hentry"],"_links":{"self":[{"href":"https:\/\/blog.radiofabrik.at\/talkaboutit\/wp-json\/wp\/v2\/pages\/6","targetHints":{"allow":["GET"]}}],"collection":[{"href":"https:\/\/blog.radiofabrik.at\/talkaboutit\/wp-json\/wp\/v2\/pages"}],"about":[{"href":"https:\/\/blog.radiofabrik.at\/talkaboutit\/wp-json\/wp\/v2\/types\/page"}],"author":[{"embeddable":true,"href":"https:\/\/blog.radiofabrik.at\/talkaboutit\/wp-json\/wp\/v2\/users\/2"}],"replies":[{"embeddable":true,"href":"https:\/\/blog.radiofabrik.at\/talkaboutit\/wp-json\/wp\/v2\/comments?post=6"}],"version-history":[{"count":0,"href":"https:\/\/blog.radiofabrik.at\/talkaboutit\/wp-json\/wp\/v2\/pages\/6\/revisions"}],"wp:attachment":[{"href":"https:\/\/blog.radiofabrik.at\/talkaboutit\/wp-json\/wp\/v2\/media?parent=6"}],"curies":[{"name":"wp","href":"https:\/\/api.w.org\/{rel}","templated":true}]}}