{"id":65,"date":"2006-08-11T09:48:43","date_gmt":"2006-08-11T07:48:43","guid":{"rendered":"http:\/\/talkaboutit.eu\/?page_id=5"},"modified":"2006-08-11T09:48:43","modified_gmt":"2006-08-11T07:48:43","slug":"home","status":"publish","type":"page","link":"https:\/\/blog.radiofabrik.at\/talkaboutit\/home\/","title":{"rendered":"Talk about it!"},"content":{"rendered":"<p><a class=\"imagelink\" title=\"postcard_front_01.jpg\" href=\"http:\/\/blog.radiofabrik.at\/talkaboutit\/files\/2008\/01\/postcard_front_01.jpg\"><img loading=\"lazy\" decoding=\"async\" width=\"185\" height=\"252\" id=\"image63\" alt=\"postcard_front_01.jpg\" src=\"http:\/\/blog.radiofabrik.at\/talkaboutit\/files\/2008\/01\/postcard_front_01.jpg\" \/><\/a><br \/>\n<strong \/><\/p>\n<p><strong>Sexueller Missbrauch an Kindern ist allgegenw\u00e4rtig. <\/strong><\/p>\n<p><strong>Dar\u00fcber zu Sprechen ist noch immer ein Tabu. <\/strong><\/p>\n<p><strong>Das Schweigen ist von den T\u00e4tern mitgeplant.<\/strong><\/p>\n<p>Sexueller Missbrauch kann jede\/n betreffen. Frauen und M\u00e4nner, die in ihrer Kindheit sexuelle Gewalt erfahren haben, k\u00e4mpfen oft ein Leben lang mit den Folgen.<\/p>\n<p>Viele haben gelernt, ihre Gef\u00fchle zu verbergen und nach au\u00dfen hin zu funktionieren. Scham und Angst verbieten ihnen, \u00fcber die traumatischen Erfahrungen zu sprechen, oft suchen sie die Schuld bei sich selber. Viele von ihnen fl\u00fcchten in die Selbstzerst\u00f6rung wie z.B. Drogensucht oder Essst\u00f6rungen.<\/p>\n<p><strong>Der erste Schritt zur Bew\u00e4ltigung von sexuellem Missbrauch beginnt mit dem Heraustreten aus der Isolation. <\/strong><\/p>\n<p><strong>Ein Schritt, der viel Mut, Kraft und Energie erfordert.<\/strong><\/p>\n<p>Um Betroffenen diesen Weg zu erleichtern, ist es notwendig, das Thema immer wieder medial aufzugreifen und auf entsprechende Hilfsangebote hinzuweisen. Das Medium Radio eignet sich dazu besonders gut.<\/p>\n<p>Auf Initiative der Radiofabrik \u2013 freier Rundfunk Salzburg wurde daher das Projekt &#8222;Talk about it&#8220;  ins Leben gerufen. Gemeinsam mit der Selbsthilfegruppe \u00dcberlebt(A), Radio Corax (D) und Wildwasser M\u00fcnchen e.V. (D) wurden <a href=\"http:\/\/talkaboutit.eu\/?page_id=15\">12 Radiosendungen<\/a> produziert und zahlreiche andere Aktivit\u00e4ten umgesetzt.<\/p>\n<p>Das Projekt wird hauptfinanziert von der Europ\u00e4ischen Union im Rahmen des DAPHNE II Programms, gef\u00f6rdert aus Mitteln des \u00d6sterreichischen Bundesministeriums f\u00fcr soziale Sicherheit, Generationen und Konsumentenschutz und unterst\u00fctzt durch das Land Salzburg (B\u00fcro f\u00fcr Frauenfragen und Chancengleichheit sowie Familienreferat), das \u00d6sterreichische Bundesministerium f\u00fcr Frauen, Medien und \u00d6ffentlichen Dienst und das Frauenb\u00fcro der Stadt Salzburg.<\/p>\n<p><a id=\"p26\" rel=\"attachment\" href=\"http:\/\/talkaboutit.eu\/?attachment_id=26\">&#8222;Talk about it&#8220; Info-folder<\/a><\/p>\n","protected":false},"excerpt":{"rendered":"<p>Sexueller Missbrauch an Kindern ist allgegenw\u00e4rtig. Dar\u00fcber zu Sprechen ist noch immer ein Tabu. Das Schweigen ist von den T\u00e4tern mitgeplant. Sexueller Missbrauch kann jede\/n betreffen. Frauen und M\u00e4nner, die in ihrer Kindheit sexuelle Gewalt erfahren haben, k\u00e4mpfen oft ein &hellip; <a href=\"https:\/\/blog.radiofabrik.at\/talkaboutit\/home\/\">Weiterlesen <span class=\"meta-nav\">&rarr;<\/span><\/a><\/p>\n","protected":false},"author":2,"featured_media":0,"parent":0,"menu_order":0,"comment_status":"open","ping_status":"open","template":"","meta":{"footnotes":""},"class_list":["post-65","page","type-page","status-publish","hentry"],"_links":{"self":[{"href":"https:\/\/blog.radiofabrik.at\/talkaboutit\/wp-json\/wp\/v2\/pages\/65","targetHints":{"allow":["GET"]}}],"collection":[{"href":"https:\/\/blog.radiofabrik.at\/talkaboutit\/wp-json\/wp\/v2\/pages"}],"about":[{"href":"https:\/\/blog.radiofabrik.at\/talkaboutit\/wp-json\/wp\/v2\/types\/page"}],"author":[{"embeddable":true,"href":"https:\/\/blog.radiofabrik.at\/talkaboutit\/wp-json\/wp\/v2\/users\/2"}],"replies":[{"embeddable":true,"href":"https:\/\/blog.radiofabrik.at\/talkaboutit\/wp-json\/wp\/v2\/comments?post=65"}],"version-history":[{"count":0,"href":"https:\/\/blog.radiofabrik.at\/talkaboutit\/wp-json\/wp\/v2\/pages\/65\/revisions"}],"wp:attachment":[{"href":"https:\/\/blog.radiofabrik.at\/talkaboutit\/wp-json\/wp\/v2\/media?parent=65"}],"curies":[{"name":"wp","href":"https:\/\/api.w.org\/{rel}","templated":true}]}}