{"id":2,"date":"2010-03-05T15:14:10","date_gmt":"2010-03-05T15:14:10","guid":{"rendered":""},"modified":"2010-11-21T17:13:58","modified_gmt":"2010-11-21T17:13:58","slug":"about","status":"publish","type":"page","link":"https:\/\/blog.radiofabrik.at\/tandaradio\/about\/","title":{"rendered":"About Tandaradio"},"content":{"rendered":"<p>Tandaradio lief seit Juni 2006 unter &#8222;Tandaradio &#8211; Ab ins Mittelalter&#8220; und besch\u00e4ftigte sich mit vielen Themen rund ums Mittelalter. Einige regelm\u00e4ssige SendungsmacherInnen waren: Maurice Sprague, Jan Kieslich, Katharina Zeppezauer, David Pernkopf und Su Karrer.<\/p>\n<p>Da die Wege des Lebens uns oft in andere Regionen f\u00fchren, konnte das urspr\u00fcngliche Sendungskonzept nun leider nicht mehr aufrecht gehalten werden. Da wir aber nicht aufh\u00f6ren wollen zu senden, haben wir das Sendungskonzept ge\u00e4ndert. Ab 21.11.2010 hei\u00dft es nun:<\/p>\n<p><em><strong>Tandaradio &#8211; Das HistorikerInnen Caf\u00e9. Historiker und HistorikerInnen zu Gast in der Radiofabrik.<\/strong><\/em><\/p>\n<p>F\u00fcr die Sendungsgestaltung zeichnen sich nun Johanna Reifm\u00fcller und Su Karrer verantwortlich, beide Studentinnen der Geschichtswissenschaft an der Universit\u00e4t Salzburg.<\/p>\n<p>Tandaradio. Jeden 3. Sonntag im Monat, 20-21 Uhr, sowie den darauf folgenden Dienstag, 9-10 Uhr auf der Radiofabrik!<\/p>\n","protected":false},"excerpt":{"rendered":"<p>Tandaradio lief seit Juni 2006 unter &#8222;Tandaradio &#8211; Ab ins Mittelalter&#8220; und besch\u00e4ftigte sich mit vielen Themen rund ums Mittelalter. Einige regelm\u00e4ssige SendungsmacherInnen waren: Maurice Sprague, Jan Kieslich, Katharina Zeppezauer, David Pernkopf und Su Karrer. Da die Wege des Lebens &hellip; <a href=\"https:\/\/blog.radiofabrik.at\/tandaradio\/about\/\">Weiterlesen <span class=\"meta-nav\">&rarr;<\/span><\/a><\/p>\n","protected":false},"author":104,"featured_media":0,"parent":0,"menu_order":0,"comment_status":"open","ping_status":"open","template":"","meta":{"footnotes":""},"class_list":["post-2","page","type-page","status-publish","hentry"],"_links":{"self":[{"href":"https:\/\/blog.radiofabrik.at\/tandaradio\/wp-json\/wp\/v2\/pages\/2","targetHints":{"allow":["GET"]}}],"collection":[{"href":"https:\/\/blog.radiofabrik.at\/tandaradio\/wp-json\/wp\/v2\/pages"}],"about":[{"href":"https:\/\/blog.radiofabrik.at\/tandaradio\/wp-json\/wp\/v2\/types\/page"}],"author":[{"embeddable":true,"href":"https:\/\/blog.radiofabrik.at\/tandaradio\/wp-json\/wp\/v2\/users\/104"}],"replies":[{"embeddable":true,"href":"https:\/\/blog.radiofabrik.at\/tandaradio\/wp-json\/wp\/v2\/comments?post=2"}],"version-history":[{"count":2,"href":"https:\/\/blog.radiofabrik.at\/tandaradio\/wp-json\/wp\/v2\/pages\/2\/revisions"}],"predecessor-version":[{"id":30,"href":"https:\/\/blog.radiofabrik.at\/tandaradio\/wp-json\/wp\/v2\/pages\/2\/revisions\/30"}],"wp:attachment":[{"href":"https:\/\/blog.radiofabrik.at\/tandaradio\/wp-json\/wp\/v2\/media?parent=2"}],"curies":[{"name":"wp","href":"https:\/\/api.w.org\/{rel}","templated":true}]}}