{"id":2,"date":"2010-12-15T14:04:47","date_gmt":"2010-12-15T14:04:47","guid":{"rendered":"http:\/\/blog.radiofabrik.at\/teenfm\/?page_id=2"},"modified":"2024-01-09T13:57:52","modified_gmt":"2024-01-09T13:57:52","slug":"about","status":"publish","type":"page","link":"https:\/\/blog.radiofabrik.at\/teenfm\/about\/","title":{"rendered":"About TeenFm"},"content":{"rendered":"<p>Teen FM wird von Teens f\u00fcr Teens gemacht. Seit Dezember 2009 treffen sich Jugendliche zwischen 13 und 16 Jahren und gestalten 30 Minuten lang Sendung. Urspr\u00fcnglich auf einem Sendeplatz, inzwischen auf mehreren!<\/p>\n<p>Das Spannende dabei: Kennen gelernt haben sich die meisten Jugendlichen urspr\u00fcnglich bei Mini-Salzburg, einer Stadt f\u00fcr Kinder, bei der Mitreden und Einmischen gro\u00df geschrieben wird. Sie waren dort fast alle in der &#8218;Stadtregierung&#8216; und befreundeten sich w\u00e4hrend des Sommers 2009. Im laufe der Jahre haben sie gemeinsam den Kinderrechtspreis verliehen, waren Gast bei anderen Sendungsmachern der Radiofabrik und waren immer kreativ im Einsatz.<\/p>\n<p>Deshalb drehen sich auch die Radio-Themen vor allem um Politik &#8211; aber auch Freizeit, Schule, Jugendkultur und vor allem Musik kommen nicht zu kurz. Die Themen werden immer wieder neu durchgemischt und Langeweile w\u00e4hrend den Sendungen gibt es nie!<\/p>\n<p>Die Sendungen werden von den Jugendlichen meist ohne Hilfe von Erwachsenen selbstst\u00e4ndig vorbereitet und live ausgestrahlt. Sie haben schon mehrere Workshops belegt und haben auch bereits 2 eigene Jingles.<\/p>\n<p>Mit dabei sind und waren bisher: Laura, Katharina, Lennart, Paul, Paul, Sophia, Aylin, Alisha, Ilona, Matthias, Carolina, Ani, Sarah, Melli, Meni, Emil, Laura, Bea, Leonie, Anna&#8230;<\/p>\n<p><strong>Sendezeiten<\/strong>:<\/p>\n<p>1. Dienstag im Monat, 18:30 Uhr mit Schmirli &amp; G\u00e4sten<br \/>\n1. Mittwoch im Monat, 18:30 Uhr mit Kerstin, Nina &amp; G\u00e4sten<br \/>\n2. Dienstag im Monat, 18:30 Uhr mit Laura &amp; G\u00e4sten<br \/>\n4. Donnerstag im Monat, 18:30 Uhr mit Sophia, Lennart, Aylin &amp; G\u00e4sten<\/p>\n","protected":false},"excerpt":{"rendered":"<p>Teen FM wird von Teens f\u00fcr Teens gemacht. Seit Dezember 2009 treffen sich Jugendliche zwischen 13 und 16 Jahren und gestalten 30 Minuten lang Sendung. Urspr\u00fcnglich auf einem Sendeplatz, inzwischen auf mehreren! Das Spannende dabei: Kennen gelernt haben sich die &hellip; <a href=\"https:\/\/blog.radiofabrik.at\/teenfm\/about\/\">Weiterlesen <span class=\"meta-nav\">&rarr;<\/span><\/a><\/p>\n","protected":false},"author":208,"featured_media":0,"parent":0,"menu_order":0,"comment_status":"open","ping_status":"open","template":"","meta":{"footnotes":""},"class_list":["post-2","page","type-page","status-publish","hentry"],"_links":{"self":[{"href":"https:\/\/blog.radiofabrik.at\/teenfm\/wp-json\/wp\/v2\/pages\/2","targetHints":{"allow":["GET"]}}],"collection":[{"href":"https:\/\/blog.radiofabrik.at\/teenfm\/wp-json\/wp\/v2\/pages"}],"about":[{"href":"https:\/\/blog.radiofabrik.at\/teenfm\/wp-json\/wp\/v2\/types\/page"}],"author":[{"embeddable":true,"href":"https:\/\/blog.radiofabrik.at\/teenfm\/wp-json\/wp\/v2\/users\/208"}],"replies":[{"embeddable":true,"href":"https:\/\/blog.radiofabrik.at\/teenfm\/wp-json\/wp\/v2\/comments?post=2"}],"version-history":[{"count":5,"href":"https:\/\/blog.radiofabrik.at\/teenfm\/wp-json\/wp\/v2\/pages\/2\/revisions"}],"predecessor-version":[{"id":166,"href":"https:\/\/blog.radiofabrik.at\/teenfm\/wp-json\/wp\/v2\/pages\/2\/revisions\/166"}],"wp:attachment":[{"href":"https:\/\/blog.radiofabrik.at\/teenfm\/wp-json\/wp\/v2\/media?parent=2"}],"curies":[{"name":"wp","href":"https:\/\/api.w.org\/{rel}","templated":true}]}}