{"id":10,"date":"2020-05-04T11:58:15","date_gmt":"2020-05-04T11:58:15","guid":{"rendered":"https:\/\/blog.radiofabrik.at\/telltogether\/?page_id=10"},"modified":"2020-05-18T14:50:28","modified_gmt":"2020-05-18T14:50:28","slug":"anhoeren","status":"publish","type":"page","link":"https:\/\/blog.radiofabrik.at\/telltogether\/anhoeren\/","title":{"rendered":"Anh\u00f6ren"},"content":{"rendered":"\n<p class=\"has-text-align-left\">Momentan k\u00f6nnt ihr hier ins Preview reinh\u00f6ren.<\/p>\n\n\n\n<p class=\"has-medium-font-size\"><span style=\"color:#f9d26e\" class=\"tadv-color\">Wir sind noch in der ersten Aufnahmephase. Genau hier wird es bald ein Preview geben.<\/span><\/p>\n\n\n\n<p class=\"has-text-align-left\"><br>Das fertige H\u00f6rspiel wird, nachdem die Aufnahmezeit mit 30.7.2020 beendet ist, am 30.8.2020 um 18:00 auf dem freien Salzburger Radiosender <a href=\"http:\/\/radiofabrik.at\">Radiofabrik<\/a> on Air gehen. Au\u00dferdem wird es nach der Premiere auf unserer Website ver\u00f6ffentlicht. <\/p>\n\n\n\n<figure class=\"wp-block-image size-large\"><img loading=\"lazy\" decoding=\"async\" width=\"165\" height=\"1024\" src=\"https:\/\/tell-together.at\/files\/2020\/05\/SpeechBubblesBalloonsGrossesBildWenigerBubblesVirusRechts-1-165x1024.png\" alt=\"\" class=\"wp-image-103\" srcset=\"https:\/\/blog.radiofabrik.at\/telltogether\/files\/2020\/05\/SpeechBubblesBalloonsGrossesBildWenigerBubblesVirusRechts-1-165x1024.png 165w, https:\/\/blog.radiofabrik.at\/telltogether\/files\/2020\/05\/SpeechBubblesBalloonsGrossesBildWenigerBubblesVirusRechts-1-330x2048.png 330w\" sizes=\"auto, (max-width: 165px) 100vw, 165px\" \/><\/figure>\n\n\n","protected":false},"excerpt":{"rendered":"<p>Momentan k\u00f6nnt ihr hier ins Preview reinh\u00f6ren. Wir sind noch in der ersten Aufnahmephase. Genau hier wird es bald ein Preview geben. Das fertige H\u00f6rspiel wird, nachdem die Aufnahmezeit mit 30.7.2020 beendet ist, am 30.8.2020 um 18:00 auf dem freien Salzburger Radiosender Radiofabrik on Air gehen. Au\u00dferdem wird es nach der Premiere auf unserer Website [&hellip;]<\/p>\n","protected":false},"author":753,"featured_media":0,"parent":0,"menu_order":0,"comment_status":"closed","ping_status":"closed","template":"","meta":{"gt_page_layout":"","gt_hide_page_title":false,"gt_remove_bottom_margin":false,"footnotes":""},"class_list":["post-10","page","type-page","status-publish","hentry"],"_links":{"self":[{"href":"https:\/\/blog.radiofabrik.at\/telltogether\/wp-json\/wp\/v2\/pages\/10","targetHints":{"allow":["GET"]}}],"collection":[{"href":"https:\/\/blog.radiofabrik.at\/telltogether\/wp-json\/wp\/v2\/pages"}],"about":[{"href":"https:\/\/blog.radiofabrik.at\/telltogether\/wp-json\/wp\/v2\/types\/page"}],"author":[{"embeddable":true,"href":"https:\/\/blog.radiofabrik.at\/telltogether\/wp-json\/wp\/v2\/users\/753"}],"replies":[{"embeddable":true,"href":"https:\/\/blog.radiofabrik.at\/telltogether\/wp-json\/wp\/v2\/comments?post=10"}],"version-history":[{"count":13,"href":"https:\/\/blog.radiofabrik.at\/telltogether\/wp-json\/wp\/v2\/pages\/10\/revisions"}],"predecessor-version":[{"id":407,"href":"https:\/\/blog.radiofabrik.at\/telltogether\/wp-json\/wp\/v2\/pages\/10\/revisions\/407"}],"wp:attachment":[{"href":"https:\/\/blog.radiofabrik.at\/telltogether\/wp-json\/wp\/v2\/media?parent=10"}],"curies":[{"name":"wp","href":"https:\/\/api.w.org\/{rel}","templated":true}]}}