{"id":29,"date":"2020-05-04T12:48:05","date_gmt":"2020-05-04T12:48:05","guid":{"rendered":"https:\/\/blog.radiofabrik.at\/telltogether\/?page_id=29"},"modified":"2020-05-18T19:37:45","modified_gmt":"2020-05-18T19:37:45","slug":"faq","status":"publish","type":"page","link":"https:\/\/blog.radiofabrik.at\/telltogether\/faq\/","title":{"rendered":"FAQ"},"content":{"rendered":"\n<p><a href=\"#Wasist\">Was ist TellTogether?<br><\/a><a href=\"#Werkann\">Wer kann bei TellTogether mitmachen? Wer ist eingeladen? <br><\/a><a href=\"#Wiefunktioniert\">Wie funktioniert das technisch mit dem Aufnehmen? <\/a><br><a href=\"#Warummuss\">Warum muss jede Frage einzeln beantwortet werden? <br><\/a><a href=\"#Wielang\">Wie lang, wie genau und auf welche Art sollen die Aufnahmen sein? <br><\/a><a href=\"#Wirdjede\">Wird jede eingesprochene Antwort Teil des H\u00f6rspiels? <br><\/a><a href=\"#Welcheart\">Welche Art von H\u00f6rspiel wird das werden? <br><\/a><a href=\"#Warumkommen\">Warum kommen einige Antworten trotz eingehaltener Kriterien nicht im H\u00f6rspiel vor? <br><\/a><a href=\"#Wiewird\">Wie wird entschieden, welche Antworten genommen werden? <br><\/a><a href=\"#Warumsoll\">Warum soll ich an TellTogether teilnehmen? <br><\/a><a href=\"#Wiefinanziert\">Wie finanziert sich TellTogether? <br><\/a><a href=\"#Wersind\">Wer sind die Macher*innen von TellTogether? <br><\/a><\/p>\n\n\n\n<h2 class=\"wp-block-heading\" id=\"Wasist\">Was ist TellTogether?<\/h2>\n\n\n\n<p>TellTogether ist eine Plattform, die anbietet, bei einem kollaborativen H\u00f6rspiel mitzumachen und somit ein Zeitdokument zu erschaffen. Es gibt offene Fragen, die auf Eure Antworten warten. Die Antworten sollten auf die aktuelle Covid-19-Krise bezogen sein. Dabei ist es euch \u00fcberlassen, in welchem Stil und auf welche Fragen ihr antworten wollt. Es ist grunds\u00e4tzlich alles erlaubt und erw\u00fcnscht.<\/p>\n\n\n\n<h2 class=\"wp-block-heading\" id=\"Werkann\">Wer kann bei TellTogether mitmachen? Wer ist eingeladen?<\/h2>\n\n\n\n<p>Jede und Jeder, der etwas mitteilen m\u00f6chte. Alle k\u00f6nnen\/sollen\/d\u00fcrfen mitmachen, die die technische und pers\u00f6nliche M\u00f6glichkeit dazu haben.<\/p>\n\n\n\n<h2 class=\"wp-block-heading\" id=\"Wiefunktioniert\">Wie funktioniert das technisch mit dem Aufnehmen?<\/h2>\n\n\n\n<p><em>Als erstes:<\/em> unsere Website verlangt keine Anmeldung. Du identifizierst dich mit deinem (K\u00fcnstler)Namen. <\/p>\n\n\n\n<p>Und so funktionierts:<\/p>\n\n\n\n<p>Um loszulegen, verbinde ein Mikrofon mit dem Laptop oder Computer, sodass du Aufnahmen machen kannst. Alternativ klappts auch mit einem Tablet oder Smartphone.<\/p>\n\n\n\n<p><em>Unsere Website bietet zwei Funktionen:<\/em> die Aufnahmen direkt auf unserer Website machen (wir haben mit Firefox, Chrome und Edge getestet) oder eigene Tondateien auf unsere Website hochladen (20MB Maximum).<\/p>\n\n\n\n<p><em>Was die Qualit\u00e4t betrifft:<\/em> Die meisten Laptop- oder Computerbildschirme haben ein eingebautes Mikrofon. Die Qualit\u00e4t solcher Aufnahmen ist aber oft nicht ideal. H\u00e4ufig klappt es mit einem externen Mikrofon oder einem Headset besser. Oder noch einfacher: Nutze dein Mobiltelefon als Aufnahmeger\u00e4t. Selbstverst\u00e4ndlich kannst du jede weitere Audiotechnik ben\u00fctzen, die es dir erm\u00f6glicht, eine .wav oder .mp3 Datei auf unserer Website hochzuladen.<\/p>\n\n\n\n<p>Thats it \ud83d\ude09 Wir freuen uns auf deine Aufnahme!<\/p>\n\n\n\n<h2 class=\"wp-block-heading\" id=\"Warummuss\">Warum muss jede Frage einzeln beantwortet werden?<\/h2>\n\n\n\n<p>Das liegt vor allem an der Datenkapazit\u00e4t beim \u00dcbermitteln von Daten. Mehrere Audiodateien gleichzeitig hochladen k\u00f6nnte unseren Server \u00fcberlasten. Dann w\u00e4ren alle Daten verloren. Das wollen wir nicht riskieren.<\/p>\n\n\n\n<h2 class=\"wp-block-heading\" id=\"Wielang\">Wie lang, wie genau oder auf welche Art sollen meine Antworten sein? <\/h2>\n\n\n\n<p>Toll w\u00e4re, wenn du mehr als 1 Satz pro Frage einsprechen w\u00fcrdest. Also hole ruhig ein bisschen aus. L\u00e4nger als max. 10min sollte eine Antwort aber auch nicht sein, da ein Collagen-H\u00f6rspiel eher aus rasch wechselnden Stimmen besteht, aber es werden auch mal l\u00e4ngere &#8222;Soloparts&#8220; vorkommen. Diese sind aber nicht die Regel. <br><br>Du bestimmst, wie deine Antworten aufgebaut sind. Redest du &#8222;frei Schnauze&#8220;, wie man so sch\u00f6n sagt, oder hast du dir was vorbereitet? Wie auch immer du es angehst, es ist alles willkommen. Wir k\u00f6nnen fast jede Art von Material verwenden (siehe n\u00e4chster Punkt). Am liebsten h\u00e4tten wir, wenn die Antworten nicht &#8222;zu normal&#8220; gesprochen werden. Erlaube dir Emotionen. <br><br><em>Wirkung der Stimme:<\/em> Wenn euch zum Beispiel was w\u00fctend macht, k\u00f6nntet ihr auch w\u00fctend bei der Aufnahme klingen. Ihr k\u00f6nnt eure Stimmen verstellen oder auch nicht, weinen und lachen, sanft sprechen, quietschen und brummen.. Ihr k\u00f6nnt allein, zu zweit oder in Gruppen was aufnehmen&#8230; was immer euch gef\u00e4llt. Keine Angst vor Versprechern, Husten etc. Das ist kein Problem. Solche Stellen verwenden wir dann nicht oder schneiden es. In so einem Fall einfach weiterreden.<\/p>\n\n\n\n<h2 class=\"wp-block-heading\" id=\"Wirdjede\">Wird jede eingesprochene Antwort Teil des H\u00f6rspiels?<\/h2>\n\n\n\n<p>Grunds\u00e4tzlich ja. Wir pr\u00fcfen jedes eingegangene Audio. Es gibt vier Kriterien.<\/p>\n\n\n\n<p><em>Verst\u00e4ndlichkeit:<\/em> Ob es akustisch verst\u00e4ndlich ist.<\/p>\n\n\n\n<p><em>Ethik<\/em>: Ob es den Regeln der ethisch verantwortungsvollen und nicht-diskriminierenden Meinungs\u00e4u\u00dferung entspricht. Nat\u00fcrlich sind kritische Statements erlaubt, sogar erw\u00fcnscht, es darf nur niemand pers\u00f6nlich damit verletzt werden.<\/p>\n\n\n\n<p><em>Kein Fremdmaterial:<\/em> Bitte verwende keine Werke, wo du nicht \u00fcber die Urheberschaft verf\u00fcgst, also nichts, was du nicht vollst\u00e4ndig selbst gemacht hast.<\/p>\n\n\n\n<p><em>Bezug zu deinem Leben in der Covid-19-Zeit<\/em>: Es ist unser Ziel, ein kollaboratives Zeitdokument zur Wahrnehmung der aktuellen Lage entstehen zu lassen. Deine Antworten, Statements, Stimmungsbilder, Ausrufe, Anrufe und alles was dir zu den Fragen einf\u00e4llt, kann Teil der Aufnahme werden.<\/p>\n\n\n\n<p>Also! Verst\u00e4ndlich, selbst gemacht, deine Antworten auf die gro\u00dfen Fragen der Zeit aufnehmen und Teil des Audio-Mosaiks werden!<\/p>\n\n\n\n<h2 class=\"wp-block-heading\" id=\"Welcheart\">Welche Art von H\u00f6rspiel wird das werden?<\/h2>\n\n\n\n<p>Es handelt sich um ein gemeinsam geschaffenes Werk. Das Genre k\u00f6nnte man als Collagen-H\u00f6rspiel bezeichnen. Es wird Mehrstimmigkeit und Gemeinschaftlichkeit zum Ausdruck bingen: es wird ein polyphones Collagen-H\u00f6rspiel.<\/p>\n\n\n\n<p>Der Begriff &#8218;Collage&#8216; (= &#8218;Klebebild&#8216;, von franz\u00f6sisch &#8218;coller&#8216; = &#8218;kleben&#8216;) meint diejenige Technik der Bildenden Kunst, bei der durch Aufkleben verschiedener heterogener Elemente, z.B. fein ausgeschnittener Papierst\u00fccke oder anderer Materialien, ein neues, zusammengesetztes Ganzes entsteht.<\/p>\n\n\n\n<h2 class=\"wp-block-heading\" id=\"Warumkommen\">Warum kommen einige Antworten trotz eingehaltener Kriterien nicht im H\u00f6rspiel vor?<\/h2>\n\n\n\n<p>Das hat unterschiedliche Gr\u00fcnde. Um eine Collage herzustellen, wird ein Ganzes in Fragmente zerlegt und wieder zusammengesetzt, um schlussendlich ein neues Ganzes zu zeigen. In diesem Prozess werden gewisse Fragmente ausgew\u00e4hlt und in Zusammenhang mit anderen Fragmenten gebracht. Diese Vorgehensweise lebt vom Verwenden und Verwerfen des Vorhandenen.<\/p>\n\n\n\n<p>Wie das ausgew\u00e4hlt wird, kannst du im n\u00e4chsten Punkt nachlesen.<\/p>\n\n\n\n<h2 class=\"wp-block-heading\" id=\"Wiewird\">Wie wird entschieden, welche Aufnahmen genommen werden?<\/h2>\n\n\n\n<p>Je nachdem, welche Fragen am h\u00e4ufigsten beantwortet wurden, zeigt sich ein kollektives Interesse. Die am h\u00e4ufigsten beantworteten Fragen haben also eine gewisse Brisanz f\u00fcr die Teilnehmenden.<\/p>\n\n\n\n<p>Darum bekommen diese Aufnahmen im H\u00f6rspiel dann auch ein besonderes Gewicht. Wir orientieren uns also in der Auswahl zum einen daran, wo eure Interessen liegen und zum anderen w\u00e4hlen wir nach k\u00fcnstlerischen Kriterien aus.<\/p>\n\n\n\n<h2 class=\"wp-block-heading\" id=\"Warumsoll\">Warum soll ich an TellTogether teilnehmen?<\/h2>\n\n\n\n<p>Da gibts viele Gr\u00fcnde! \ud83d\ude42<\/p>\n\n\n\n<p>Aber im Vordergrund soll bei dieser Frage das Ergebnis stehen, und zwar ein gemeinsames k\u00fcnstlerisches Zeitdokument. Ein Dokument welches die Situation von Menschen in der Covid-19-Zeit zeichnet.<\/p>\n\n\n\n<p>Es ist f\u00fcr alle, die hier teilnehmen, ein spannender Prozess, wie sich ihre eigenen Audioaufnahmen mit denen anderer Menschen zusammenf\u00fcgen und ein neues Ganzes bilden. Dabei bleibt das Ergebnis solange offen, bis die Aufnahmezeit beendet ist. Du bist Teil eines Gesamtkunstwerks.<\/p>\n\n\n\n<p>Au\u00dferdem geht das H\u00f6rspiel am 30.8.2020, 18:00, auf der <a href=\"https:\/\/radiofabrik.at\/\">Radiofabrik<\/a> on Air.<\/p>\n\n\n\n<h2 class=\"wp-block-heading\" id=\"Wiefinanziert\">Wie finanziert sich TellTogether?<\/h2>\n\n\n\n<p>TellTogether ist ein kreatives Freizeit-Projekt. Wir haben private und \u00f6ffentliche Unterst\u00fctzer, die uns helfen, die Selbstkosten des Projekts zu tragen.<\/p>\n\n\n\n<p>Willst du Sponsor werden? Schreibe uns auf info@tell-together.at <\/p>\n\n\n\n<p>\u00dcber die Rechte am fertigen H\u00f6rspiel kannst du dich auf der <a href=\"https:\/\/tell-together.at\/impressum\/\">Impressum<\/a>-Seite vorab informieren, au\u00dferdem weisen wir beim Hochladen nochmal genauer darauf hin.<\/p>\n\n\n\n<h2 class=\"wp-block-heading\" id=\"Wersind\">Wer sind die Macher*innen von TellTogether?<\/h2>\n\n\n\n<p>Das bist in erster Linie du und alle, die an diesem Collagen-H\u00f6rspiel teilnehmen. Das H\u00f6rspiel selbst wird von Christina Steinb\u00f6ck (freie Radiomacherin) und Matthias Steinb\u00f6ck (Computer-Technologie-Experte) verwirklicht. Die beiden sorgen f\u00fcr die technische Abwicklung im Internet, f\u00fcr den Audioschnitt und die k\u00fcnstlerische Ausarbeitung. Die <a href=\"http:\/\/radiofabrik.at\/\">Radiofabrik<\/a> ist als Kooperationspartner am Projekt beteiligt.<\/p>\n\n\n\n<p><a href=\"https:\/\/tell-together.at\/faq\">Ganz nach Oben<br><\/a><a href=\"https:\/\/tell-together.at\/aufnehmen\">Zur\u00fcck zur Aufnahmeseite<\/a><\/p>\n","protected":false},"excerpt":{"rendered":"<p>Was ist TellTogether?Wer kann bei TellTogether mitmachen? Wer ist eingeladen? Wie funktioniert das technisch mit dem Aufnehmen? Warum muss jede Frage einzeln beantwortet werden? Wie lang, wie genau und auf welche Art sollen die Aufnahmen sein? Wird jede eingesprochene Antwort Teil des H\u00f6rspiels? Welche Art von H\u00f6rspiel wird das werden? Warum kommen einige Antworten trotz [&hellip;]<\/p>\n","protected":false},"author":753,"featured_media":0,"parent":0,"menu_order":0,"comment_status":"closed","ping_status":"closed","template":"","meta":{"gt_page_layout":"","gt_hide_page_title":false,"gt_remove_bottom_margin":false,"footnotes":""},"class_list":["post-29","page","type-page","status-publish","hentry"],"_links":{"self":[{"href":"https:\/\/blog.radiofabrik.at\/telltogether\/wp-json\/wp\/v2\/pages\/29","targetHints":{"allow":["GET"]}}],"collection":[{"href":"https:\/\/blog.radiofabrik.at\/telltogether\/wp-json\/wp\/v2\/pages"}],"about":[{"href":"https:\/\/blog.radiofabrik.at\/telltogether\/wp-json\/wp\/v2\/types\/page"}],"author":[{"embeddable":true,"href":"https:\/\/blog.radiofabrik.at\/telltogether\/wp-json\/wp\/v2\/users\/753"}],"replies":[{"embeddable":true,"href":"https:\/\/blog.radiofabrik.at\/telltogether\/wp-json\/wp\/v2\/comments?post=29"}],"version-history":[{"count":33,"href":"https:\/\/blog.radiofabrik.at\/telltogether\/wp-json\/wp\/v2\/pages\/29\/revisions"}],"predecessor-version":[{"id":411,"href":"https:\/\/blog.radiofabrik.at\/telltogether\/wp-json\/wp\/v2\/pages\/29\/revisions\/411"}],"wp:attachment":[{"href":"https:\/\/blog.radiofabrik.at\/telltogether\/wp-json\/wp\/v2\/media?parent=29"}],"curies":[{"name":"wp","href":"https:\/\/api.w.org\/{rel}","templated":true}]}}