{"id":54,"date":"2020-05-04T13:25:19","date_gmt":"2020-05-04T13:25:19","guid":{"rendered":"https:\/\/blog.radiofabrik.at\/telltogether\/?page_id=54"},"modified":"2020-05-12T09:22:56","modified_gmt":"2020-05-12T09:22:56","slug":"impressum","status":"publish","type":"page","link":"https:\/\/blog.radiofabrik.at\/telltogether\/impressum\/","title":{"rendered":"Impressum"},"content":{"rendered":"\n<p><strong>Christina Steinb\u00f6ck<br><\/strong>Kontakt: info@tell-together.at<br>Scheffau am Tennengebirge<br>5440 Scheffau<\/p>\n\n\n\n<p><strong>Kooperation<\/strong>:<br>Radiofabrik \u2013 Verein freier Rundfunk Salzburg<br>Ulrike-Gschwandtner-Str. 5<br>5020 Salzburg<\/p>\n\n\n\n<p><\/p>\n\n\n\n<p><\/p>\n\n\n\n<h1 class=\"wp-block-heading\"><strong>Rechtserkl\u00e4rung<\/strong><\/h1>\n\n\n\n<p><em>Mit der \u00dcbersendung der Aufzeichnung werden \u201eTellTogether\u201c an dieser kostenlos die sachlich, \u00f6rtlich und zeitlich unbeschr\u00e4nkten sowie abtretbaren, derzeitigen wie zuk\u00fcnftigen Verwertungsrechte, einschlie\u00dflich des Rechtes zur Bearbeitung und der ausschnittsweisen Nutzung, einger\u00e4umt und die Zusicherung abgegeben, dass die\/der Einsender\/in auch Hersteller\/in der Aufzeichnung und \u00fcber s\u00e4mtlich der Plattform \u201eTellTogether\u201c einger\u00e4umten Rechte verf\u00fcgungsberechtigt ist, wie auch dass das Werk\/die erbrachte Leistung frei von Rechten Dritter ist, insbesondere, dass die teilnehmenden Personen mit der Sendung und sonstigen Ver\u00f6ffentlichung einverstanden sind, und die Plattform \u201eTellTogether\u201c gegen Anspr\u00fcche, die aus dieser Rechtseinr\u00e4umung entstehen, schad- und klaglos gehalten wird.<\/em><\/p>\n\n\n\n<h1 class=\"wp-block-heading\"><strong>Einverst\u00e4ndniserkl\u00e4rung<\/strong><\/h1>\n\n\n\n<p><em>Mit Ihrer Einreichung erkl\u00e4ren Sie sich einverstanden, dass Ihnen von der Plattform \u201eTelltogether\u201c, Informationen \u00fcber das gegenst\u00e4ndliche Projekt an die, von Ihnen angegebene, Adresse zugesendet werden.<\/em><\/p>\n\n\n\n<p><em>Ihre angegebenen Daten (Nickname, email-Adresse) werden nur w\u00e4hrend der Laufzeit des Projekts gespeichert. Danach werden ihre Daten automatisch gel\u00f6scht. Ihre Einreichung bleibt nur mit Ihrem Nickname (\u201cAngezeigter Name\u201d im Uploadformular) verbunden.<\/em><\/p>\n\n\n\n<p><em>Diese Informationen k\u00f6nnen Sie jederzeit unter <strong>info@telltogether.com<\/strong> abbestellen.<\/em><\/p>\n","protected":false},"excerpt":{"rendered":"<p>Christina Steinb\u00f6ckKontakt: info@tell-together.atScheffau am Tennengebirge5440 Scheffau Kooperation:Radiofabrik \u2013 Verein freier Rundfunk SalzburgUlrike-Gschwandtner-Str. 55020 Salzburg Rechtserkl\u00e4rung Mit der \u00dcbersendung der Aufzeichnung werden \u201eTellTogether\u201c an dieser kostenlos die sachlich, \u00f6rtlich und zeitlich unbeschr\u00e4nkten sowie abtretbaren, derzeitigen wie zuk\u00fcnftigen Verwertungsrechte, einschlie\u00dflich des Rechtes zur Bearbeitung und der ausschnittsweisen Nutzung, einger\u00e4umt und die Zusicherung abgegeben, dass die\/der Einsender\/in auch [&hellip;]<\/p>\n","protected":false},"author":753,"featured_media":0,"parent":0,"menu_order":0,"comment_status":"closed","ping_status":"closed","template":"","meta":{"gt_page_layout":"","gt_hide_page_title":false,"gt_remove_bottom_margin":false,"footnotes":""},"class_list":["post-54","page","type-page","status-publish","hentry"],"_links":{"self":[{"href":"https:\/\/blog.radiofabrik.at\/telltogether\/wp-json\/wp\/v2\/pages\/54","targetHints":{"allow":["GET"]}}],"collection":[{"href":"https:\/\/blog.radiofabrik.at\/telltogether\/wp-json\/wp\/v2\/pages"}],"about":[{"href":"https:\/\/blog.radiofabrik.at\/telltogether\/wp-json\/wp\/v2\/types\/page"}],"author":[{"embeddable":true,"href":"https:\/\/blog.radiofabrik.at\/telltogether\/wp-json\/wp\/v2\/users\/753"}],"replies":[{"embeddable":true,"href":"https:\/\/blog.radiofabrik.at\/telltogether\/wp-json\/wp\/v2\/comments?post=54"}],"version-history":[{"count":3,"href":"https:\/\/blog.radiofabrik.at\/telltogether\/wp-json\/wp\/v2\/pages\/54\/revisions"}],"predecessor-version":[{"id":278,"href":"https:\/\/blog.radiofabrik.at\/telltogether\/wp-json\/wp\/v2\/pages\/54\/revisions\/278"}],"wp:attachment":[{"href":"https:\/\/blog.radiofabrik.at\/telltogether\/wp-json\/wp\/v2\/media?parent=54"}],"curies":[{"name":"wp","href":"https:\/\/api.w.org\/{rel}","templated":true}]}}